{"id":5850,"date":"2024-11-29T12:27:59","date_gmt":"2024-11-29T12:27:59","guid":{"rendered":"https:\/\/blogsaverroes.juntadeandalucia.es\/ceipnscarmen\/?page_id=5850"},"modified":"2024-11-29T12:32:52","modified_gmt":"2024-11-29T12:32:52","slug":"cima","status":"publish","type":"page","link":"https:\/\/blogsaverroes.juntadeandalucia.es\/ceipnscarmen\/cima\/","title":{"rendered":"Huerto Escolar"},"content":{"rendered":"<p>Dentro del programa CIMA y del Pacto de Estado contra la violencia de g\u00e9nero estamos volviendo a poner bonito nuestro huerto. Hoy hemos usado piedras pintadas por nuestro ni\u00f1os con mensajes a favor de la lucha contra la violencia de g\u00e9nero para dejar el huerto as\u00ed de bonito.<\/p>\n<p>&nbsp;<\/p>\n<p>https:\/\/www.facebook.com\/CEIPNuestraSradelCarmenrealengo\/posts\/pfbid02iy76pVmsB6F2gVF67emr2iC5LdtLzHhJ4gxFnZ6TBTRSW4xRDT3qpZuSQKBmtiYRl<\/p>\n<p>&nbsp;<\/p>\n<p><a href=\"https:\/\/blogsaverroes.juntadeandalucia.es\/ceipnscarmen\/files\/2024\/11\/WhatsApp-Image-2024-11-29-at-12.50.32.jpeg\"><img loading=\"lazy\" decoding=\"async\" class=\"alignnone size-medium wp-image-5853\" src=\"https:\/\/blogsaverroes.juntadeandalucia.es\/ceipnscarmen\/files\/2024\/11\/WhatsApp-Image-2024-11-29-at-12.50.32-226x300.jpeg\" alt=\"\" width=\"226\" height=\"300\" srcset=\"https:\/\/blogsaverroes.juntadeandalucia.es\/ceipnscarmen\/files\/2024\/11\/WhatsApp-Image-2024-11-29-at-12.50.32-226x300.jpeg 226w, https:\/\/blogsaverroes.juntadeandalucia.es\/ceipnscarmen\/files\/2024\/11\/WhatsApp-Image-2024-11-29-at-12.50.32-771x1024.jpeg 771w, https:\/\/blogsaverroes.juntadeandalucia.es\/ceipnscarmen\/files\/2024\/11\/WhatsApp-Image-2024-11-29-at-12.50.32-768x1021.jpeg 768w, https:\/\/blogsaverroes.juntadeandalucia.es\/ceipnscarmen\/files\/2024\/11\/WhatsApp-Image-2024-11-29-at-12.50.32-1156x1536.jpeg 1156w, https:\/\/blogsaverroes.juntadeandalucia.es\/ceipnscarmen\/files\/2024\/11\/WhatsApp-Image-2024-11-29-at-12.50.32.jpeg 1204w\" sizes=\"(max-width: 226px) 100vw, 226px\" \/><\/a> <a href=\"https:\/\/blogsaverroes.juntadeandalucia.es\/ceipnscarmen\/files\/2024\/11\/WhatsApp-Image-2024-11-29-at-12.50.31.jpeg\"><img loading=\"lazy\" decoding=\"async\" class=\"alignnone size-medium wp-image-5854\" src=\"https:\/\/blogsaverroes.juntadeandalucia.es\/ceipnscarmen\/files\/2024\/11\/WhatsApp-Image-2024-11-29-at-12.50.31-300x226.jpeg\" alt=\"\" width=\"300\" height=\"226\" srcset=\"https:\/\/blogsaverroes.juntadeandalucia.es\/ceipnscarmen\/files\/2024\/11\/WhatsApp-Image-2024-11-29-at-12.50.31-300x226.jpeg 300w, https:\/\/blogsaverroes.juntadeandalucia.es\/ceipnscarmen\/files\/2024\/11\/WhatsApp-Image-2024-11-29-at-12.50.31-1024x771.jpeg 1024w, https:\/\/blogsaverroes.juntadeandalucia.es\/ceipnscarmen\/files\/2024\/11\/WhatsApp-Image-2024-11-29-at-12.50.31-768x578.jpeg 768w, https:\/\/blogsaverroes.juntadeandalucia.es\/ceipnscarmen\/files\/2024\/11\/WhatsApp-Image-2024-11-29-at-12.50.31-1536x1156.jpeg 1536w, https:\/\/blogsaverroes.juntadeandalucia.es\/ceipnscarmen\/files\/2024\/11\/WhatsApp-Image-2024-11-29-at-12.50.31.jpeg 1600w\" sizes=\"(max-width: 300px) 100vw, 300px\" \/><\/a> <a href=\"https:\/\/blogsaverroes.juntadeandalucia.es\/ceipnscarmen\/files\/2024\/11\/WhatsApp-Image-2024-11-29-at-12.50.30.jpeg\"><img loading=\"lazy\" decoding=\"async\" class=\"alignnone size-medium wp-image-5855\" src=\"https:\/\/blogsaverroes.juntadeandalucia.es\/ceipnscarmen\/files\/2024\/11\/WhatsApp-Image-2024-11-29-at-12.50.30-300x226.jpeg\" alt=\"\" width=\"300\" height=\"226\" srcset=\"https:\/\/blogsaverroes.juntadeandalucia.es\/ceipnscarmen\/files\/2024\/11\/WhatsApp-Image-2024-11-29-at-12.50.30-300x226.jpeg 300w, https:\/\/blogsaverroes.juntadeandalucia.es\/ceipnscarmen\/files\/2024\/11\/WhatsApp-Image-2024-11-29-at-12.50.30-1024x771.jpeg 1024w, https:\/\/blogsaverroes.juntadeandalucia.es\/ceipnscarmen\/files\/2024\/11\/WhatsApp-Image-2024-11-29-at-12.50.30-768x578.jpeg 768w, https:\/\/blogsaverroes.juntadeandalucia.es\/ceipnscarmen\/files\/2024\/11\/WhatsApp-Image-2024-11-29-at-12.50.30-1536x1156.jpeg 1536w, https:\/\/blogsaverroes.juntadeandalucia.es\/ceipnscarmen\/files\/2024\/11\/WhatsApp-Image-2024-11-29-at-12.50.30.jpeg 1600w\" sizes=\"(max-width: 300px) 100vw, 300px\" \/><\/a> <a href=\"https:\/\/blogsaverroes.juntadeandalucia.es\/ceipnscarmen\/files\/2024\/11\/WhatsApp-Image-2024-11-29-at-12.50.29.jpeg\"><img loading=\"lazy\" decoding=\"async\" class=\"alignnone size-medium wp-image-5857\" src=\"https:\/\/blogsaverroes.juntadeandalucia.es\/ceipnscarmen\/files\/2024\/11\/WhatsApp-Image-2024-11-29-at-12.50.29-226x300.jpeg\" alt=\"\" width=\"226\" height=\"300\" srcset=\"https:\/\/blogsaverroes.juntadeandalucia.es\/ceipnscarmen\/files\/2024\/11\/WhatsApp-Image-2024-11-29-at-12.50.29-226x300.jpeg 226w, https:\/\/blogsaverroes.juntadeandalucia.es\/ceipnscarmen\/files\/2024\/11\/WhatsApp-Image-2024-11-29-at-12.50.29-771x1024.jpeg 771w, https:\/\/blogsaverroes.juntadeandalucia.es\/ceipnscarmen\/files\/2024\/11\/WhatsApp-Image-2024-11-29-at-12.50.29-768x1021.jpeg 768w, https:\/\/blogsaverroes.juntadeandalucia.es\/ceipnscarmen\/files\/2024\/11\/WhatsApp-Image-2024-11-29-at-12.50.29-1156x1536.jpeg 1156w, https:\/\/blogsaverroes.juntadeandalucia.es\/ceipnscarmen\/files\/2024\/11\/WhatsApp-Image-2024-11-29-at-12.50.29.jpeg 1204w\" sizes=\"(max-width: 226px) 100vw, 226px\" \/><\/a> <a href=\"https:\/\/blogsaverroes.juntadeandalucia.es\/ceipnscarmen\/files\/2024\/11\/WhatsApp-Image-2024-11-29-at-12.48.32.jpeg\"><img loading=\"lazy\" decoding=\"async\" class=\"alignnone size-medium wp-image-5858\" src=\"https:\/\/blogsaverroes.juntadeandalucia.es\/ceipnscarmen\/files\/2024\/11\/WhatsApp-Image-2024-11-29-at-12.48.32-226x300.jpeg\" alt=\"\" width=\"226\" height=\"300\" srcset=\"https:\/\/blogsaverroes.juntadeandalucia.es\/ceipnscarmen\/files\/2024\/11\/WhatsApp-Image-2024-11-29-at-12.48.32-226x300.jpeg 226w, https:\/\/blogsaverroes.juntadeandalucia.es\/ceipnscarmen\/files\/2024\/11\/WhatsApp-Image-2024-11-29-at-12.48.32-771x1024.jpeg 771w, https:\/\/blogsaverroes.juntadeandalucia.es\/ceipnscarmen\/files\/2024\/11\/WhatsApp-Image-2024-11-29-at-12.48.32-768x1021.jpeg 768w, https:\/\/blogsaverroes.juntadeandalucia.es\/ceipnscarmen\/files\/2024\/11\/WhatsApp-Image-2024-11-29-at-12.48.32-1156x1536.jpeg 1156w, https:\/\/blogsaverroes.juntadeandalucia.es\/ceipnscarmen\/files\/2024\/11\/WhatsApp-Image-2024-11-29-at-12.48.32.jpeg 1204w\" sizes=\"(max-width: 226px) 100vw, 226px\" \/><\/a> <a href=\"https:\/\/blogsaverroes.juntadeandalucia.es\/ceipnscarmen\/files\/2024\/11\/WhatsApp-Image-2024-11-29-at-10.17.09.jpeg\"><img loading=\"lazy\" decoding=\"async\" class=\"alignnone size-medium wp-image-5859\" src=\"https:\/\/blogsaverroes.juntadeandalucia.es\/ceipnscarmen\/files\/2024\/11\/WhatsApp-Image-2024-11-29-at-10.17.09-225x300.jpeg\" alt=\"\" width=\"225\" height=\"300\" srcset=\"https:\/\/blogsaverroes.juntadeandalucia.es\/ceipnscarmen\/files\/2024\/11\/WhatsApp-Image-2024-11-29-at-10.17.09-225x300.jpeg 225w, https:\/\/blogsaverroes.juntadeandalucia.es\/ceipnscarmen\/files\/2024\/11\/WhatsApp-Image-2024-11-29-at-10.17.09-769x1024.jpeg 769w, https:\/\/blogsaverroes.juntadeandalucia.es\/ceipnscarmen\/files\/2024\/11\/WhatsApp-Image-2024-11-29-at-10.17.09-768x1022.jpeg 768w, https:\/\/blogsaverroes.juntadeandalucia.es\/ceipnscarmen\/files\/2024\/11\/WhatsApp-Image-2024-11-29-at-10.17.09-1154x1536.jpeg 1154w, https:\/\/blogsaverroes.juntadeandalucia.es\/ceipnscarmen\/files\/2024\/11\/WhatsApp-Image-2024-11-29-at-10.17.09.jpeg 1202w\" sizes=\"(max-width: 225px) 100vw, 225px\" \/><\/a> <a href=\"https:\/\/blogsaverroes.juntadeandalucia.es\/ceipnscarmen\/files\/2024\/11\/WhatsApp-Image-2024-11-29-at-10.17.11.jpeg\"><img loading=\"lazy\" decoding=\"async\" class=\"alignnone size-medium wp-image-5860\" src=\"https:\/\/blogsaverroes.juntadeandalucia.es\/ceipnscarmen\/files\/2024\/11\/WhatsApp-Image-2024-11-29-at-10.17.11-225x300.jpeg\" alt=\"\" width=\"225\" height=\"300\" srcset=\"https:\/\/blogsaverroes.juntadeandalucia.es\/ceipnscarmen\/files\/2024\/11\/WhatsApp-Image-2024-11-29-at-10.17.11-225x300.jpeg 225w, https:\/\/blogsaverroes.juntadeandalucia.es\/ceipnscarmen\/files\/2024\/11\/WhatsApp-Image-2024-11-29-at-10.17.11-769x1024.jpeg 769w, https:\/\/blogsaverroes.juntadeandalucia.es\/ceipnscarmen\/files\/2024\/11\/WhatsApp-Image-2024-11-29-at-10.17.11-768x1022.jpeg 768w, https:\/\/blogsaverroes.juntadeandalucia.es\/ceipnscarmen\/files\/2024\/11\/WhatsApp-Image-2024-11-29-at-10.17.11-1154x1536.jpeg 1154w, https:\/\/blogsaverroes.juntadeandalucia.es\/ceipnscarmen\/files\/2024\/11\/WhatsApp-Image-2024-11-29-at-10.17.11.jpeg 1202w\" sizes=\"(max-width: 225px) 100vw, 225px\" \/><\/a> <a href=\"https:\/\/blogsaverroes.juntadeandalucia.es\/ceipnscarmen\/files\/2024\/11\/WhatsApp-Image-2024-11-29-at-10.17.19.jpeg\"><img loading=\"lazy\" decoding=\"async\" class=\"alignnone size-medium wp-image-5861\" src=\"https:\/\/blogsaverroes.juntadeandalucia.es\/ceipnscarmen\/files\/2024\/11\/WhatsApp-Image-2024-11-29-at-10.17.19-225x300.jpeg\" alt=\"\" width=\"225\" height=\"300\" srcset=\"https:\/\/blogsaverroes.juntadeandalucia.es\/ceipnscarmen\/files\/2024\/11\/WhatsApp-Image-2024-11-29-at-10.17.19-225x300.jpeg 225w, https:\/\/blogsaverroes.juntadeandalucia.es\/ceipnscarmen\/files\/2024\/11\/WhatsApp-Image-2024-11-29-at-10.17.19-769x1024.jpeg 769w, https:\/\/blogsaverroes.juntadeandalucia.es\/ceipnscarmen\/files\/2024\/11\/WhatsApp-Image-2024-11-29-at-10.17.19-768x1022.jpeg 768w, https:\/\/blogsaverroes.juntadeandalucia.es\/ceipnscarmen\/files\/2024\/11\/WhatsApp-Image-2024-11-29-at-10.17.19-1154x1536.jpeg 1154w, https:\/\/blogsaverroes.juntadeandalucia.es\/ceipnscarmen\/files\/2024\/11\/WhatsApp-Image-2024-11-29-at-10.17.19.jpeg 1202w\" sizes=\"(max-width: 225px) 100vw, 225px\" \/><\/a> <a href=\"https:\/\/blogsaverroes.juntadeandalucia.es\/ceipnscarmen\/files\/2024\/11\/WhatsApp-Image-2024-11-29-at-10.17.22.jpeg\"><img loading=\"lazy\" decoding=\"async\" class=\"alignnone size-medium wp-image-5862\" src=\"https:\/\/blogsaverroes.juntadeandalucia.es\/ceipnscarmen\/files\/2024\/11\/WhatsApp-Image-2024-11-29-at-10.17.22-300x225.jpeg\" alt=\"\" width=\"300\" height=\"225\" srcset=\"https:\/\/blogsaverroes.juntadeandalucia.es\/ceipnscarmen\/files\/2024\/11\/WhatsApp-Image-2024-11-29-at-10.17.22-300x225.jpeg 300w, https:\/\/blogsaverroes.juntadeandalucia.es\/ceipnscarmen\/files\/2024\/11\/WhatsApp-Image-2024-11-29-at-10.17.22-1024x769.jpeg 1024w, https:\/\/blogsaverroes.juntadeandalucia.es\/ceipnscarmen\/files\/2024\/11\/WhatsApp-Image-2024-11-29-at-10.17.22-768x577.jpeg 768w, https:\/\/blogsaverroes.juntadeandalucia.es\/ceipnscarmen\/files\/2024\/11\/WhatsApp-Image-2024-11-29-at-10.17.22-1536x1154.jpeg 1536w, https:\/\/blogsaverroes.juntadeandalucia.es\/ceipnscarmen\/files\/2024\/11\/WhatsApp-Image-2024-11-29-at-10.17.22.jpeg 1600w\" sizes=\"(max-width: 300px) 100vw, 300px\" \/><\/a> <a href=\"https:\/\/blogsaverroes.juntadeandalucia.es\/ceipnscarmen\/files\/2024\/11\/WhatsApp-Image-2024-11-29-at-10.17.40.jpeg\"><img loading=\"lazy\" decoding=\"async\" class=\"alignnone size-medium wp-image-5863\" src=\"https:\/\/blogsaverroes.juntadeandalucia.es\/ceipnscarmen\/files\/2024\/11\/WhatsApp-Image-2024-11-29-at-10.17.40-300x225.jpeg\" alt=\"\" width=\"300\" height=\"225\" srcset=\"https:\/\/blogsaverroes.juntadeandalucia.es\/ceipnscarmen\/files\/2024\/11\/WhatsApp-Image-2024-11-29-at-10.17.40-300x225.jpeg 300w, https:\/\/blogsaverroes.juntadeandalucia.es\/ceipnscarmen\/files\/2024\/11\/WhatsApp-Image-2024-11-29-at-10.17.40-1024x769.jpeg 1024w, https:\/\/blogsaverroes.juntadeandalucia.es\/ceipnscarmen\/files\/2024\/11\/WhatsApp-Image-2024-11-29-at-10.17.40-768x577.jpeg 768w, https:\/\/blogsaverroes.juntadeandalucia.es\/ceipnscarmen\/files\/2024\/11\/WhatsApp-Image-2024-11-29-at-10.17.40-1536x1154.jpeg 1536w, https:\/\/blogsaverroes.juntadeandalucia.es\/ceipnscarmen\/files\/2024\/11\/WhatsApp-Image-2024-11-29-at-10.17.40.jpeg 1600w\" sizes=\"(max-width: 300px) 100vw, 300px\" \/><\/a> <a href=\"https:\/\/blogsaverroes.juntadeandalucia.es\/ceipnscarmen\/files\/2024\/11\/WhatsApp-Image-2024-11-29-at-10.17.42-1.jpeg\"><img loading=\"lazy\" decoding=\"async\" class=\"alignnone size-medium wp-image-5864\" src=\"https:\/\/blogsaverroes.juntadeandalucia.es\/ceipnscarmen\/files\/2024\/11\/WhatsApp-Image-2024-11-29-at-10.17.42-1-300x225.jpeg\" alt=\"\" width=\"300\" height=\"225\" srcset=\"https:\/\/blogsaverroes.juntadeandalucia.es\/ceipnscarmen\/files\/2024\/11\/WhatsApp-Image-2024-11-29-at-10.17.42-1-300x225.jpeg 300w, https:\/\/blogsaverroes.juntadeandalucia.es\/ceipnscarmen\/files\/2024\/11\/WhatsApp-Image-2024-11-29-at-10.17.42-1-1024x769.jpeg 1024w, https:\/\/blogsaverroes.juntadeandalucia.es\/ceipnscarmen\/files\/2024\/11\/WhatsApp-Image-2024-11-29-at-10.17.42-1-768x577.jpeg 768w, https:\/\/blogsaverroes.juntadeandalucia.es\/ceipnscarmen\/files\/2024\/11\/WhatsApp-Image-2024-11-29-at-10.17.42-1-1536x1154.jpeg 1536w, https:\/\/blogsaverroes.juntadeandalucia.es\/ceipnscarmen\/files\/2024\/11\/WhatsApp-Image-2024-11-29-at-10.17.42-1.jpeg 1600w\" sizes=\"(max-width: 300px) 100vw, 300px\" \/><\/a> <a href=\"https:\/\/blogsaverroes.juntadeandalucia.es\/ceipnscarmen\/files\/2024\/11\/WhatsApp-Image-2024-11-29-at-10.17.42.jpeg\"><img loading=\"lazy\" decoding=\"async\" class=\"alignnone size-medium wp-image-5865\" src=\"https:\/\/blogsaverroes.juntadeandalucia.es\/ceipnscarmen\/files\/2024\/11\/WhatsApp-Image-2024-11-29-at-10.17.42-300x225.jpeg\" alt=\"\" width=\"300\" height=\"225\" srcset=\"https:\/\/blogsaverroes.juntadeandalucia.es\/ceipnscarmen\/files\/2024\/11\/WhatsApp-Image-2024-11-29-at-10.17.42-300x225.jpeg 300w, https:\/\/blogsaverroes.juntadeandalucia.es\/ceipnscarmen\/files\/2024\/11\/WhatsApp-Image-2024-11-29-at-10.17.42-1024x769.jpeg 1024w, https:\/\/blogsaverroes.juntadeandalucia.es\/ceipnscarmen\/files\/2024\/11\/WhatsApp-Image-2024-11-29-at-10.17.42-768x577.jpeg 768w, https:\/\/blogsaverroes.juntadeandalucia.es\/ceipnscarmen\/files\/2024\/11\/WhatsApp-Image-2024-11-29-at-10.17.42-1536x1154.jpeg 1536w, https:\/\/blogsaverroes.juntadeandalucia.es\/ceipnscarmen\/files\/2024\/11\/WhatsApp-Image-2024-11-29-at-10.17.42.jpeg 1600w\" sizes=\"(max-width: 300px) 100vw, 300px\" \/><\/a> <a href=\"https:\/\/blogsaverroes.juntadeandalucia.es\/ceipnscarmen\/files\/2024\/11\/WhatsApp-Image-2024-11-29-at-10.17.43.jpeg\"><img loading=\"lazy\" decoding=\"async\" class=\"alignnone size-medium wp-image-5866\" src=\"https:\/\/blogsaverroes.juntadeandalucia.es\/ceipnscarmen\/files\/2024\/11\/WhatsApp-Image-2024-11-29-at-10.17.43-300x225.jpeg\" alt=\"\" width=\"300\" height=\"225\" srcset=\"https:\/\/blogsaverroes.juntadeandalucia.es\/ceipnscarmen\/files\/2024\/11\/WhatsApp-Image-2024-11-29-at-10.17.43-300x225.jpeg 300w, https:\/\/blogsaverroes.juntadeandalucia.es\/ceipnscarmen\/files\/2024\/11\/WhatsApp-Image-2024-11-29-at-10.17.43-1024x769.jpeg 1024w, https:\/\/blogsaverroes.juntadeandalucia.es\/ceipnscarmen\/files\/2024\/11\/WhatsApp-Image-2024-11-29-at-10.17.43-768x577.jpeg 768w, https:\/\/blogsaverroes.juntadeandalucia.es\/ceipnscarmen\/files\/2024\/11\/WhatsApp-Image-2024-11-29-at-10.17.43-1536x1154.jpeg 1536w, https:\/\/blogsaverroes.juntadeandalucia.es\/ceipnscarmen\/files\/2024\/11\/WhatsApp-Image-2024-11-29-at-10.17.43.jpeg 1600w\" sizes=\"(max-width: 300px) 100vw, 300px\" \/><\/a> <a href=\"https:\/\/blogsaverroes.juntadeandalucia.es\/ceipnscarmen\/files\/2024\/11\/WhatsApp-Image-2024-11-29-at-10.17.44-1.jpeg\"><img loading=\"lazy\" decoding=\"async\" class=\"alignnone size-medium wp-image-5867\" src=\"https:\/\/blogsaverroes.juntadeandalucia.es\/ceipnscarmen\/files\/2024\/11\/WhatsApp-Image-2024-11-29-at-10.17.44-1-300x225.jpeg\" alt=\"\" width=\"300\" height=\"225\" srcset=\"https:\/\/blogsaverroes.juntadeandalucia.es\/ceipnscarmen\/files\/2024\/11\/WhatsApp-Image-2024-11-29-at-10.17.44-1-300x225.jpeg 300w, https:\/\/blogsaverroes.juntadeandalucia.es\/ceipnscarmen\/files\/2024\/11\/WhatsApp-Image-2024-11-29-at-10.17.44-1-1024x769.jpeg 1024w, https:\/\/blogsaverroes.juntadeandalucia.es\/ceipnscarmen\/files\/2024\/11\/WhatsApp-Image-2024-11-29-at-10.17.44-1-768x577.jpeg 768w, https:\/\/blogsaverroes.juntadeandalucia.es\/ceipnscarmen\/files\/2024\/11\/WhatsApp-Image-2024-11-29-at-10.17.44-1-1536x1154.jpeg 1536w, https:\/\/blogsaverroes.juntadeandalucia.es\/ceipnscarmen\/files\/2024\/11\/WhatsApp-Image-2024-11-29-at-10.17.44-1.jpeg 1600w\" sizes=\"(max-width: 300px) 100vw, 300px\" \/><\/a> <a href=\"https:\/\/blogsaverroes.juntadeandalucia.es\/ceipnscarmen\/files\/2024\/11\/WhatsApp-Image-2024-11-29-at-10.17.44-2.jpeg\"><img loading=\"lazy\" decoding=\"async\" class=\"alignnone size-medium wp-image-5868\" src=\"https:\/\/blogsaverroes.juntadeandalucia.es\/ceipnscarmen\/files\/2024\/11\/WhatsApp-Image-2024-11-29-at-10.17.44-2-300x225.jpeg\" alt=\"\" width=\"300\" height=\"225\" srcset=\"https:\/\/blogsaverroes.juntadeandalucia.es\/ceipnscarmen\/files\/2024\/11\/WhatsApp-Image-2024-11-29-at-10.17.44-2-300x225.jpeg 300w, https:\/\/blogsaverroes.juntadeandalucia.es\/ceipnscarmen\/files\/2024\/11\/WhatsApp-Image-2024-11-29-at-10.17.44-2-1024x769.jpeg 1024w, https:\/\/blogsaverroes.juntadeandalucia.es\/ceipnscarmen\/files\/2024\/11\/WhatsApp-Image-2024-11-29-at-10.17.44-2-768x577.jpeg 768w, https:\/\/blogsaverroes.juntadeandalucia.es\/ceipnscarmen\/files\/2024\/11\/WhatsApp-Image-2024-11-29-at-10.17.44-2-1536x1154.jpeg 1536w, https:\/\/blogsaverroes.juntadeandalucia.es\/ceipnscarmen\/files\/2024\/11\/WhatsApp-Image-2024-11-29-at-10.17.44-2.jpeg 1600w\" sizes=\"(max-width: 300px) 100vw, 300px\" \/><\/a> <a href=\"https:\/\/blogsaverroes.juntadeandalucia.es\/ceipnscarmen\/files\/2024\/11\/WhatsApp-Image-2024-11-29-at-10.17.44-3.jpeg\"><img loading=\"lazy\" decoding=\"async\" class=\"alignnone size-medium wp-image-5869\" src=\"https:\/\/blogsaverroes.juntadeandalucia.es\/ceipnscarmen\/files\/2024\/11\/WhatsApp-Image-2024-11-29-at-10.17.44-3-300x225.jpeg\" alt=\"\" width=\"300\" height=\"225\" srcset=\"https:\/\/blogsaverroes.juntadeandalucia.es\/ceipnscarmen\/files\/2024\/11\/WhatsApp-Image-2024-11-29-at-10.17.44-3-300x225.jpeg 300w, https:\/\/blogsaverroes.juntadeandalucia.es\/ceipnscarmen\/files\/2024\/11\/WhatsApp-Image-2024-11-29-at-10.17.44-3-1024x769.jpeg 1024w, https:\/\/blogsaverroes.juntadeandalucia.es\/ceipnscarmen\/files\/2024\/11\/WhatsApp-Image-2024-11-29-at-10.17.44-3-768x577.jpeg 768w, https:\/\/blogsaverroes.juntadeandalucia.es\/ceipnscarmen\/files\/2024\/11\/WhatsApp-Image-2024-11-29-at-10.17.44-3-1536x1154.jpeg 1536w, https:\/\/blogsaverroes.juntadeandalucia.es\/ceipnscarmen\/files\/2024\/11\/WhatsApp-Image-2024-11-29-at-10.17.44-3.jpeg 1600w\" sizes=\"(max-width: 300px) 100vw, 300px\" \/><\/a> <a href=\"https:\/\/blogsaverroes.juntadeandalucia.es\/ceipnscarmen\/files\/2024\/11\/WhatsApp-Image-2024-11-29-at-10.17.44.jpeg\"><img loading=\"lazy\" decoding=\"async\" class=\"alignnone size-medium wp-image-5870\" src=\"https:\/\/blogsaverroes.juntadeandalucia.es\/ceipnscarmen\/files\/2024\/11\/WhatsApp-Image-2024-11-29-at-10.17.44-300x225.jpeg\" alt=\"\" width=\"300\" height=\"225\" srcset=\"https:\/\/blogsaverroes.juntadeandalucia.es\/ceipnscarmen\/files\/2024\/11\/WhatsApp-Image-2024-11-29-at-10.17.44-300x225.jpeg 300w, https:\/\/blogsaverroes.juntadeandalucia.es\/ceipnscarmen\/files\/2024\/11\/WhatsApp-Image-2024-11-29-at-10.17.44-1024x769.jpeg 1024w, https:\/\/blogsaverroes.juntadeandalucia.es\/ceipnscarmen\/files\/2024\/11\/WhatsApp-Image-2024-11-29-at-10.17.44-768x577.jpeg 768w, https:\/\/blogsaverroes.juntadeandalucia.es\/ceipnscarmen\/files\/2024\/11\/WhatsApp-Image-2024-11-29-at-10.17.44-1536x1154.jpeg 1536w, https:\/\/blogsaverroes.juntadeandalucia.es\/ceipnscarmen\/files\/2024\/11\/WhatsApp-Image-2024-11-29-at-10.17.44.jpeg 1600w\" sizes=\"(max-width: 300px) 100vw, 300px\" \/><\/a> <a href=\"https:\/\/blogsaverroes.juntadeandalucia.es\/ceipnscarmen\/files\/2024\/11\/WhatsApp-Image-2024-11-29-at-10.17.45-1.jpeg\"><img loading=\"lazy\" decoding=\"async\" class=\"alignnone size-medium wp-image-5871\" src=\"https:\/\/blogsaverroes.juntadeandalucia.es\/ceipnscarmen\/files\/2024\/11\/WhatsApp-Image-2024-11-29-at-10.17.45-1-225x300.jpeg\" alt=\"\" width=\"225\" height=\"300\" srcset=\"https:\/\/blogsaverroes.juntadeandalucia.es\/ceipnscarmen\/files\/2024\/11\/WhatsApp-Image-2024-11-29-at-10.17.45-1-225x300.jpeg 225w, https:\/\/blogsaverroes.juntadeandalucia.es\/ceipnscarmen\/files\/2024\/11\/WhatsApp-Image-2024-11-29-at-10.17.45-1-768x1024.jpeg 768w, https:\/\/blogsaverroes.juntadeandalucia.es\/ceipnscarmen\/files\/2024\/11\/WhatsApp-Image-2024-11-29-at-10.17.45-1-1152x1536.jpeg 1152w, https:\/\/blogsaverroes.juntadeandalucia.es\/ceipnscarmen\/files\/2024\/11\/WhatsApp-Image-2024-11-29-at-10.17.45-1.jpeg 1200w\" sizes=\"(max-width: 225px) 100vw, 225px\" \/><\/a> <a href=\"https:\/\/blogsaverroes.juntadeandalucia.es\/ceipnscarmen\/files\/2024\/11\/WhatsApp-Image-2024-11-29-at-10.17.45.jpeg\"><img loading=\"lazy\" decoding=\"async\" class=\"alignnone size-medium wp-image-5872\" src=\"https:\/\/blogsaverroes.juntadeandalucia.es\/ceipnscarmen\/files\/2024\/11\/WhatsApp-Image-2024-11-29-at-10.17.45-225x300.jpeg\" alt=\"\" width=\"225\" height=\"300\" srcset=\"https:\/\/blogsaverroes.juntadeandalucia.es\/ceipnscarmen\/files\/2024\/11\/WhatsApp-Image-2024-11-29-at-10.17.45-225x300.jpeg 225w, https:\/\/blogsaverroes.juntadeandalucia.es\/ceipnscarmen\/files\/2024\/11\/WhatsApp-Image-2024-11-29-at-10.17.45-768x1024.jpeg 768w, https:\/\/blogsaverroes.juntadeandalucia.es\/ceipnscarmen\/files\/2024\/11\/WhatsApp-Image-2024-11-29-at-10.17.45-1152x1536.jpeg 1152w, https:\/\/blogsaverroes.juntadeandalucia.es\/ceipnscarmen\/files\/2024\/11\/WhatsApp-Image-2024-11-29-at-10.17.45.jpeg 1200w\" sizes=\"(max-width: 225px) 100vw, 225px\" \/><\/a> <a href=\"https:\/\/blogsaverroes.juntadeandalucia.es\/ceipnscarmen\/files\/2024\/11\/WhatsApp-Image-2024-11-29-at-12.50.33-1.jpeg\"><img loading=\"lazy\" decoding=\"async\" class=\"alignnone size-medium wp-image-5873\" src=\"https:\/\/blogsaverroes.juntadeandalucia.es\/ceipnscarmen\/files\/2024\/11\/WhatsApp-Image-2024-11-29-at-12.50.33-1-300x226.jpeg\" alt=\"\" width=\"300\" height=\"226\" srcset=\"https:\/\/blogsaverroes.juntadeandalucia.es\/ceipnscarmen\/files\/2024\/11\/WhatsApp-Image-2024-11-29-at-12.50.33-1-300x226.jpeg 300w, https:\/\/blogsaverroes.juntadeandalucia.es\/ceipnscarmen\/files\/2024\/11\/WhatsApp-Image-2024-11-29-at-12.50.33-1-1024x771.jpeg 1024w, https:\/\/blogsaverroes.juntadeandalucia.es\/ceipnscarmen\/files\/2024\/11\/WhatsApp-Image-2024-11-29-at-12.50.33-1-768x578.jpeg 768w, https:\/\/blogsaverroes.juntadeandalucia.es\/ceipnscarmen\/files\/2024\/11\/WhatsApp-Image-2024-11-29-at-12.50.33-1-1536x1156.jpeg 1536w, https:\/\/blogsaverroes.juntadeandalucia.es\/ceipnscarmen\/files\/2024\/11\/WhatsApp-Image-2024-11-29-at-12.50.33-1.jpeg 1600w\" sizes=\"(max-width: 300px) 100vw, 300px\" \/><\/a> <a href=\"https:\/\/blogsaverroes.juntadeandalucia.es\/ceipnscarmen\/files\/2024\/11\/WhatsApp-Image-2024-11-29-at-12.50.33.jpeg\"><img loading=\"lazy\" decoding=\"async\" class=\"alignnone size-medium wp-image-5874\" src=\"https:\/\/blogsaverroes.juntadeandalucia.es\/ceipnscarmen\/files\/2024\/11\/WhatsApp-Image-2024-11-29-at-12.50.33-300x226.jpeg\" alt=\"\" width=\"300\" height=\"226\" srcset=\"https:\/\/blogsaverroes.juntadeandalucia.es\/ceipnscarmen\/files\/2024\/11\/WhatsApp-Image-2024-11-29-at-12.50.33-300x226.jpeg 300w, https:\/\/blogsaverroes.juntadeandalucia.es\/ceipnscarmen\/files\/2024\/11\/WhatsApp-Image-2024-11-29-at-12.50.33-1024x771.jpeg 1024w, https:\/\/blogsaverroes.juntadeandalucia.es\/ceipnscarmen\/files\/2024\/11\/WhatsApp-Image-2024-11-29-at-12.50.33-768x578.jpeg 768w, https:\/\/blogsaverroes.juntadeandalucia.es\/ceipnscarmen\/files\/2024\/11\/WhatsApp-Image-2024-11-29-at-12.50.33-1536x1156.jpeg 1536w, https:\/\/blogsaverroes.juntadeandalucia.es\/ceipnscarmen\/files\/2024\/11\/WhatsApp-Image-2024-11-29-at-12.50.33.jpeg 1600w\" sizes=\"(max-width: 300px) 100vw, 300px\" \/><\/a><\/p>\n","protected":false},"excerpt":{"rendered":"<p>Dentro del programa CIMA y del Pacto de Estado contra la violencia de g\u00e9nero estamos volviendo a poner bonito nuestro huerto. Hoy hemos usado piedras&hellip;<\/p>\n","protected":false},"author":1907,"featured_media":0,"parent":0,"menu_order":0,"comment_status":"closed","ping_status":"closed","template":"","meta":{"ngg_post_thumbnail":0,"footnotes":"","_mc_calendar":[]},"aioseo_notices":[],"_links":{"self":[{"href":"https:\/\/blogsaverroes.juntadeandalucia.es\/ceipnscarmen\/wp-json\/wp\/v2\/pages\/5850"}],"collection":[{"href":"https:\/\/blogsaverroes.juntadeandalucia.es\/ceipnscarmen\/wp-json\/wp\/v2\/pages"}],"about":[{"href":"https:\/\/blogsaverroes.juntadeandalucia.es\/ceipnscarmen\/wp-json\/wp\/v2\/types\/page"}],"author":[{"embeddable":true,"href":"https:\/\/blogsaverroes.juntadeandalucia.es\/ceipnscarmen\/wp-json\/wp\/v2\/users\/1907"}],"replies":[{"embeddable":true,"href":"https:\/\/blogsaverroes.juntadeandalucia.es\/ceipnscarmen\/wp-json\/wp\/v2\/comments?post=5850"}],"version-history":[{"count":4,"href":"https:\/\/blogsaverroes.juntadeandalucia.es\/ceipnscarmen\/wp-json\/wp\/v2\/pages\/5850\/revisions"}],"predecessor-version":[{"id":5879,"href":"https:\/\/blogsaverroes.juntadeandalucia.es\/ceipnscarmen\/wp-json\/wp\/v2\/pages\/5850\/revisions\/5879"}],"wp:attachment":[{"href":"https:\/\/blogsaverroes.juntadeandalucia.es\/ceipnscarmen\/wp-json\/wp\/v2\/media?parent=5850"}],"curies":[{"name":"wp","href":"https:\/\/api.w.org\/{rel}","templated":true}]}}