{"id":5989,"date":"2025-01-10T09:06:59","date_gmt":"2025-01-10T09:06:59","guid":{"rendered":"https:\/\/blogsaverroes.juntadeandalucia.es\/ceipnscarmen\/?page_id=5989"},"modified":"2025-01-10T09:08:09","modified_gmt":"2025-01-10T09:08:09","slug":"erasmus","status":"publish","type":"page","link":"https:\/\/blogsaverroes.juntadeandalucia.es\/ceipnscarmen\/erasmus\/","title":{"rendered":"Postales Navide\u00f1as"},"content":{"rendered":"<p>Queridas familias,<\/p>\n<p>Estamos de vuelta con muchas ganas e ilusi\u00f3n. Os dejamos un v\u00eddeo de la actividad que realizamos de postales navide\u00f1as y en la que tuvimos una gran colaboraci\u00f3n por vuestra parte.<br \/>\nEsta actividad forma parte de los programas ERASMUS Y PROA+ TRANSF\u00d3RMATE<\/p>\n<p><a class=\"x1fey0fg xmper1u x1edh9d7\" href=\"https:\/\/youtu.be\/hoDBznlSHOM\">https:\/\/youtu.be\/hoDBznlSHOM<\/a><\/p>\n<p>&nbsp;<\/p>\n<p><a href=\"https:\/\/blogsaverroes.juntadeandalucia.es\/ceipnscarmen\/files\/2025\/01\/logo-proa.jpg\"><img loading=\"lazy\" decoding=\"async\" class=\"alignnone size-medium wp-image-5992\" src=\"https:\/\/blogsaverroes.juntadeandalucia.es\/ceipnscarmen\/files\/2025\/01\/logo-proa-300x150.jpg\" alt=\"\" width=\"300\" height=\"150\" srcset=\"https:\/\/blogsaverroes.juntadeandalucia.es\/ceipnscarmen\/files\/2025\/01\/logo-proa-300x150.jpg 300w, https:\/\/blogsaverroes.juntadeandalucia.es\/ceipnscarmen\/files\/2025\/01\/logo-proa.jpg 600w\" sizes=\"(max-width: 300px) 100vw, 300px\" \/><\/a><\/p>\n<p><a href=\"https:\/\/blogsaverroes.juntadeandalucia.es\/ceipnscarmen\/files\/2025\/01\/Logo-ERASMUS.png\"><img loading=\"lazy\" decoding=\"async\" class=\"alignnone size-medium wp-image-5993\" src=\"https:\/\/blogsaverroes.juntadeandalucia.es\/ceipnscarmen\/files\/2025\/01\/Logo-ERASMUS-296x300.png\" alt=\"\" width=\"296\" height=\"300\" srcset=\"https:\/\/blogsaverroes.juntadeandalucia.es\/ceipnscarmen\/files\/2025\/01\/Logo-ERASMUS-296x300.png 296w, https:\/\/blogsaverroes.juntadeandalucia.es\/ceipnscarmen\/files\/2025\/01\/Logo-ERASMUS-768x778.png 768w, https:\/\/blogsaverroes.juntadeandalucia.es\/ceipnscarmen\/files\/2025\/01\/Logo-ERASMUS-60x60.png 60w, https:\/\/blogsaverroes.juntadeandalucia.es\/ceipnscarmen\/files\/2025\/01\/Logo-ERASMUS.png 910w\" sizes=\"(max-width: 296px) 100vw, 296px\" \/><\/a><\/p>\n","protected":false},"excerpt":{"rendered":"<p>Queridas familias, Estamos de vuelta con muchas ganas e ilusi\u00f3n. Os dejamos un v\u00eddeo de la actividad que realizamos de postales navide\u00f1as y en la&hellip;<\/p>\n","protected":false},"author":1907,"featured_media":0,"parent":0,"menu_order":0,"comment_status":"closed","ping_status":"closed","template":"","meta":{"ngg_post_thumbnail":0,"footnotes":"","_mc_calendar":[]},"aioseo_notices":[],"_links":{"self":[{"href":"https:\/\/blogsaverroes.juntadeandalucia.es\/ceipnscarmen\/wp-json\/wp\/v2\/pages\/5989"}],"collection":[{"href":"https:\/\/blogsaverroes.juntadeandalucia.es\/ceipnscarmen\/wp-json\/wp\/v2\/pages"}],"about":[{"href":"https:\/\/blogsaverroes.juntadeandalucia.es\/ceipnscarmen\/wp-json\/wp\/v2\/types\/page"}],"author":[{"embeddable":true,"href":"https:\/\/blogsaverroes.juntadeandalucia.es\/ceipnscarmen\/wp-json\/wp\/v2\/users\/1907"}],"replies":[{"embeddable":true,"href":"https:\/\/blogsaverroes.juntadeandalucia.es\/ceipnscarmen\/wp-json\/wp\/v2\/comments?post=5989"}],"version-history":[{"count":3,"href":"https:\/\/blogsaverroes.juntadeandalucia.es\/ceipnscarmen\/wp-json\/wp\/v2\/pages\/5989\/revisions"}],"predecessor-version":[{"id":5995,"href":"https:\/\/blogsaverroes.juntadeandalucia.es\/ceipnscarmen\/wp-json\/wp\/v2\/pages\/5989\/revisions\/5995"}],"wp:attachment":[{"href":"https:\/\/blogsaverroes.juntadeandalucia.es\/ceipnscarmen\/wp-json\/wp\/v2\/media?parent=5989"}],"curies":[{"name":"wp","href":"https:\/\/api.w.org\/{rel}","templated":true}]}}