{"id":6334,"date":"2025-03-12T11:17:16","date_gmt":"2025-03-12T11:17:16","guid":{"rendered":"https:\/\/blogsaverroes.juntadeandalucia.es\/ceipnscarmen\/?page_id=6334"},"modified":"2025-03-12T11:17:16","modified_gmt":"2025-03-12T11:17:16","slug":"candlelight","status":"publish","type":"page","link":"https:\/\/blogsaverroes.juntadeandalucia.es\/ceipnscarmen\/candlelight\/","title":{"rendered":"Candlelight"},"content":{"rendered":"<p>Desde el proyecto escuela espacio de paz seguimos trabajando para la mejora de la convivencia y el control de las emociones. En esta ocasi\u00f3n hemos realizado una candlelight donde hemos podido disfrutar de una canci\u00f3n a la luz de las velas con todos nuestr@s compa\u00f1eros.<\/p>\n<div style=\"width: 478px;\" class=\"wp-video\"><!--[if lt IE 9]><script>document.createElement('video');<\/script><![endif]-->\n<video class=\"wp-video-shortcode\" id=\"video-6334-1\" width=\"478\" height=\"850\" preload=\"metadata\" controls=\"controls\"><source type=\"video\/mp4\" src=\"https:\/\/blogsaverroes.juntadeandalucia.es\/ceipnscarmen\/files\/2025\/03\/WhatsApp-Video-2025-01-30-at-13.02.36-1.mp4?_=1\" \/><a href=\"https:\/\/blogsaverroes.juntadeandalucia.es\/ceipnscarmen\/files\/2025\/03\/WhatsApp-Video-2025-01-30-at-13.02.36-1.mp4\">https:\/\/blogsaverroes.juntadeandalucia.es\/ceipnscarmen\/files\/2025\/03\/WhatsApp-Video-2025-01-30-at-13.02.36-1.mp4<\/a><\/video><\/div>\n<div style=\"width: 843px;\" class=\"wp-video\"><video class=\"wp-video-shortcode\" id=\"video-6334-2\" width=\"843\" height=\"475\" preload=\"metadata\" controls=\"controls\"><source type=\"video\/mp4\" src=\"https:\/\/blogsaverroes.juntadeandalucia.es\/ceipnscarmen\/files\/2025\/03\/WhatsApp-Video-2025-01-30-at-13.02.54-1.mp4?_=2\" \/><a href=\"https:\/\/blogsaverroes.juntadeandalucia.es\/ceipnscarmen\/files\/2025\/03\/WhatsApp-Video-2025-01-30-at-13.02.54-1.mp4\">https:\/\/blogsaverroes.juntadeandalucia.es\/ceipnscarmen\/files\/2025\/03\/WhatsApp-Video-2025-01-30-at-13.02.54-1.mp4<\/a><\/video><\/div>\n<div style=\"width: 478px;\" class=\"wp-video\"><video class=\"wp-video-shortcode\" id=\"video-6334-3\" width=\"478\" height=\"850\" preload=\"metadata\" controls=\"controls\"><source type=\"video\/mp4\" src=\"https:\/\/blogsaverroes.juntadeandalucia.es\/ceipnscarmen\/files\/2025\/03\/WhatsApp-Video-2025-01-30-at-13.02.55-1.mp4?_=3\" \/><a href=\"https:\/\/blogsaverroes.juntadeandalucia.es\/ceipnscarmen\/files\/2025\/03\/WhatsApp-Video-2025-01-30-at-13.02.55-1.mp4\">https:\/\/blogsaverroes.juntadeandalucia.es\/ceipnscarmen\/files\/2025\/03\/WhatsApp-Video-2025-01-30-at-13.02.55-1.mp4<\/a><\/video><\/div>\n<p><a href=\"https:\/\/blogsaverroes.juntadeandalucia.es\/ceipnscarmen\/files\/2025\/03\/IMG_0305-1.mov\">IMG_0305<\/a> <a href=\"https:\/\/blogsaverroes.juntadeandalucia.es\/ceipnscarmen\/files\/2025\/03\/IMG_0306-1.mov\">IMG_0306<\/a> <a href=\"https:\/\/blogsaverroes.juntadeandalucia.es\/ceipnscarmen\/files\/2025\/03\/IMG_0307-1.mov\">IMG_0307<\/a> <a href=\"https:\/\/blogsaverroes.juntadeandalucia.es\/ceipnscarmen\/files\/2025\/03\/WhatsApp-Image-2025-01-30-at-13.01.58-1.jpeg\"><img loading=\"lazy\" decoding=\"async\" class=\"alignnone size-medium wp-image-6341\" src=\"https:\/\/blogsaverroes.juntadeandalucia.es\/ceipnscarmen\/files\/2025\/03\/WhatsApp-Image-2025-01-30-at-13.01.58-1-300x225.jpeg\" alt=\"\" width=\"300\" height=\"225\" srcset=\"https:\/\/blogsaverroes.juntadeandalucia.es\/ceipnscarmen\/files\/2025\/03\/WhatsApp-Image-2025-01-30-at-13.01.58-1-300x225.jpeg 300w, https:\/\/blogsaverroes.juntadeandalucia.es\/ceipnscarmen\/files\/2025\/03\/WhatsApp-Image-2025-01-30-at-13.01.58-1-1024x768.jpeg 1024w, https:\/\/blogsaverroes.juntadeandalucia.es\/ceipnscarmen\/files\/2025\/03\/WhatsApp-Image-2025-01-30-at-13.01.58-1-768x576.jpeg 768w, https:\/\/blogsaverroes.juntadeandalucia.es\/ceipnscarmen\/files\/2025\/03\/WhatsApp-Image-2025-01-30-at-13.01.58-1-1536x1152.jpeg 1536w, https:\/\/blogsaverroes.juntadeandalucia.es\/ceipnscarmen\/files\/2025\/03\/WhatsApp-Image-2025-01-30-at-13.01.58-1.jpeg 1600w\" sizes=\"(max-width: 300px) 100vw, 300px\" \/><\/a> <a href=\"https:\/\/blogsaverroes.juntadeandalucia.es\/ceipnscarmen\/files\/2025\/03\/WhatsApp-Image-2025-01-30-at-13.02.00-1.jpeg\"><img loading=\"lazy\" decoding=\"async\" class=\"alignnone size-medium wp-image-6342\" src=\"https:\/\/blogsaverroes.juntadeandalucia.es\/ceipnscarmen\/files\/2025\/03\/WhatsApp-Image-2025-01-30-at-13.02.00-1-300x225.jpeg\" alt=\"\" width=\"300\" height=\"225\" srcset=\"https:\/\/blogsaverroes.juntadeandalucia.es\/ceipnscarmen\/files\/2025\/03\/WhatsApp-Image-2025-01-30-at-13.02.00-1-300x225.jpeg 300w, https:\/\/blogsaverroes.juntadeandalucia.es\/ceipnscarmen\/files\/2025\/03\/WhatsApp-Image-2025-01-30-at-13.02.00-1-1024x768.jpeg 1024w, https:\/\/blogsaverroes.juntadeandalucia.es\/ceipnscarmen\/files\/2025\/03\/WhatsApp-Image-2025-01-30-at-13.02.00-1-768x576.jpeg 768w, https:\/\/blogsaverroes.juntadeandalucia.es\/ceipnscarmen\/files\/2025\/03\/WhatsApp-Image-2025-01-30-at-13.02.00-1-1536x1152.jpeg 1536w, https:\/\/blogsaverroes.juntadeandalucia.es\/ceipnscarmen\/files\/2025\/03\/WhatsApp-Image-2025-01-30-at-13.02.00-1.jpeg 1600w\" sizes=\"(max-width: 300px) 100vw, 300px\" \/><\/a> <a href=\"https:\/\/blogsaverroes.juntadeandalucia.es\/ceipnscarmen\/files\/2025\/03\/WhatsApp-Image-2025-01-30-at-13.02.01-1.jpeg\"><img loading=\"lazy\" decoding=\"async\" class=\"alignnone size-medium wp-image-6343\" src=\"https:\/\/blogsaverroes.juntadeandalucia.es\/ceipnscarmen\/files\/2025\/03\/WhatsApp-Image-2025-01-30-at-13.02.01-1-225x300.jpeg\" alt=\"\" width=\"225\" height=\"300\" srcset=\"https:\/\/blogsaverroes.juntadeandalucia.es\/ceipnscarmen\/files\/2025\/03\/WhatsApp-Image-2025-01-30-at-13.02.01-1-225x300.jpeg 225w, https:\/\/blogsaverroes.juntadeandalucia.es\/ceipnscarmen\/files\/2025\/03\/WhatsApp-Image-2025-01-30-at-13.02.01-1-768x1024.jpeg 768w, https:\/\/blogsaverroes.juntadeandalucia.es\/ceipnscarmen\/files\/2025\/03\/WhatsApp-Image-2025-01-30-at-13.02.01-1-1152x1536.jpeg 1152w, https:\/\/blogsaverroes.juntadeandalucia.es\/ceipnscarmen\/files\/2025\/03\/WhatsApp-Image-2025-01-30-at-13.02.01-1.jpeg 1200w\" sizes=\"(max-width: 225px) 100vw, 225px\" \/><\/a> <a href=\"https:\/\/blogsaverroes.juntadeandalucia.es\/ceipnscarmen\/files\/2025\/03\/WhatsApp-Image-2025-01-30-at-13.02.03-1.jpeg\"><img loading=\"lazy\" decoding=\"async\" class=\"alignnone size-medium wp-image-6344\" src=\"https:\/\/blogsaverroes.juntadeandalucia.es\/ceipnscarmen\/files\/2025\/03\/WhatsApp-Image-2025-01-30-at-13.02.03-1-300x225.jpeg\" alt=\"\" width=\"300\" height=\"225\" srcset=\"https:\/\/blogsaverroes.juntadeandalucia.es\/ceipnscarmen\/files\/2025\/03\/WhatsApp-Image-2025-01-30-at-13.02.03-1-300x225.jpeg 300w, https:\/\/blogsaverroes.juntadeandalucia.es\/ceipnscarmen\/files\/2025\/03\/WhatsApp-Image-2025-01-30-at-13.02.03-1-1024x768.jpeg 1024w, https:\/\/blogsaverroes.juntadeandalucia.es\/ceipnscarmen\/files\/2025\/03\/WhatsApp-Image-2025-01-30-at-13.02.03-1-768x576.jpeg 768w, https:\/\/blogsaverroes.juntadeandalucia.es\/ceipnscarmen\/files\/2025\/03\/WhatsApp-Image-2025-01-30-at-13.02.03-1-1536x1152.jpeg 1536w, https:\/\/blogsaverroes.juntadeandalucia.es\/ceipnscarmen\/files\/2025\/03\/WhatsApp-Image-2025-01-30-at-13.02.03-1.jpeg 1600w\" sizes=\"(max-width: 300px) 100vw, 300px\" \/><\/a><\/p>\n","protected":false},"excerpt":{"rendered":"<p>Desde el proyecto escuela espacio de paz seguimos trabajando para la mejora de la convivencia y el control de las emociones. En esta ocasi\u00f3n hemos&hellip;<\/p>\n","protected":false},"author":1907,"featured_media":0,"parent":0,"menu_order":0,"comment_status":"closed","ping_status":"closed","template":"","meta":{"ngg_post_thumbnail":0,"footnotes":"","_mc_calendar":[]},"aioseo_notices":[],"_links":{"self":[{"href":"https:\/\/blogsaverroes.juntadeandalucia.es\/ceipnscarmen\/wp-json\/wp\/v2\/pages\/6334"}],"collection":[{"href":"https:\/\/blogsaverroes.juntadeandalucia.es\/ceipnscarmen\/wp-json\/wp\/v2\/pages"}],"about":[{"href":"https:\/\/blogsaverroes.juntadeandalucia.es\/ceipnscarmen\/wp-json\/wp\/v2\/types\/page"}],"author":[{"embeddable":true,"href":"https:\/\/blogsaverroes.juntadeandalucia.es\/ceipnscarmen\/wp-json\/wp\/v2\/users\/1907"}],"replies":[{"embeddable":true,"href":"https:\/\/blogsaverroes.juntadeandalucia.es\/ceipnscarmen\/wp-json\/wp\/v2\/comments?post=6334"}],"version-history":[{"count":1,"href":"https:\/\/blogsaverroes.juntadeandalucia.es\/ceipnscarmen\/wp-json\/wp\/v2\/pages\/6334\/revisions"}],"predecessor-version":[{"id":6346,"href":"https:\/\/blogsaverroes.juntadeandalucia.es\/ceipnscarmen\/wp-json\/wp\/v2\/pages\/6334\/revisions\/6346"}],"wp:attachment":[{"href":"https:\/\/blogsaverroes.juntadeandalucia.es\/ceipnscarmen\/wp-json\/wp\/v2\/media?parent=6334"}],"curies":[{"name":"wp","href":"https:\/\/api.w.org\/{rel}","templated":true}]}}