{"id":6514,"date":"2025-04-30T09:25:32","date_gmt":"2025-04-30T09:25:32","guid":{"rendered":"https:\/\/blogsaverroes.juntadeandalucia.es\/ceipnscarmen\/?page_id=6514"},"modified":"2025-04-30T09:25:32","modified_gmt":"2025-04-30T09:25:32","slug":"concurso-marcapaginas","status":"publish","type":"page","link":"https:\/\/blogsaverroes.juntadeandalucia.es\/ceipnscarmen\/concurso-marcapaginas\/","title":{"rendered":"Concurso marcap\u00e1ginas"},"content":{"rendered":"<p>Nuestras ni\u00f1as Assia (5a\u00f1os) y Malak (6\u00baB) han sido las ganadoras del concurso de marcap\u00e1ginas. Como premio han podido elegir un libro de la feria del libro. Esperamos que disfruten de la lectura<\/p>\n<p>&nbsp;<\/p>\n<p><a href=\"https:\/\/blogsaverroes.juntadeandalucia.es\/ceipnscarmen\/files\/2025\/04\/WhatsApp-Image-2025-04-28-at-13.23.46.jpeg\"><img loading=\"lazy\" decoding=\"async\" class=\"alignnone size-medium wp-image-6515\" src=\"https:\/\/blogsaverroes.juntadeandalucia.es\/ceipnscarmen\/files\/2025\/04\/WhatsApp-Image-2025-04-28-at-13.23.46-226x300.jpeg\" alt=\"\" width=\"226\" height=\"300\" srcset=\"https:\/\/blogsaverroes.juntadeandalucia.es\/ceipnscarmen\/files\/2025\/04\/WhatsApp-Image-2025-04-28-at-13.23.46-226x300.jpeg 226w, https:\/\/blogsaverroes.juntadeandalucia.es\/ceipnscarmen\/files\/2025\/04\/WhatsApp-Image-2025-04-28-at-13.23.46-771x1024.jpeg 771w, https:\/\/blogsaverroes.juntadeandalucia.es\/ceipnscarmen\/files\/2025\/04\/WhatsApp-Image-2025-04-28-at-13.23.46-768x1021.jpeg 768w, https:\/\/blogsaverroes.juntadeandalucia.es\/ceipnscarmen\/files\/2025\/04\/WhatsApp-Image-2025-04-28-at-13.23.46-1156x1536.jpeg 1156w, https:\/\/blogsaverroes.juntadeandalucia.es\/ceipnscarmen\/files\/2025\/04\/WhatsApp-Image-2025-04-28-at-13.23.46.jpeg 1204w\" sizes=\"(max-width: 226px) 100vw, 226px\" \/><\/a> <a href=\"https:\/\/blogsaverroes.juntadeandalucia.es\/ceipnscarmen\/files\/2025\/04\/WhatsApp-Image-2025-04-29-at-18.11.24-1.jpeg\"><img loading=\"lazy\" decoding=\"async\" class=\"alignnone size-medium wp-image-6516\" src=\"https:\/\/blogsaverroes.juntadeandalucia.es\/ceipnscarmen\/files\/2025\/04\/WhatsApp-Image-2025-04-29-at-18.11.24-1-225x300.jpeg\" alt=\"\" width=\"225\" height=\"300\" srcset=\"https:\/\/blogsaverroes.juntadeandalucia.es\/ceipnscarmen\/files\/2025\/04\/WhatsApp-Image-2025-04-29-at-18.11.24-1-225x300.jpeg 225w, https:\/\/blogsaverroes.juntadeandalucia.es\/ceipnscarmen\/files\/2025\/04\/WhatsApp-Image-2025-04-29-at-18.11.24-1-768x1024.jpeg 768w, https:\/\/blogsaverroes.juntadeandalucia.es\/ceipnscarmen\/files\/2025\/04\/WhatsApp-Image-2025-04-29-at-18.11.24-1-1152x1536.jpeg 1152w, https:\/\/blogsaverroes.juntadeandalucia.es\/ceipnscarmen\/files\/2025\/04\/WhatsApp-Image-2025-04-29-at-18.11.24-1.jpeg 1200w\" sizes=\"(max-width: 225px) 100vw, 225px\" \/><\/a> <a href=\"https:\/\/blogsaverroes.juntadeandalucia.es\/ceipnscarmen\/files\/2025\/04\/WhatsApp-Image-2025-04-29-at-18.11.24.jpeg\"><img loading=\"lazy\" decoding=\"async\" class=\"alignnone size-medium wp-image-6517\" src=\"https:\/\/blogsaverroes.juntadeandalucia.es\/ceipnscarmen\/files\/2025\/04\/WhatsApp-Image-2025-04-29-at-18.11.24-225x300.jpeg\" alt=\"\" width=\"225\" height=\"300\" srcset=\"https:\/\/blogsaverroes.juntadeandalucia.es\/ceipnscarmen\/files\/2025\/04\/WhatsApp-Image-2025-04-29-at-18.11.24-225x300.jpeg 225w, https:\/\/blogsaverroes.juntadeandalucia.es\/ceipnscarmen\/files\/2025\/04\/WhatsApp-Image-2025-04-29-at-18.11.24-768x1024.jpeg 768w, https:\/\/blogsaverroes.juntadeandalucia.es\/ceipnscarmen\/files\/2025\/04\/WhatsApp-Image-2025-04-29-at-18.11.24-1152x1536.jpeg 1152w, https:\/\/blogsaverroes.juntadeandalucia.es\/ceipnscarmen\/files\/2025\/04\/WhatsApp-Image-2025-04-29-at-18.11.24.jpeg 1200w\" sizes=\"(max-width: 225px) 100vw, 225px\" \/><\/a> <a href=\"https:\/\/blogsaverroes.juntadeandalucia.es\/ceipnscarmen\/files\/2025\/04\/WhatsApp-Image-2025-04-28-at-13.21.51.jpeg\"><img loading=\"lazy\" decoding=\"async\" class=\"alignnone size-medium wp-image-6518\" src=\"https:\/\/blogsaverroes.juntadeandalucia.es\/ceipnscarmen\/files\/2025\/04\/WhatsApp-Image-2025-04-28-at-13.21.51-226x300.jpeg\" alt=\"\" width=\"226\" height=\"300\" srcset=\"https:\/\/blogsaverroes.juntadeandalucia.es\/ceipnscarmen\/files\/2025\/04\/WhatsApp-Image-2025-04-28-at-13.21.51-226x300.jpeg 226w, https:\/\/blogsaverroes.juntadeandalucia.es\/ceipnscarmen\/files\/2025\/04\/WhatsApp-Image-2025-04-28-at-13.21.51-771x1024.jpeg 771w, https:\/\/blogsaverroes.juntadeandalucia.es\/ceipnscarmen\/files\/2025\/04\/WhatsApp-Image-2025-04-28-at-13.21.51-768x1021.jpeg 768w, https:\/\/blogsaverroes.juntadeandalucia.es\/ceipnscarmen\/files\/2025\/04\/WhatsApp-Image-2025-04-28-at-13.21.51-1156x1536.jpeg 1156w, https:\/\/blogsaverroes.juntadeandalucia.es\/ceipnscarmen\/files\/2025\/04\/WhatsApp-Image-2025-04-28-at-13.21.51.jpeg 1204w\" sizes=\"(max-width: 226px) 100vw, 226px\" \/><\/a><\/p>\n","protected":false},"excerpt":{"rendered":"<p>Nuestras ni\u00f1as Assia (5a\u00f1os) y Malak (6\u00baB) han sido las ganadoras del concurso de marcap\u00e1ginas. Como premio han podido elegir un libro de la feria&hellip;<\/p>\n","protected":false},"author":1907,"featured_media":0,"parent":0,"menu_order":0,"comment_status":"closed","ping_status":"closed","template":"","meta":{"ngg_post_thumbnail":0,"footnotes":"","_mc_calendar":[]},"aioseo_notices":[],"_links":{"self":[{"href":"https:\/\/blogsaverroes.juntadeandalucia.es\/ceipnscarmen\/wp-json\/wp\/v2\/pages\/6514"}],"collection":[{"href":"https:\/\/blogsaverroes.juntadeandalucia.es\/ceipnscarmen\/wp-json\/wp\/v2\/pages"}],"about":[{"href":"https:\/\/blogsaverroes.juntadeandalucia.es\/ceipnscarmen\/wp-json\/wp\/v2\/types\/page"}],"author":[{"embeddable":true,"href":"https:\/\/blogsaverroes.juntadeandalucia.es\/ceipnscarmen\/wp-json\/wp\/v2\/users\/1907"}],"replies":[{"embeddable":true,"href":"https:\/\/blogsaverroes.juntadeandalucia.es\/ceipnscarmen\/wp-json\/wp\/v2\/comments?post=6514"}],"version-history":[{"count":1,"href":"https:\/\/blogsaverroes.juntadeandalucia.es\/ceipnscarmen\/wp-json\/wp\/v2\/pages\/6514\/revisions"}],"predecessor-version":[{"id":6520,"href":"https:\/\/blogsaverroes.juntadeandalucia.es\/ceipnscarmen\/wp-json\/wp\/v2\/pages\/6514\/revisions\/6520"}],"wp:attachment":[{"href":"https:\/\/blogsaverroes.juntadeandalucia.es\/ceipnscarmen\/wp-json\/wp\/v2\/media?parent=6514"}],"curies":[{"name":"wp","href":"https:\/\/api.w.org\/{rel}","templated":true}]}}