{"id":6521,"date":"2025-05-05T15:09:21","date_gmt":"2025-05-05T15:09:21","guid":{"rendered":"https:\/\/blogsaverroes.juntadeandalucia.es\/ceipnscarmen\/?page_id=6521"},"modified":"2025-05-05T15:09:21","modified_gmt":"2025-05-05T15:09:21","slug":"llegada-a-lubon","status":"publish","type":"page","link":"https:\/\/blogsaverroes.juntadeandalucia.es\/ceipnscarmen\/llegada-a-lubon\/","title":{"rendered":"Llegada a Lubon"},"content":{"rendered":"<p>El CEIP Nuestra Se\u00f1ora del Carmen se est\u00e1 internacionalizando. Nuestras compa\u00f1eras Yolanda y Mar\u00eda del Mar est\u00e1n realizando una visita de observaci\u00f3n (job shadowing) en Poznan (Polonia). Hoy han llegado a Lubon.<br \/>\nDurante toda la semana aprender\u00e1n en un colegio de Polonia c\u00f3mo se trabaja la inclusi\u00f3n, acogida del alumnado extranjero y la resoluci\u00f3n de conflictos.<\/p>\n<p><a href=\"https:\/\/blogsaverroes.juntadeandalucia.es\/ceipnscarmen\/files\/2025\/05\/Poznan2.png\"><img loading=\"lazy\" decoding=\"async\" class=\"alignnone size-medium wp-image-6522\" src=\"https:\/\/blogsaverroes.juntadeandalucia.es\/ceipnscarmen\/files\/2025\/05\/Poznan2-224x300.png\" alt=\"\" width=\"224\" height=\"300\" srcset=\"https:\/\/blogsaverroes.juntadeandalucia.es\/ceipnscarmen\/files\/2025\/05\/Poznan2-224x300.png 224w, https:\/\/blogsaverroes.juntadeandalucia.es\/ceipnscarmen\/files\/2025\/05\/Poznan2.png 560w\" sizes=\"(max-width: 224px) 100vw, 224px\" \/><\/a> <a href=\"https:\/\/blogsaverroes.juntadeandalucia.es\/ceipnscarmen\/files\/2025\/05\/Poznan.png\"><img loading=\"lazy\" decoding=\"async\" class=\"alignnone size-medium wp-image-6523\" src=\"https:\/\/blogsaverroes.juntadeandalucia.es\/ceipnscarmen\/files\/2025\/05\/Poznan-224x300.png\" alt=\"\" width=\"224\" height=\"300\" srcset=\"https:\/\/blogsaverroes.juntadeandalucia.es\/ceipnscarmen\/files\/2025\/05\/Poznan-224x300.png 224w, https:\/\/blogsaverroes.juntadeandalucia.es\/ceipnscarmen\/files\/2025\/05\/Poznan.png 563w\" sizes=\"(max-width: 224px) 100vw, 224px\" \/><\/a><\/p>\n","protected":false},"excerpt":{"rendered":"<p>El CEIP Nuestra Se\u00f1ora del Carmen se est\u00e1 internacionalizando. Nuestras compa\u00f1eras Yolanda y Mar\u00eda del Mar est\u00e1n realizando una visita de observaci\u00f3n (job shadowing) en&hellip;<\/p>\n","protected":false},"author":1907,"featured_media":0,"parent":0,"menu_order":0,"comment_status":"closed","ping_status":"closed","template":"","meta":{"ngg_post_thumbnail":0,"footnotes":"","_mc_calendar":[]},"aioseo_notices":[],"_links":{"self":[{"href":"https:\/\/blogsaverroes.juntadeandalucia.es\/ceipnscarmen\/wp-json\/wp\/v2\/pages\/6521"}],"collection":[{"href":"https:\/\/blogsaverroes.juntadeandalucia.es\/ceipnscarmen\/wp-json\/wp\/v2\/pages"}],"about":[{"href":"https:\/\/blogsaverroes.juntadeandalucia.es\/ceipnscarmen\/wp-json\/wp\/v2\/types\/page"}],"author":[{"embeddable":true,"href":"https:\/\/blogsaverroes.juntadeandalucia.es\/ceipnscarmen\/wp-json\/wp\/v2\/users\/1907"}],"replies":[{"embeddable":true,"href":"https:\/\/blogsaverroes.juntadeandalucia.es\/ceipnscarmen\/wp-json\/wp\/v2\/comments?post=6521"}],"version-history":[{"count":1,"href":"https:\/\/blogsaverroes.juntadeandalucia.es\/ceipnscarmen\/wp-json\/wp\/v2\/pages\/6521\/revisions"}],"predecessor-version":[{"id":6525,"href":"https:\/\/blogsaverroes.juntadeandalucia.es\/ceipnscarmen\/wp-json\/wp\/v2\/pages\/6521\/revisions\/6525"}],"wp:attachment":[{"href":"https:\/\/blogsaverroes.juntadeandalucia.es\/ceipnscarmen\/wp-json\/wp\/v2\/media?parent=6521"}],"curies":[{"name":"wp","href":"https:\/\/api.w.org\/{rel}","templated":true}]}}