{"id":6531,"date":"2025-05-07T11:40:21","date_gmt":"2025-05-07T11:40:21","guid":{"rendered":"https:\/\/blogsaverroes.juntadeandalucia.es\/ceipnscarmen\/?page_id=6531"},"modified":"2025-05-07T11:40:21","modified_gmt":"2025-05-07T11:40:21","slug":"primer-dia-de-cole","status":"publish","type":"page","link":"https:\/\/blogsaverroes.juntadeandalucia.es\/ceipnscarmen\/primer-dia-de-cole\/","title":{"rendered":"Primer d\u00eda de cole"},"content":{"rendered":"<p>Nuestras compa\u00f1eras Yolanda y Mar\u00eda del Mar contin\u00faan su experiencia ERASMUS en Poznan (Polonia). Hoy han visitado el colegio y han podido observar c\u00f3mo trabajan en un cole de Polonia<\/p>\n<p>&nbsp;<\/p>\n<p><a href=\"https:\/\/blogsaverroes.juntadeandalucia.es\/ceipnscarmen\/files\/2025\/05\/WhatsApp-Image-2025-05-06-at-17.05.31-2.jpeg\"><img loading=\"lazy\" decoding=\"async\" class=\"alignnone size-medium wp-image-6532\" src=\"https:\/\/blogsaverroes.juntadeandalucia.es\/ceipnscarmen\/files\/2025\/05\/WhatsApp-Image-2025-05-06-at-17.05.31-2-300x225.jpeg\" alt=\"\" width=\"300\" height=\"225\" srcset=\"https:\/\/blogsaverroes.juntadeandalucia.es\/ceipnscarmen\/files\/2025\/05\/WhatsApp-Image-2025-05-06-at-17.05.31-2-300x225.jpeg 300w, https:\/\/blogsaverroes.juntadeandalucia.es\/ceipnscarmen\/files\/2025\/05\/WhatsApp-Image-2025-05-06-at-17.05.31-2-768x575.jpeg 768w, https:\/\/blogsaverroes.juntadeandalucia.es\/ceipnscarmen\/files\/2025\/05\/WhatsApp-Image-2025-05-06-at-17.05.31-2.jpeg 1016w\" sizes=\"(max-width: 300px) 100vw, 300px\" \/><\/a> <a href=\"https:\/\/blogsaverroes.juntadeandalucia.es\/ceipnscarmen\/files\/2025\/05\/WhatsApp-Image-2025-05-06-at-17.05.31-1.jpeg\"><img loading=\"lazy\" decoding=\"async\" class=\"alignnone size-medium wp-image-6533\" src=\"https:\/\/blogsaverroes.juntadeandalucia.es\/ceipnscarmen\/files\/2025\/05\/WhatsApp-Image-2025-05-06-at-17.05.31-1-226x300.jpeg\" alt=\"\" width=\"226\" height=\"300\" srcset=\"https:\/\/blogsaverroes.juntadeandalucia.es\/ceipnscarmen\/files\/2025\/05\/WhatsApp-Image-2025-05-06-at-17.05.31-1-226x300.jpeg 226w, https:\/\/blogsaverroes.juntadeandalucia.es\/ceipnscarmen\/files\/2025\/05\/WhatsApp-Image-2025-05-06-at-17.05.31-1-772x1024.jpeg 772w, https:\/\/blogsaverroes.juntadeandalucia.es\/ceipnscarmen\/files\/2025\/05\/WhatsApp-Image-2025-05-06-at-17.05.31-1-768x1019.jpeg 768w, https:\/\/blogsaverroes.juntadeandalucia.es\/ceipnscarmen\/files\/2025\/05\/WhatsApp-Image-2025-05-06-at-17.05.31-1.jpeg 965w\" sizes=\"(max-width: 226px) 100vw, 226px\" \/><\/a> <a href=\"https:\/\/blogsaverroes.juntadeandalucia.es\/ceipnscarmen\/files\/2025\/05\/WhatsApp-Image-2025-05-06-at-17.05.31.jpeg\"><img loading=\"lazy\" decoding=\"async\" class=\"alignnone size-medium wp-image-6534\" src=\"https:\/\/blogsaverroes.juntadeandalucia.es\/ceipnscarmen\/files\/2025\/05\/WhatsApp-Image-2025-05-06-at-17.05.31-220x300.jpeg\" alt=\"\" width=\"220\" height=\"300\" srcset=\"https:\/\/blogsaverroes.juntadeandalucia.es\/ceipnscarmen\/files\/2025\/05\/WhatsApp-Image-2025-05-06-at-17.05.31-220x300.jpeg 220w, https:\/\/blogsaverroes.juntadeandalucia.es\/ceipnscarmen\/files\/2025\/05\/WhatsApp-Image-2025-05-06-at-17.05.31-751x1024.jpeg 751w, https:\/\/blogsaverroes.juntadeandalucia.es\/ceipnscarmen\/files\/2025\/05\/WhatsApp-Image-2025-05-06-at-17.05.31-768x1047.jpeg 768w, https:\/\/blogsaverroes.juntadeandalucia.es\/ceipnscarmen\/files\/2025\/05\/WhatsApp-Image-2025-05-06-at-17.05.31.jpeg 939w\" sizes=\"(max-width: 220px) 100vw, 220px\" \/><\/a><\/p>\n","protected":false},"excerpt":{"rendered":"<p>Nuestras compa\u00f1eras Yolanda y Mar\u00eda del Mar contin\u00faan su experiencia ERASMUS en Poznan (Polonia). Hoy han visitado el colegio y han podido observar c\u00f3mo trabajan&hellip;<\/p>\n","protected":false},"author":1907,"featured_media":0,"parent":0,"menu_order":0,"comment_status":"closed","ping_status":"closed","template":"","meta":{"ngg_post_thumbnail":0,"footnotes":"","_mc_calendar":[]},"aioseo_notices":[],"_links":{"self":[{"href":"https:\/\/blogsaverroes.juntadeandalucia.es\/ceipnscarmen\/wp-json\/wp\/v2\/pages\/6531"}],"collection":[{"href":"https:\/\/blogsaverroes.juntadeandalucia.es\/ceipnscarmen\/wp-json\/wp\/v2\/pages"}],"about":[{"href":"https:\/\/blogsaverroes.juntadeandalucia.es\/ceipnscarmen\/wp-json\/wp\/v2\/types\/page"}],"author":[{"embeddable":true,"href":"https:\/\/blogsaverroes.juntadeandalucia.es\/ceipnscarmen\/wp-json\/wp\/v2\/users\/1907"}],"replies":[{"embeddable":true,"href":"https:\/\/blogsaverroes.juntadeandalucia.es\/ceipnscarmen\/wp-json\/wp\/v2\/comments?post=6531"}],"version-history":[{"count":1,"href":"https:\/\/blogsaverroes.juntadeandalucia.es\/ceipnscarmen\/wp-json\/wp\/v2\/pages\/6531\/revisions"}],"predecessor-version":[{"id":6536,"href":"https:\/\/blogsaverroes.juntadeandalucia.es\/ceipnscarmen\/wp-json\/wp\/v2\/pages\/6531\/revisions\/6536"}],"wp:attachment":[{"href":"https:\/\/blogsaverroes.juntadeandalucia.es\/ceipnscarmen\/wp-json\/wp\/v2\/media?parent=6531"}],"curies":[{"name":"wp","href":"https:\/\/api.w.org\/{rel}","templated":true}]}}