{"id":6538,"date":"2025-05-08T11:27:27","date_gmt":"2025-05-08T11:27:27","guid":{"rendered":"https:\/\/blogsaverroes.juntadeandalucia.es\/ceipnscarmen\/?page_id=6538"},"modified":"2025-05-08T11:27:27","modified_gmt":"2025-05-08T11:27:27","slug":"segundo-dia-de-cole","status":"publish","type":"page","link":"https:\/\/blogsaverroes.juntadeandalucia.es\/ceipnscarmen\/segundo-dia-de-cole\/","title":{"rendered":"Segundo d\u00eda de cole"},"content":{"rendered":"<p>Segundo d\u00eda de nuestras compa\u00f1eras en Poznan (Polonia). Siguen observando en las diferentes clases aprendiendo de las metodolog\u00edas que utilizan en Polonia. Est\u00e1 siendo un viaje muy enriquecedor<\/p>\n<p>&nbsp;<\/p>\n<p>&nbsp;<\/p>\n<p><a href=\"https:\/\/blogsaverroes.juntadeandalucia.es\/ceipnscarmen\/files\/2025\/05\/3Poznan.png\"><img loading=\"lazy\" decoding=\"async\" class=\"alignnone size-medium wp-image-6539\" src=\"https:\/\/blogsaverroes.juntadeandalucia.es\/ceipnscarmen\/files\/2025\/05\/3Poznan-224x300.png\" alt=\"\" width=\"224\" height=\"300\" srcset=\"https:\/\/blogsaverroes.juntadeandalucia.es\/ceipnscarmen\/files\/2025\/05\/3Poznan-224x300.png 224w, https:\/\/blogsaverroes.juntadeandalucia.es\/ceipnscarmen\/files\/2025\/05\/3Poznan.png 561w\" sizes=\"(max-width: 224px) 100vw, 224px\" \/><\/a> <a href=\"https:\/\/blogsaverroes.juntadeandalucia.es\/ceipnscarmen\/files\/2025\/05\/2Poznan.png\"><img loading=\"lazy\" decoding=\"async\" class=\"alignnone size-medium wp-image-6540\" src=\"https:\/\/blogsaverroes.juntadeandalucia.es\/ceipnscarmen\/files\/2025\/05\/2Poznan-254x300.png\" alt=\"\" width=\"254\" height=\"300\" srcset=\"https:\/\/blogsaverroes.juntadeandalucia.es\/ceipnscarmen\/files\/2025\/05\/2Poznan-254x300.png 254w, https:\/\/blogsaverroes.juntadeandalucia.es\/ceipnscarmen\/files\/2025\/05\/2Poznan.png 557w\" sizes=\"(max-width: 254px) 100vw, 254px\" \/><\/a> <a href=\"https:\/\/blogsaverroes.juntadeandalucia.es\/ceipnscarmen\/files\/2025\/05\/1Poznan.png\"><img loading=\"lazy\" decoding=\"async\" class=\"alignnone size-medium wp-image-6541\" src=\"https:\/\/blogsaverroes.juntadeandalucia.es\/ceipnscarmen\/files\/2025\/05\/1Poznan-227x300.png\" alt=\"\" width=\"227\" height=\"300\" srcset=\"https:\/\/blogsaverroes.juntadeandalucia.es\/ceipnscarmen\/files\/2025\/05\/1Poznan-227x300.png 227w, https:\/\/blogsaverroes.juntadeandalucia.es\/ceipnscarmen\/files\/2025\/05\/1Poznan.png 569w\" sizes=\"(max-width: 227px) 100vw, 227px\" \/><\/a><\/p>\n","protected":false},"excerpt":{"rendered":"<p>Segundo d\u00eda de nuestras compa\u00f1eras en Poznan (Polonia). Siguen observando en las diferentes clases aprendiendo de las metodolog\u00edas que utilizan en Polonia. Est\u00e1 siendo un&hellip;<\/p>\n","protected":false},"author":1907,"featured_media":0,"parent":0,"menu_order":0,"comment_status":"closed","ping_status":"closed","template":"","meta":{"ngg_post_thumbnail":0,"footnotes":"","_mc_calendar":[]},"aioseo_notices":[],"_links":{"self":[{"href":"https:\/\/blogsaverroes.juntadeandalucia.es\/ceipnscarmen\/wp-json\/wp\/v2\/pages\/6538"}],"collection":[{"href":"https:\/\/blogsaverroes.juntadeandalucia.es\/ceipnscarmen\/wp-json\/wp\/v2\/pages"}],"about":[{"href":"https:\/\/blogsaverroes.juntadeandalucia.es\/ceipnscarmen\/wp-json\/wp\/v2\/types\/page"}],"author":[{"embeddable":true,"href":"https:\/\/blogsaverroes.juntadeandalucia.es\/ceipnscarmen\/wp-json\/wp\/v2\/users\/1907"}],"replies":[{"embeddable":true,"href":"https:\/\/blogsaverroes.juntadeandalucia.es\/ceipnscarmen\/wp-json\/wp\/v2\/comments?post=6538"}],"version-history":[{"count":1,"href":"https:\/\/blogsaverroes.juntadeandalucia.es\/ceipnscarmen\/wp-json\/wp\/v2\/pages\/6538\/revisions"}],"predecessor-version":[{"id":6543,"href":"https:\/\/blogsaverroes.juntadeandalucia.es\/ceipnscarmen\/wp-json\/wp\/v2\/pages\/6538\/revisions\/6543"}],"wp:attachment":[{"href":"https:\/\/blogsaverroes.juntadeandalucia.es\/ceipnscarmen\/wp-json\/wp\/v2\/media?parent=6538"}],"curies":[{"name":"wp","href":"https:\/\/api.w.org\/{rel}","templated":true}]}}