{"id":7192,"date":"2026-03-09T09:30:01","date_gmt":"2026-03-09T09:30:01","guid":{"rendered":"https:\/\/blogsaverroes.juntadeandalucia.es\/ceipnscarmen\/?page_id=7192"},"modified":"2026-03-09T11:53:47","modified_gmt":"2026-03-09T11:53:47","slug":"dia-de-la-mujer-2","status":"publish","type":"page","link":"https:\/\/blogsaverroes.juntadeandalucia.es\/ceipnscarmen\/dia-de-la-mujer-2\/","title":{"rendered":"D\u00eda de la mujer"},"content":{"rendered":"<p>Para celebrar el d\u00eda de la mujer nos ha visitado Arantza, mam\u00e1 de Noa, Seraf\u00edn y Santi. Les ha explicado a nuestros peque\u00f1os c\u00f3mo es el trabajo en una gasolinera para una mujer. Han aprendido mucho de nuestra mam\u00e1 y han pasado un rato genial.<br \/>\nLos ni\u00f1<span class=\"x7l2uk3 xt0e3qv\">@s<\/span> han aprendido que tod@s podemos ser lo que queramos.<\/p>\n<p>Tambi\u00e9n nos ha visitado Mar\u00eda Jos\u00e9 Santiago Rodr\u00edguez, antigua alumna del cole. Les ha explicado a los ni\u00f1os y ni\u00f1as c\u00f3mo siendo mujer y gitana ha sido capaz de estudiar en la universidad. Actualmente est\u00e1 acabando el grado de Trabajo Social en Almer\u00eda y est\u00e1 realizando un TFG sobre el empoderamiento de la mujer gitana.<br \/>\nNos hizo mucha ilusi\u00f3n recibir a una ni\u00f1a que hace muy poco estaba sentada en nuestras aulas y ha conseguido un gran \u00e9xito gracias a su esfuerzo.<\/p>\n<p>Muchas gracias a las dos por pasar este rato tan divertido con nosotros<\/p>\n<p>&nbsp;<\/p>\n<p><a href=\"https:\/\/blogsaverroes.juntadeandalucia.es\/ceipnscarmen\/files\/2026\/03\/WhatsApp-Image-2026-03-09-at-11.38.52-1.jpeg\"><img loading=\"lazy\" decoding=\"async\" class=\"alignnone size-medium wp-image-7205\" src=\"https:\/\/blogsaverroes.juntadeandalucia.es\/ceipnscarmen\/files\/2026\/03\/WhatsApp-Image-2026-03-09-at-11.38.52-1-300x169.jpeg\" alt=\"\" width=\"300\" height=\"169\" srcset=\"https:\/\/blogsaverroes.juntadeandalucia.es\/ceipnscarmen\/files\/2026\/03\/WhatsApp-Image-2026-03-09-at-11.38.52-1-300x169.jpeg 300w, https:\/\/blogsaverroes.juntadeandalucia.es\/ceipnscarmen\/files\/2026\/03\/WhatsApp-Image-2026-03-09-at-11.38.52-1-1024x576.jpeg 1024w, https:\/\/blogsaverroes.juntadeandalucia.es\/ceipnscarmen\/files\/2026\/03\/WhatsApp-Image-2026-03-09-at-11.38.52-1-768x432.jpeg 768w, https:\/\/blogsaverroes.juntadeandalucia.es\/ceipnscarmen\/files\/2026\/03\/WhatsApp-Image-2026-03-09-at-11.38.52-1-1536x864.jpeg 1536w, https:\/\/blogsaverroes.juntadeandalucia.es\/ceipnscarmen\/files\/2026\/03\/WhatsApp-Image-2026-03-09-at-11.38.52-1.jpeg 1600w\" sizes=\"(max-width: 300px) 100vw, 300px\" \/><\/a> <a href=\"https:\/\/blogsaverroes.juntadeandalucia.es\/ceipnscarmen\/files\/2026\/03\/WhatsApp-Image-2026-03-09-at-11.38.53-2.jpeg\"><img loading=\"lazy\" decoding=\"async\" class=\"alignnone size-medium wp-image-7206\" src=\"https:\/\/blogsaverroes.juntadeandalucia.es\/ceipnscarmen\/files\/2026\/03\/WhatsApp-Image-2026-03-09-at-11.38.53-2-300x169.jpeg\" alt=\"\" width=\"300\" height=\"169\" srcset=\"https:\/\/blogsaverroes.juntadeandalucia.es\/ceipnscarmen\/files\/2026\/03\/WhatsApp-Image-2026-03-09-at-11.38.53-2-300x169.jpeg 300w, https:\/\/blogsaverroes.juntadeandalucia.es\/ceipnscarmen\/files\/2026\/03\/WhatsApp-Image-2026-03-09-at-11.38.53-2-1024x576.jpeg 1024w, https:\/\/blogsaverroes.juntadeandalucia.es\/ceipnscarmen\/files\/2026\/03\/WhatsApp-Image-2026-03-09-at-11.38.53-2-768x432.jpeg 768w, https:\/\/blogsaverroes.juntadeandalucia.es\/ceipnscarmen\/files\/2026\/03\/WhatsApp-Image-2026-03-09-at-11.38.53-2-1536x864.jpeg 1536w, https:\/\/blogsaverroes.juntadeandalucia.es\/ceipnscarmen\/files\/2026\/03\/WhatsApp-Image-2026-03-09-at-11.38.53-2.jpeg 1600w\" sizes=\"(max-width: 300px) 100vw, 300px\" \/><\/a> <a href=\"https:\/\/blogsaverroes.juntadeandalucia.es\/ceipnscarmen\/files\/2026\/03\/WhatsApp-Image-2026-03-09-at-11.38.53-4.jpeg\"><img loading=\"lazy\" decoding=\"async\" class=\"alignnone size-medium wp-image-7207\" src=\"https:\/\/blogsaverroes.juntadeandalucia.es\/ceipnscarmen\/files\/2026\/03\/WhatsApp-Image-2026-03-09-at-11.38.53-4-300x169.jpeg\" alt=\"\" width=\"300\" height=\"169\" srcset=\"https:\/\/blogsaverroes.juntadeandalucia.es\/ceipnscarmen\/files\/2026\/03\/WhatsApp-Image-2026-03-09-at-11.38.53-4-300x169.jpeg 300w, https:\/\/blogsaverroes.juntadeandalucia.es\/ceipnscarmen\/files\/2026\/03\/WhatsApp-Image-2026-03-09-at-11.38.53-4-1024x576.jpeg 1024w, https:\/\/blogsaverroes.juntadeandalucia.es\/ceipnscarmen\/files\/2026\/03\/WhatsApp-Image-2026-03-09-at-11.38.53-4-768x432.jpeg 768w, https:\/\/blogsaverroes.juntadeandalucia.es\/ceipnscarmen\/files\/2026\/03\/WhatsApp-Image-2026-03-09-at-11.38.53-4-1536x864.jpeg 1536w, https:\/\/blogsaverroes.juntadeandalucia.es\/ceipnscarmen\/files\/2026\/03\/WhatsApp-Image-2026-03-09-at-11.38.53-4.jpeg 1600w\" sizes=\"(max-width: 300px) 100vw, 300px\" \/><\/a> <a href=\"https:\/\/blogsaverroes.juntadeandalucia.es\/ceipnscarmen\/files\/2026\/03\/WhatsApp-Image-2026-03-09-at-11.38.53.jpeg\"><img loading=\"lazy\" decoding=\"async\" class=\"alignnone size-medium wp-image-7208\" src=\"https:\/\/blogsaverroes.juntadeandalucia.es\/ceipnscarmen\/files\/2026\/03\/WhatsApp-Image-2026-03-09-at-11.38.53-300x169.jpeg\" alt=\"\" width=\"300\" height=\"169\" srcset=\"https:\/\/blogsaverroes.juntadeandalucia.es\/ceipnscarmen\/files\/2026\/03\/WhatsApp-Image-2026-03-09-at-11.38.53-300x169.jpeg 300w, https:\/\/blogsaverroes.juntadeandalucia.es\/ceipnscarmen\/files\/2026\/03\/WhatsApp-Image-2026-03-09-at-11.38.53-1024x576.jpeg 1024w, https:\/\/blogsaverroes.juntadeandalucia.es\/ceipnscarmen\/files\/2026\/03\/WhatsApp-Image-2026-03-09-at-11.38.53-768x432.jpeg 768w, https:\/\/blogsaverroes.juntadeandalucia.es\/ceipnscarmen\/files\/2026\/03\/WhatsApp-Image-2026-03-09-at-11.38.53-1536x864.jpeg 1536w, https:\/\/blogsaverroes.juntadeandalucia.es\/ceipnscarmen\/files\/2026\/03\/WhatsApp-Image-2026-03-09-at-11.38.53.jpeg 1600w\" sizes=\"(max-width: 300px) 100vw, 300px\" \/><\/a> <a href=\"https:\/\/blogsaverroes.juntadeandalucia.es\/ceipnscarmen\/files\/2026\/03\/WhatsApp-Image-2026-03-09-at-11.38.54.jpeg\"><img loading=\"lazy\" decoding=\"async\" class=\"alignnone size-medium wp-image-7209\" src=\"https:\/\/blogsaverroes.juntadeandalucia.es\/ceipnscarmen\/files\/2026\/03\/WhatsApp-Image-2026-03-09-at-11.38.54-300x169.jpeg\" alt=\"\" width=\"300\" height=\"169\" srcset=\"https:\/\/blogsaverroes.juntadeandalucia.es\/ceipnscarmen\/files\/2026\/03\/WhatsApp-Image-2026-03-09-at-11.38.54-300x169.jpeg 300w, https:\/\/blogsaverroes.juntadeandalucia.es\/ceipnscarmen\/files\/2026\/03\/WhatsApp-Image-2026-03-09-at-11.38.54-1024x576.jpeg 1024w, https:\/\/blogsaverroes.juntadeandalucia.es\/ceipnscarmen\/files\/2026\/03\/WhatsApp-Image-2026-03-09-at-11.38.54-768x432.jpeg 768w, https:\/\/blogsaverroes.juntadeandalucia.es\/ceipnscarmen\/files\/2026\/03\/WhatsApp-Image-2026-03-09-at-11.38.54-1536x864.jpeg 1536w, https:\/\/blogsaverroes.juntadeandalucia.es\/ceipnscarmen\/files\/2026\/03\/WhatsApp-Image-2026-03-09-at-11.38.54.jpeg 1600w\" sizes=\"(max-width: 300px) 100vw, 300px\" \/><\/a> <a href=\"https:\/\/blogsaverroes.juntadeandalucia.es\/ceipnscarmen\/files\/2026\/03\/1773051355446.jpg\"><img loading=\"lazy\" decoding=\"async\" class=\"alignnone size-medium wp-image-7210\" src=\"https:\/\/blogsaverroes.juntadeandalucia.es\/ceipnscarmen\/files\/2026\/03\/1773051355446-300x225.jpg\" alt=\"\" width=\"300\" height=\"225\" srcset=\"https:\/\/blogsaverroes.juntadeandalucia.es\/ceipnscarmen\/files\/2026\/03\/1773051355446-300x225.jpg 300w, https:\/\/blogsaverroes.juntadeandalucia.es\/ceipnscarmen\/files\/2026\/03\/1773051355446-1024x769.jpg 1024w, https:\/\/blogsaverroes.juntadeandalucia.es\/ceipnscarmen\/files\/2026\/03\/1773051355446-768x577.jpg 768w, https:\/\/blogsaverroes.juntadeandalucia.es\/ceipnscarmen\/files\/2026\/03\/1773051355446-1536x1154.jpg 1536w, https:\/\/blogsaverroes.juntadeandalucia.es\/ceipnscarmen\/files\/2026\/03\/1773051355446-2048x1538.jpg 2048w, https:\/\/blogsaverroes.juntadeandalucia.es\/ceipnscarmen\/files\/2026\/03\/1773051355446.jpg 1600w\" sizes=\"(max-width: 300px) 100vw, 300px\" \/><\/a> <a href=\"https:\/\/blogsaverroes.juntadeandalucia.es\/ceipnscarmen\/files\/2026\/03\/1773051355507.jpg\"><img loading=\"lazy\" decoding=\"async\" class=\"alignnone size-medium wp-image-7211\" src=\"https:\/\/blogsaverroes.juntadeandalucia.es\/ceipnscarmen\/files\/2026\/03\/1773051355507-300x225.jpg\" alt=\"\" width=\"300\" height=\"225\" srcset=\"https:\/\/blogsaverroes.juntadeandalucia.es\/ceipnscarmen\/files\/2026\/03\/1773051355507-300x225.jpg 300w, https:\/\/blogsaverroes.juntadeandalucia.es\/ceipnscarmen\/files\/2026\/03\/1773051355507-1024x769.jpg 1024w, https:\/\/blogsaverroes.juntadeandalucia.es\/ceipnscarmen\/files\/2026\/03\/1773051355507-768x577.jpg 768w, https:\/\/blogsaverroes.juntadeandalucia.es\/ceipnscarmen\/files\/2026\/03\/1773051355507-1536x1154.jpg 1536w, https:\/\/blogsaverroes.juntadeandalucia.es\/ceipnscarmen\/files\/2026\/03\/1773051355507-2048x1538.jpg 2048w, https:\/\/blogsaverroes.juntadeandalucia.es\/ceipnscarmen\/files\/2026\/03\/1773051355507.jpg 1600w\" sizes=\"(max-width: 300px) 100vw, 300px\" \/><\/a> <a href=\"https:\/\/blogsaverroes.juntadeandalucia.es\/ceipnscarmen\/files\/2026\/03\/1773051355534.jpg\"><img loading=\"lazy\" decoding=\"async\" class=\"alignnone size-medium wp-image-7212\" src=\"https:\/\/blogsaverroes.juntadeandalucia.es\/ceipnscarmen\/files\/2026\/03\/1773051355534-300x225.jpg\" alt=\"\" width=\"300\" height=\"225\" srcset=\"https:\/\/blogsaverroes.juntadeandalucia.es\/ceipnscarmen\/files\/2026\/03\/1773051355534-300x225.jpg 300w, https:\/\/blogsaverroes.juntadeandalucia.es\/ceipnscarmen\/files\/2026\/03\/1773051355534-1024x769.jpg 1024w, https:\/\/blogsaverroes.juntadeandalucia.es\/ceipnscarmen\/files\/2026\/03\/1773051355534-768x577.jpg 768w, https:\/\/blogsaverroes.juntadeandalucia.es\/ceipnscarmen\/files\/2026\/03\/1773051355534-1536x1154.jpg 1536w, https:\/\/blogsaverroes.juntadeandalucia.es\/ceipnscarmen\/files\/2026\/03\/1773051355534-2048x1538.jpg 2048w, https:\/\/blogsaverroes.juntadeandalucia.es\/ceipnscarmen\/files\/2026\/03\/1773051355534.jpg 1600w\" sizes=\"(max-width: 300px) 100vw, 300px\" \/><\/a><\/p>\n<p>&nbsp;<\/p>\n<p><a href=\"https:\/\/blogsaverroes.juntadeandalucia.es\/ceipnscarmen\/files\/2026\/03\/1772812151035.jpg\"><img loading=\"lazy\" decoding=\"async\" class=\"alignnone size-medium wp-image-7193\" src=\"https:\/\/blogsaverroes.juntadeandalucia.es\/ceipnscarmen\/files\/2026\/03\/1772812151035-300x225.jpg\" alt=\"\" width=\"300\" height=\"225\" srcset=\"https:\/\/blogsaverroes.juntadeandalucia.es\/ceipnscarmen\/files\/2026\/03\/1772812151035-300x225.jpg 300w, https:\/\/blogsaverroes.juntadeandalucia.es\/ceipnscarmen\/files\/2026\/03\/1772812151035-1024x768.jpg 1024w, https:\/\/blogsaverroes.juntadeandalucia.es\/ceipnscarmen\/files\/2026\/03\/1772812151035-768x576.jpg 768w, https:\/\/blogsaverroes.juntadeandalucia.es\/ceipnscarmen\/files\/2026\/03\/1772812151035-1536x1152.jpg 1536w, https:\/\/blogsaverroes.juntadeandalucia.es\/ceipnscarmen\/files\/2026\/03\/1772812151035-2048x1536.jpg 2048w, https:\/\/blogsaverroes.juntadeandalucia.es\/ceipnscarmen\/files\/2026\/03\/1772812151035.jpg 1600w\" sizes=\"(max-width: 300px) 100vw, 300px\" \/><\/a> <a href=\"https:\/\/blogsaverroes.juntadeandalucia.es\/ceipnscarmen\/files\/2026\/03\/IMG_20260306_123031.jpg\"><img loading=\"lazy\" decoding=\"async\" class=\"alignnone size-medium wp-image-7194\" src=\"https:\/\/blogsaverroes.juntadeandalucia.es\/ceipnscarmen\/files\/2026\/03\/IMG_20260306_123031-226x300.jpg\" alt=\"\" width=\"226\" height=\"300\" srcset=\"https:\/\/blogsaverroes.juntadeandalucia.es\/ceipnscarmen\/files\/2026\/03\/IMG_20260306_123031-226x300.jpg 226w, https:\/\/blogsaverroes.juntadeandalucia.es\/ceipnscarmen\/files\/2026\/03\/IMG_20260306_123031-771x1024.jpg 771w, https:\/\/blogsaverroes.juntadeandalucia.es\/ceipnscarmen\/files\/2026\/03\/IMG_20260306_123031-768x1020.jpg 768w, https:\/\/blogsaverroes.juntadeandalucia.es\/ceipnscarmen\/files\/2026\/03\/IMG_20260306_123031-1157x1536.jpg 1157w, https:\/\/blogsaverroes.juntadeandalucia.es\/ceipnscarmen\/files\/2026\/03\/IMG_20260306_123031-1542x2048.jpg 1542w\" sizes=\"(max-width: 226px) 100vw, 226px\" \/><\/a> <a href=\"https:\/\/blogsaverroes.juntadeandalucia.es\/ceipnscarmen\/files\/2026\/03\/IMG_20260306_123433.jpg\"><img loading=\"lazy\" decoding=\"async\" class=\"alignnone size-medium wp-image-7195\" src=\"https:\/\/blogsaverroes.juntadeandalucia.es\/ceipnscarmen\/files\/2026\/03\/IMG_20260306_123433-226x300.jpg\" alt=\"\" width=\"226\" height=\"300\" srcset=\"https:\/\/blogsaverroes.juntadeandalucia.es\/ceipnscarmen\/files\/2026\/03\/IMG_20260306_123433-226x300.jpg 226w, https:\/\/blogsaverroes.juntadeandalucia.es\/ceipnscarmen\/files\/2026\/03\/IMG_20260306_123433-771x1024.jpg 771w, https:\/\/blogsaverroes.juntadeandalucia.es\/ceipnscarmen\/files\/2026\/03\/IMG_20260306_123433-768x1020.jpg 768w, https:\/\/blogsaverroes.juntadeandalucia.es\/ceipnscarmen\/files\/2026\/03\/IMG_20260306_123433-1157x1536.jpg 1157w, https:\/\/blogsaverroes.juntadeandalucia.es\/ceipnscarmen\/files\/2026\/03\/IMG_20260306_123433-1542x2048.jpg 1542w, https:\/\/blogsaverroes.juntadeandalucia.es\/ceipnscarmen\/files\/2026\/03\/IMG_20260306_123433.jpg 1205w\" sizes=\"(max-width: 226px) 100vw, 226px\" \/><\/a> <a href=\"https:\/\/blogsaverroes.juntadeandalucia.es\/ceipnscarmen\/files\/2026\/03\/IMG_20260306_120704594_HDR.jpg\"><img loading=\"lazy\" decoding=\"async\" class=\"alignnone size-medium wp-image-7196\" src=\"https:\/\/blogsaverroes.juntadeandalucia.es\/ceipnscarmen\/files\/2026\/03\/IMG_20260306_120704594_HDR-300x226.jpg\" alt=\"\" width=\"300\" height=\"226\" srcset=\"https:\/\/blogsaverroes.juntadeandalucia.es\/ceipnscarmen\/files\/2026\/03\/IMG_20260306_120704594_HDR-300x226.jpg 300w, https:\/\/blogsaverroes.juntadeandalucia.es\/ceipnscarmen\/files\/2026\/03\/IMG_20260306_120704594_HDR-1024x771.jpg 1024w, https:\/\/blogsaverroes.juntadeandalucia.es\/ceipnscarmen\/files\/2026\/03\/IMG_20260306_120704594_HDR-768x578.jpg 768w, https:\/\/blogsaverroes.juntadeandalucia.es\/ceipnscarmen\/files\/2026\/03\/IMG_20260306_120704594_HDR-1536x1157.jpg 1536w, https:\/\/blogsaverroes.juntadeandalucia.es\/ceipnscarmen\/files\/2026\/03\/IMG_20260306_120704594_HDR-2048x1542.jpg 2048w, https:\/\/blogsaverroes.juntadeandalucia.es\/ceipnscarmen\/files\/2026\/03\/IMG_20260306_120704594_HDR.jpg 1600w\" sizes=\"(max-width: 300px) 100vw, 300px\" \/><\/a> <a href=\"https:\/\/blogsaverroes.juntadeandalucia.es\/ceipnscarmen\/files\/2026\/03\/1772812150987.jpg\"><img loading=\"lazy\" decoding=\"async\" class=\"alignnone size-medium wp-image-7197\" src=\"https:\/\/blogsaverroes.juntadeandalucia.es\/ceipnscarmen\/files\/2026\/03\/1772812150987-300x225.jpg\" alt=\"\" width=\"300\" height=\"225\" srcset=\"https:\/\/blogsaverroes.juntadeandalucia.es\/ceipnscarmen\/files\/2026\/03\/1772812150987-300x225.jpg 300w, https:\/\/blogsaverroes.juntadeandalucia.es\/ceipnscarmen\/files\/2026\/03\/1772812150987-1024x768.jpg 1024w, https:\/\/blogsaverroes.juntadeandalucia.es\/ceipnscarmen\/files\/2026\/03\/1772812150987-768x576.jpg 768w, https:\/\/blogsaverroes.juntadeandalucia.es\/ceipnscarmen\/files\/2026\/03\/1772812150987-1536x1152.jpg 1536w, https:\/\/blogsaverroes.juntadeandalucia.es\/ceipnscarmen\/files\/2026\/03\/1772812150987-2048x1536.jpg 2048w\" sizes=\"(max-width: 300px) 100vw, 300px\" \/><\/a> <a href=\"https:\/\/blogsaverroes.juntadeandalucia.es\/ceipnscarmen\/files\/2026\/03\/IMG_20260306_120530868_HDR.jpg\"><img loading=\"lazy\" decoding=\"async\" class=\"alignnone size-medium wp-image-7198\" src=\"https:\/\/blogsaverroes.juntadeandalucia.es\/ceipnscarmen\/files\/2026\/03\/IMG_20260306_120530868_HDR-300x226.jpg\" alt=\"\" width=\"300\" height=\"226\" srcset=\"https:\/\/blogsaverroes.juntadeandalucia.es\/ceipnscarmen\/files\/2026\/03\/IMG_20260306_120530868_HDR-300x226.jpg 300w, https:\/\/blogsaverroes.juntadeandalucia.es\/ceipnscarmen\/files\/2026\/03\/IMG_20260306_120530868_HDR-1024x771.jpg 1024w, https:\/\/blogsaverroes.juntadeandalucia.es\/ceipnscarmen\/files\/2026\/03\/IMG_20260306_120530868_HDR-768x578.jpg 768w, https:\/\/blogsaverroes.juntadeandalucia.es\/ceipnscarmen\/files\/2026\/03\/IMG_20260306_120530868_HDR-1536x1157.jpg 1536w, https:\/\/blogsaverroes.juntadeandalucia.es\/ceipnscarmen\/files\/2026\/03\/IMG_20260306_120530868_HDR-2048x1542.jpg 2048w, https:\/\/blogsaverroes.juntadeandalucia.es\/ceipnscarmen\/files\/2026\/03\/IMG_20260306_120530868_HDR.jpg 1600w\" sizes=\"(max-width: 300px) 100vw, 300px\" \/><\/a> <a href=\"https:\/\/blogsaverroes.juntadeandalucia.es\/ceipnscarmen\/files\/2026\/03\/IMG_20260306_120918593_HDR.jpg\"><img loading=\"lazy\" decoding=\"async\" class=\"alignnone size-medium wp-image-7199\" src=\"https:\/\/blogsaverroes.juntadeandalucia.es\/ceipnscarmen\/files\/2026\/03\/IMG_20260306_120918593_HDR-300x226.jpg\" alt=\"\" width=\"300\" height=\"226\" srcset=\"https:\/\/blogsaverroes.juntadeandalucia.es\/ceipnscarmen\/files\/2026\/03\/IMG_20260306_120918593_HDR-300x226.jpg 300w, https:\/\/blogsaverroes.juntadeandalucia.es\/ceipnscarmen\/files\/2026\/03\/IMG_20260306_120918593_HDR-1024x771.jpg 1024w, https:\/\/blogsaverroes.juntadeandalucia.es\/ceipnscarmen\/files\/2026\/03\/IMG_20260306_120918593_HDR-768x578.jpg 768w, https:\/\/blogsaverroes.juntadeandalucia.es\/ceipnscarmen\/files\/2026\/03\/IMG_20260306_120918593_HDR-1536x1157.jpg 1536w, https:\/\/blogsaverroes.juntadeandalucia.es\/ceipnscarmen\/files\/2026\/03\/IMG_20260306_120918593_HDR-2048x1542.jpg 2048w, https:\/\/blogsaverroes.juntadeandalucia.es\/ceipnscarmen\/files\/2026\/03\/IMG_20260306_120918593_HDR.jpg 1600w\" sizes=\"(max-width: 300px) 100vw, 300px\" \/><\/a> <a href=\"https:\/\/blogsaverroes.juntadeandalucia.es\/ceipnscarmen\/files\/2026\/03\/IMG_20260306_121725365_HDR.jpg\"><img loading=\"lazy\" decoding=\"async\" class=\"alignnone size-medium wp-image-7200\" src=\"https:\/\/blogsaverroes.juntadeandalucia.es\/ceipnscarmen\/files\/2026\/03\/IMG_20260306_121725365_HDR-300x226.jpg\" alt=\"\" width=\"300\" height=\"226\" srcset=\"https:\/\/blogsaverroes.juntadeandalucia.es\/ceipnscarmen\/files\/2026\/03\/IMG_20260306_121725365_HDR-300x226.jpg 300w, https:\/\/blogsaverroes.juntadeandalucia.es\/ceipnscarmen\/files\/2026\/03\/IMG_20260306_121725365_HDR-1024x771.jpg 1024w, https:\/\/blogsaverroes.juntadeandalucia.es\/ceipnscarmen\/files\/2026\/03\/IMG_20260306_121725365_HDR-768x578.jpg 768w, https:\/\/blogsaverroes.juntadeandalucia.es\/ceipnscarmen\/files\/2026\/03\/IMG_20260306_121725365_HDR-1536x1157.jpg 1536w, https:\/\/blogsaverroes.juntadeandalucia.es\/ceipnscarmen\/files\/2026\/03\/IMG_20260306_121725365_HDR-2048x1542.jpg 2048w, https:\/\/blogsaverroes.juntadeandalucia.es\/ceipnscarmen\/files\/2026\/03\/IMG_20260306_121725365_HDR.jpg 1600w\" sizes=\"(max-width: 300px) 100vw, 300px\" \/><\/a> <a href=\"https:\/\/blogsaverroes.juntadeandalucia.es\/ceipnscarmen\/files\/2026\/03\/IMG20260306130251.jpg\"><img loading=\"lazy\" decoding=\"async\" class=\"alignnone size-medium wp-image-7201\" src=\"https:\/\/blogsaverroes.juntadeandalucia.es\/ceipnscarmen\/files\/2026\/03\/IMG20260306130251-300x225.jpg\" alt=\"\" width=\"300\" height=\"225\" srcset=\"https:\/\/blogsaverroes.juntadeandalucia.es\/ceipnscarmen\/files\/2026\/03\/IMG20260306130251-300x225.jpg 300w, https:\/\/blogsaverroes.juntadeandalucia.es\/ceipnscarmen\/files\/2026\/03\/IMG20260306130251-1024x768.jpg 1024w, https:\/\/blogsaverroes.juntadeandalucia.es\/ceipnscarmen\/files\/2026\/03\/IMG20260306130251-768x576.jpg 768w, https:\/\/blogsaverroes.juntadeandalucia.es\/ceipnscarmen\/files\/2026\/03\/IMG20260306130251-1536x1152.jpg 1536w, https:\/\/blogsaverroes.juntadeandalucia.es\/ceipnscarmen\/files\/2026\/03\/IMG20260306130251-2048x1536.jpg 2048w, https:\/\/blogsaverroes.juntadeandalucia.es\/ceipnscarmen\/files\/2026\/03\/IMG20260306130251.jpg 1600w\" sizes=\"(max-width: 300px) 100vw, 300px\" \/><\/a> <a href=\"https:\/\/blogsaverroes.juntadeandalucia.es\/ceipnscarmen\/files\/2026\/03\/IMG20260306130322.jpg\"><img loading=\"lazy\" decoding=\"async\" class=\"alignnone size-medium wp-image-7202\" src=\"https:\/\/blogsaverroes.juntadeandalucia.es\/ceipnscarmen\/files\/2026\/03\/IMG20260306130322-300x225.jpg\" alt=\"\" width=\"300\" height=\"225\" srcset=\"https:\/\/blogsaverroes.juntadeandalucia.es\/ceipnscarmen\/files\/2026\/03\/IMG20260306130322-300x225.jpg 300w, https:\/\/blogsaverroes.juntadeandalucia.es\/ceipnscarmen\/files\/2026\/03\/IMG20260306130322-1024x768.jpg 1024w, https:\/\/blogsaverroes.juntadeandalucia.es\/ceipnscarmen\/files\/2026\/03\/IMG20260306130322-768x576.jpg 768w, https:\/\/blogsaverroes.juntadeandalucia.es\/ceipnscarmen\/files\/2026\/03\/IMG20260306130322-1536x1152.jpg 1536w, https:\/\/blogsaverroes.juntadeandalucia.es\/ceipnscarmen\/files\/2026\/03\/IMG20260306130322-2048x1536.jpg 2048w, https:\/\/blogsaverroes.juntadeandalucia.es\/ceipnscarmen\/files\/2026\/03\/IMG20260306130322.jpg 1600w\" sizes=\"(max-width: 300px) 100vw, 300px\" \/><\/a><\/p>\n","protected":false},"excerpt":{"rendered":"<p>Para celebrar el d\u00eda de la mujer nos ha visitado Arantza, mam\u00e1 de Noa, Seraf\u00edn y Santi. Les ha explicado a nuestros peque\u00f1os c\u00f3mo es&hellip;<\/p>\n","protected":false},"author":1907,"featured_media":0,"parent":0,"menu_order":0,"comment_status":"closed","ping_status":"closed","template":"","meta":{"ngg_post_thumbnail":0,"footnotes":"","_mc_calendar":[]},"aioseo_notices":[],"_links":{"self":[{"href":"https:\/\/blogsaverroes.juntadeandalucia.es\/ceipnscarmen\/wp-json\/wp\/v2\/pages\/7192"}],"collection":[{"href":"https:\/\/blogsaverroes.juntadeandalucia.es\/ceipnscarmen\/wp-json\/wp\/v2\/pages"}],"about":[{"href":"https:\/\/blogsaverroes.juntadeandalucia.es\/ceipnscarmen\/wp-json\/wp\/v2\/types\/page"}],"author":[{"embeddable":true,"href":"https:\/\/blogsaverroes.juntadeandalucia.es\/ceipnscarmen\/wp-json\/wp\/v2\/users\/1907"}],"replies":[{"embeddable":true,"href":"https:\/\/blogsaverroes.juntadeandalucia.es\/ceipnscarmen\/wp-json\/wp\/v2\/comments?post=7192"}],"version-history":[{"count":3,"href":"https:\/\/blogsaverroes.juntadeandalucia.es\/ceipnscarmen\/wp-json\/wp\/v2\/pages\/7192\/revisions"}],"predecessor-version":[{"id":7214,"href":"https:\/\/blogsaverroes.juntadeandalucia.es\/ceipnscarmen\/wp-json\/wp\/v2\/pages\/7192\/revisions\/7214"}],"wp:attachment":[{"href":"https:\/\/blogsaverroes.juntadeandalucia.es\/ceipnscarmen\/wp-json\/wp\/v2\/media?parent=7192"}],"curies":[{"name":"wp","href":"https:\/\/api.w.org\/{rel}","templated":true}]}}