{"id":1051,"date":"2022-12-01T11:48:53","date_gmt":"2022-12-01T10:48:53","guid":{"rendered":"https:\/\/blogsaverroes.juntadeandalucia.es\/ceipnsdelrocio\/?page_id=1051"},"modified":"2026-02-03T23:02:31","modified_gmt":"2026-02-03T22:02:31","slug":"plantilla","status":"publish","type":"page","link":"https:\/\/blogsaverroes.juntadeandalucia.es\/ceipnsdelrocio\/plantilla\/","title":{"rendered":"Plantilla"},"content":{"rendered":"<p>La plantilla del centro est\u00e1 formada por:<\/p>\n<ul>\n<li>Equipo Directivo:\n<ul>\n<li>Directora: <a title=\"Tania Salas Camacho\" href=\"https:\/\/blogsaverroes.juntadeandalucia.es\/ceipnsdelrocio\/tania-salas-camacho\/\" target=\"_blank\" rel=\"noopener noreferrer\"><strong>Tania Salas Camacho<\/strong><\/a><\/li>\n<li>Jefe de Estudios: Adri\u00e1n Dom\u00ednguez Camacho<\/li>\n<li>Secretario: Manuel Jes\u00fas Mart\u00edn Cruz<\/li>\n<\/ul>\n<\/li>\n<li>Educaci\u00f3n Infantil.\n<ul>\n<li>Especialista Puericultura Educaci\u00f3n Infantil: Mar\u00eda Isabel Rufo Maravel<\/li>\n<li>Infantil 3 a\u00f1os: M\u00aa Mercedes Carrasco D\u00edaz&nbsp;<\/li>\n<li>Infantil 4 a\u00f1os: M\u00aa Carmen Rueda Lebrero&nbsp;<\/li>\n<li>Infantil 5 a\u00f1os A: Ana Roc\u00edo Calder\u00f3n Vel\u00e1zquez&nbsp;<\/li>\n<li>Infantil 5 a\u00f1os B : Aroa Almend\u00e1riz Valenciano<\/li>\n<li>Apoyo Infantil: Rita Pic\u00f3n Hern\u00e1ndez<\/li>\n<\/ul>\n<\/li>\n<li>Aula Espec\u00edfica:\n<ul>\n<li>Pedagog\u00eda Terap\u00e9utica: Nerea Benjumea Benitez<\/li>\n<li>PTIS: Roc\u00edo Rold\u00e1n L\u00f3pez\/Aynoa Garc\u00eda Ortega\/ Ruth M\u00aa Canto Mart\u00ednez<\/li>\n<\/ul>\n<\/li>\n<li>Educaci\u00f3n Primaria:\n<ul>\n<li>1\u00ba: M\u00aa Jos\u00e9 Hern\u00e1ndez Gonz\u00e1lez&nbsp;<\/li>\n<li>2\u00ba : Fco. Jos\u00e9 Carrell\u00e1n Almend\u00e1riz<\/li>\n<li>3\u00aa A: Carolina Nieto Mu\u00f1oz<\/li>\n<li>3\u00ba B: Adri\u00e1n Dom\u00ednguez Camacho<\/li>\n<li>4\u00ba A: Adelaida Camacho Ojeda<\/li>\n<li>4\u00ba B: Ver\u00f3nica M\u00aa Carrasco Ramos<\/li>\n<li>5\u00ba A: Francisco Javier de la Rosa Carrasco<\/li>\n<li>5\u00ba B:Eliseo Fern\u00e1ndez Mart\u00edn<\/li>\n<li>6\u00ba A: Antonio Ram\u00edrez C\u00e1ceres&nbsp;<\/li>\n<li>6\u00ba B : Manuel Jes\u00fas Mart\u00edn Cruz&nbsp;<\/li>\n<li>Refuerzo Educativo: Jos\u00e9 Antonio Franco Caraballo<\/li>\n<li>Pedagog\u00eda Terap\u00e9utica: Enrique Manuel Roco Tortonda&nbsp;<\/li>\n<li>ATAL: Pl\u00e1cido Garc\u00eda Moles<\/li>\n<li>Audici\u00f3n y Lenguaje: Luc\u00eda D\u00edaz Gonz\u00e1lez&nbsp;<\/li>\n<li>Especialista Ingl\u00e9s: M\u00aa del Roc\u00edo Gonz\u00e1lez Jurado<\/li>\n<li>Especialista Franc\u00e9s: Jos\u00e9 Antonio Franco Caraballo<\/li>\n<li>Especialista E.F.: Carolina Nieto \/Adri\u00e1n Dom\u00ednguez \/Antonio Ram\u00edrez&nbsp;<\/li>\n<li>Especialista M\u00fasica: Fco. Javier Santos Valdera<\/li>\n<li>Religi\u00f3n: Francisca Jim\u00e9nez D\u00edaz<\/li>\n<li>Monitora Escolar: Manuela Ramos D\u00edaz.<\/li>\n<\/ul>\n<\/li>\n<li>EOE\n<ul>\n<li>Orientadora: Mercedes Garc\u00eda V\u00e1zquez<\/li>\n<li>M\u00e9dica: Antonia Acosta<\/li>\n<li>Audici\u00f3n y Lenguaje: Emilio Matas de \u00c1lvaro<\/li>\n<\/ul>\n<\/li>\n<li>Administraci\u00f3n:\n<ul>\n<li>Conserje: Ana Mar\u00eda Pel\u00e1ez T\u00e9llez<\/li>\n<\/ul>\n<\/li>\n<\/ul>\n","protected":false},"excerpt":{"rendered":"<p>La plantilla del centro est\u00e1 formada por: Equipo Directivo: Directora: Tania Salas Camacho Jefe de Estudios: Adri\u00e1n Dom\u00ednguez Camacho Secretario: Manuel Jes\u00fas Mart\u00edn Cruz Educaci\u00f3n Infantil. Especialista Puericultura Educaci\u00f3n Infantil: Mar\u00eda Isabel Rufo Maravel Infantil 3 a\u00f1os: M\u00aa Mercedes Carrasco D\u00edaz&nbsp; Infantil 4 a\u00f1os: M\u00aa Carmen Rueda Lebrero&nbsp; Infantil 5 a\u00f1os A: Ana Roc\u00edo Calder\u00f3n [&hellip;]<\/p>\n","protected":false},"author":15732,"featured_media":0,"parent":0,"menu_order":0,"comment_status":"closed","ping_status":"closed","template":"","meta":{"_et_pb_use_builder":"","_et_pb_old_content":"","_et_gb_content_width":"","ngg_post_thumbnail":0,"footnotes":""},"aioseo_notices":[],"_links":{"self":[{"href":"https:\/\/blogsaverroes.juntadeandalucia.es\/ceipnsdelrocio\/wp-json\/wp\/v2\/pages\/1051"}],"collection":[{"href":"https:\/\/blogsaverroes.juntadeandalucia.es\/ceipnsdelrocio\/wp-json\/wp\/v2\/pages"}],"about":[{"href":"https:\/\/blogsaverroes.juntadeandalucia.es\/ceipnsdelrocio\/wp-json\/wp\/v2\/types\/page"}],"author":[{"embeddable":true,"href":"https:\/\/blogsaverroes.juntadeandalucia.es\/ceipnsdelrocio\/wp-json\/wp\/v2\/users\/15732"}],"replies":[{"embeddable":true,"href":"https:\/\/blogsaverroes.juntadeandalucia.es\/ceipnsdelrocio\/wp-json\/wp\/v2\/comments?post=1051"}],"version-history":[{"count":11,"href":"https:\/\/blogsaverroes.juntadeandalucia.es\/ceipnsdelrocio\/wp-json\/wp\/v2\/pages\/1051\/revisions"}],"predecessor-version":[{"id":3241,"href":"https:\/\/blogsaverroes.juntadeandalucia.es\/ceipnsdelrocio\/wp-json\/wp\/v2\/pages\/1051\/revisions\/3241"}],"wp:attachment":[{"href":"https:\/\/blogsaverroes.juntadeandalucia.es\/ceipnsdelrocio\/wp-json\/wp\/v2\/media?parent=1051"}],"curies":[{"name":"wp","href":"https:\/\/api.w.org\/{rel}","templated":true}]}}