{"id":2296,"date":"2020-09-12T12:17:04","date_gmt":"2020-09-12T12:17:04","guid":{"rendered":"https:\/\/blogsaverroes.juntadeandalucia.es\/ceipnsdelrosario\/?page_id=2296"},"modified":"2021-04-22T09:37:44","modified_gmt":"2021-04-22T09:37:44","slug":"protocolo-covid-19","status":"publish","type":"page","link":"https:\/\/blogsaverroes.juntadeandalucia.es\/ceipnsdelrosario\/protocolo-covid-19\/","title":{"rendered":"PROTOCOLO COVID-19"},"content":{"rendered":"<p>&nbsp;<\/p>\n<p><a href=\"https:\/\/blogsaverroes.juntadeandalucia.es\/ceipnsdelrosario\/files\/2021\/04\/VERSI\u00d3N-6-PROTOCOLO-COVID-19-25-03-2021.pdf\">VERSI\u00d3N 6 PROTOCOLO COVID-19 (25-03-2021)<\/a><\/p>\n<p><a title=\"VERSI\u00d3N 5 PROTOCOLO COVID-19\" href=\"https:\/\/blogsaverroes.juntadeandalucia.es\/ceipnsdelrosario\/files\/2021\/01\/VERSI%C3%93N-5-PROTOCOLO-COVID-19-12-01-2021.pdf\">VERSI\u00d3N 5<\/a><\/p>\n<p><a href=\"https:\/\/blogsaverroes.juntadeandalucia.es\/ceipnsdelrosario\/files\/2021\/01\/VERSI%C3%93N-5-PROTOCOLO-COVID-19-12-01-2021.pdf\"><img loading=\"lazy\" decoding=\"async\" class=\"wp-image-2560 aligncenter\" src=\"https:\/\/blogsaverroes.juntadeandalucia.es\/ceipnsdelrosario\/files\/2021\/01\/VERSI\u00d3N-5-PROTOCOLO-COVID-19-JPG-214x300.jpg\" alt=\"\" width=\"355\" height=\"498\" srcset=\"https:\/\/blogsaverroes.juntadeandalucia.es\/ceipnsdelrosario\/files\/2021\/01\/VERSI\u00d3N-5-PROTOCOLO-COVID-19-JPG-214x300.jpg 214w, https:\/\/blogsaverroes.juntadeandalucia.es\/ceipnsdelrosario\/files\/2021\/01\/VERSI\u00d3N-5-PROTOCOLO-COVID-19-JPG-732x1024.jpg 732w, https:\/\/blogsaverroes.juntadeandalucia.es\/ceipnsdelrosario\/files\/2021\/01\/VERSI\u00d3N-5-PROTOCOLO-COVID-19-JPG-1098x1536.jpg 1098w, https:\/\/blogsaverroes.juntadeandalucia.es\/ceipnsdelrosario\/files\/2021\/01\/VERSI\u00d3N-5-PROTOCOLO-COVID-19-JPG-1464x2048.jpg 1464w, https:\/\/blogsaverroes.juntadeandalucia.es\/ceipnsdelrosario\/files\/2021\/01\/VERSI\u00d3N-5-PROTOCOLO-COVID-19-JPG-17x24.jpg 17w, https:\/\/blogsaverroes.juntadeandalucia.es\/ceipnsdelrosario\/files\/2021\/01\/VERSI\u00d3N-5-PROTOCOLO-COVID-19-JPG-26x36.jpg 26w, https:\/\/blogsaverroes.juntadeandalucia.es\/ceipnsdelrosario\/files\/2021\/01\/VERSI\u00d3N-5-PROTOCOLO-COVID-19-JPG-34x48.jpg 34w, https:\/\/blogsaverroes.juntadeandalucia.es\/ceipnsdelrosario\/files\/2021\/01\/VERSI\u00d3N-5-PROTOCOLO-COVID-19-JPG-scaled.jpg 1144w\" sizes=\"(max-width: 355px) 100vw, 355px\" \/><\/a><\/p>\n<p>Adjunto la \u00faltima versi\u00f3n del Protocolo Covid-19 de nuestro centro tras revisi\u00f3n. Como ya hemos informado este documento tendr\u00e1 un seguimiento constante a trav\u00e9s de la Comisi\u00f3n Espec\u00edfica Covid-19.<\/p>\n<p>Saludos<\/p>\n<p><a href=\"http:\/\/VERSI\u00d3N 2 PROTOCOLO COVID-19\">http:\/\/VERSI\u00d3N 2 PROTOCOLO COVID<\/a><\/p>\n<p><a href=\"https:\/\/blogsaverroes.juntadeandalucia.es\/ceipnsdelrosario\/files\/2020\/09\/VERSI\u00d3N-2-PROTOCOLO-COVID-19.pdf\">VERSI\u00d3N 2 PROTOCOLO COVID-19<\/a><\/p>\n<p><a href=\"https:\/\/blogsaverroes.juntadeandalucia.es\/ceipnsdelrosario\/files\/2020\/09\/covid-19-cartel-icono-virus_1142-7401.jpg\"><img loading=\"lazy\" decoding=\"async\" class=\"wp-image-2228 aligncenter\" src=\"https:\/\/blogsaverroes.juntadeandalucia.es\/ceipnsdelrosario\/files\/2020\/09\/covid-19-cartel-icono-virus_1142-7401-300x300.jpg\" alt=\"\" width=\"153\" height=\"153\" srcset=\"https:\/\/blogsaverroes.juntadeandalucia.es\/ceipnsdelrosario\/files\/2020\/09\/covid-19-cartel-icono-virus_1142-7401-300x300.jpg 300w, https:\/\/blogsaverroes.juntadeandalucia.es\/ceipnsdelrosario\/files\/2020\/09\/covid-19-cartel-icono-virus_1142-7401-150x150.jpg 150w, https:\/\/blogsaverroes.juntadeandalucia.es\/ceipnsdelrosario\/files\/2020\/09\/covid-19-cartel-icono-virus_1142-7401-100x100.jpg 100w, https:\/\/blogsaverroes.juntadeandalucia.es\/ceipnsdelrosario\/files\/2020\/09\/covid-19-cartel-icono-virus_1142-7401-24x24.jpg 24w, https:\/\/blogsaverroes.juntadeandalucia.es\/ceipnsdelrosario\/files\/2020\/09\/covid-19-cartel-icono-virus_1142-7401-36x36.jpg 36w, https:\/\/blogsaverroes.juntadeandalucia.es\/ceipnsdelrosario\/files\/2020\/09\/covid-19-cartel-icono-virus_1142-7401-48x48.jpg 48w, https:\/\/blogsaverroes.juntadeandalucia.es\/ceipnsdelrosario\/files\/2020\/09\/covid-19-cartel-icono-virus_1142-7401.jpg 338w\" sizes=\"(max-width: 153px) 100vw, 153px\" \/><\/a><\/p>\n<p><a href=\"https:\/\/blogsaverroes.juntadeandalucia.es\/ceipnsdelrosario\/files\/2020\/12\/VERSI\u00d3N-4-PROTOCOLO-COVID-19..pdf\">VERSI\u00d3N 4 PROTOCOLO COVID-19.&nbsp;<\/a><\/p>\n<p>&nbsp;<\/p>\n<p>&nbsp;<\/p>\n","protected":false},"excerpt":{"rendered":"<p>&nbsp; VERSI\u00d3N 6 PROTOCOLO COVID-19 (25-03-2021) VERSI\u00d3N 5 Adjunto la \u00faltima versi\u00f3n del Protocolo Covid-19 de nuestro centro tras revisi\u00f3n. Como ya hemos informado este documento tendr\u00e1 un seguimiento constante a trav\u00e9s de la&#46;&#46;&#46;<\/p>\n","protected":false},"author":10349,"featured_media":0,"parent":0,"menu_order":0,"comment_status":"closed","ping_status":"closed","template":"","meta":{"ngg_post_thumbnail":0,"footnotes":"","_mc_calendar":[]},"aioseo_notices":[],"_links":{"self":[{"href":"https:\/\/blogsaverroes.juntadeandalucia.es\/ceipnsdelrosario\/wp-json\/wp\/v2\/pages\/2296"}],"collection":[{"href":"https:\/\/blogsaverroes.juntadeandalucia.es\/ceipnsdelrosario\/wp-json\/wp\/v2\/pages"}],"about":[{"href":"https:\/\/blogsaverroes.juntadeandalucia.es\/ceipnsdelrosario\/wp-json\/wp\/v2\/types\/page"}],"author":[{"embeddable":true,"href":"https:\/\/blogsaverroes.juntadeandalucia.es\/ceipnsdelrosario\/wp-json\/wp\/v2\/users\/10349"}],"replies":[{"embeddable":true,"href":"https:\/\/blogsaverroes.juntadeandalucia.es\/ceipnsdelrosario\/wp-json\/wp\/v2\/comments?post=2296"}],"version-history":[{"count":12,"href":"https:\/\/blogsaverroes.juntadeandalucia.es\/ceipnsdelrosario\/wp-json\/wp\/v2\/pages\/2296\/revisions"}],"predecessor-version":[{"id":2658,"href":"https:\/\/blogsaverroes.juntadeandalucia.es\/ceipnsdelrosario\/wp-json\/wp\/v2\/pages\/2296\/revisions\/2658"}],"wp:attachment":[{"href":"https:\/\/blogsaverroes.juntadeandalucia.es\/ceipnsdelrosario\/wp-json\/wp\/v2\/media?parent=2296"}],"curies":[{"name":"wp","href":"https:\/\/api.w.org\/{rel}","templated":true}]}}