{"id":35,"date":"2015-03-13T08:21:43","date_gmt":"2015-03-13T08:21:43","guid":{"rendered":"http:\/\/blogsaverroes.juntadeandalucia.es\/pre\/ceip\/?page_id=35"},"modified":"2023-02-02T09:53:05","modified_gmt":"2023-02-02T09:53:05","slug":"el-centro-2","status":"publish","type":"page","link":"https:\/\/blogsaverroes.juntadeandalucia.es\/ceipnsdelrosario\/el-centro-2\/","title":{"rendered":"Information Sheet for language assistants. CEIP Nuestra Se\u00f1ora del Rosario."},"content":{"rendered":"<p>School name: CEIP Nuestra Se\u00f1ora del Rosario.<\/p>\n<p>Localidad: Montoro.<\/p>\n<p>Telephone number\/Tel\u00e9fono: 957199911. Corporativo: 586911.<\/p>\n<p>E-mail\/Correo: 14004920.edu@juntadeandalucia.es<\/p>\n<p>Location link on google MAPS:<\/p>\n<p>Mira Colegio P\u00fablico Ntra. Sra. del Rosario en Google Maps.<\/p>\n<table cellspacing=\"0\" cellpadding=\"0\">\n<tbody>\n<tr>\n<td><a href=\"https:\/\/goo.gl\/maps\/pBFwE37SVfSZ5pAw6\" target=\"_blank\" rel=\"noopener noreferrer\" data-saferedirecturl=\"https:\/\/www.google.com\/url?q=https:\/\/goo.gl\/maps\/pBFwE37SVfSZ5pAw6&amp;source=gmail&amp;ust=1675417934169000&amp;usg=AOvVaw00RCs6aFYiFp7RvnVu8kp-\"> VER EN GOOGLE MAPS <\/a><\/td>\n<\/tr>\n<\/tbody>\n<\/table>\n<p>&nbsp;<\/p>\n<p>GPS coordenates: 38.02552514162307, -4.385320015723328<\/p>\n<p>Description:<\/p>\n<p>El CEIP Nuestra Se\u00f1ora del Rosario de Montoro, se sit\u00faa en la calle del Poeta Manuel Terr\u00edn Benavides. Compuesto de varios edificios, es un colegio de nueva construcci\u00f3n tras dejar el edificio donde se ubicaba el colegio en calle Salazar.&nbsp;<\/p>\n<p>&nbsp;<\/p>\n<h1 class=\"l-ahes-article__h1\">&nbsp;<\/h1>\n","protected":false},"excerpt":{"rendered":"<p>School name: CEIP Nuestra Se\u00f1ora del Rosario. Localidad: Montoro. Telephone number\/Tel\u00e9fono: 957199911. Corporativo: 586911. E-mail\/Correo: 14004920.edu@juntadeandalucia.es Location link on google MAPS: Mira Colegio P\u00fablico Ntra. Sra. del Rosario en Google Maps. VER EN GOOGLE&#46;&#46;&#46;<\/p>\n","protected":false},"author":1,"featured_media":0,"parent":0,"menu_order":0,"comment_status":"closed","ping_status":"open","template":"page-cs.php","meta":{"ngg_post_thumbnail":0,"footnotes":"","_mc_calendar":[]},"aioseo_notices":[],"_links":{"self":[{"href":"https:\/\/blogsaverroes.juntadeandalucia.es\/ceipnsdelrosario\/wp-json\/wp\/v2\/pages\/35"}],"collection":[{"href":"https:\/\/blogsaverroes.juntadeandalucia.es\/ceipnsdelrosario\/wp-json\/wp\/v2\/pages"}],"about":[{"href":"https:\/\/blogsaverroes.juntadeandalucia.es\/ceipnsdelrosario\/wp-json\/wp\/v2\/types\/page"}],"author":[{"embeddable":true,"href":"https:\/\/blogsaverroes.juntadeandalucia.es\/ceipnsdelrosario\/wp-json\/wp\/v2\/users\/1"}],"replies":[{"embeddable":true,"href":"https:\/\/blogsaverroes.juntadeandalucia.es\/ceipnsdelrosario\/wp-json\/wp\/v2\/comments?post=35"}],"version-history":[{"count":25,"href":"https:\/\/blogsaverroes.juntadeandalucia.es\/ceipnsdelrosario\/wp-json\/wp\/v2\/pages\/35\/revisions"}],"predecessor-version":[{"id":2807,"href":"https:\/\/blogsaverroes.juntadeandalucia.es\/ceipnsdelrosario\/wp-json\/wp\/v2\/pages\/35\/revisions\/2807"}],"wp:attachment":[{"href":"https:\/\/blogsaverroes.juntadeandalucia.es\/ceipnsdelrosario\/wp-json\/wp\/v2\/media?parent=35"}],"curies":[{"name":"wp","href":"https:\/\/api.w.org\/{rel}","templated":true}]}}