{"id":42,"date":"2015-03-13T08:40:47","date_gmt":"2015-03-13T08:40:47","guid":{"rendered":"http:\/\/blogsaverroes.juntadeandalucia.es\/pre\/ceip\/?page_id=42"},"modified":"2023-02-02T09:58:17","modified_gmt":"2023-02-02T09:58:17","slug":"equipo-directivo","status":"publish","type":"page","link":"https:\/\/blogsaverroes.juntadeandalucia.es\/ceipnsdelrosario\/equipo-directivo\/","title":{"rendered":"Equipo directivo. The management team."},"content":{"rendered":"<p>Indicar quienes son las personas que componen el equipo directivo, fotos de los mismas, breve descripci\u00f3n de sus funciones, cu\u00e1l es el proyecto o modelo de centro que defienden, etc.<\/p>\n<p>&nbsp;<\/p>\n<p><strong>Direcci\u00f3n: D.Carmen Cepaz Ramos.<\/strong><\/p>\n<p>mcepram190@g.educaand.es<\/p>\n<p><strong>Jefatura de estudios: D\u00aa Teresa Flores Garrido.<br \/>\n<\/strong><\/p>\n<p>tflogar532@g.educaand.es<\/p>\n<p><strong>Secretar\u00eda: D\u00aa Yolanda de la Torre Nievas.<br \/>\n<\/strong><\/p>\n<p>ytornie914@g.educaand.es<\/p>\n<p><strong>The teacher coordinating the program\/Coordinadora de biling\u00fcismo: Do\u00f1a Catalina Rizos Ayll\u00f3n.<\/strong><\/p>\n<p>crizayl056@g.educaand.es<\/p>\n","protected":false},"excerpt":{"rendered":"<p>Indicar quienes son las personas que componen el equipo directivo, fotos de los mismas, breve descripci\u00f3n de sus funciones, cu\u00e1l es el proyecto o modelo de centro que defienden, etc. &nbsp; Direcci\u00f3n: D.Carmen Cepaz&#46;&#46;&#46;<\/p>\n","protected":false},"author":1,"featured_media":0,"parent":0,"menu_order":0,"comment_status":"closed","ping_status":"open","template":"","meta":{"ngg_post_thumbnail":0,"footnotes":"","_mc_calendar":[]},"aioseo_notices":[],"_links":{"self":[{"href":"https:\/\/blogsaverroes.juntadeandalucia.es\/ceipnsdelrosario\/wp-json\/wp\/v2\/pages\/42"}],"collection":[{"href":"https:\/\/blogsaverroes.juntadeandalucia.es\/ceipnsdelrosario\/wp-json\/wp\/v2\/pages"}],"about":[{"href":"https:\/\/blogsaverroes.juntadeandalucia.es\/ceipnsdelrosario\/wp-json\/wp\/v2\/types\/page"}],"author":[{"embeddable":true,"href":"https:\/\/blogsaverroes.juntadeandalucia.es\/ceipnsdelrosario\/wp-json\/wp\/v2\/users\/1"}],"replies":[{"embeddable":true,"href":"https:\/\/blogsaverroes.juntadeandalucia.es\/ceipnsdelrosario\/wp-json\/wp\/v2\/comments?post=42"}],"version-history":[{"count":9,"href":"https:\/\/blogsaverroes.juntadeandalucia.es\/ceipnsdelrosario\/wp-json\/wp\/v2\/pages\/42\/revisions"}],"predecessor-version":[{"id":2811,"href":"https:\/\/blogsaverroes.juntadeandalucia.es\/ceipnsdelrosario\/wp-json\/wp\/v2\/pages\/42\/revisions\/2811"}],"wp:attachment":[{"href":"https:\/\/blogsaverroes.juntadeandalucia.es\/ceipnsdelrosario\/wp-json\/wp\/v2\/media?parent=42"}],"curies":[{"name":"wp","href":"https:\/\/api.w.org\/{rel}","templated":true}]}}