{"id":1113,"date":"2015-03-12T11:00:55","date_gmt":"2015-03-12T11:00:55","guid":{"rendered":"http:\/\/blogsaverroes.juntadeandalucia.es\/pre\/ceip\/?page_id=2"},"modified":"2020-10-26T13:32:47","modified_gmt":"2020-10-26T12:32:47","slug":"inicio","status":"publish","type":"page","link":"https:\/\/blogsaverroes.juntadeandalucia.es\/ceipnslasnieves\/","title":{"rendered":"Ultimas noticias"},"content":{"rendered":"<div class=\"pt-cv-wrapper\"><div class=\"pt-cv-view pt-cv-grid pt-cv-colsys\" id=\"pt-cv-view-54cbeb8bm2\"><div data-id=\"pt-cv-page-1\" class=\"pt-cv-page\" data-cvc=\"3\"><div class=\"col-md-4 col-sm-6 col-xs-6 pt-cv-content-item pt-cv-1-col\" ><div class='pt-cv-ifield'><a href=\"https:\/\/blogsaverroes.juntadeandalucia.es\/ceipnslasnieves\/nueva-pagina-web\/\" class=\"_self pt-cv-href-thumbnail pt-cv-thumb-default\" target=\"_self\" ><\/a>\n<h4 class=\"pt-cv-title\"><a href=\"https:\/\/blogsaverroes.juntadeandalucia.es\/ceipnslasnieves\/nueva-pagina-web\/\" class=\"_self\" target=\"_self\" >NUEVA P\u00c1GINA WEB<\/a><\/h4>\n<div class=\"pt-cv-content\">Estimadas familias: A partir de este curso 2022\/2023 nuestra nueva p\u00e1gina web es: www.ceiplasnieves.com En ella aparecer\u00e1n todas las informaciones ...<br \/><div class=\"pt-cv-rmwrap\"><a href=\"https:\/\/blogsaverroes.juntadeandalucia.es\/ceipnslasnieves\/nueva-pagina-web\/\" class=\"_self pt-cv-readmore btn btn-success\" target=\"_self\">Leer M\u00e1s<\/a><\/div><\/div><\/div><\/div>\n<div class=\"col-md-4 col-sm-6 col-xs-6 pt-cv-content-item pt-cv-1-col\" ><div class='pt-cv-ifield'><a href=\"https:\/\/blogsaverroes.juntadeandalucia.es\/ceipnslasnieves\/excursion-piscina-de-umbrete\/\" class=\"_self pt-cv-href-thumbnail pt-cv-thumb-default\" target=\"_self\" ><img fetchpriority=\"high\" decoding=\"async\" width=\"300\" height=\"225\" src=\"https:\/\/blogsaverroes.juntadeandalucia.es\/ceipnslasnieves\/files\/2022\/06\/1656494471848-300x225.jpg\" class=\"pt-cv-thumbnail\" alt=\"\" srcset=\"https:\/\/blogsaverroes.juntadeandalucia.es\/ceipnslasnieves\/files\/2022\/06\/1656494471848-300x225.jpg 300w, https:\/\/blogsaverroes.juntadeandalucia.es\/ceipnslasnieves\/files\/2022\/06\/1656494471848-1024x768.jpg 1024w, https:\/\/blogsaverroes.juntadeandalucia.es\/ceipnslasnieves\/files\/2022\/06\/1656494471848-768x576.jpg 768w, https:\/\/blogsaverroes.juntadeandalucia.es\/ceipnslasnieves\/files\/2022\/06\/1656494471848-1536x1152.jpg 1536w, https:\/\/blogsaverroes.juntadeandalucia.es\/ceipnslasnieves\/files\/2022\/06\/1656494471848.jpg 1600w\" sizes=\"(max-width: 300px) 100vw, 300px\" \/><\/a>\n<h4 class=\"pt-cv-title\"><a href=\"https:\/\/blogsaverroes.juntadeandalucia.es\/ceipnslasnieves\/excursion-piscina-de-umbrete\/\" class=\"_self\" target=\"_self\" >EXCURSI\u00d3N PISCINA DE UMBRETE<\/a><\/h4>\n<div class=\"pt-cv-content\">Los alumnos y alumnas de 3er Ciclo pasaron el \u00faltimo d\u00eda de curso en la Piscina Municipal de Umbrete, donde ...<br \/><div class=\"pt-cv-rmwrap\"><a href=\"https:\/\/blogsaverroes.juntadeandalucia.es\/ceipnslasnieves\/excursion-piscina-de-umbrete\/\" class=\"_self pt-cv-readmore btn btn-success\" target=\"_self\">Leer M\u00e1s<\/a><\/div><\/div><\/div><\/div>\n<div class=\"col-md-4 col-sm-6 col-xs-6 pt-cv-content-item pt-cv-1-col\" ><div class='pt-cv-ifield'><a href=\"https:\/\/blogsaverroes.juntadeandalucia.es\/ceipnslasnieves\/fiesta-del-agua\/\" class=\"_self pt-cv-href-thumbnail pt-cv-thumb-default\" target=\"_self\" ><img decoding=\"async\" width=\"300\" height=\"225\" src=\"https:\/\/blogsaverroes.juntadeandalucia.es\/ceipnslasnieves\/files\/2022\/06\/1656493398367-300x225.jpg\" class=\"pt-cv-thumbnail\" alt=\"\" srcset=\"https:\/\/blogsaverroes.juntadeandalucia.es\/ceipnslasnieves\/files\/2022\/06\/1656493398367-300x225.jpg 300w, https:\/\/blogsaverroes.juntadeandalucia.es\/ceipnslasnieves\/files\/2022\/06\/1656493398367-1024x768.jpg 1024w, https:\/\/blogsaverroes.juntadeandalucia.es\/ceipnslasnieves\/files\/2022\/06\/1656493398367-768x576.jpg 768w, https:\/\/blogsaverroes.juntadeandalucia.es\/ceipnslasnieves\/files\/2022\/06\/1656493398367-1536x1152.jpg 1536w, https:\/\/blogsaverroes.juntadeandalucia.es\/ceipnslasnieves\/files\/2022\/06\/1656493398367-2048x1536.jpg 2048w, https:\/\/blogsaverroes.juntadeandalucia.es\/ceipnslasnieves\/files\/2022\/06\/1656493398367-scaled.jpg 1600w\" sizes=\"(max-width: 300px) 100vw, 300px\" \/><\/a>\n<h4 class=\"pt-cv-title\"><a href=\"https:\/\/blogsaverroes.juntadeandalucia.es\/ceipnslasnieves\/fiesta-del-agua\/\" class=\"_self\" target=\"_self\" >\u00a1FIESTA DEL AGUA!<\/a><\/h4>\n<div class=\"pt-cv-content\">El \u00faltimo d\u00eda del curso, fue tambi\u00e9n uno de los m\u00e1s divertidos. Los monitores de la empresa \"Discover On\", organizaron ...<br \/><div class=\"pt-cv-rmwrap\"><a href=\"https:\/\/blogsaverroes.juntadeandalucia.es\/ceipnslasnieves\/fiesta-del-agua\/\" class=\"_self pt-cv-readmore btn btn-success\" target=\"_self\">Leer M\u00e1s<\/a><\/div><\/div><\/div><\/div>\n<div class=\"col-md-4 col-sm-6 col-xs-6 pt-cv-content-item pt-cv-1-col\" ><div class='pt-cv-ifield'><a href=\"https:\/\/blogsaverroes.juntadeandalucia.es\/ceipnslasnieves\/diploma-de-agradecimiento-acnur\/\" class=\"_self pt-cv-href-thumbnail pt-cv-thumb-default\" target=\"_self\" ><img decoding=\"async\" width=\"300\" height=\"224\" src=\"https:\/\/blogsaverroes.juntadeandalucia.es\/ceipnslasnieves\/files\/2022\/06\/1654765523012-300x224.jpg\" class=\"pt-cv-thumbnail\" alt=\"\" srcset=\"https:\/\/blogsaverroes.juntadeandalucia.es\/ceipnslasnieves\/files\/2022\/06\/1654765523012-300x224.jpg 300w, https:\/\/blogsaverroes.juntadeandalucia.es\/ceipnslasnieves\/files\/2022\/06\/1654765523012-768x573.jpg 768w, https:\/\/blogsaverroes.juntadeandalucia.es\/ceipnslasnieves\/files\/2022\/06\/1654765523012.jpg 1017w\" sizes=\"(max-width: 300px) 100vw, 300px\" \/><\/a>\n<h4 class=\"pt-cv-title\"><a href=\"https:\/\/blogsaverroes.juntadeandalucia.es\/ceipnslasnieves\/diploma-de-agradecimiento-acnur\/\" class=\"_self\" target=\"_self\" >DIPLOMA DE AGRADECIMIENTO ACNUR<\/a><\/h4>\n<div class=\"pt-cv-content\"> ...<br \/><div class=\"pt-cv-rmwrap\"><a href=\"https:\/\/blogsaverroes.juntadeandalucia.es\/ceipnslasnieves\/diploma-de-agradecimiento-acnur\/\" class=\"_self pt-cv-readmore btn btn-success\" target=\"_self\">Leer M\u00e1s<\/a><\/div><\/div><\/div><\/div>\n<div class=\"col-md-4 col-sm-6 col-xs-6 pt-cv-content-item pt-cv-1-col\" ><div class='pt-cv-ifield'><a href=\"https:\/\/blogsaverroes.juntadeandalucia.es\/ceipnslasnieves\/consumo-de-leche-2\/\" class=\"_self pt-cv-href-thumbnail pt-cv-thumb-default\" target=\"_self\" ><img loading=\"lazy\" decoding=\"async\" width=\"300\" height=\"225\" src=\"https:\/\/blogsaverroes.juntadeandalucia.es\/ceipnslasnieves\/files\/2022\/06\/1654165304900-300x225.jpg\" class=\"pt-cv-thumbnail\" alt=\"\" srcset=\"https:\/\/blogsaverroes.juntadeandalucia.es\/ceipnslasnieves\/files\/2022\/06\/1654165304900-300x225.jpg 300w, https:\/\/blogsaverroes.juntadeandalucia.es\/ceipnslasnieves\/files\/2022\/06\/1654165304900-1024x768.jpg 1024w, https:\/\/blogsaverroes.juntadeandalucia.es\/ceipnslasnieves\/files\/2022\/06\/1654165304900-768x576.jpg 768w, https:\/\/blogsaverroes.juntadeandalucia.es\/ceipnslasnieves\/files\/2022\/06\/1654165304900-1536x1152.jpg 1536w, https:\/\/blogsaverroes.juntadeandalucia.es\/ceipnslasnieves\/files\/2022\/06\/1654165304900-2048x1536.jpg 2048w, https:\/\/blogsaverroes.juntadeandalucia.es\/ceipnslasnieves\/files\/2022\/06\/1654165304900-scaled.jpg 1600w\" sizes=\"(max-width: 300px) 100vw, 300px\" \/><\/a>\n<h4 class=\"pt-cv-title\"><a href=\"https:\/\/blogsaverroes.juntadeandalucia.es\/ceipnslasnieves\/consumo-de-leche-2\/\" class=\"_self\" target=\"_self\" >CONSUMO DE LECHE<\/a><\/h4>\n<div class=\"pt-cv-content\">En el d\u00eda de hoy se ha procedido al reparto de leche (sola y con cacao en polvo) suministrada por ...<br \/><div class=\"pt-cv-rmwrap\"><a href=\"https:\/\/blogsaverroes.juntadeandalucia.es\/ceipnslasnieves\/consumo-de-leche-2\/\" class=\"_self pt-cv-readmore btn btn-success\" target=\"_self\">Leer M\u00e1s<\/a><\/div><\/div><\/div><\/div>\n<div class=\"col-md-4 col-sm-6 col-xs-6 pt-cv-content-item pt-cv-1-col\" ><div class='pt-cv-ifield'><a href=\"https:\/\/blogsaverroes.juntadeandalucia.es\/ceipnslasnieves\/matriculacion-22-23\/\" class=\"_self pt-cv-href-thumbnail pt-cv-thumb-default\" target=\"_self\" ><img loading=\"lazy\" decoding=\"async\" width=\"300\" height=\"75\" src=\"https:\/\/blogsaverroes.juntadeandalucia.es\/ceipnslasnieves\/files\/2022\/06\/IMAGEN-PREESTABLECIDA-SECRETAR\u00cdA-VIRTUAL-300x75.jpg\" class=\"pt-cv-thumbnail\" alt=\"\" srcset=\"https:\/\/blogsaverroes.juntadeandalucia.es\/ceipnslasnieves\/files\/2022\/06\/IMAGEN-PREESTABLECIDA-SECRETAR\u00cdA-VIRTUAL-300x75.jpg 300w, https:\/\/blogsaverroes.juntadeandalucia.es\/ceipnslasnieves\/files\/2022\/06\/IMAGEN-PREESTABLECIDA-SECRETAR\u00cdA-VIRTUAL.jpg 373w\" sizes=\"(max-width: 300px) 100vw, 300px\" \/><\/a>\n<h4 class=\"pt-cv-title\"><a href=\"https:\/\/blogsaverroes.juntadeandalucia.es\/ceipnslasnieves\/matriculacion-22-23\/\" class=\"_self\" target=\"_self\" >MATRICULACI\u00d3N 22\/23<\/a><\/h4>\n<div class=\"pt-cv-content\">Estimadas familias: A partir de hoy y hasta el d\u00eda 8 se inicia el proceso de matriculaci\u00f3n del alumnado para ...<br \/><div class=\"pt-cv-rmwrap\"><a href=\"https:\/\/blogsaverroes.juntadeandalucia.es\/ceipnslasnieves\/matriculacion-22-23\/\" class=\"_self pt-cv-readmore btn btn-success\" target=\"_self\">Leer M\u00e1s<\/a><\/div><\/div><\/div><\/div>\n<div class=\"col-md-4 col-sm-6 col-xs-6 pt-cv-content-item pt-cv-1-col\" ><div class='pt-cv-ifield'><a href=\"https:\/\/blogsaverroes.juntadeandalucia.es\/ceipnslasnieves\/plan-director\/\" class=\"_self pt-cv-href-thumbnail pt-cv-thumb-default\" target=\"_self\" ><img loading=\"lazy\" decoding=\"async\" width=\"300\" height=\"225\" src=\"https:\/\/blogsaverroes.juntadeandalucia.es\/ceipnslasnieves\/files\/2022\/05\/1653634332124-300x225.jpg\" class=\"pt-cv-thumbnail\" alt=\"\" srcset=\"https:\/\/blogsaverroes.juntadeandalucia.es\/ceipnslasnieves\/files\/2022\/05\/1653634332124-300x225.jpg 300w, https:\/\/blogsaverroes.juntadeandalucia.es\/ceipnslasnieves\/files\/2022\/05\/1653634332124-1024x768.jpg 1024w, https:\/\/blogsaverroes.juntadeandalucia.es\/ceipnslasnieves\/files\/2022\/05\/1653634332124-768x576.jpg 768w, https:\/\/blogsaverroes.juntadeandalucia.es\/ceipnslasnieves\/files\/2022\/05\/1653634332124-1536x1152.jpg 1536w, https:\/\/blogsaverroes.juntadeandalucia.es\/ceipnslasnieves\/files\/2022\/05\/1653634332124.jpg 1600w\" sizes=\"(max-width: 300px) 100vw, 300px\" \/><\/a>\n<h4 class=\"pt-cv-title\"><a href=\"https:\/\/blogsaverroes.juntadeandalucia.es\/ceipnslasnieves\/plan-director\/\" class=\"_self\" target=\"_self\" >PLAN DIRECTOR<\/a><\/h4>\n<div class=\"pt-cv-content\">En el d\u00eda de ayer, un sargento de la Guardia Civil de la casa cuartel de Sanl\u00facar la Mayor vino ...<br \/><div class=\"pt-cv-rmwrap\"><a href=\"https:\/\/blogsaverroes.juntadeandalucia.es\/ceipnslasnieves\/plan-director\/\" class=\"_self pt-cv-readmore btn btn-success\" target=\"_self\">Leer M\u00e1s<\/a><\/div><\/div><\/div><\/div>\n<div class=\"col-md-4 col-sm-6 col-xs-6 pt-cv-content-item pt-cv-1-col\" ><div class='pt-cv-ifield'><a href=\"https:\/\/blogsaverroes.juntadeandalucia.es\/ceipnslasnieves\/curso-fotoproteccion\/\" class=\"_self pt-cv-href-thumbnail pt-cv-thumb-default\" target=\"_self\" ><img loading=\"lazy\" decoding=\"async\" width=\"300\" height=\"225\" src=\"https:\/\/blogsaverroes.juntadeandalucia.es\/ceipnslasnieves\/files\/2022\/05\/1653463971444-300x225.jpg\" class=\"pt-cv-thumbnail\" alt=\"\" srcset=\"https:\/\/blogsaverroes.juntadeandalucia.es\/ceipnslasnieves\/files\/2022\/05\/1653463971444-300x225.jpg 300w, https:\/\/blogsaverroes.juntadeandalucia.es\/ceipnslasnieves\/files\/2022\/05\/1653463971444-1024x768.jpg 1024w, https:\/\/blogsaverroes.juntadeandalucia.es\/ceipnslasnieves\/files\/2022\/05\/1653463971444-768x576.jpg 768w, https:\/\/blogsaverroes.juntadeandalucia.es\/ceipnslasnieves\/files\/2022\/05\/1653463971444.jpg 1448w\" sizes=\"(max-width: 300px) 100vw, 300px\" \/><\/a>\n<h4 class=\"pt-cv-title\"><a href=\"https:\/\/blogsaverroes.juntadeandalucia.es\/ceipnslasnieves\/curso-fotoproteccion\/\" class=\"_self\" target=\"_self\" >CURSO FOTOPROTECCI\u00d3N<\/a><\/h4>\n<div class=\"pt-cv-content\">Durante esta semana, Reyes Santana, farmac\u00e9utica y miembro del AMPA, ha impartido un curso sobre consejos de fotoprotecci\u00f3n solar a ...<br \/><div class=\"pt-cv-rmwrap\"><a href=\"https:\/\/blogsaverroes.juntadeandalucia.es\/ceipnslasnieves\/curso-fotoproteccion\/\" class=\"_self pt-cv-readmore btn btn-success\" target=\"_self\">Leer M\u00e1s<\/a><\/div><\/div><\/div><\/div>\n<div class=\"col-md-4 col-sm-6 col-xs-6 pt-cv-content-item pt-cv-1-col\" ><div class='pt-cv-ifield'><a href=\"https:\/\/blogsaverroes.juntadeandalucia.es\/ceipnslasnieves\/exposicion-de-ecosistemas\/\" class=\"_self pt-cv-href-thumbnail pt-cv-thumb-default\" target=\"_self\" ><img loading=\"lazy\" decoding=\"async\" width=\"300\" height=\"227\" src=\"https:\/\/blogsaverroes.juntadeandalucia.es\/ceipnslasnieves\/files\/2022\/05\/1653475189899-300x227.jpg\" class=\"pt-cv-thumbnail\" alt=\"\" srcset=\"https:\/\/blogsaverroes.juntadeandalucia.es\/ceipnslasnieves\/files\/2022\/05\/1653475189899-300x227.jpg 300w, https:\/\/blogsaverroes.juntadeandalucia.es\/ceipnslasnieves\/files\/2022\/05\/1653475189899-1024x774.jpg 1024w, https:\/\/blogsaverroes.juntadeandalucia.es\/ceipnslasnieves\/files\/2022\/05\/1653475189899-768x580.jpg 768w, https:\/\/blogsaverroes.juntadeandalucia.es\/ceipnslasnieves\/files\/2022\/05\/1653475189899.jpg 1080w\" sizes=\"(max-width: 300px) 100vw, 300px\" \/><\/a>\n<h4 class=\"pt-cv-title\"><a href=\"https:\/\/blogsaverroes.juntadeandalucia.es\/ceipnslasnieves\/exposicion-de-ecosistemas\/\" class=\"_self\" target=\"_self\" >EXPOSICI\u00d3N DE ECOSISTEMAS<\/a><\/h4>\n<div class=\"pt-cv-content\">Los alumnos y alumnas de 5\u00ba han preparado una exposici\u00f3n de ecosistemas de todo tipo y han organizado charlas explicativas ...<br \/><div class=\"pt-cv-rmwrap\"><a href=\"https:\/\/blogsaverroes.juntadeandalucia.es\/ceipnslasnieves\/exposicion-de-ecosistemas\/\" class=\"_self pt-cv-readmore btn btn-success\" target=\"_self\">Leer M\u00e1s<\/a><\/div><\/div><\/div><\/div>\n<div class=\"col-md-4 col-sm-6 col-xs-6 pt-cv-content-item pt-cv-1-col\" ><div class='pt-cv-ifield'><a href=\"https:\/\/blogsaverroes.juntadeandalucia.es\/ceipnslasnieves\/cuentacuentos-un-cumpleanos-diferente\/\" class=\"_self pt-cv-href-thumbnail pt-cv-thumb-default\" target=\"_self\" ><img loading=\"lazy\" decoding=\"async\" width=\"225\" height=\"300\" src=\"https:\/\/blogsaverroes.juntadeandalucia.es\/ceipnslasnieves\/files\/2022\/05\/1653463855670-225x300.jpg\" class=\"pt-cv-thumbnail\" alt=\"\" srcset=\"https:\/\/blogsaverroes.juntadeandalucia.es\/ceipnslasnieves\/files\/2022\/05\/1653463855670-225x300.jpg 225w, https:\/\/blogsaverroes.juntadeandalucia.es\/ceipnslasnieves\/files\/2022\/05\/1653463855670-768x1024.jpg 768w, https:\/\/blogsaverroes.juntadeandalucia.es\/ceipnslasnieves\/files\/2022\/05\/1653463855670-1152x1536.jpg 1152w, https:\/\/blogsaverroes.juntadeandalucia.es\/ceipnslasnieves\/files\/2022\/05\/1653463855670.jpg 1200w\" sizes=\"(max-width: 225px) 100vw, 225px\" \/><\/a>\n<h4 class=\"pt-cv-title\"><a href=\"https:\/\/blogsaverroes.juntadeandalucia.es\/ceipnslasnieves\/cuentacuentos-un-cumpleanos-diferente\/\" class=\"_self\" target=\"_self\" >CUENTACUENTOS \u00abUN CUMPLEA\u00d1OS DIFERENTE\u00bb<\/a><\/h4>\n<div class=\"pt-cv-content\">El pasado viernes 20 de Mayo, organizado por el AMPA, los peques de infantil de nuestro cole pudieron disfrutar de ...<br \/><div class=\"pt-cv-rmwrap\"><a href=\"https:\/\/blogsaverroes.juntadeandalucia.es\/ceipnslasnieves\/cuentacuentos-un-cumpleanos-diferente\/\" class=\"_self pt-cv-readmore btn btn-success\" target=\"_self\">Leer M\u00e1s<\/a><\/div><\/div><\/div><\/div><\/div><\/div><\/div>\n","protected":false},"excerpt":{"rendered":"","protected":false},"author":1,"featured_media":0,"parent":0,"menu_order":0,"comment_status":"open","ping_status":"open","template":"","meta":{"ngg_post_thumbnail":0,"footnotes":"","_mc_calendar":[]},"aioseo_notices":[],"_links":{"self":[{"href":"https:\/\/blogsaverroes.juntadeandalucia.es\/ceipnslasnieves\/wp-json\/wp\/v2\/pages\/1113"}],"collection":[{"href":"https:\/\/blogsaverroes.juntadeandalucia.es\/ceipnslasnieves\/wp-json\/wp\/v2\/pages"}],"about":[{"href":"https:\/\/blogsaverroes.juntadeandalucia.es\/ceipnslasnieves\/wp-json\/wp\/v2\/types\/page"}],"author":[{"embeddable":true,"href":"https:\/\/blogsaverroes.juntadeandalucia.es\/ceipnslasnieves\/wp-json\/wp\/v2\/users\/1"}],"replies":[{"embeddable":true,"href":"https:\/\/blogsaverroes.juntadeandalucia.es\/ceipnslasnieves\/wp-json\/wp\/v2\/comments?post=1113"}],"version-history":[{"count":6,"href":"https:\/\/blogsaverroes.juntadeandalucia.es\/ceipnslasnieves\/wp-json\/wp\/v2\/pages\/1113\/revisions"}],"predecessor-version":[{"id":3090,"href":"https:\/\/blogsaverroes.juntadeandalucia.es\/ceipnslasnieves\/wp-json\/wp\/v2\/pages\/1113\/revisions\/3090"}],"wp:attachment":[{"href":"https:\/\/blogsaverroes.juntadeandalucia.es\/ceipnslasnieves\/wp-json\/wp\/v2\/media?parent=1113"}],"curies":[{"name":"wp","href":"https:\/\/api.w.org\/{rel}","templated":true}]}}