{"id":42,"date":"2015-03-13T08:40:47","date_gmt":"2015-03-13T08:40:47","guid":{"rendered":"http:\/\/blogsaverroes.juntadeandalucia.es\/pre\/ceip\/?page_id=42"},"modified":"2020-10-26T18:14:32","modified_gmt":"2020-10-26T17:14:32","slug":"equipo-directivo","status":"publish","type":"page","link":"https:\/\/blogsaverroes.juntadeandalucia.es\/ceipnslasnieves\/equipo-directivo\/","title":{"rendered":"Equipo directivo"},"content":{"rendered":"<p>&nbsp;<\/p>\n<p><a href=\"https:\/\/blogsaverroes.juntadeandalucia.es\/ceipnslasnieves\/files\/2020\/10\/photo.jpg\"><img fetchpriority=\"high\" decoding=\"async\" class=\" wp-image-2917 aligncenter\" src=\"https:\/\/blogsaverroes.juntadeandalucia.es\/ceipnslasnieves\/files\/2020\/10\/photo-300x300.jpg\" alt=\"\" width=\"480\" height=\"480\" srcset=\"https:\/\/blogsaverroes.juntadeandalucia.es\/ceipnslasnieves\/files\/2020\/10\/photo-300x300.jpg 300w, https:\/\/blogsaverroes.juntadeandalucia.es\/ceipnslasnieves\/files\/2020\/10\/photo-150x150.jpg 150w, https:\/\/blogsaverroes.juntadeandalucia.es\/ceipnslasnieves\/files\/2020\/10\/photo-100x100.jpg 100w, https:\/\/blogsaverroes.juntadeandalucia.es\/ceipnslasnieves\/files\/2020\/10\/photo-80x80.jpg 80w, https:\/\/blogsaverroes.juntadeandalucia.es\/ceipnslasnieves\/files\/2020\/10\/photo-320x320.jpg 320w, https:\/\/blogsaverroes.juntadeandalucia.es\/ceipnslasnieves\/files\/2020\/10\/photo-24x24.jpg 24w, https:\/\/blogsaverroes.juntadeandalucia.es\/ceipnslasnieves\/files\/2020\/10\/photo-36x36.jpg 36w, https:\/\/blogsaverroes.juntadeandalucia.es\/ceipnslasnieves\/files\/2020\/10\/photo-48x48.jpg 48w, https:\/\/blogsaverroes.juntadeandalucia.es\/ceipnslasnieves\/files\/2020\/10\/photo.jpg 640w\" sizes=\"(max-width: 480px) 100vw, 480px\" \/><\/a><\/p>\n<p><strong>Direcci\u00f3n:&nbsp;<\/strong>D\u00aa. Sandra Mar\u00eda Cantillo Salguero&nbsp;<\/p>\n<p>Tel\u00e9fono: 671 56 55 39<\/p>\n<p>Email: direccion@ceiplasnieves.com<\/p>\n<p><strong>Jefatura de estudios: <\/strong>D\u00aa. Ana Mar\u00eda Casielles Arroyo<\/p>\n<p>Email: jefatura@ceiplasnieves.com<\/p>\n<p><strong>Secretar\u00eda: <\/strong>D. David Moya S\u00e1nchez<\/p>\n<p>Email: secretario@ceiplasnieves.com<\/p>\n","protected":false},"excerpt":{"rendered":"<p>&nbsp; Direcci\u00f3n:&nbsp;D\u00aa. Sandra Mar\u00eda Cantillo Salguero&nbsp; Tel\u00e9fono: 671 56 55 39 Email: direccion@ceiplasnieves.com Jefatura de estudios: D\u00aa. Ana Mar\u00eda Casielles Arroyo Email: jefatura@ceiplasnieves.com Secretar\u00eda: D. David Moya S\u00e1nchez Email: secretario@ceiplasnieves.com<\/p>\n","protected":false},"author":1,"featured_media":0,"parent":0,"menu_order":0,"comment_status":"open","ping_status":"open","template":"","meta":{"ngg_post_thumbnail":0,"footnotes":"","_mc_calendar":[]},"aioseo_notices":[],"_links":{"self":[{"href":"https:\/\/blogsaverroes.juntadeandalucia.es\/ceipnslasnieves\/wp-json\/wp\/v2\/pages\/42"}],"collection":[{"href":"https:\/\/blogsaverroes.juntadeandalucia.es\/ceipnslasnieves\/wp-json\/wp\/v2\/pages"}],"about":[{"href":"https:\/\/blogsaverroes.juntadeandalucia.es\/ceipnslasnieves\/wp-json\/wp\/v2\/types\/page"}],"author":[{"embeddable":true,"href":"https:\/\/blogsaverroes.juntadeandalucia.es\/ceipnslasnieves\/wp-json\/wp\/v2\/users\/1"}],"replies":[{"embeddable":true,"href":"https:\/\/blogsaverroes.juntadeandalucia.es\/ceipnslasnieves\/wp-json\/wp\/v2\/comments?post=42"}],"version-history":[{"count":9,"href":"https:\/\/blogsaverroes.juntadeandalucia.es\/ceipnslasnieves\/wp-json\/wp\/v2\/pages\/42\/revisions"}],"predecessor-version":[{"id":3101,"href":"https:\/\/blogsaverroes.juntadeandalucia.es\/ceipnslasnieves\/wp-json\/wp\/v2\/pages\/42\/revisions\/3101"}],"wp:attachment":[{"href":"https:\/\/blogsaverroes.juntadeandalucia.es\/ceipnslasnieves\/wp-json\/wp\/v2\/media?parent=42"}],"curies":[{"name":"wp","href":"https:\/\/api.w.org\/{rel}","templated":true}]}}