{"id":44,"date":"2015-03-13T08:42:15","date_gmt":"2015-03-13T08:42:15","guid":{"rendered":"http:\/\/blogsaverroes.juntadeandalucia.es\/pre\/ceip\/?page_id=44"},"modified":"2021-09-09T23:01:52","modified_gmt":"2021-09-09T21:01:52","slug":"planes-y-proyectos","status":"publish","type":"page","link":"https:\/\/blogsaverroes.juntadeandalucia.es\/ceipnslasnieves\/planes-y-proyectos\/","title":{"rendered":"Planes y Proyectos"},"content":{"rendered":"<p><img decoding=\"async\" class=\"size-medium wp-image-1667 alignleft\" src=\"http:\/\/blogsaverroes.juntadeandalucia.es\/ceipnslasnieves\/files\/2015\/03\/planes-300x150.png\" alt=\"planes\" width=\"300\" height=\"150\" srcset=\"https:\/\/blogsaverroes.juntadeandalucia.es\/ceipnslasnieves\/files\/2015\/03\/planes-300x150.png 300w, https:\/\/blogsaverroes.juntadeandalucia.es\/ceipnslasnieves\/files\/2015\/03\/planes.png 640w\" sizes=\"(max-width: 300px) 100vw, 300px\" \/><\/p>\n<p>Planes y Programas desarrollados por el centro:<\/p>\n<ul>\n<li><strong>Plan de igualdad. <a href=\"https:\/\/blogsaverroes.juntadeandalucia.es\/ceipnslasnieves\/files\/2020\/12\/PLAN-DE-IGUALDAD.pdf\">PLAN DE IGUALDAD<\/a><\/strong><\/li>\n<li><strong>Plan de lectura.<\/strong> <a href=\"https:\/\/blogsaverroes.juntadeandalucia.es\/ceipnslasnieves\/files\/2020\/12\/plan_lectura_def.pdf\">plan_lectura_def<\/a><\/li>\n<li><strong>Proyecto de gesti\u00f3n.&nbsp; <a href=\"https:\/\/blogsaverroes.juntadeandalucia.es\/ceipnslasnieves\/files\/2020\/12\/PROYECTO-DE-GESTI\u00d3N-actualizado.pdf\">PROYECTO DE GESTI\u00d3N (actualizado)<\/a><\/strong><\/li>\n<li><strong>Plan de Actuaci\u00f3n Digital. <a href=\"https:\/\/blogsaverroes.juntadeandalucia.es\/ceipnslasnieves\/files\/2020\/12\/PLAN-ACTUACI\u00d3N-DIGITAL.pdf\">PLAN ACTUACI\u00d3N DIGITAL<\/a><\/strong><\/li>\n<li><strong>Plan de convivencia. <a href=\"https:\/\/blogsaverroes.juntadeandalucia.es\/ceipnslasnieves\/files\/2020\/12\/plan_convivencia_def.pdf\">plan_convivencia_def<\/a><\/strong><\/li>\n<li><strong>Programa de tr\u00e1nsito. <a href=\"https:\/\/blogsaverroes.juntadeandalucia.es\/ceipnslasnieves\/files\/2020\/12\/PROGRAMA-DE-TR\u00c1NSITO.pdf\">PROGRAMA DE TR\u00c1NSITO<\/a><\/strong><\/li>\n<li><strong>Plan de autoprotecci\u00f3n. <a href=\"https:\/\/blogsaverroes.juntadeandalucia.es\/ceipnslasnieves\/files\/2020\/12\/PLAN-DE-AUTOPROTECI\u00d3N.pdf\">PLAN DE AUTOPROTECI\u00d3N<\/a><\/strong><\/li>\n<li><strong>Plan de refuerzo. <a href=\"https:\/\/blogsaverroes.juntadeandalucia.es\/ceipnslasnieves\/files\/2020\/12\/plan_refuerzo_centro_def.pdf\">plan_refuerzo_centro_def<\/a><\/strong><\/li>\n<li><strong>Protocolo COVID. <a href=\"https:\/\/blogsaverroes.juntadeandalucia.es\/ceipnslasnieves\/files\/2021\/09\/PROTOCOLO-COVID-21.22.docx.pdf\">PROTOCOLO COVID 21.22.docx<\/a><\/strong><\/li>\n<li><strong>Escuela espacio de paz.<\/strong><\/li>\n<li><strong>Plan de acci\u00f3n tutorial.<\/strong><\/li>\n<\/ul>\n<p>&nbsp;<\/p>\n","protected":false},"excerpt":{"rendered":"<p>Planes y Programas desarrollados por el centro: Plan de igualdad. PLAN DE IGUALDAD Plan de lectura. plan_lectura_def Proyecto de gesti\u00f3n.&nbsp; PROYECTO DE GESTI\u00d3N (actualizado) Plan de Actuaci\u00f3n Digital. PLAN ACTUACI\u00d3N DIGITAL Plan de convivencia.&#46;&#46;&#46;<\/p>\n","protected":false},"author":1,"featured_media":0,"parent":0,"menu_order":0,"comment_status":"open","ping_status":"closed","template":"","meta":{"ngg_post_thumbnail":0,"footnotes":"","_mc_calendar":[]},"aioseo_notices":[],"_links":{"self":[{"href":"https:\/\/blogsaverroes.juntadeandalucia.es\/ceipnslasnieves\/wp-json\/wp\/v2\/pages\/44"}],"collection":[{"href":"https:\/\/blogsaverroes.juntadeandalucia.es\/ceipnslasnieves\/wp-json\/wp\/v2\/pages"}],"about":[{"href":"https:\/\/blogsaverroes.juntadeandalucia.es\/ceipnslasnieves\/wp-json\/wp\/v2\/types\/page"}],"author":[{"embeddable":true,"href":"https:\/\/blogsaverroes.juntadeandalucia.es\/ceipnslasnieves\/wp-json\/wp\/v2\/users\/1"}],"replies":[{"embeddable":true,"href":"https:\/\/blogsaverroes.juntadeandalucia.es\/ceipnslasnieves\/wp-json\/wp\/v2\/comments?post=44"}],"version-history":[{"count":11,"href":"https:\/\/blogsaverroes.juntadeandalucia.es\/ceipnslasnieves\/wp-json\/wp\/v2\/pages\/44\/revisions"}],"predecessor-version":[{"id":3452,"href":"https:\/\/blogsaverroes.juntadeandalucia.es\/ceipnslasnieves\/wp-json\/wp\/v2\/pages\/44\/revisions\/3452"}],"wp:attachment":[{"href":"https:\/\/blogsaverroes.juntadeandalucia.es\/ceipnslasnieves\/wp-json\/wp\/v2\/media?parent=44"}],"curies":[{"name":"wp","href":"https:\/\/api.w.org\/{rel}","templated":true}]}}