{"id":99,"date":"2015-03-16T07:22:54","date_gmt":"2015-03-16T07:22:54","guid":{"rendered":"http:\/\/blogsaverroes.juntadeandalucia.es\/pre\/ceip\/?page_id=99"},"modified":"2022-06-07T09:13:24","modified_gmt":"2022-06-07T09:13:24","slug":"comedor-escolar","status":"publish","type":"page","link":"https:\/\/blogsaverroes.juntadeandalucia.es\/ceipntrasradeaguassantas\/comedor-escolar\/","title":{"rendered":"Comedor escolar"},"content":{"rendered":"<p><img loading=\"lazy\" decoding=\"async\" class=\"aligncenter size-medium wp-image-3257\" src=\"https:\/\/blogsaverroes.juntadeandalucia.es\/ceipntrasradeaguassantas\/files\/2022\/06\/comedor-300x300.png\" alt=\"\" width=\"300\" height=\"300\" srcset=\"https:\/\/blogsaverroes.juntadeandalucia.es\/ceipntrasradeaguassantas\/files\/2022\/06\/comedor-300x300.png 300w, https:\/\/blogsaverroes.juntadeandalucia.es\/ceipntrasradeaguassantas\/files\/2022\/06\/comedor-150x150.png 150w, https:\/\/blogsaverroes.juntadeandalucia.es\/ceipntrasradeaguassantas\/files\/2022\/06\/comedor.png 500w\" sizes=\"(max-width: 300px) 100vw, 300px\" \/><\/p>\n<p style=\"text-align: justify\">Los<strong> comedores escolares<\/strong> son un servicio complementario que resulta de gran utilidad a padres y madres para ayudarles a&nbsp;conciliar la vida laboral y familiar. Tienen una duraci\u00f3n de hasta dos horas desde que acaba la jornada escolar de la ma\u00f1ana (de 14.00 a 16.00 horas).<\/p>\n<p style=\"text-align: justify\">Los comedores son adem\u00e1s una pieza importante&nbsp;en todas las medidas dirigidas a mejorar los h\u00e1bitos alimenticios de los ni\u00f1os y ni\u00f1as y prevenir problemas de salud como la obesidad.<\/p>\n<p style=\"text-align: justify\">Los comedores escolares de los centros p\u00fablicos andaluces promueven una alimentaci\u00f3n saludable que est\u00e1 supervisada por nutricionistas y que, entre otros aspectos, se caracteriza por:<\/p>\n<ul style=\"text-align: justify\">\n<li>Una mayor proporci\u00f3n de verdura en los men\u00fas<\/li>\n<li>Fruta fresca como postre al menos cuatro d\u00edas a la semana<\/li>\n<li>Uso de aceite de oliva virgen extra<\/li>\n<li>M\u00e1s pescado que carne, que debe ser magra<\/li>\n<li>Prohibici\u00f3n de los alimentos precocinados y limitaci\u00f3n de los fritos<\/li>\n<li>Apuesta por la dieta mediterr\u00e1nea y los productos ecol\u00f3gicos<\/li>\n<\/ul>\n<p style=\"text-align: justify\">En <strong>nuestro centro<\/strong> el comedor escolar est\u00e1 ubicado en el Edificio Central Francisco Acosta.<\/p>\n<p style=\"text-align: justify\">El <strong>catering<\/strong> que distribuye la comida en el comedor es la empresa ARAMARK, en dicho plan est\u00e1n trabajando dos cocineras contratadas por la empresa del catering, cuatro monitoras que se encargan de dar de comer al alumnado y del traslado de los mismos.<\/p>\n","protected":false},"excerpt":{"rendered":"<p>Los comedores escolares son un servicio complementario que resulta de gran utilidad a padres y madres para ayudarles a&nbsp;conciliar la vida laboral y familiar. Tienen una duraci\u00f3n de hasta dos horas desde que acaba&#46;&#46;&#46;<\/p>\n","protected":false},"author":1,"featured_media":0,"parent":0,"menu_order":0,"comment_status":"closed","ping_status":"open","template":"page-cs.php","meta":{"ngg_post_thumbnail":0,"footnotes":"","_mc_calendar":[]},"aioseo_notices":[],"_links":{"self":[{"href":"https:\/\/blogsaverroes.juntadeandalucia.es\/ceipntrasradeaguassantas\/wp-json\/wp\/v2\/pages\/99"}],"collection":[{"href":"https:\/\/blogsaverroes.juntadeandalucia.es\/ceipntrasradeaguassantas\/wp-json\/wp\/v2\/pages"}],"about":[{"href":"https:\/\/blogsaverroes.juntadeandalucia.es\/ceipntrasradeaguassantas\/wp-json\/wp\/v2\/types\/page"}],"author":[{"embeddable":true,"href":"https:\/\/blogsaverroes.juntadeandalucia.es\/ceipntrasradeaguassantas\/wp-json\/wp\/v2\/users\/1"}],"replies":[{"embeddable":true,"href":"https:\/\/blogsaverroes.juntadeandalucia.es\/ceipntrasradeaguassantas\/wp-json\/wp\/v2\/comments?post=99"}],"version-history":[{"count":5,"href":"https:\/\/blogsaverroes.juntadeandalucia.es\/ceipntrasradeaguassantas\/wp-json\/wp\/v2\/pages\/99\/revisions"}],"predecessor-version":[{"id":3258,"href":"https:\/\/blogsaverroes.juntadeandalucia.es\/ceipntrasradeaguassantas\/wp-json\/wp\/v2\/pages\/99\/revisions\/3258"}],"wp:attachment":[{"href":"https:\/\/blogsaverroes.juntadeandalucia.es\/ceipntrasradeaguassantas\/wp-json\/wp\/v2\/media?parent=99"}],"curies":[{"name":"wp","href":"https:\/\/api.w.org\/{rel}","templated":true}]}}