{"id":2351,"date":"2018-03-30T11:57:59","date_gmt":"2018-03-30T11:57:59","guid":{"rendered":"http:\/\/blogsaverroes.juntadeandalucia.es\/ceipntrasradefatima\/?page_id=2351"},"modified":"2022-04-11T20:12:31","modified_gmt":"2022-04-11T20:12:31","slug":"datos-del-centro","status":"publish","type":"page","link":"https:\/\/blogsaverroes.juntadeandalucia.es\/ceipntrasradefatima\/datos-del-centro\/","title":{"rendered":"Datos del centro"},"content":{"rendered":"<!--themify_builder_content-->\n<div id=\"themify_builder_content-2351\" data-postid=\"2351\" class=\"themify_builder_content themify_builder_content-2351 themify_builder tf_clear\">\n                    <div  data-lazy=\"1\" class=\"module_row themify_builder_row tb_mhr7326 tb_first tf_w\">\n                        <div class=\"row_inner col_align_middle tb_col_count_2 tf_box tf_rel\">\n                        <div  data-lazy=\"1\" class=\"module_column tb-column col4-2 tb_retg327 first\">\n                    <!-- module text -->\n<div  class=\"module module-text tb_a3mu327   \" data-lazy=\"1\">\n        <div  class=\"tb_text_wrap\">\n        <h2>Datos del centro<\/h2>\n<h6>CEIP NTRA. SRA. DE F\u00c1TIMA (CENTRO BILING\u00dcE)<\/h6>\n<p><strong>Direcci\u00f3n:<\/strong> Plaza Reyes Cat\u00f3licos, S\/N. 41640 Osuna (Sevilla)<\/p>\n<p><strong>Tel\u00e9fono: <\/strong><a href=\"tel:954822556\">954 82 25 56<\/a><\/p>\n<p><strong>Fax: <\/strong>954 82 25 57<\/p>\n<p><strong>Email:<\/strong>\u00a0<a href=\"mailto:41010423.edu@juntadeandalucia.es\">41010423.edu@juntadeandalucia.es<\/a><\/p>    <\/div>\n<\/div>\n<!-- \/module text -->        <\/div>\n                    <div  data-lazy=\"1\" class=\"module_column tb-column col4-2 tb_t6y8327 last\">\n                    <!-- module text -->\n<div  class=\"module module-text tb_qawh328   \" data-lazy=\"1\">\n        <div  class=\"tb_text_wrap\">\n        <p><iframe loading=\"lazy\" style=\"border: 0;\" tabindex=\"0\" src=\"https:\/\/www.google.com\/maps\/embed?pb=!1m18!1m12!1m3!1d3176.5933183501156!2d-5.112018785023187!3d37.23362807986163!2m3!1f0!2f0!3f0!3m2!1i1024!2i768!4f13.1!3m3!1m2!1s0xd12abadc7897f73%3A0xa89233862b60924b!2sColegio%20P%C3%BAblico%20Ntra.Sra.%20de%20F%C3%A1tima!5e0!3m2!1ses!2ses!4v1593772679374!5m2!1ses!2ses\" width=\"1200\" height=\"320\" frameborder=\"0\" allowfullscreen=\"allowfullscreen\" aria-hidden=\"false\"><\/iframe><\/p>\n    <\/div>\n<\/div>\n<!-- \/module text -->        <\/div>\n                        <\/div>\n        <\/div>\n                        <div  data-lazy=\"1\" class=\"module_row themify_builder_row tb_s1e4180 tf_w\">\n                        <div class=\"row_inner col_align_top tb_col_count_1 tf_box tf_rel\">\n                        <div  data-lazy=\"1\" class=\"module_column tb-column col-full tb_rceo181 first\">\n                    <!-- module text -->\n<div  class=\"module module-text tb_ve7l985   \" data-lazy=\"1\">\n        <div  class=\"tb_text_wrap\">\n        <h1 style=\"text-align: center;\">HORARIOS<\/h1>    <\/div>\n<\/div>\n<!-- \/module text -->        <\/div>\n                        <\/div>\n        <\/div>\n                        <div  data-lazy=\"1\" class=\"module_row themify_builder_row tb_92zk530 tf_w\">\n                        <div class=\"row_inner col_align_top tb_col_count_2 tf_box tf_rel\">\n                        <div  data-lazy=\"1\" class=\"module_column tb-column col2-1 tb_nvju530 first\">\n                    <!-- module text -->\n<div  class=\"module module-text tb_wwvd531   \" data-lazy=\"1\">\n        <div  class=\"tb_text_wrap\">\n        <ul>\n<li><strong>Secretar\u00eda: <\/strong>martes y jueves de 9:30 a 13:30.<\/li>\n<li><strong>Direcci\u00f3n: <\/strong>lunes, mi\u00e9rcoles y viernes de 9:00 a 9:45 . Martes y jueves de 9:00 a 10:30.<\/li>\n<li><strong>Horario Lectivo: <\/strong>de 9:00 a 14:00.<\/li>\n<li><strong>Programa de Acompa\u00f1amiento Escolar: <\/strong>martes y mi\u00e9rcoles de 16:00 a 18:00.<\/li>\n<\/ul>    <\/div>\n<\/div>\n<!-- \/module text -->        <\/div>\n                    <div  data-lazy=\"1\" class=\"module_column tb-column col2-1 tb_00u0531 last\">\n                    <!-- module text -->\n<div  class=\"module module-text tb_jrn8531   \" data-lazy=\"1\">\n        <div  class=\"tb_text_wrap\">\n        <ul>\n<li><strong>Aula Matinal<\/strong>: de 7:30 a 9:00.<\/li>\n<li><strong>Comedor Escolar: <\/strong>de 14:00 a 16:00.<\/li>\n<li><strong>Actividades Extraescolares: <\/strong>de lunes a jueves de 16:00 a 18:00.<\/li>\n<li><strong>Escuelas Deportivas: <\/strong>de lunes a jueves de 16.00 a 19.00.<\/li>\n<\/ul>    <\/div>\n<\/div>\n<!-- \/module text -->        <\/div>\n                        <\/div>\n        <\/div>\n                        <div  data-lazy=\"1\" class=\"module_row themify_builder_row tb_xssg878 tf_w\">\n                        <div class=\"row_inner col_align_middle tb_col_count_2 tf_box tf_rel\">\n                        <div  data-lazy=\"1\" class=\"module_column tb-column col2-1 tb_atb2880 first\">\n                    <!-- module text -->\n<div  class=\"module module-text tb_38xt880  fullcover \" data-lazy=\"1\">\n        <div  class=\"tb_text_wrap\">\n        <h1 style=\"text-align: center;\"><a href=\"https:\/\/blogsaverroes.juntadeandalucia.es\/ceipntrasradefatima\/datos\/instalaciones\/\">Instalaciones<\/a><\/h1>    <\/div>\n<\/div>\n<!-- \/module text -->        <\/div>\n                    <div  data-lazy=\"1\" class=\"module_column tb-column col2-1 tb_r362881 last\">\n                    <!-- module text -->\n<div  class=\"module module-text tb_bnsd881  fullcover \" data-lazy=\"1\">\n        <div  class=\"tb_text_wrap\">\n        <h1 style=\"text-align: center;\"><a href=\"https:\/\/blogsaverroes.juntadeandalucia.es\/ceipntrasradefatima\/datos\/oferta-educativa\/\">Oferta Educativa<\/a><\/h1>    <\/div>\n<\/div>\n<!-- \/module text -->        <\/div>\n                        <\/div>\n        <\/div>\n        <\/div>\n<!--\/themify_builder_content-->","protected":false},"excerpt":{"rendered":"<p>Datos del centro CEIP NTRA. SRA. DE F\u00c1TIMA (CENTRO BILING\u00dcE) Direcci\u00f3n: Plaza Reyes Cat\u00f3licos, S\/N. 41640 Osuna (Sevilla) Tel\u00e9fono: 954 82 25 56 Fax: 954 82 25 57 Email:\u00a041010423.edu@juntadeandalucia.es HORARIOS Secretar\u00eda: martes y jueves de 9:30 a 13:30. Direcci\u00f3n: lunes, mi\u00e9rcoles y viernes de 9:00 a 9:45 . Martes y jueves de 9:00 a 10:30. [&hellip;]<\/p>\n","protected":false},"author":2285,"featured_media":0,"parent":0,"menu_order":0,"comment_status":"closed","ping_status":"closed","template":"","meta":{"ngg_post_thumbnail":0,"footnotes":"","_mc_calendar":[]},"aioseo_notices":[],"_links":{"self":[{"href":"https:\/\/blogsaverroes.juntadeandalucia.es\/ceipntrasradefatima\/wp-json\/wp\/v2\/pages\/2351"}],"collection":[{"href":"https:\/\/blogsaverroes.juntadeandalucia.es\/ceipntrasradefatima\/wp-json\/wp\/v2\/pages"}],"about":[{"href":"https:\/\/blogsaverroes.juntadeandalucia.es\/ceipntrasradefatima\/wp-json\/wp\/v2\/types\/page"}],"author":[{"embeddable":true,"href":"https:\/\/blogsaverroes.juntadeandalucia.es\/ceipntrasradefatima\/wp-json\/wp\/v2\/users\/2285"}],"replies":[{"embeddable":true,"href":"https:\/\/blogsaverroes.juntadeandalucia.es\/ceipntrasradefatima\/wp-json\/wp\/v2\/comments?post=2351"}],"version-history":[{"count":36,"href":"https:\/\/blogsaverroes.juntadeandalucia.es\/ceipntrasradefatima\/wp-json\/wp\/v2\/pages\/2351\/revisions"}],"predecessor-version":[{"id":4198,"href":"https:\/\/blogsaverroes.juntadeandalucia.es\/ceipntrasradefatima\/wp-json\/wp\/v2\/pages\/2351\/revisions\/4198"}],"wp:attachment":[{"href":"https:\/\/blogsaverroes.juntadeandalucia.es\/ceipntrasradefatima\/wp-json\/wp\/v2\/media?parent=2351"}],"curies":[{"name":"wp","href":"https:\/\/api.w.org\/{rel}","templated":true}]}}