{"id":2368,"date":"2018-03-30T13:02:30","date_gmt":"2018-03-30T13:02:30","guid":{"rendered":"http:\/\/blogsaverroes.juntadeandalucia.es\/ceipntrasradefatima\/?page_id=2368"},"modified":"2025-08-20T16:15:51","modified_gmt":"2025-08-20T16:15:51","slug":"rrhh","status":"publish","type":"page","link":"https:\/\/blogsaverroes.juntadeandalucia.es\/ceipntrasradefatima\/rrhh\/","title":{"rendered":"Recursos Humanos"},"content":{"rendered":"<!--themify_builder_content-->\n<div id=\"themify_builder_content-2368\" data-postid=\"2368\" class=\"themify_builder_content themify_builder_content-2368 themify_builder tf_clear\">\n                    <div  data-css_id=\"4lsd14\" data-lazy=\"1\" class=\"module_row themify_builder_row fullwidth_row_container tb_4lsd14 tb_first tf_w\">\n            <span class=\"builder_row_cover tf_abs\"><\/span>            <div class=\"row_inner col_align_top tb_col_count_1 tf_box tf_rel\">\n                        <div  data-lazy=\"1\" class=\"module_column tb-column col-full tb_lji415 first\">\n                    <!-- module text -->\n<div  class=\"module module-text tb_exl816   \" data-lazy=\"1\">\n        <div  class=\"tb_text_wrap\">\n        <h1 style=\"text-align: left\">RECURSOS HUMANOS<\/h1>    <\/div>\n<\/div>\n<!-- \/module text -->        <div  data-lazy=\"1\" class=\"module_subrow themify_builder_sub_row tf_w col_align_top tb_col_count_2 tb_f6hd17\">\n                <div  data-lazy=\"1\" class=\"module_column sub_column tb_0cgy17 first\">\n                    <!-- module accordion -->\n<div  class=\"module module-accordion tb_wk7y18 \" data-behavior=\"accordion\" data-lazy=\"1\">\n    <h3 class=\"module-title\">CLAUSTRO 2024 - 2025<\/h3>\n    <ul class=\"ui module-accordion  rounded gradient shadow tb_default_color\">\n            <li>\n            <div class=\"accordion-title tf_rel\">\n                <a href=\"#acc-wk7y18-0\" class=\"tb_title_accordion\" aria-controls=\"acc-wk7y18-0-content\" aria-expanded=\"false\">\n                    <i class=\"accordion-icon\"><svg  class=\"tf_fa tf-ti-angle-down\" aria-hidden=\"true\"><use href=\"#tf-ti-angle-down\"><\/use><\/svg><\/i>                    <i class=\"accordion-active-icon tf_hide\"><svg  class=\"tf_fa tf-ti-angle-up\" aria-hidden=\"true\"><use href=\"#tf-ti-angle-up\"><\/use><\/svg><\/i>                    EQUIPO DIRECTIVO                <\/a>\n            <\/div><!-- .accordion-title -->\n            <div id=\"acc-wk7y18-0-content\" data-id=\"acc-wk7y18-0\" aria-hidden=\"true\" class=\"accordion-content tf_hide tf_clearfix\">\n                        <div  data-lazy=\"1\" class=\"module_subrow themify_builder_sub_row tf_w col_align_top tb_col_count_1 tb_2u3h16\">\n                <div  data-lazy=\"1\" class=\"module_column sub_column tb_2xjv16 first\">\n                    <!-- module text -->\n<div  class=\"module module-text tb_iu6m16   \" data-lazy=\"1\">\n        <div  class=\"tb_text_wrap\">\n        <p style=\"text-align: center\"><strong>DIRECCI\u00d3N<\/strong> &#8211; Francisco Manuel S\u00e1nchez Aguilar<\/p>\n<p style=\"text-align: center\"><strong>JEFATURA DE ESTUDIOS<\/strong> &#8211; Rafaela Garc\u00eda Mart\u00ednez<\/p>\n<p style=\"text-align: center\"><strong>SECRETAR\u00cdA<\/strong> &#8211; Pilar Lara Maysounave<\/p>\n<p style=\"text-align: center\">HORARIO DE ATENCI\u00d3N AL P\u00daBLICO<\/p>\n<p style=\"text-align: center\"><strong>DIRECCI\u00d3N<\/strong>: lunes a viernes de 9:00 a 9:45<\/p>\n<p style=\"text-align: center\"><strong>SECRETAR\u00cdA<\/strong>: lunes a viernes de 13:15 a 14:00<\/p>\n<p style=\"text-align: center\"><strong>ADMINISTRATIVA<\/strong>: martes y jueves<\/p>    <\/div>\n<\/div>\n<!-- \/module text -->        <\/div>\n                    <\/div>\n                    <\/div><!-- .accordion-content -->\n        <\/li>\n        <\/ul>\n\n<\/div><!-- \/module accordion --><!-- module accordion -->\n<div  class=\"module module-accordion tb_gyp818 \" data-behavior=\"accordion\" data-lazy=\"1\">\n    \n    <ul class=\"ui module-accordion  rounded gradient shadow tb_default_color\">\n            <li>\n            <div class=\"accordion-title tf_rel\">\n                <a href=\"#acc-gyp818-0\" class=\"tb_title_accordion\" aria-controls=\"acc-gyp818-0-content\" aria-expanded=\"false\">\n                    <i class=\"accordion-icon\"><svg  class=\"tf_fa tf-ti-angle-down\" aria-hidden=\"true\"><use href=\"#tf-ti-angle-down\"><\/use><\/svg><\/i>                    <i class=\"accordion-active-icon tf_hide\"><svg  class=\"tf_fa tf-ti-angle-up\" aria-hidden=\"true\"><use href=\"#tf-ti-angle-up\"><\/use><\/svg><\/i>                    TUTOR\u00cdAS EDUCACI\u00d3N INFANTIL                <\/a>\n            <\/div><!-- .accordion-title -->\n            <div id=\"acc-gyp818-0-content\" data-id=\"acc-gyp818-0\" aria-hidden=\"true\" class=\"accordion-content tf_hide tf_clearfix\">\n                        <div  data-lazy=\"1\" class=\"module_subrow themify_builder_sub_row tf_w col_align_top tb_col_count_1 tb_ckkl17\">\n                <div  data-lazy=\"1\" class=\"module_column sub_column tb_rs3717 first\">\n                    <!-- module text -->\n<div  class=\"module module-text tb_g4wi17   \" data-lazy=\"1\">\n        <div  class=\"tb_text_wrap\">\n        <p style=\"text-align: center\"><strong>3 A\u00d1OS<\/strong> \u2013 Cristina Reina Barrera<\/p>\n<p style=\"text-align: center\"><strong>4 A\u00d1OS<\/strong> \u2013 Viki Torres Mart\u00edn<\/p>\n<p style=\"text-align: center\"><strong>5 A\u00d1OS A<\/strong> \u2013 Chari Prieto Ruiz<\/p>\n<p style=\"text-align: center\"><strong>5 A\u00d1OS B<\/strong> \u2013 Susana L\u00f3pez G\u00f3mez<\/p>    <\/div>\n<\/div>\n<!-- \/module text -->        <\/div>\n                    <\/div>\n                    <\/div><!-- .accordion-content -->\n        <\/li>\n            <li>\n            <div class=\"accordion-title tf_rel\">\n                <a href=\"#acc-gyp818-1\" class=\"tb_title_accordion\" aria-controls=\"acc-gyp818-1-content\" aria-expanded=\"false\">\n                    <i class=\"accordion-icon\"><svg  class=\"tf_fa tf-ti-angle-down\" aria-hidden=\"true\"><use href=\"#tf-ti-angle-down\"><\/use><\/svg><\/i>                    <i class=\"accordion-active-icon tf_hide\"><svg  class=\"tf_fa tf-ti-angle-up\" aria-hidden=\"true\"><use href=\"#tf-ti-angle-up\"><\/use><\/svg><\/i>                    TUTOR\u00cdAS EDUCACI\u00d3N PRIMARIA                <\/a>\n            <\/div><!-- .accordion-title -->\n            <div id=\"acc-gyp818-1-content\" data-id=\"acc-gyp818-1\" aria-hidden=\"true\" class=\"accordion-content tf_hide tf_clearfix\">\n                        <div  data-lazy=\"1\" class=\"module_subrow themify_builder_sub_row tf_w col_align_top tb_col_count_1 tb_avqz17\">\n                <div  data-lazy=\"1\" class=\"module_column sub_column tb_ziqq17 first\">\n                    <!-- module text -->\n<div  class=\"module module-text tb_q3nb17   \" data-lazy=\"1\">\n        <div  class=\"tb_text_wrap\">\n        <p style=\"text-align: center\"><strong>1\u00ba A<\/strong>\u00a0\u2013\u00a0<\/p>\n<p style=\"text-align: center\"><strong>1\u00ba B <\/strong>\u2013\u00a0<strong style=\"font-size: 1em\">2\u00ba<\/strong><span style=\"font-size: 1em\">\u00a0<\/span><b style=\"font-size: 1em\">A<\/b><span style=\"font-size: 1em\"> \u2013\u00a0<\/span><span style=\"font-size: 1em\">Mar\u00eda Guti\u00e9rrez Cuevas<\/span><\/p>\n<p><strong>2\u00ba<\/strong>\u00a0<b>B<\/b> \u2013\u00a0<\/p>\n<p style=\"text-align: center\"><strong>3\u00ba<\/strong> \u2013\u00a0<\/p>\n<p style=\"text-align: center\"><strong>4\u00ba<\/strong> \u2013\u00a0<span style=\"font-size: 1em\">Mariceli Bachot Ram\u00edrez<\/span><\/p>\n<p style=\"text-align: center\"><strong>5\u00ba<\/strong> \u2013\u00a0<span style=\"font-size: 1em\">Carmen M\u00aa Ch\u00eda Gallego<\/span><\/p>\n<p style=\"text-align: center\"><strong>6\u00ba<\/strong>\u00a0\u2013\u00a0<span style=\"font-size: 1em\">Isabel Mar\u00eda Due\u00f1as Molero<\/span><\/p>    <\/div>\n<\/div>\n<!-- \/module text -->        <\/div>\n                    <\/div>\n                    <\/div><!-- .accordion-content -->\n        <\/li>\n            <li>\n            <div class=\"accordion-title tf_rel\">\n                <a href=\"#acc-gyp818-2\" class=\"tb_title_accordion\" aria-controls=\"acc-gyp818-2-content\" aria-expanded=\"false\">\n                    <i class=\"accordion-icon\"><svg  class=\"tf_fa tf-ti-angle-down\" aria-hidden=\"true\"><use href=\"#tf-ti-angle-down\"><\/use><\/svg><\/i>                    <i class=\"accordion-active-icon tf_hide\"><svg  class=\"tf_fa tf-ti-angle-up\" aria-hidden=\"true\"><use href=\"#tf-ti-angle-up\"><\/use><\/svg><\/i>                    REFUERZO EDUCATIVO                <\/a>\n            <\/div><!-- .accordion-title -->\n            <div id=\"acc-gyp818-2-content\" data-id=\"acc-gyp818-2\" aria-hidden=\"true\" class=\"accordion-content tf_hide tf_clearfix\">\n                        <div  data-lazy=\"1\" class=\"module_subrow themify_builder_sub_row tf_w col_align_top tb_col_count_1 tb_2rng17\">\n                <div  data-lazy=\"1\" class=\"module_column sub_column tb_y7el17 first\">\n                    <!-- module text -->\n<div  class=\"module module-text tb_mro517   \" data-lazy=\"1\">\n        <div  class=\"tb_text_wrap\">\n        <p style=\"text-align: center\"><strong>Primaria<\/strong> \u2013 Beatriz Ramos Gordillo<\/p>\n<p style=\"text-align: center\"><strong>Infantil<\/strong> \u2013 Pilar Lara Maysounave<\/p>    <\/div>\n<\/div>\n<!-- \/module text -->        <\/div>\n                    <\/div>\n                    <\/div><!-- .accordion-content -->\n        <\/li>\n            <li>\n            <div class=\"accordion-title tf_rel\">\n                <a href=\"#acc-gyp818-3\" class=\"tb_title_accordion\" aria-controls=\"acc-gyp818-3-content\" aria-expanded=\"false\">\n                    <i class=\"accordion-icon\"><svg  class=\"tf_fa tf-ti-angle-down\" aria-hidden=\"true\"><use href=\"#tf-ti-angle-down\"><\/use><\/svg><\/i>                    <i class=\"accordion-active-icon tf_hide\"><svg  class=\"tf_fa tf-ti-angle-up\" aria-hidden=\"true\"><use href=\"#tf-ti-angle-up\"><\/use><\/svg><\/i>                    ESPECIALIDADES                <\/a>\n            <\/div><!-- .accordion-title -->\n            <div id=\"acc-gyp818-3-content\" data-id=\"acc-gyp818-3\" aria-hidden=\"true\" class=\"accordion-content tf_hide tf_clearfix\">\n                        <div  data-lazy=\"1\" class=\"module_subrow themify_builder_sub_row tf_w col_align_top tb_col_count_1 tb_s22w17\">\n                <div  data-lazy=\"1\" class=\"module_column sub_column tb_w3zo17 first\">\n                    <!-- module text -->\n<div  class=\"module module-text tb_u8bb17   \" data-lazy=\"1\">\n        <div  class=\"tb_text_wrap\">\n        <p style=\"text-align: center\"><strong>INGL\u00c9S<\/strong> \u2013 Esperanza Garc\u00eda Ram\u00edrez | Mariceli Bachot Ram\u00edrez<\/p>\n<p style=\"text-align: center\"><strong>PRIMARIA BILING\u00dcE<\/strong> \u2013 Mar\u00eda Guti\u00e9rrez Cuevas | Isabel M\u00aa Due\u00f1as Molero | Carmen Ch\u00eda Gallego<\/p>\n<p style=\"text-align: center\"><strong>EDUCACI\u00d3N F\u00cdSICA<\/strong> \u2013 Fali Garc\u00eda Mart\u00ednez | Rafi Ruiz Granados<\/p>\n<p style=\"text-align: center\"><strong>M\u00daSICA<\/strong> \u2013 Francisco M. S\u00e1nchez Aguilar | Sebasti\u00e1n Giraldo Jim\u00e9nez<\/p>\n<p style=\"text-align: center\"><strong>PEDAGOG\u00cdA TERAP\u00c9UTICA<\/strong> \u2013 M\u00aa del Carmen Delgado Fern\u00e1ndez<\/p>\n<p style=\"text-align: center\"><strong>AUDICI\u00d3N Y LENGUAJE<\/strong> \u2013 Jessi Pozo D\u00edaz<\/p>\n<p style=\"text-align: center\"><strong>RELIGI\u00d3N<\/strong> \u2013 Nieves Rojas Mata<\/p>    <\/div>\n<\/div>\n<!-- \/module text -->        <\/div>\n                    <\/div>\n                    <\/div><!-- .accordion-content -->\n        <\/li>\n        <\/ul>\n\n<\/div><!-- \/module accordion --><!-- module accordion -->\n<div  class=\"module module-accordion tb_9r6v18 \" data-behavior=\"accordion\" data-lazy=\"1\">\n    \n    <ul class=\"ui module-accordion  rounded gradient shadow tb_default_color\">\n            <li>\n            <div class=\"accordion-title tf_rel\">\n                <a href=\"#acc-9r6v18-0\" class=\"tb_title_accordion\" aria-controls=\"acc-9r6v18-0-content\" aria-expanded=\"false\">\n                    <i class=\"accordion-icon\"><svg  class=\"tf_fa tf-ti-angle-down\" aria-hidden=\"true\"><use href=\"#tf-ti-angle-down\"><\/use><\/svg><\/i>                    <i class=\"accordion-active-icon tf_hide\"><svg  class=\"tf_fa tf-ti-angle-up\" aria-hidden=\"true\"><use href=\"#tf-ti-angle-up\"><\/use><\/svg><\/i>                    EQUIPO DE ORIENTACI\u00d3N EDUCATIVA (EOE)                <\/a>\n            <\/div><!-- .accordion-title -->\n            <div id=\"acc-9r6v18-0-content\" data-id=\"acc-9r6v18-0\" aria-hidden=\"true\" class=\"accordion-content tf_hide tf_clearfix\">\n                        <div  data-lazy=\"1\" class=\"module_subrow themify_builder_sub_row tf_w col_align_top tb_col_count_1 tb_3tx617\">\n                <div  data-lazy=\"1\" class=\"module_column sub_column tb_a5em17 first\">\n                    <!-- module text -->\n<div  class=\"module module-text tb_vk8217   \" data-lazy=\"1\">\n        <div  class=\"tb_text_wrap\">\n        <p style=\"text-align: center\"><strong>ORIENTACI\u00d3N<\/strong> \u2013\u00a0<\/p>\n<p style=\"text-align: center\"><strong>LOGOPEDIA<\/strong> \u2013 Ana M\u00aa Racero Aparicio<\/p>    <\/div>\n<\/div>\n<!-- \/module text -->        <\/div>\n                    <\/div>\n                    <\/div><!-- .accordion-content -->\n        <\/li>\n        <\/ul>\n\n<\/div><!-- \/module accordion --><!-- module divider -->\n<div  class=\"module tf_mw module-divider tb_ohm3553 solid   \" style=\"border-width: 15px;border-color: rgba(0,0,0, 0);\" data-lazy=\"1\">\n    <\/div>\n<!-- \/module divider -->\n<!-- module accordion -->\n<div  class=\"module module-accordion tb_lbpe18 \" data-behavior=\"accordion\" data-lazy=\"1\">\n    \n    <ul class=\"ui module-accordion  rounded gradient shadow tb_default_color\">\n            <li>\n            <div class=\"accordion-title tf_rel\">\n                <a href=\"#acc-lbpe18-0\" class=\"tb_title_accordion\" aria-controls=\"acc-lbpe18-0-content\" aria-expanded=\"false\">\n                    <i class=\"accordion-icon\"><svg  class=\"tf_fa tf-ti-angle-down\" aria-hidden=\"true\"><use href=\"#tf-ti-angle-down\"><\/use><\/svg><\/i>                    <i class=\"accordion-active-icon tf_hide\"><svg  class=\"tf_fa tf-ti-angle-up\" aria-hidden=\"true\"><use href=\"#tf-ti-angle-up\"><\/use><\/svg><\/i>                    PERSONAL DE ADMINISTRACI\u00d3N Y SERVICIOS (PAS)                <\/a>\n            <\/div><!-- .accordion-title -->\n            <div id=\"acc-lbpe18-0-content\" data-id=\"acc-lbpe18-0\" aria-hidden=\"true\" class=\"accordion-content tf_hide tf_clearfix\">\n                        <div  data-lazy=\"1\" class=\"module_subrow themify_builder_sub_row tf_w col_align_top tb_col_count_1 tb_9m7717\">\n                <div  data-lazy=\"1\" class=\"module_column sub_column tb_plgw17 first\">\n                    <!-- module text -->\n<div  class=\"module module-text tb_1dgj17   \" data-lazy=\"1\">\n        <div  class=\"tb_text_wrap\">\n        <p style=\"text-align: center\"><strong>CONSERJE<\/strong> \u2013 Israel Moreno Medina<\/p>\n<p style=\"text-align: center\"><strong>AUXILIAR ADMINISTRATIVA<\/strong> \u2013 Eva Maraver Montero<\/p>\n<p style=\"text-align: center\"><strong>COCINERA<\/strong> \u2013 M\u00aa del Carmen Villar Moncayo<\/p>\n<p style=\"text-align: center\"><strong>AYTE. COCINA<\/strong> \u2013 Julia Molina Gil<\/p>    <\/div>\n<\/div>\n<!-- \/module text -->        <\/div>\n                    <\/div>\n                    <\/div><!-- .accordion-content -->\n        <\/li>\n        <\/ul>\n\n<\/div><!-- \/module accordion -->        <\/div>\n                    <div  data-lazy=\"1\" class=\"module_column sub_column tb_n95419 last\">\n                    <!-- module accordion -->\n<div  class=\"module module-accordion tb_z5n119 \" data-behavior=\"accordion\" data-lazy=\"1\">\n    <h3 class=\"module-title\">CONSEJO ESCOLAR<\/h3>\n    <ul class=\"ui module-accordion  rounded gradient shadow tb_default_color\">\n            <li>\n            <div class=\"accordion-title tf_rel\">\n                <a href=\"#acc-z5n119-0\" class=\"tb_title_accordion\" aria-controls=\"acc-z5n119-0-content\" aria-expanded=\"false\">\n                    <i class=\"accordion-icon\"><svg  class=\"tf_fa tf-ti-angle-down\" aria-hidden=\"true\"><use href=\"#tf-ti-angle-down\"><\/use><\/svg><\/i>                    <i class=\"accordion-active-icon tf_hide\"><svg  class=\"tf_fa tf-ti-angle-up\" aria-hidden=\"true\"><use href=\"#tf-ti-angle-up\"><\/use><\/svg><\/i>                    EQUIPO DIRECTIVO                <\/a>\n            <\/div><!-- .accordion-title -->\n            <div id=\"acc-z5n119-0-content\" data-id=\"acc-z5n119-0\" aria-hidden=\"true\" class=\"accordion-content tf_hide tf_clearfix\">\n                        <div  data-lazy=\"1\" class=\"module_subrow themify_builder_sub_row tf_w col_align_top tb_col_count_1 tb_ogt2942\">\n                <div  data-lazy=\"1\" class=\"module_column sub_column tb_pbdp942 first\">\n                    <!-- module text -->\n<div  class=\"module module-text tb_gc24942   \" data-lazy=\"1\">\n        <div  class=\"tb_text_wrap\">\n        Accordion content    <\/div>\n<\/div>\n<!-- \/module text -->        <\/div>\n                    <\/div>\n                    <\/div><!-- .accordion-content -->\n        <\/li>\n            <li>\n            <div class=\"accordion-title tf_rel\">\n                <a href=\"#acc-z5n119-1\" class=\"tb_title_accordion\" aria-controls=\"acc-z5n119-1-content\" aria-expanded=\"false\">\n                    <i class=\"accordion-icon\"><svg  class=\"tf_fa tf-ti-angle-down\" aria-hidden=\"true\"><use href=\"#tf-ti-angle-down\"><\/use><\/svg><\/i>                    <i class=\"accordion-active-icon tf_hide\"><svg  class=\"tf_fa tf-ti-angle-up\" aria-hidden=\"true\"><use href=\"#tf-ti-angle-up\"><\/use><\/svg><\/i>                    PROFESORADO                <\/a>\n            <\/div><!-- .accordion-title -->\n            <div id=\"acc-z5n119-1-content\" data-id=\"acc-z5n119-1\" aria-hidden=\"true\" class=\"accordion-content tf_hide tf_clearfix\">\n                        <div  data-lazy=\"1\" class=\"module_subrow themify_builder_sub_row tf_w col_align_top tb_col_count_1 tb_b5tj943\">\n                <div  data-lazy=\"1\" class=\"module_column sub_column tb_nwt9943 first\">\n                    <!-- module text -->\n<div  class=\"module module-text tb_5pqt943   \" data-lazy=\"1\">\n        <div  class=\"tb_text_wrap\">\n        Accordion content    <\/div>\n<\/div>\n<!-- \/module text -->        <\/div>\n                    <\/div>\n                    <\/div><!-- .accordion-content -->\n        <\/li>\n            <li>\n            <div class=\"accordion-title tf_rel\">\n                <a href=\"#acc-z5n119-2\" class=\"tb_title_accordion\" aria-controls=\"acc-z5n119-2-content\" aria-expanded=\"false\">\n                    <i class=\"accordion-icon\"><svg  class=\"tf_fa tf-ti-angle-down\" aria-hidden=\"true\"><use href=\"#tf-ti-angle-down\"><\/use><\/svg><\/i>                    <i class=\"accordion-active-icon tf_hide\"><svg  class=\"tf_fa tf-ti-angle-up\" aria-hidden=\"true\"><use href=\"#tf-ti-angle-up\"><\/use><\/svg><\/i>                    MADRES \/ PADRES \/ TUTORES                <\/a>\n            <\/div><!-- .accordion-title -->\n            <div id=\"acc-z5n119-2-content\" data-id=\"acc-z5n119-2\" aria-hidden=\"true\" class=\"accordion-content tf_hide tf_clearfix\">\n                        <div  data-lazy=\"1\" class=\"module_subrow themify_builder_sub_row tf_w col_align_top tb_col_count_1 tb_et4w943\">\n                <div  data-lazy=\"1\" class=\"module_column sub_column tb_2lh5943 first\">\n                    <!-- module text -->\n<div  class=\"module module-text tb_a1q0943   \" data-lazy=\"1\">\n        <div  class=\"tb_text_wrap\">\n        Accordion content    <\/div>\n<\/div>\n<!-- \/module text -->        <\/div>\n                    <\/div>\n                    <\/div><!-- .accordion-content -->\n        <\/li>\n            <li>\n            <div class=\"accordion-title tf_rel\">\n                <a href=\"#acc-z5n119-3\" class=\"tb_title_accordion\" aria-controls=\"acc-z5n119-3-content\" aria-expanded=\"false\">\n                    <i class=\"accordion-icon\"><svg  class=\"tf_fa tf-ti-angle-down\" aria-hidden=\"true\"><use href=\"#tf-ti-angle-down\"><\/use><\/svg><\/i>                    <i class=\"accordion-active-icon tf_hide\"><svg  class=\"tf_fa tf-ti-angle-up\" aria-hidden=\"true\"><use href=\"#tf-ti-angle-up\"><\/use><\/svg><\/i>                    PERSONAL DE ADMON. Y SERVICIOS (PAS)                <\/a>\n            <\/div><!-- .accordion-title -->\n            <div id=\"acc-z5n119-3-content\" data-id=\"acc-z5n119-3\" aria-hidden=\"true\" class=\"accordion-content tf_hide tf_clearfix\">\n                        <div  data-lazy=\"1\" class=\"module_subrow themify_builder_sub_row tf_w col_align_top tb_col_count_1 tb_0nw3943\">\n                <div  data-lazy=\"1\" class=\"module_column sub_column tb_jclb943 first\">\n                    <!-- module text -->\n<div  class=\"module module-text tb_c6kb943   \" data-lazy=\"1\">\n        <div  class=\"tb_text_wrap\">\n        Accordion content    <\/div>\n<\/div>\n<!-- \/module text -->        <\/div>\n                    <\/div>\n                    <\/div><!-- .accordion-content -->\n        <\/li>\n            <li>\n            <div class=\"accordion-title tf_rel\">\n                <a href=\"#acc-z5n119-4\" class=\"tb_title_accordion\" aria-controls=\"acc-z5n119-4-content\" aria-expanded=\"false\">\n                    <i class=\"accordion-icon\"><svg  class=\"tf_fa tf-ti-angle-down\" aria-hidden=\"true\"><use href=\"#tf-ti-angle-down\"><\/use><\/svg><\/i>                    <i class=\"accordion-active-icon tf_hide\"><svg  class=\"tf_fa tf-ti-angle-up\" aria-hidden=\"true\"><use href=\"#tf-ti-angle-up\"><\/use><\/svg><\/i>                    AYUNTAMIENTO                <\/a>\n            <\/div><!-- .accordion-title -->\n            <div id=\"acc-z5n119-4-content\" data-id=\"acc-z5n119-4\" aria-hidden=\"true\" class=\"accordion-content tf_hide tf_clearfix\">\n                        <div  data-lazy=\"1\" class=\"module_subrow themify_builder_sub_row tf_w col_align_top tb_col_count_1 tb_hlo0943\">\n                <div  data-lazy=\"1\" class=\"module_column sub_column tb_fin1943 first\">\n                    <!-- module text -->\n<div  class=\"module module-text tb_sa66943   \" data-lazy=\"1\">\n        <div  class=\"tb_text_wrap\">\n        Accordion content    <\/div>\n<\/div>\n<!-- \/module text -->        <\/div>\n                    <\/div>\n                    <\/div><!-- .accordion-content -->\n        <\/li>\n            <li>\n            <div class=\"accordion-title tf_rel\">\n                <a href=\"#acc-z5n119-5\" class=\"tb_title_accordion\" aria-controls=\"acc-z5n119-5-content\" aria-expanded=\"false\">\n                    <i class=\"accordion-icon\"><svg  class=\"tf_fa tf-ti-angle-down\" aria-hidden=\"true\"><use href=\"#tf-ti-angle-down\"><\/use><\/svg><\/i>                    <i class=\"accordion-active-icon tf_hide\"><svg  class=\"tf_fa tf-ti-angle-up\" aria-hidden=\"true\"><use href=\"#tf-ti-angle-up\"><\/use><\/svg><\/i>                    FOMENTO IGUALDAD                <\/a>\n            <\/div><!-- .accordion-title -->\n            <div id=\"acc-z5n119-5-content\" data-id=\"acc-z5n119-5\" aria-hidden=\"true\" class=\"accordion-content tf_hide tf_clearfix\">\n                        <div  data-lazy=\"1\" class=\"module_subrow themify_builder_sub_row tf_w col_align_top tb_col_count_1 tb_x61q943\">\n                <div  data-lazy=\"1\" class=\"module_column sub_column tb_ds0p943 first\">\n                    <!-- module text -->\n<div  class=\"module module-text tb_x5ed943   \" data-lazy=\"1\">\n        <div  class=\"tb_text_wrap\">\n        Accordion content    <\/div>\n<\/div>\n<!-- \/module text -->        <\/div>\n                    <\/div>\n                    <\/div><!-- .accordion-content -->\n        <\/li>\n        <\/ul>\n\n<\/div><!-- \/module accordion -->        <\/div>\n                    <\/div>\n                <\/div>\n                        <\/div>\n        <\/div>\n        <\/div>\n<!--\/themify_builder_content-->","protected":false},"excerpt":{"rendered":"<p>RECURSOS HUMANOS CLAUSTRO 2024 &#8211; 2025 EQUIPO DIRECTIVO DIRECCI\u00d3N &#8211; Francisco Manuel S\u00e1nchez Aguilar JEFATURA DE ESTUDIOS &#8211; Rafaela Garc\u00eda Mart\u00ednez SECRETAR\u00cdA &#8211; Pilar Lara Maysounave HORARIO DE ATENCI\u00d3N AL P\u00daBLICO DIRECCI\u00d3N: lunes a viernes de 9:00 a 9:45 SECRETAR\u00cdA: lunes a viernes de 13:15 a 14:00 ADMINISTRATIVA: martes y jueves DIRECCI\u00d3N &#8211; Francisco Manuel [&hellip;]<\/p>\n","protected":false},"author":2285,"featured_media":0,"parent":0,"menu_order":0,"comment_status":"closed","ping_status":"closed","template":"","meta":{"ngg_post_thumbnail":0,"footnotes":"","_mc_calendar":[]},"aioseo_notices":[],"_links":{"self":[{"href":"https:\/\/blogsaverroes.juntadeandalucia.es\/ceipntrasradefatima\/wp-json\/wp\/v2\/pages\/2368"}],"collection":[{"href":"https:\/\/blogsaverroes.juntadeandalucia.es\/ceipntrasradefatima\/wp-json\/wp\/v2\/pages"}],"about":[{"href":"https:\/\/blogsaverroes.juntadeandalucia.es\/ceipntrasradefatima\/wp-json\/wp\/v2\/types\/page"}],"author":[{"embeddable":true,"href":"https:\/\/blogsaverroes.juntadeandalucia.es\/ceipntrasradefatima\/wp-json\/wp\/v2\/users\/2285"}],"replies":[{"embeddable":true,"href":"https:\/\/blogsaverroes.juntadeandalucia.es\/ceipntrasradefatima\/wp-json\/wp\/v2\/comments?post=2368"}],"version-history":[{"count":49,"href":"https:\/\/blogsaverroes.juntadeandalucia.es\/ceipntrasradefatima\/wp-json\/wp\/v2\/pages\/2368\/revisions"}],"predecessor-version":[{"id":5670,"href":"https:\/\/blogsaverroes.juntadeandalucia.es\/ceipntrasradefatima\/wp-json\/wp\/v2\/pages\/2368\/revisions\/5670"}],"wp:attachment":[{"href":"https:\/\/blogsaverroes.juntadeandalucia.es\/ceipntrasradefatima\/wp-json\/wp\/v2\/media?parent=2368"}],"curies":[{"name":"wp","href":"https:\/\/api.w.org\/{rel}","templated":true}]}}