{"id":3184,"date":"2020-08-05T23:53:52","date_gmt":"2020-08-05T23:53:52","guid":{"rendered":"http:\/\/blogsaverroes.juntadeandalucia.es\/ceipntrasradefatima\/?page_id=3184"},"modified":"2020-08-06T23:39:27","modified_gmt":"2020-08-06T23:39:27","slug":"instalaciones","status":"publish","type":"page","link":"https:\/\/blogsaverroes.juntadeandalucia.es\/ceipntrasradefatima\/datos-del-centro\/instalaciones\/","title":{"rendered":"Instalaciones"},"content":{"rendered":"<!--themify_builder_content-->\n<div id=\"themify_builder_content-3184\" data-postid=\"3184\" class=\"themify_builder_content themify_builder_content-3184 themify_builder tf_clear\">\n                    <div  data-lazy=\"1\" class=\"module_row themify_builder_row tb_p93o70 tb_first tf_w\">\n                        <div class=\"row_inner col_align_middle tb_col_count_2 tf_box tf_rel\">\n                        <div  data-lazy=\"1\" class=\"module_column tb-column col4-2 tb_o3o572 first\">\n                    <!-- module text -->\n<div  class=\"module module-text tb_mxuc73   \" data-lazy=\"1\">\n        <div  class=\"tb_text_wrap\">\n        <h1>INSTALACIONES<\/h1>    <\/div>\n<\/div>\n<!-- \/module text --><!-- module text -->\n<div  class=\"module module-text tb_hf7i73   \" data-lazy=\"1\">\n        <div  class=\"tb_text_wrap\">\n        <p>Nuestro centro ocupa una parcela de unos 2.700 m2 en la que se sit\u00faan cuatro edificios adosados que corresponden a distintas \u00e9pocas de construcci\u00f3n. El colegio dispone de una buena infraestructura y localizaci\u00f3n. Cuenta con los siguientes espacios y dependencias:<\/p>    <\/div>\n<\/div>\n<!-- \/module text -->        <div  data-lazy=\"1\" class=\"module_subrow themify_builder_sub_row tf_w col_align_top tb_col_count_2 tb_3ghu74\">\n                <div  data-lazy=\"1\" class=\"module_column sub_column col2-1 tb_647875 first\">\n                    <!-- module text -->\n<div  class=\"module module-text tb_s4ub75   \" data-lazy=\"1\">\n        <div  class=\"tb_text_wrap\">\n        <ul>\n<li>3 aulas de Educaci\u00f3n Infantil.<\/li>\n<li>6 aulas de Educaci\u00f3n Primaria.<\/li>\n<li>Aula de Pedagog\u00eda Terap\u00e9utica.<\/li>\n<li>Aula de Psicomotricidad.<\/li>\n<li>Biblioteca.<\/li>\n<li>Sal\u00f3n de Actos.<\/li>\n<li>Comedor y cocina.<\/li>\n<li>Aula matinal.<\/li>\n<li>Zona administrativa: Despacho de Direcci\u00f3n y despacho compartida de Jefatura de Estudios y Secretar\u00eda.<\/li>\n<\/ul>    <\/div>\n<\/div>\n<!-- \/module text -->        <\/div>\n                    <div  data-lazy=\"1\" class=\"module_column sub_column col2-1 tb_1ssl76 last\">\n                    <!-- module text -->\n<div  class=\"module module-text tb_0lgc76   \" data-lazy=\"1\">\n        <div  class=\"tb_text_wrap\">\n        <ul>\n<li>Sala de profesores<\/li>\n<li>Conserjer\u00eda.<\/li>\n<li>Almac\u00e9n.<\/li>\n<li>2 armarios\u00a0rack.<\/li>\n<li>2 patios de recreo.<\/li>\n<li>2 porches.\u00a0<\/li>\n<li>Patio central.<\/li>\n<li>4 aseos alumnado, de los cuales tres de ellos est\u00e1n adaptados para personas con discapacidad.<\/li>\n<li>2 aseos profesorado.<\/li>\n<li>1 aseo conserje.<\/li>\n<\/ul>    <\/div>\n<\/div>\n<!-- \/module text -->        <\/div>\n                    <\/div>\n        <!-- module text -->\n<div  class=\"module module-text tb_i1lq76   \" data-lazy=\"1\">\n        <div  class=\"tb_text_wrap\">\n        <p>En cuanto al equipamiento, mobiliario y material did\u00e1ctico, podemos decir que disponemos del suficiente, enviado en su mayor parte por la CEJA. El resto han sido aportaciones del A.M.P.A. En este aspecto cabe destacar que todas las aulas disponen de PDI.<\/p>    <\/div>\n<\/div>\n<!-- \/module text -->        <\/div>\n                    <div  data-lazy=\"1\" class=\"module_column tb-column col4-2 tb_86xc77 last\">\n                    <!-- module image -->\n<div  class=\"module module-image tb_wkjf77 image-top   tf_mw\" data-lazy=\"1\">\n        <div class=\"image-wrap tf_rel tf_mw\">\n            <img loading=\"lazy\" decoding=\"async\" src=\"https:\/\/blogsaverroes.juntadeandalucia.es\/ceipntrasradefatima\/files\/2020\/08\/pasillo-500x682.png\" width=\"500\" height=\"682\" class=\"wp-post-image wp-image-3297\" title=\"pasillo\" alt=\"pasillo\" srcset=\"https:\/\/blogsaverroes.juntadeandalucia.es\/ceipntrasradefatima\/files\/2020\/08\/pasillo-500x682.png 500w, https:\/\/blogsaverroes.juntadeandalucia.es\/ceipntrasradefatima\/files\/2020\/08\/pasillo-220x300.png 220w, https:\/\/blogsaverroes.juntadeandalucia.es\/ceipntrasradefatima\/files\/2020\/08\/pasillo-768x1048.png 768w, https:\/\/blogsaverroes.juntadeandalucia.es\/ceipntrasradefatima\/files\/2020\/08\/pasillo-751x1024.png 751w, https:\/\/blogsaverroes.juntadeandalucia.es\/ceipntrasradefatima\/files\/2020\/08\/pasillo-18x24.png 18w, https:\/\/blogsaverroes.juntadeandalucia.es\/ceipntrasradefatima\/files\/2020\/08\/pasillo-26x36.png 26w, https:\/\/blogsaverroes.juntadeandalucia.es\/ceipntrasradefatima\/files\/2020\/08\/pasillo-35x48.png 35w, https:\/\/blogsaverroes.juntadeandalucia.es\/ceipntrasradefatima\/files\/2020\/08\/pasillo.png 837w\" sizes=\"(max-width: 500px) 100vw, 500px\" \/>    \n        <\/div>\n    <!-- \/image-wrap -->\n    \n        <\/div>\n<!-- \/module image -->        <\/div>\n                        <\/div>\n        <\/div>\n        <\/div>\n<!--\/themify_builder_content-->","protected":false},"excerpt":{"rendered":"<p>INSTALACIONES Nuestro centro ocupa una parcela de unos 2.700 m2 en la que se sit\u00faan cuatro edificios adosados que corresponden a distintas \u00e9pocas de construcci\u00f3n. El colegio dispone de una buena infraestructura y localizaci\u00f3n. Cuenta con los siguientes espacios y dependencias: 3 aulas de Educaci\u00f3n Infantil. 6 aulas de Educaci\u00f3n Primaria. Aula de Pedagog\u00eda Terap\u00e9utica. [&hellip;]<\/p>\n","protected":false},"author":8231,"featured_media":0,"parent":2351,"menu_order":0,"comment_status":"closed","ping_status":"closed","template":"","meta":{"ngg_post_thumbnail":0,"footnotes":"","_mc_calendar":[]},"aioseo_notices":[],"_links":{"self":[{"href":"https:\/\/blogsaverroes.juntadeandalucia.es\/ceipntrasradefatima\/wp-json\/wp\/v2\/pages\/3184"}],"collection":[{"href":"https:\/\/blogsaverroes.juntadeandalucia.es\/ceipntrasradefatima\/wp-json\/wp\/v2\/pages"}],"about":[{"href":"https:\/\/blogsaverroes.juntadeandalucia.es\/ceipntrasradefatima\/wp-json\/wp\/v2\/types\/page"}],"author":[{"embeddable":true,"href":"https:\/\/blogsaverroes.juntadeandalucia.es\/ceipntrasradefatima\/wp-json\/wp\/v2\/users\/8231"}],"replies":[{"embeddable":true,"href":"https:\/\/blogsaverroes.juntadeandalucia.es\/ceipntrasradefatima\/wp-json\/wp\/v2\/comments?post=3184"}],"version-history":[{"count":6,"href":"https:\/\/blogsaverroes.juntadeandalucia.es\/ceipntrasradefatima\/wp-json\/wp\/v2\/pages\/3184\/revisions"}],"predecessor-version":[{"id":3307,"href":"https:\/\/blogsaverroes.juntadeandalucia.es\/ceipntrasradefatima\/wp-json\/wp\/v2\/pages\/3184\/revisions\/3307"}],"up":[{"embeddable":true,"href":"https:\/\/blogsaverroes.juntadeandalucia.es\/ceipntrasradefatima\/wp-json\/wp\/v2\/pages\/2351"}],"wp:attachment":[{"href":"https:\/\/blogsaverroes.juntadeandalucia.es\/ceipntrasradefatima\/wp-json\/wp\/v2\/media?parent=3184"}],"curies":[{"name":"wp","href":"https:\/\/api.w.org\/{rel}","templated":true}]}}