{"id":3186,"date":"2020-08-05T23:54:14","date_gmt":"2020-08-05T23:54:14","guid":{"rendered":"http:\/\/blogsaverroes.juntadeandalucia.es\/ceipntrasradefatima\/?page_id=3186"},"modified":"2020-08-06T23:38:57","modified_gmt":"2020-08-06T23:38:57","slug":"oferta-educativa","status":"publish","type":"page","link":"https:\/\/blogsaverroes.juntadeandalucia.es\/ceipntrasradefatima\/datos-del-centro\/oferta-educativa\/","title":{"rendered":"Oferta Educativa"},"content":{"rendered":"<!--themify_builder_content-->\n<div id=\"themify_builder_content-3186\" data-postid=\"3186\" class=\"themify_builder_content themify_builder_content-3186 themify_builder tf_clear\">\n                    <div  data-css_id=\"sau2927\" data-lazy=\"1\" class=\"module_row themify_builder_row fullwidth_row_container tb_sau2927 tb_first tf_w\">\n                        <div class=\"row_inner col_auto_height col_align_top tb_col_count_2 tf_box tf_rel\">\n                        <div  data-lazy=\"1\" class=\"module_column tb-column col3-2 tb_9zc9930 first\">\n                    <!-- module text -->\n<div  class=\"module module-text tb_k1hl931  repeat \" data-lazy=\"1\">\n        <div  class=\"tb_text_wrap\">\n        <h1>Oferta Educativa<\/h1>    <\/div>\n<\/div>\n<!-- \/module text --><!-- module text -->\n<div  class=\"module module-text tb_owke931  repeat \" data-lazy=\"1\">\n        <div  class=\"tb_text_wrap\">\n        <p>Nuestro Centro imparte los niveles de Educaci\u00f3n Infantil, desde los 3 a los 5 a\u00f1os y Educaci\u00f3n Primaria de 1\u00ba a 6\u00ba; desde los 6 a los 12 a\u00f1os. As\u00ed mismo tenemos una unidad de Apoyo a la Integraci\u00f3n de la modalidad de Pedagog\u00eda Terap\u00e9utica y una profesora de Audici\u00f3n y Lenguaje compartida con otro centro de la localidad.<\/p>\n<p>El CEIP Ntra. Sra. de F\u00e1tima tiene 1 l\u00ednea, tanto en Infantil como en Primaria. Es un centro biling\u00fce y nuestro alumnado cursa una segunda lengua extranjera, franc\u00e9s. Contamos con auxiliares de conversaci\u00f3n nativos.<\/p>    <\/div>\n<\/div>\n<!-- \/module text -->        <\/div>\n                    <div  data-lazy=\"1\" class=\"module_column tb-column col3-1 tb_wiva931 last\">\n                            <\/div>\n                        <\/div>\n        <\/div>\n        <\/div>\n<!--\/themify_builder_content-->","protected":false},"excerpt":{"rendered":"<p>Oferta Educativa Nuestro Centro imparte los niveles de Educaci\u00f3n Infantil, desde los 3 a los 5 a\u00f1os y Educaci\u00f3n Primaria de 1\u00ba a 6\u00ba; desde los 6 a los 12 a\u00f1os. As\u00ed mismo tenemos una unidad de Apoyo a la Integraci\u00f3n de la modalidad de Pedagog\u00eda Terap\u00e9utica y una profesora de Audici\u00f3n y Lenguaje compartida [&hellip;]<\/p>\n","protected":false},"author":8231,"featured_media":0,"parent":2351,"menu_order":0,"comment_status":"closed","ping_status":"closed","template":"","meta":{"ngg_post_thumbnail":0,"footnotes":"","_mc_calendar":[]},"aioseo_notices":[],"_links":{"self":[{"href":"https:\/\/blogsaverroes.juntadeandalucia.es\/ceipntrasradefatima\/wp-json\/wp\/v2\/pages\/3186"}],"collection":[{"href":"https:\/\/blogsaverroes.juntadeandalucia.es\/ceipntrasradefatima\/wp-json\/wp\/v2\/pages"}],"about":[{"href":"https:\/\/blogsaverroes.juntadeandalucia.es\/ceipntrasradefatima\/wp-json\/wp\/v2\/types\/page"}],"author":[{"embeddable":true,"href":"https:\/\/blogsaverroes.juntadeandalucia.es\/ceipntrasradefatima\/wp-json\/wp\/v2\/users\/8231"}],"replies":[{"embeddable":true,"href":"https:\/\/blogsaverroes.juntadeandalucia.es\/ceipntrasradefatima\/wp-json\/wp\/v2\/comments?post=3186"}],"version-history":[{"count":9,"href":"https:\/\/blogsaverroes.juntadeandalucia.es\/ceipntrasradefatima\/wp-json\/wp\/v2\/pages\/3186\/revisions"}],"predecessor-version":[{"id":3305,"href":"https:\/\/blogsaverroes.juntadeandalucia.es\/ceipntrasradefatima\/wp-json\/wp\/v2\/pages\/3186\/revisions\/3305"}],"up":[{"embeddable":true,"href":"https:\/\/blogsaverroes.juntadeandalucia.es\/ceipntrasradefatima\/wp-json\/wp\/v2\/pages\/2351"}],"wp:attachment":[{"href":"https:\/\/blogsaverroes.juntadeandalucia.es\/ceipntrasradefatima\/wp-json\/wp\/v2\/media?parent=3186"}],"curies":[{"name":"wp","href":"https:\/\/api.w.org\/{rel}","templated":true}]}}