{"id":4586,"date":"2023-10-02T10:46:39","date_gmt":"2023-10-02T10:46:39","guid":{"rendered":"http:\/\/blogsaverroes.juntadeandalucia.es\/ceipntrasradefatima\/?page_id=4586"},"modified":"2024-09-22T16:35:27","modified_gmt":"2024-09-22T16:35:27","slug":"familias","status":"publish","type":"page","link":"https:\/\/blogsaverroes.juntadeandalucia.es\/ceipntrasradefatima\/familias\/","title":{"rendered":"Familias"},"content":{"rendered":"<!--themify_builder_content-->\n<div id=\"themify_builder_content-4586\" data-postid=\"4586\" class=\"themify_builder_content themify_builder_content-4586 themify_builder tf_clear\">\n                    <div  data-css_id=\"ch8a924\" data-lazy=\"1\" class=\"module_row themify_builder_row fullwidth tb_ch8a924 tb_first tf_w\">\n                        <div class=\"row_inner col_align_top tb_col_count_1 tf_box tf_rel\">\n                        <div  data-lazy=\"1\" class=\"module_column tb-column col-full tb_uu0h926 first\">\n                    <!-- module image -->\n<div  class=\"module module-image tb_xjhu178 image-top   auto_fullwidth tf_mw\" data-lazy=\"1\">\n        <div class=\"image-wrap tf_rel tf_mw\">\n            <img loading=\"lazy\" decoding=\"async\" width=\"2560\" height=\"549\" src=\"https:\/\/blogsaverroes.juntadeandalucia.es\/ceipntrasradefatima\/files\/2024\/09\/Familias-scaled.webp\" class=\"wp-post-image wp-image-4783\" title=\"Familias\" alt=\"Familias\" srcset=\"https:\/\/blogsaverroes.juntadeandalucia.es\/ceipntrasradefatima\/files\/2024\/09\/Familias-scaled.webp 2560w, https:\/\/blogsaverroes.juntadeandalucia.es\/ceipntrasradefatima\/files\/2024\/09\/Familias-300x64.webp 300w, https:\/\/blogsaverroes.juntadeandalucia.es\/ceipntrasradefatima\/files\/2024\/09\/Familias-1024x219.webp 1024w, https:\/\/blogsaverroes.juntadeandalucia.es\/ceipntrasradefatima\/files\/2024\/09\/Familias-768x165.webp 768w, https:\/\/blogsaverroes.juntadeandalucia.es\/ceipntrasradefatima\/files\/2024\/09\/Familias-1536x329.webp 1536w, https:\/\/blogsaverroes.juntadeandalucia.es\/ceipntrasradefatima\/files\/2024\/09\/Familias-2048x439.webp 2048w\" sizes=\"(max-width: 2560px) 100vw, 2560px\" \/>    \n        <\/div>\n    <!-- \/image-wrap -->\n    \n        <\/div>\n<!-- \/module image -->        <\/div>\n                        <\/div>\n        <\/div>\n                        <div  data-lazy=\"1\" class=\"module_row themify_builder_row tb_hvxy100 tf_w\">\n                        <div class=\"row_inner col_align_top tb_col_count_1 tf_box tf_rel\">\n                        <div  data-lazy=\"1\" class=\"module_column tb-column col-full tb_zdl1102 first\">\n                    <!-- module tab -->\n<div  id=\"tb_h2ro170\" class=\"module ui module-tab tb_h2ro170 tab-frame rounded shadow tb_default_color  tab-style-icon-top\" data-lazy=\"1\">\n        <div class=\"tab-nav-current-active tf_hide\">\n\t\t<span class=\"tab_burger_icon_wrap\">\n\t        <span class=\"tab_burger_icon tf_rel\"><\/span>\n\t\t<\/span>\n        <span class=\"tb_activetab_title\">\n            <span class=\"tb_tab_title\">Derechos y Obligaciones de las Familias<\/span>\n                    <\/span>\n    <\/div>\n    <ul class=\"tab-nav tf_clearfix tf_scrollbar\">\n                <li class=\"current\" aria-expanded=\"true\">\n            <a href=\"#tab-tb_h2ro170-0\">\n                <em><svg  class=\"tf_fa tf-ti-pencil\" aria-hidden=\"true\"><use href=\"#tf-ti-pencil\"><\/use><\/svg><\/em>                <span class=\"tb_tab_title\">Derechos y Obligaciones de las Familias<\/span>                                            <\/a>\n        <\/li>\n                <li aria-expanded=\"false\">\n            <a href=\"#tab-tb_h2ro170-1\">\n                <em><svg  class=\"tf_fa tf-ti-bookmark-alt\" aria-hidden=\"true\"><use href=\"#tf-ti-bookmark-alt\"><\/use><\/svg><\/em>                <span class=\"tb_tab_title\">Funciones de los Delegados\/as de clase<\/span>                                            <\/a>\n        <\/li>\n                <li aria-expanded=\"false\">\n            <a href=\"#tab-tb_h2ro170-2\">\n                <em><svg  class=\"tf_fa tf-ti-thumb-up\" aria-hidden=\"true\"><use href=\"#tf-ti-thumb-up\"><\/use><\/svg><\/em>                <span class=\"tb_tab_title\">Compromiso Educativo<\/span>                                            <\/a>\n        <\/li>\n                <li aria-expanded=\"false\">\n            <a href=\"#tab-tb_h2ro170-3\">\n                <em><svg  class=\"tf_fa tf-ti-heart\" aria-hidden=\"true\"><use href=\"#tf-ti-heart\"><\/use><\/svg><\/em>                <span class=\"tb_tab_title\">Compromiso de Convivencia<\/span>                                            <\/a>\n        <\/li>\n            <\/ul>\n            <div data-id=\"tab-tb_h2ro170-0\" class=\"tab-content tf_clear\" aria-hidden=\"false\">\n                            <div class=\"tb_text_wrap\">\n                    <p style=\"text-align: center;\"><iframe loading=\"lazy\" src=\"https:\/\/drive.google.com\/file\/d\/1PFV55jHX0l0zCpyjOLSK-WCr_PNvxq0S\/preview\" width=\"640\" height=\"480\"><\/iframe><\/p>                <\/div>\n                    <\/div>\n            <div data-id=\"tab-tb_h2ro170-1\" class=\"tab-content tf_clear\" aria-hidden=\"true\">\n                            <div class=\"tb_text_wrap\">\n                    <p style=\"text-align: center;\"><iframe loading=\"lazy\" src=\"https:\/\/drive.google.com\/file\/d\/11e39j0HdyP_z5vrFQRY6x6xrGHdDI6--\/preview\" width=\"640\" height=\"480\"><\/iframe><\/p>                <\/div>\n                    <\/div>\n            <div data-id=\"tab-tb_h2ro170-2\" class=\"tab-content tf_clear\" aria-hidden=\"true\">\n                            <div class=\"tb_text_wrap\">\n                    <div>\n<p><a href=\"..\/files\/2024\/09\/compromisoeducativo.webp\"><img loading=\"lazy\" decoding=\"async\" class=\"wp-image-4786 alignleft\" src=\"..\/files\/2024\/09\/compromisoeducativo.webp\" alt=\"Compromiso Educativo\" width=\"380\" height=\"213\" srcset=\"https:\/\/blogsaverroes.juntadeandalucia.es\/ceipntrasradefatima\/files\/2024\/09\/compromisoeducativo.webp 1312w, https:\/\/blogsaverroes.juntadeandalucia.es\/ceipntrasradefatima\/files\/2024\/09\/compromisoeducativo-300x168.webp 300w, https:\/\/blogsaverroes.juntadeandalucia.es\/ceipntrasradefatima\/files\/2024\/09\/compromisoeducativo-1024x574.webp 1024w, https:\/\/blogsaverroes.juntadeandalucia.es\/ceipntrasradefatima\/files\/2024\/09\/compromisoeducativo-768x431.webp 768w\" sizes=\"(max-width: 380px) 100vw, 380px\" \/><\/a>El <strong>compromiso educativo<\/strong> est\u00e1 especialmente indicado para aquel <strong>alumnado que presente dificultades de aprendizaje<\/strong> y tiene por objeto estimular y apoyar el proceso educativo de este alumnado y estrechar la colaboraci\u00f3n de sus familias con el profesorado que lo atiende. Sin perjuicio del derecho que asiste a todas las familias para suscribir compromisos educativos, los centros ofrecer\u00e1n la posibilidad de suscribirlo a las familias del alumnado que presente dificultades de aprendizaje.<\/p>\n<\/div>\n<div>Esta posibilidad <strong>se ofrecer\u00e1 a las familias del alumnado que curse ense\u00f1anzas obligatorias con tres o m\u00e1s \u00e1reas o materias no superadas. Habitualmente, tras la primera o la segunda evaluaci\u00f3n.<\/strong><\/div>\n<div class=\"tb_layout_part_wrap tf_w\"><!--themify_builder_content-->\n    <div  class=\"themify_builder_content themify_builder_content-4793 themify_builder not_editable_builder in_the_loop\" data-postid=\"4793\">\n                        <div  data-lazy=\"1\" class=\"module_row themify_builder_row tb_hy9z895 tf_w\">\n                        <div class=\"row_inner col_align_top tb_col_count_1 tf_box tf_rel\">\n                        <div  data-lazy=\"1\" class=\"module_column tb-column col-full tb_jdl7895 first\">\n                    <!-- module accordion -->\n<div  class=\"module module-accordion tb_zx28794 \" data-behavior=\"accordion\" data-lazy=\"1\">\n    \n    <ul class=\"ui module-accordion  rounded gradient shadow tb_default_color\">\n            <li>\n            <div class=\"accordion-title tf_rel\">\n                <a href=\"#acc-zx28794-0\" class=\"tb_title_accordion\" aria-controls=\"acc-zx28794-0-content\" aria-expanded=\"false\">\n                    <i class=\"accordion-icon\"><svg  class=\"tf_fa tf-ti-angle-down\" aria-hidden=\"true\"><use href=\"#tf-ti-angle-down\"><\/use><\/svg><\/i>                    <i class=\"accordion-active-icon tf_hide\"><svg  class=\"tf_fa tf-ti-angle-up\" aria-hidden=\"true\"><use href=\"#tf-ti-angle-up\"><\/use><\/svg><\/i>                    Modelo de Compromiso Educativo                <\/a>\n            <\/div><!-- .accordion-title -->\n            <div id=\"acc-zx28794-0-content\" data-id=\"acc-zx28794-0\" aria-hidden=\"true\" class=\"accordion-content tf_hide tf_clearfix\">\n                                    <div class=\"tb_text_wrap\">\n                        <p style=\"text-align: center;\"><iframe loading=\"lazy\" src=\"https:\/\/drive.google.com\/file\/d\/12-18Kq1vr5nQz2LCnezX5QUBfOnZblfg\/preview\" width=\"640\" height=\"480\"><\/iframe><\/p>                    <\/div>\n                            <\/div><!-- .accordion-content -->\n        <\/li>\n            <li>\n            <div class=\"accordion-title tf_rel\">\n                <a href=\"#acc-zx28794-1\" class=\"tb_title_accordion\" aria-controls=\"acc-zx28794-1-content\" aria-expanded=\"false\">\n                    <i class=\"accordion-icon\"><svg  class=\"tf_fa tf-ti-angle-down\" aria-hidden=\"true\"><use href=\"#tf-ti-angle-down\"><\/use><\/svg><\/i>                    <i class=\"accordion-active-icon tf_hide\"><svg  class=\"tf_fa tf-ti-angle-up\" aria-hidden=\"true\"><use href=\"#tf-ti-angle-up\"><\/use><\/svg><\/i>                    Pautas de ayuda en el estudio                <\/a>\n            <\/div><!-- .accordion-title -->\n            <div id=\"acc-zx28794-1-content\" data-id=\"acc-zx28794-1\" aria-hidden=\"true\" class=\"accordion-content tf_hide tf_clearfix\">\n                                    <div class=\"tb_text_wrap\">\n                        <p style=\"text-align: center;\"><iframe loading=\"lazy\" src=\"https:\/\/drive.google.com\/file\/d\/1B-_ajuR_D8BV7xpviLPw4ATvwEgV8wKm\/preview\" width=\"640\" height=\"480\"><\/iframe><\/p>                    <\/div>\n                            <\/div><!-- .accordion-content -->\n        <\/li>\n        <\/ul>\n\n<\/div><!-- \/module accordion -->        <\/div>\n                        <\/div>\n        <\/div>\n            <\/div>\n<!--\/themify_builder_content--><\/div>\n                <\/div>\n                    <\/div>\n            <div data-id=\"tab-tb_h2ro170-3\" class=\"tab-content tf_clear\" aria-hidden=\"true\">\n                            <div class=\"tb_text_wrap\">\n                    <p><a href=\"..\/files\/2024\/09\/compromisoconvivencia.webp\"><img loading=\"lazy\" decoding=\"async\" class=\"alignleft wp-image-4788\" src=\"..\/files\/2024\/09\/compromisoconvivencia.webp\" alt=\"Compromiso de Convivencia\" width=\"380\" height=\"213\" srcset=\"https:\/\/blogsaverroes.juntadeandalucia.es\/ceipntrasradefatima\/files\/2024\/09\/compromisoconvivencia.webp 1312w, https:\/\/blogsaverroes.juntadeandalucia.es\/ceipntrasradefatima\/files\/2024\/09\/compromisoconvivencia-300x168.webp 300w, https:\/\/blogsaverroes.juntadeandalucia.es\/ceipntrasradefatima\/files\/2024\/09\/compromisoconvivencia-1024x574.webp 1024w, https:\/\/blogsaverroes.juntadeandalucia.es\/ceipntrasradefatima\/files\/2024\/09\/compromisoconvivencia-768x431.webp 768w\" sizes=\"(max-width: 380px) 100vw, 380px\" \/><\/a>El<strong>\u00a0compromiso de convivencia\u00a0<\/strong>est\u00e1 indicado para el <strong>alumnado que presente problemas de conducta o de aceptaci\u00f3n de las normas escolares<\/strong> y tiene por objeto establecer mecanismos de coordinaci\u00f3n entre las familias y el profesorado, as\u00ed como colaborar en la aplicaci\u00f3n de las medidas que se propongan, tanto en el tiempo escolar como extraescolar, para superar esta situaci\u00f3n.<\/p>\n<div class=\"tb_layout_part_wrap tf_w\"><!--themify_builder_content-->\n    <div  class=\"themify_builder_content themify_builder_content-4799 themify_builder not_editable_builder in_the_loop\" data-postid=\"4799\">\n                        <div  data-lazy=\"1\" class=\"module_row themify_builder_row tb_yebz191 tf_w\">\n                        <div class=\"row_inner col_align_top tb_col_count_1 tf_box tf_rel\">\n                        <div  data-lazy=\"1\" class=\"module_column tb-column col-full tb_dt0n192 first\">\n                    <!-- module accordion -->\n<div  class=\"module module-accordion tb_48y2151 \" data-behavior=\"accordion\" data-lazy=\"1\">\n    \n    <ul class=\"ui module-accordion  rounded gradient shadow tb_default_color\">\n            <li>\n            <div class=\"accordion-title tf_rel\">\n                <a href=\"#acc-48y2151-0\" class=\"tb_title_accordion\" aria-controls=\"acc-48y2151-0-content\" aria-expanded=\"false\">\n                    <i class=\"accordion-icon\"><svg  class=\"tf_fa tf-ti-angle-down\" aria-hidden=\"true\"><use href=\"#tf-ti-angle-down\"><\/use><\/svg><\/i>                    <i class=\"accordion-active-icon tf_hide\"><svg  class=\"tf_fa tf-ti-angle-up\" aria-hidden=\"true\"><use href=\"#tf-ti-angle-up\"><\/use><\/svg><\/i>                    Modelo de Compromiso de Convivencia                <\/a>\n            <\/div><!-- .accordion-title -->\n            <div id=\"acc-48y2151-0-content\" data-id=\"acc-48y2151-0\" aria-hidden=\"true\" class=\"accordion-content tf_hide tf_clearfix\">\n                                    <div class=\"tb_text_wrap\">\n                        <p style=\"text-align: center;\"><iframe loading=\"lazy\" src=\"https:\/\/drive.google.com\/file\/d\/18aODHlb5ga9-wRAI3ajhz0ikNr4HSzxF\/preview\" width=\"640\" height=\"480\"><\/iframe><\/p>                    <\/div>\n                            <\/div><!-- .accordion-content -->\n        <\/li>\n        <\/ul>\n\n<\/div><!-- \/module accordion -->        <\/div>\n                        <\/div>\n        <\/div>\n            <\/div>\n<!--\/themify_builder_content--><\/div>\n                <\/div>\n                    <\/div>\n    <\/div>\n<!-- \/module tab -->\n        <\/div>\n                        <\/div>\n        <\/div>\n        <\/div>\n<!--\/themify_builder_content-->","protected":false},"excerpt":{"rendered":"<p>Derechos y oblicaciones de las familias Funciones de los Delegados\/as de familias Compromiso Educativo El\u00a0compromiso educativo est\u00e1 especialmente indicado para aquel alumnado que presente dificultades de aprendizaje y tiene por objeto estimular y apoyar el proceso educativo de este alumnado y estrechar la colaboraci\u00f3n de sus familias con el profesorado que lo atiende. Sin perjuicio [&hellip;]<\/p>\n","protected":false},"author":8231,"featured_media":0,"parent":0,"menu_order":0,"comment_status":"closed","ping_status":"closed","template":"","meta":{"ngg_post_thumbnail":0,"footnotes":"","_mc_calendar":[]},"aioseo_notices":[],"_links":{"self":[{"href":"https:\/\/blogsaverroes.juntadeandalucia.es\/ceipntrasradefatima\/wp-json\/wp\/v2\/pages\/4586"}],"collection":[{"href":"https:\/\/blogsaverroes.juntadeandalucia.es\/ceipntrasradefatima\/wp-json\/wp\/v2\/pages"}],"about":[{"href":"https:\/\/blogsaverroes.juntadeandalucia.es\/ceipntrasradefatima\/wp-json\/wp\/v2\/types\/page"}],"author":[{"embeddable":true,"href":"https:\/\/blogsaverroes.juntadeandalucia.es\/ceipntrasradefatima\/wp-json\/wp\/v2\/users\/8231"}],"replies":[{"embeddable":true,"href":"https:\/\/blogsaverroes.juntadeandalucia.es\/ceipntrasradefatima\/wp-json\/wp\/v2\/comments?post=4586"}],"version-history":[{"count":18,"href":"https:\/\/blogsaverroes.juntadeandalucia.es\/ceipntrasradefatima\/wp-json\/wp\/v2\/pages\/4586\/revisions"}],"predecessor-version":[{"id":4817,"href":"https:\/\/blogsaverroes.juntadeandalucia.es\/ceipntrasradefatima\/wp-json\/wp\/v2\/pages\/4586\/revisions\/4817"}],"wp:attachment":[{"href":"https:\/\/blogsaverroes.juntadeandalucia.es\/ceipntrasradefatima\/wp-json\/wp\/v2\/media?parent=4586"}],"curies":[{"name":"wp","href":"https:\/\/api.w.org\/{rel}","templated":true}]}}