{"id":99,"date":"2015-03-16T07:22:54","date_gmt":"2015-03-16T07:22:54","guid":{"rendered":"http:\/\/blogsaverroes.juntadeandalucia.es\/pre\/ceip\/?page_id=99"},"modified":"2025-08-25T14:00:20","modified_gmt":"2025-08-25T14:00:20","slug":"comedor-escolar","status":"publish","type":"page","link":"https:\/\/blogsaverroes.juntadeandalucia.es\/ceipntrasradefatima\/comedor-escolar\/","title":{"rendered":"Comedor escolar"},"content":{"rendered":"<!--themify_builder_content-->\n<div id=\"themify_builder_content-99\" data-postid=\"99\" class=\"themify_builder_content themify_builder_content-99 themify_builder tf_clear\">\n                    <div  data-css_id=\"oa4v553\" data-lazy=\"1\" class=\"module_row themify_builder_row fullwidth_row_container tb_oa4v553 tb_first tf_w\">\n            <span class=\"builder_row_cover tf_abs\"><\/span>            <div class=\"row_inner col_align_top tb_col_count_1 tf_box tf_rel\">\n                        <div  data-lazy=\"1\" class=\"module_column tb-column col-full tb_f8jb554 first\">\n                    <!-- module text -->\n<div  class=\"module module-text tb_gkwv555   \" data-lazy=\"1\">\n        <div  class=\"tb_text_wrap\">\n        <h1>Comedor escolar<\/h1>    <\/div>\n<\/div>\n<!-- \/module text --><!-- module text -->\n<div  class=\"module module-text tb_omo2555   \" data-lazy=\"1\">\n        <div  class=\"tb_text_wrap\">\n        <p style=\"text-align: left\">Nuestro comedor es un servicio complementario que resulta de gran utilidad a padres y madres para ayudarles a conciliar la vida laboral y familiar. Tienen una duraci\u00f3n de hasta dos horas desde que acaba la jornada escolar de la ma\u00f1ana (de <strong>14.00 a 16.00<\/strong> horas).<\/p>\n<p style=\"text-align: left\">Promueve una <strong>alimentaci\u00f3n saludable<\/strong> que, se caracteriza por:<\/p>\n<ul>\n<li style=\"text-align: left\">Apuesta por la\u00a0<strong>dieta mediterr\u00e1nea<\/strong>.<\/li>\n<li style=\"text-align: left\">Una mayor proporci\u00f3n de <strong>verdura<\/strong> en los men\u00fas.<\/li>\n<li style=\"text-align: left\"><strong>Fruta fresca<\/strong> como postre.<\/li>\n<li style=\"text-align: left\">Uso de <strong>aceite de oliva virgen extra<\/strong>.<\/li>\n<li style=\"text-align: left\"><strong>Limitaci\u00f3n <\/strong>de los <strong>fritos<\/strong>.<\/li>\n<\/ul>\n<p style=\"text-align: left\"><strong>Precio del Servicio<\/strong>: el precio es 5,54 euros al d\u00eda. Con la bonificaci\u00f3n correspondiente (si la hubiera) y multiplicando por el n\u00famero de d\u00edas de servicio de cada mes se obtiene el recibo mensual.<br \/>(Precio estipulado en el <a href=\"https:\/\/www.juntadeandalucia.es\/boja\/2024\/150\/33\">Acuerdo de 30 de julio de 2024. BOJA 150 de 02\/08\/2024<\/a>)<\/p>    <\/div>\n<\/div>\n<!-- \/module text --><!-- module text -->\n<div  class=\"module module-text tb_6kmj782   \" data-lazy=\"1\">\n        <div  class=\"tb_text_wrap\">\n        <p>\u26a0\ufe0f <strong>IMPORTANTE<\/strong>: Es esencial notificar con anticipaci\u00f3n los d\u00edas en los que los ni\u00f1os\/as no asistir\u00e1n al comedor. Esta notificaci\u00f3n debe realizarse llamando por tel\u00e9fono <strong>antes de las 10:30<\/strong> de la ma\u00f1ana. En caso de no hacerlo y aunque el alumno\/a no haga uso del comedor ese d\u00eda, se aplicar\u00e1 el cargo correspondiente en el recibo. Nuestro principal objetivo es evitar el desperdicio de comida.<\/p>\n<p><strong>Tel\u00e9fono del comedor:<\/strong> <a href=\"tel:954822556\"><strong>954 82 25 56<\/strong><\/a><strong> (extensi\u00f3n 5)<\/strong><\/p>    <\/div>\n<\/div>\n<!-- \/module text -->        <\/div>\n                        <\/div>\n        <\/div>\n                        <div  data-lazy=\"1\" class=\"module_row themify_builder_row tb_ez2o219 tf_w\">\n                        <div class=\"row_inner col_align_top tb_col_count_1 tf_box tf_rel\">\n                        <div  data-lazy=\"1\" class=\"module_column tb-column col-full tb_g23m220 first\">\n                    <!-- module text -->\n<div  class=\"module module-text tb_0vqv139   \" data-lazy=\"1\">\n        <div  class=\"tb_text_wrap\">\n        <div class=\"canva-embed-container\">\n  <iframe src=\"https:\/\/www.canva.com\/design\/DAFvAeEeeik\/6GlfywlQqZwmsXrc9vLJAQ\/view?embed\"><br \/>\n  <\/iframe>\n<\/div>\n    <\/div>\n<\/div>\n<!-- \/module text -->        <\/div>\n                        <\/div>\n        <\/div>\n        <\/div>\n<!--\/themify_builder_content-->","protected":false},"excerpt":{"rendered":"<p>Comedor escolar Nuestro comedor es un servicio complementario que resulta de gran utilidad a padres y madres para ayudarles a conciliar la vida laboral y familiar. Tienen una duraci\u00f3n de hasta dos horas desde que acaba la jornada escolar de la ma\u00f1ana (de 14.00 a 16.00 horas). Promueve una alimentaci\u00f3n saludable que, se caracteriza por: [&hellip;]<\/p>\n","protected":false},"author":1,"featured_media":0,"parent":0,"menu_order":0,"comment_status":"closed","ping_status":"closed","template":"","meta":{"ngg_post_thumbnail":0,"footnotes":"","_mc_calendar":[]},"aioseo_notices":[],"_links":{"self":[{"href":"https:\/\/blogsaverroes.juntadeandalucia.es\/ceipntrasradefatima\/wp-json\/wp\/v2\/pages\/99"}],"collection":[{"href":"https:\/\/blogsaverroes.juntadeandalucia.es\/ceipntrasradefatima\/wp-json\/wp\/v2\/pages"}],"about":[{"href":"https:\/\/blogsaverroes.juntadeandalucia.es\/ceipntrasradefatima\/wp-json\/wp\/v2\/types\/page"}],"author":[{"embeddable":true,"href":"https:\/\/blogsaverroes.juntadeandalucia.es\/ceipntrasradefatima\/wp-json\/wp\/v2\/users\/1"}],"replies":[{"embeddable":true,"href":"https:\/\/blogsaverroes.juntadeandalucia.es\/ceipntrasradefatima\/wp-json\/wp\/v2\/comments?post=99"}],"version-history":[{"count":101,"href":"https:\/\/blogsaverroes.juntadeandalucia.es\/ceipntrasradefatima\/wp-json\/wp\/v2\/pages\/99\/revisions"}],"predecessor-version":[{"id":5858,"href":"https:\/\/blogsaverroes.juntadeandalucia.es\/ceipntrasradefatima\/wp-json\/wp\/v2\/pages\/99\/revisions\/5858"}],"wp:attachment":[{"href":"https:\/\/blogsaverroes.juntadeandalucia.es\/ceipntrasradefatima\/wp-json\/wp\/v2\/media?parent=99"}],"curies":[{"name":"wp","href":"https:\/\/api.w.org\/{rel}","templated":true}]}}