{"id":836,"date":"2020-12-18T08:37:22","date_gmt":"2020-12-18T07:37:22","guid":{"rendered":"https:\/\/blogsaverroes.juntadeandalucia.es\/pre\/plantilla-pencil\/?page_id=836"},"modified":"2025-01-14T16:44:26","modified_gmt":"2025-01-14T15:44:26","slug":"actividades-extraescolares","status":"publish","type":"page","link":"https:\/\/blogsaverroes.juntadeandalucia.es\/ceipntrasradegraciabenameji\/actividades-extraescolares\/","title":{"rendered":"Actividades extraescolares"},"content":{"rendered":"<p>[et_pb_section fb_built=&#8221;1&#8243; _builder_version=&#8221;4.16&#8243; custom_padding=&#8221;0px||0px|&#8221; z_index_tablet=&#8221;500&#8243; box_shadow_horizontal_tablet=&#8221;0px&#8221; box_shadow_vertical_tablet=&#8221;0px&#8221; box_shadow_blur_tablet=&#8221;40px&#8221; box_shadow_spread_tablet=&#8221;0px&#8221; global_colors_info=&#8221;{}&#8221;][et_pb_row _builder_version=&#8221;4.16&#8243; background_size=&#8221;initial&#8221; background_position=&#8221;top_left&#8221; background_repeat=&#8221;repeat&#8221; global_colors_info=&#8221;{}&#8221;][et_pb_column type=&#8221;4_4&#8243; _builder_version=&#8221;4.16&#8243; custom_padding=&#8221;|||&#8221; global_colors_info=&#8221;{}&#8221; custom_padding__hover=&#8221;|||&#8221;][et_pb_image src=&#8221;https:\/\/blogsaverroes.juntadeandalucia.es\/ceipntrasradegraciabenameji\/files\/2024\/11\/Actividades-Extraescolares.jpg&#8221; title_text=&#8221;Actividades-Extraescolares&#8221; align=&#8221;center&#8221; admin_label=&#8221;Imagen de la portada&#8221; _builder_version=&#8221;4.24.2&#8243; z_index_tablet=&#8221;500&#8243; box_shadow_horizontal_tablet=&#8221;0px&#8221; box_shadow_vertical_tablet=&#8221;0px&#8221; box_shadow_blur_tablet=&#8221;40px&#8221; box_shadow_spread_tablet=&#8221;0px&#8221; global_colors_info=&#8221;{}&#8221;][\/et_pb_image][et_pb_text admin_label=&#8221;Texto descriptivo&#8221; _builder_version=&#8221;4.24.2&#8243; z_index_tablet=&#8221;500&#8243; text_text_shadow_horizontal_length_tablet=&#8221;0px&#8221; text_text_shadow_vertical_length_tablet=&#8221;0px&#8221; text_text_shadow_blur_strength_tablet=&#8221;1px&#8221; link_text_shadow_horizontal_length_tablet=&#8221;0px&#8221; link_text_shadow_vertical_length_tablet=&#8221;0px&#8221; link_text_shadow_blur_strength_tablet=&#8221;1px&#8221; ul_text_shadow_horizontal_length_tablet=&#8221;0px&#8221; ul_text_shadow_vertical_length_tablet=&#8221;0px&#8221; ul_text_shadow_blur_strength_tablet=&#8221;1px&#8221; ol_text_shadow_horizontal_length_tablet=&#8221;0px&#8221; ol_text_shadow_vertical_length_tablet=&#8221;0px&#8221; ol_text_shadow_blur_strength_tablet=&#8221;1px&#8221; quote_text_shadow_horizontal_length_tablet=&#8221;0px&#8221; quote_text_shadow_vertical_length_tablet=&#8221;0px&#8221; quote_text_shadow_blur_strength_tablet=&#8221;1px&#8221; header_text_shadow_horizontal_length_tablet=&#8221;0px&#8221; header_text_shadow_vertical_length_tablet=&#8221;0px&#8221; header_text_shadow_blur_strength_tablet=&#8221;1px&#8221; header_2_text_shadow_horizontal_length_tablet=&#8221;0px&#8221; header_2_text_shadow_vertical_length_tablet=&#8221;0px&#8221; header_2_text_shadow_blur_strength_tablet=&#8221;1px&#8221; header_3_text_shadow_horizontal_length_tablet=&#8221;0px&#8221; header_3_text_shadow_vertical_length_tablet=&#8221;0px&#8221; header_3_text_shadow_blur_strength_tablet=&#8221;1px&#8221; header_4_text_shadow_horizontal_length_tablet=&#8221;0px&#8221; header_4_text_shadow_vertical_length_tablet=&#8221;0px&#8221; header_4_text_shadow_blur_strength_tablet=&#8221;1px&#8221; header_5_text_shadow_horizontal_length_tablet=&#8221;0px&#8221; header_5_text_shadow_vertical_length_tablet=&#8221;0px&#8221; header_5_text_shadow_blur_strength_tablet=&#8221;1px&#8221; header_6_text_shadow_horizontal_length_tablet=&#8221;0px&#8221; header_6_text_shadow_vertical_length_tablet=&#8221;0px&#8221; header_6_text_shadow_blur_strength_tablet=&#8221;1px&#8221; box_shadow_horizontal_tablet=&#8221;0px&#8221; box_shadow_vertical_tablet=&#8221;0px&#8221; box_shadow_blur_tablet=&#8221;40px&#8221; box_shadow_spread_tablet=&#8221;0px&#8221; global_colors_info=&#8221;{}&#8221;]<\/p>\n<h2>Actividades extraescolares<\/h2>\n<p><span style=\"font-family: arial, helvetica, sans-serif;font-size: 14pt\"><strong>\u00a0 \u00a0 \u00a0La importancia de las actividades complementarias:<\/strong><\/span><\/p>\n<p><span style=\"font-family: arial, helvetica, sans-serif;font-size: 14pt\">\u00a0 \u00a0 \u00a0La cada vez m\u00e1s aceptada y extendida <strong>educaci\u00f3n integral, nos habla de no solo ayudar a fomentar los conocimientos<\/strong>, sino tambi\u00e9n otras capacidades de los estudiantes, ya que es fundamental para su educaci\u00f3n.<\/span><\/p>\n<article>\n<p><span style=\"font-family: arial, helvetica, sans-serif;font-size: 14pt\">\u00a0 \u00a0 \u00a0Conocer el valor del trabajo en equipo, de la cultura, la m\u00fasica, la paz, las realidades sociales, son s\u00f3lo algunas de las cuestiones que tambi\u00e9n son importantes aparte del conocimiento en bruto, y es aqu\u00ed donde entran <strong>las actividades complementarias, que ayudan a desarrollar conceptos y valores que de otra manera, ser\u00eda imposible.<\/strong><\/span><\/p>\n<p><span style=\"font-family: arial, helvetica, sans-serif;font-size: 14pt\">\u00a0 \u00a0 \u00a0Las actividades complementarias, como su propio nombre indica, <strong>complementan la educaci\u00f3n de los j\u00f3venes en etapa de escolarizaci\u00f3n<\/strong>, para que puedan entender la realidad que les rodea y pasar en el futuro a la sociedad adulta.<\/span><\/p>\n<p><span style=\"font-family: arial, helvetica, sans-serif;font-size: 14pt\">\u00a0 \u00a0 \u00a0Un buen calendario de actividades en un centro educativo, contribuir\u00e1 no solo a practicar conceptos que ya hayan aprendido los alumnos, sino tambi\u00e9n a practicar y descubrir nuevas capacidades y habilidades que tambi\u00e9n son indispensables para su formaci\u00f3n completa.<\/span><\/p>\n<p><span style=\"font-family: arial, helvetica, sans-serif;font-size: 14pt\">\u00a0 \u00a0 \u00a0 Tanto las actividades complementarias como las extraescolares tienen la finalidad de colaborar en la educaci\u00f3n integral de los alumnos.<\/span><\/p>\n<p><span style=\"font-family: arial, helvetica, sans-serif;font-size: 14pt\">\u00a0 \u00a0 \u00a0Con este tipo de actividades se busca, por lo tanto, que tengan una mejor transici\u00f3n a la vida adulta, fomentar la aparici\u00f3n del inter\u00e9s para que puedan elegir su futuro profesional, desarrollar la creatividad, la socializaci\u00f3n, y en definitiva <strong>no limitar la escolarizaci\u00f3n a conocimientos acad\u00e9micos<\/strong>, sino tambi\u00e9n vitales, dando lugar a un proceso mucho m\u00e1s enriquecedor para la persona.\u00a0<\/span><\/p>\n<p><span style=\"font-family: arial, helvetica, sans-serif;font-size: 14pt\"><\/span><\/p>\n<p><span style=\"font-family: arial, helvetica, sans-serif;font-size: 14pt\"><\/span><\/p>\n<\/article>\n<p><span style=\"font-family: arial, helvetica, sans-serif;font-size: 14pt\"><strong>Actividades Complementarias:<\/strong><\/span><\/p>\n<p><span style=\"font-family: arial, helvetica, sans-serif;font-size: 14pt\">\u00a0 \u00a0 \u00a0Las actividades complementarias son aquellas que se realizan en los centros educativos dentro del programa educativo de cada curso y est\u00e1n dentro de las horas escolares.<\/span><\/p>\n<p><span style=\"font-family: arial, helvetica, sans-serif;font-size: 14pt\">\u00a0 \u00a0 \u00a0No se consideran horas lectivas algunas de ellas ya que no son &#8220;de clase&#8221; propiamente dichas, pero se usan para complementar lo aprendido durante las horas lectivas y para fomentar el desarrollo de capacidades valiosas para cada individuo.<\/span><\/p>\n<p><span style=\"font-family: arial, helvetica, sans-serif;font-size: 14pt\">\u00a0 \u00a0 \u00a0Un ejemplo ser\u00eda realizar actividades en eventos o fechas especiales como d\u00eda de Andaluc\u00eda, d\u00eda del libro, d\u00eda contra la violencia de g\u00e9nero, Navidad, fin de curso, entre otras<\/span><\/p>\n<p><span style=\"font-family: arial, helvetica, sans-serif;font-size: 14pt\"><strong>\u00a0 \u00a0 \u00a0A<\/strong><strong>ctividades Extraescolares:<\/strong><\/span><\/p>\n<p><span style=\"font-family: arial, helvetica, sans-serif;font-size: 14pt\">\u00a0 \u00a0 \u00a0Las actividades extraescolares son aquellas que se realizan fuera del horario escolar, tanto si est\u00e1n programadas por el centro educativo como por otro tipo de instituci\u00f3n.<\/span><\/p>\n<p><span style=\"font-family: arial, helvetica, sans-serif;font-size: 14pt\">\u00a0 \u00a0 \u00a0Aunque algunas tengan la misma finalidad que las actividades complementarias, como puede ser complementar el aprendizaje de la escuela, o aprender otras disciplinas como m\u00fasica, deportes, idiomas etc, tambi\u00e9n est\u00e1n enfocadas a complementar los programas educativos y a administrar de la mejor manera posible el tiempo libre de los peque\u00f1os y adolescentes.<\/span><\/p>\n<p><span style=\"font-family: arial, helvetica, sans-serif;font-size: 14pt\">\u00a0 \u00a0 \u00a0No est\u00e1n incluidas directamente en el programa formativo de los cursos, sino que lo complementan, y no tienen en muchos casos una franja de edad concreta para realizarse.<\/span><\/p>\n<p><span style=\"font-family: arial, helvetica, sans-serif;font-size: 14pt\"><strong>\u00a0 \u00a0 \u00a0Beneficios de las actividades complementarias en las escuelas:<\/strong><\/span><\/p>\n<p><span style=\"font-family: arial, helvetica, sans-serif;font-size: 14pt\"><strong>\u00a0 \u00a0 \u00a0Salir de la rutina y aliviar el estr\u00e9s diario.<\/strong><\/span><\/p>\n<p><span style=\"font-family: arial, helvetica, sans-serif;font-size: 14pt\">\u00a0 \u00a0 \u00a0Al igual que los adultos sufren de estr\u00e9s y ansiedad por contar con una alta carga laboral o situaciones complicadas,<strong>\u00a0a los ni\u00f1os y adolescentes les sucede lo mismo con la escuela<\/strong>.<\/span><\/p>\n<p><span style=\"font-family: arial, helvetica, sans-serif;font-size: 14pt\">\u00a0 \u00a0 \u00a0El estr\u00e9s <strong>repercute de forma muy negativa en el rendimiento escolar<\/strong>\u00a0y su vida diaria, por eso es importante combatirlo con todos los medios al alcance tanto desde la familia, como desde los propios centros escolares.<\/span><\/p>\n<p><span style=\"font-family: arial, helvetica, sans-serif;font-size: 14pt\">\u00a0 \u00a0 \u00a0Contar con un buen programa de actividades complementarias frecuentes ayuda en gran medida a mitigar lo rutinario del periodo escolar, a <strong>que los estudiantes se encuentren m\u00e1s motivados<\/strong>, su rendimiento sea m\u00e1s alto, retengan mejor los conocimientos aprendidos y\u00a0<strong>alivian el estr\u00e9s que producen las clases<\/strong>, ya que con las actividades complementarias se aprende desde una perspectiva diferente y de forma activa y pr\u00e1ctica.\u00a0<\/span><\/p>\n<p><span style=\"font-family: arial, helvetica, sans-serif;font-size: 14pt\"><strong>\u00a0 \u00a0 \u00a0Socializaci\u00f3n, cooperaci\u00f3n y sentimiento de pertenencia al grupo:<\/strong><\/span><\/p>\n<p><span style=\"font-family: arial, helvetica, sans-serif;font-size: 14pt\">\u00a0 \u00a0 \u00a0Durante las actividades complementarias es frecuente que se trabajen proyectos en grupos de alumnos y alumnas, por aulas o grados educativos, en los que <strong>el alumnado aprende a trabajar de forma colaborativa<\/strong>\u00a0y que luego son expuestos o incluso representados en el caso de que sean obras teatrales, recitales o conciertos, delante de sus compa\u00f1eros.<\/span><\/p>\n<p><span style=\"font-family: arial, helvetica, sans-serif;font-size: 14pt\">\u00a0 \u00a0 \u00a0Esto ayuda en gran medida a <strong>desarrollar la colaboraci\u00f3n entre los estudiantes, a que aprendan el valor del trabajo en equipo, y su sentimiento de aceptaci\u00f3n por el grupo<\/strong>, de tolerancia, fomenta la socializaci\u00f3n y una amplia\u00a0gama de valores y habilidades que, de otra manera, ser\u00edan muy dif\u00edciles de desarrollar.<\/span><\/p>\n<p><span style=\"font-family: arial, helvetica, sans-serif;font-size: 14pt\"><strong>\u00a0 \u00a0 \u00a0Descubrimiento de habilidades:<\/strong><\/span><\/p>\n<p><span style=\"font-family: arial, helvetica, sans-serif;font-size: 14pt\">\u00a0 \u00a0 \u00a0La realizaci\u00f3n de <strong>actividades de apoyo en los centros escolares<\/strong>, ayuda en gran medida a los alumnos\u00a0<strong>al descubrimiento de sus propias capacidades individuales,\u00a0<\/strong>y a desarrollar su inter\u00e9s por \u00e1reas que de otra manera les ser\u00edan desconocidas.<\/span><\/p>\n<ul>\n<li><span style=\"font-family: arial, helvetica, sans-serif;font-size: 14pt\">Cine<\/span><\/li>\n<li><span style=\"font-family: arial, helvetica, sans-serif;font-size: 14pt\">Teatro<\/span><\/li>\n<li><span style=\"font-family: arial, helvetica, sans-serif;font-size: 14pt\">M\u00fasica<\/span><\/li>\n<li><span style=\"font-family: arial, helvetica, sans-serif;font-size: 14pt\">Historia<\/span><\/li>\n<li><span style=\"font-family: arial, helvetica, sans-serif;font-size: 14pt\">Otras culturas<\/span><\/li>\n<li><span style=\"font-family: arial, helvetica, sans-serif;font-size: 14pt\">Viajar<\/span><\/li>\n<li><span style=\"font-family: arial, helvetica, sans-serif;font-size: 14pt\">Hablar en p\u00fablico<\/span><\/li>\n<li><span style=\"font-family: arial, helvetica, sans-serif;font-size: 14pt\">Hacer negocios<\/span><\/li>\n<li><span style=\"font-family: arial, helvetica, sans-serif;font-size: 14pt\">Gestionar equipos de trabajo<\/span><\/li>\n<li><span style=\"font-family: arial, helvetica, sans-serif;font-size: 14pt\">Capacidades de liderazgo<\/span><\/li>\n<li><span style=\"font-family: arial, helvetica, sans-serif;font-size: 14pt\">Oratoria<\/span><\/li>\n<li><span style=\"font-family: arial, helvetica, sans-serif;font-size: 14pt\">Deportes<\/span><\/li>\n<li><span style=\"font-family: arial, helvetica, sans-serif;font-size: 14pt\">Naturaleza&#8230; Y mucho m\u00e1s.<\/span><span style=\"font-family: arial, helvetica, sans-serif;font-size: 14pt\"><\/span><\/li>\n<\/ul>\n<p>&nbsp;<\/p>\n<p><span style=\"font-family: arial, helvetica, sans-serif;font-size: 14pt\">\u00a0 \u00a0 \u00a0Para los estudiantes el mundo es <strong>un libro abierto que tiene mucho que ofrecer y descubrir<\/strong>, por eso ayudarles a conocerlo y entenderlo m\u00e1s all\u00e1 de los libros y laboratorios es sumamente beneficioso para su educaci\u00f3n integral.<\/span><\/p>\n<p><span style=\"font-family: arial, helvetica, sans-serif;font-size: 14pt\"><strong>\u00a0 \u00a0 \u00a0Desarrollo de conciencia social:<\/strong><\/span><\/p>\n<p><span style=\"font-family: arial, helvetica, sans-serif;font-size: 14pt\">\u00a0 \u00a0 \u00a0La asistencia del alumnado a las actividades que tienen como fondo el entendimiento de las realidades sociales diferentes a la suya tiene habitualmente unas respuestas incre\u00edbles por parte de los peque\u00f1os, y <strong>les ayuda a tomar conciencia social del mundo que les rodea<\/strong>.<\/span><\/p>\n<p><span style=\"font-family: arial, helvetica, sans-serif;font-size: 14pt\">\u00a0 \u00a0 \u00a0Realizar <strong>actividades que giren en torno a un tema concreto son muy bien recibidas<\/strong>\u00a0por los ni\u00f1os, ni\u00f1as y adolescentes, como talleres o charlas efectuadas por profesionales en \u00e1reas concretas, como la paz, el racismo, la violencia de g\u00e9nero, el\u00a0<a href=\"http:\/\/blog.eixestels.com\/acoso-escolar-como-ayudar-hijos-evitarlo\">bullying<\/a>,\u00a0la pobreza, la contaminaci\u00f3n, el respeto por la naturaleza, los animales, etc.<\/span><\/p>\n<p><span style=\"font-family: arial, helvetica, sans-serif;font-size: 14pt\">\u00a0 \u00a0 \u00a0Esto permite tambi\u00e9n, que los j\u00f3venes puedan formar sus propias ideas de la informaci\u00f3n que reciben, favoreciendo su <em>desarrollo intelectual<\/em>,\u00a0<em>pensamiento cr\u00edtico<\/em>\u00a0y\u00a0<em>habilidades de razonamiento.<\/em><\/span><\/p>\n<p><span style=\"font-family: arial, helvetica, sans-serif;font-size: 14pt\"><strong>\u00a0 \u00a0 \u00a0Fomento de la creatividad:<\/strong><\/span><\/p>\n<p><span style=\"font-family: arial, helvetica, sans-serif;font-size: 14pt\">\u00a0 \u00a0 \u00a0Las actividades complementarias tienen tambi\u00e9n como objetivo <strong>fomentar la creatividad del alumnado y el pensamiento divergente<\/strong>, o lo que es lo mismo, la capacidad de desarrollar soluciones creativas a los problemas que se les puedan presentar.<\/span><\/p>\n<p><span style=\"font-family: arial, helvetica, sans-serif;font-size: 14pt\">\u00a0 \u00a0 \u00a0Participar en proyectos, salidas en grupo, actividades, exposiciones y talleres, alimenta la imaginaci\u00f3n y la creatividad de manera que puedan descubrir intereses, capacidades y desarrollar inter\u00e9s por \u00e1reas antes desconocidas.<\/span><\/p>\n<p>&nbsp;<\/p>\n<p><span style=\"font-family: arial, helvetica, sans-serif;font-size: 14pt\"><strong>\u00a0 \u00a0 \u00a0 \u00a1ANIMA A TUS HIJOS A QUE DESCUBRAN EL MUNDO!<\/strong><\/span><\/p>\n<p>[\/et_pb_text][\/et_pb_column][\/et_pb_row][\/et_pb_section]<\/p>\n","protected":false},"excerpt":{"rendered":"<p>Actividades extraescolares \u00a0 \u00a0 \u00a0La importancia de las actividades complementarias: \u00a0 \u00a0 \u00a0La cada vez m\u00e1s aceptada y extendida educaci\u00f3n integral, nos habla de no solo ayudar a fomentar los conocimientos, sino tambi\u00e9n otras capacidades de los estudiantes, ya que es fundamental para su educaci\u00f3n. \u00a0 \u00a0 \u00a0Conocer el valor del trabajo en equipo, de [&hellip;]<\/p>\n","protected":false},"author":7051,"featured_media":0,"parent":0,"menu_order":0,"comment_status":"closed","ping_status":"closed","template":"","meta":{"_et_pb_use_builder":"on","_et_pb_old_content":"","_et_gb_content_width":"","ngg_post_thumbnail":0,"footnotes":""},"aioseo_notices":[],"_links":{"self":[{"href":"https:\/\/blogsaverroes.juntadeandalucia.es\/ceipntrasradegraciabenameji\/wp-json\/wp\/v2\/pages\/836"}],"collection":[{"href":"https:\/\/blogsaverroes.juntadeandalucia.es\/ceipntrasradegraciabenameji\/wp-json\/wp\/v2\/pages"}],"about":[{"href":"https:\/\/blogsaverroes.juntadeandalucia.es\/ceipntrasradegraciabenameji\/wp-json\/wp\/v2\/types\/page"}],"author":[{"embeddable":true,"href":"https:\/\/blogsaverroes.juntadeandalucia.es\/ceipntrasradegraciabenameji\/wp-json\/wp\/v2\/users\/7051"}],"replies":[{"embeddable":true,"href":"https:\/\/blogsaverroes.juntadeandalucia.es\/ceipntrasradegraciabenameji\/wp-json\/wp\/v2\/comments?post=836"}],"version-history":[{"count":3,"href":"https:\/\/blogsaverroes.juntadeandalucia.es\/ceipntrasradegraciabenameji\/wp-json\/wp\/v2\/pages\/836\/revisions"}],"predecessor-version":[{"id":1394,"href":"https:\/\/blogsaverroes.juntadeandalucia.es\/ceipntrasradegraciabenameji\/wp-json\/wp\/v2\/pages\/836\/revisions\/1394"}],"wp:attachment":[{"href":"https:\/\/blogsaverroes.juntadeandalucia.es\/ceipntrasradegraciabenameji\/wp-json\/wp\/v2\/media?parent=836"}],"curies":[{"name":"wp","href":"https:\/\/api.w.org\/{rel}","templated":true}]}}