{"id":871,"date":"2020-12-18T08:57:29","date_gmt":"2020-12-18T07:57:29","guid":{"rendered":"https:\/\/blogsaverroes.juntadeandalucia.es\/pre\/plantilla-pencil\/?page_id=871"},"modified":"2025-01-14T16:28:52","modified_gmt":"2025-01-14T15:28:52","slug":"comedor-escolar","status":"publish","type":"page","link":"https:\/\/blogsaverroes.juntadeandalucia.es\/ceipntrasradegraciabenameji\/comedor-escolar\/","title":{"rendered":"Comedor escolar"},"content":{"rendered":"<p>[et_pb_section fb_built=&#8221;1&#8243; _builder_version=&#8221;4.16&#8243; custom_padding=&#8221;0px||0px|&#8221; z_index_tablet=&#8221;500&#8243; box_shadow_horizontal_tablet=&#8221;0px&#8221; box_shadow_vertical_tablet=&#8221;0px&#8221; box_shadow_blur_tablet=&#8221;40px&#8221; box_shadow_spread_tablet=&#8221;0px&#8221; global_colors_info=&#8221;{}&#8221;][et_pb_row _builder_version=&#8221;4.16&#8243; background_size=&#8221;initial&#8221; background_position=&#8221;top_left&#8221; background_repeat=&#8221;repeat&#8221; global_colors_info=&#8221;{}&#8221;][et_pb_column type=&#8221;4_4&#8243; _builder_version=&#8221;4.16&#8243; custom_padding=&#8221;|||&#8221; global_colors_info=&#8221;{}&#8221; custom_padding__hover=&#8221;|||&#8221;][et_pb_image src=&#8221;https:\/\/blogsaverroes.juntadeandalucia.es\/ceipntrasradegraciabenameji\/files\/2024\/11\/Comedor.png&#8221; title_text=&#8221;Comedor&#8221; align=&#8221;center&#8221; admin_label=&#8221;Imagen de la portada&#8221; _builder_version=&#8221;4.24.2&#8243; z_index_tablet=&#8221;500&#8243; box_shadow_horizontal_tablet=&#8221;0px&#8221; box_shadow_vertical_tablet=&#8221;0px&#8221; box_shadow_blur_tablet=&#8221;40px&#8221; box_shadow_spread_tablet=&#8221;0px&#8221; global_colors_info=&#8221;{}&#8221;][\/et_pb_image][et_pb_text admin_label=&#8221;Texto descriptivo&#8221; _builder_version=&#8221;4.24.2&#8243; z_index_tablet=&#8221;500&#8243; text_text_shadow_horizontal_length_tablet=&#8221;0px&#8221; text_text_shadow_vertical_length_tablet=&#8221;0px&#8221; text_text_shadow_blur_strength_tablet=&#8221;1px&#8221; link_text_shadow_horizontal_length_tablet=&#8221;0px&#8221; link_text_shadow_vertical_length_tablet=&#8221;0px&#8221; link_text_shadow_blur_strength_tablet=&#8221;1px&#8221; ul_text_shadow_horizontal_length_tablet=&#8221;0px&#8221; ul_text_shadow_vertical_length_tablet=&#8221;0px&#8221; ul_text_shadow_blur_strength_tablet=&#8221;1px&#8221; ol_text_shadow_horizontal_length_tablet=&#8221;0px&#8221; ol_text_shadow_vertical_length_tablet=&#8221;0px&#8221; ol_text_shadow_blur_strength_tablet=&#8221;1px&#8221; quote_text_shadow_horizontal_length_tablet=&#8221;0px&#8221; quote_text_shadow_vertical_length_tablet=&#8221;0px&#8221; quote_text_shadow_blur_strength_tablet=&#8221;1px&#8221; header_text_shadow_horizontal_length_tablet=&#8221;0px&#8221; header_text_shadow_vertical_length_tablet=&#8221;0px&#8221; header_text_shadow_blur_strength_tablet=&#8221;1px&#8221; header_2_text_shadow_horizontal_length_tablet=&#8221;0px&#8221; header_2_text_shadow_vertical_length_tablet=&#8221;0px&#8221; header_2_text_shadow_blur_strength_tablet=&#8221;1px&#8221; header_3_text_shadow_horizontal_length_tablet=&#8221;0px&#8221; header_3_text_shadow_vertical_length_tablet=&#8221;0px&#8221; header_3_text_shadow_blur_strength_tablet=&#8221;1px&#8221; header_4_text_shadow_horizontal_length_tablet=&#8221;0px&#8221; header_4_text_shadow_vertical_length_tablet=&#8221;0px&#8221; header_4_text_shadow_blur_strength_tablet=&#8221;1px&#8221; header_5_text_shadow_horizontal_length_tablet=&#8221;0px&#8221; header_5_text_shadow_vertical_length_tablet=&#8221;0px&#8221; header_5_text_shadow_blur_strength_tablet=&#8221;1px&#8221; header_6_text_shadow_horizontal_length_tablet=&#8221;0px&#8221; header_6_text_shadow_vertical_length_tablet=&#8221;0px&#8221; header_6_text_shadow_blur_strength_tablet=&#8221;1px&#8221; box_shadow_horizontal_tablet=&#8221;0px&#8221; box_shadow_vertical_tablet=&#8221;0px&#8221; box_shadow_blur_tablet=&#8221;40px&#8221; box_shadow_spread_tablet=&#8221;0px&#8221; global_colors_info=&#8221;{}&#8221;]<\/p>\n<h2>Comedor escolar<\/h2>\n<p><span style=\"font-family: arial, helvetica, sans-serif;font-size: 14pt\">\u00a0 \u00a0 \u00a0Nuestro Centro Educativo presta el servicio de comedor escolar para el alumnado del segundo ciclo de educaci\u00f3n infantil y educaci\u00f3n primaria, durante un tiempo m\u00e1ximo de dos horas a partir de la finalizaci\u00f3n de la jornada lectiva de ma\u00f1ana, de 14.00 a 16:00 horas. El horario de este servicio proporciona a los padres y a las madres un apoyo que les permite compatibilizar sus obligaciones familiares y profesionales, por tanto, constituye un servicio complementario de gran utilidad para conciliar la vida laboral y familiar. Son, adem\u00e1s, una pieza importante en todas las medidas dirigidas a mejorar los h\u00e1bitos alimenticios de los ni\u00f1os y ni\u00f1as y prevenir problemas de salud como la obesidad.<\/span><\/p>\n<p><span style=\"font-family: arial, helvetica, sans-serif;font-size: 14pt\">\u00a0 \u00a0 \u00a0En la organizaci\u00f3n del servicio de comedor escolar, los centros docentes consideran la atenci\u00f3n al alumnado usuario, tanto en el tiempo destinado a la comida, como en los per\u00edodos inmediatamente anteriores y posteriores a la misma, todo ello en el marco de la concepci\u00f3n educativa integral que tiene este servicio en los centros. La gesti\u00f3n del servicio de comedor se realiza mediante la empresa <a href=\"http:\/\/www.mediterranea-servicios.com\/index.php\/es\/\" target=\"_blank\" rel=\"noopener noreferrer\">C\u00e1terin Mediterr\u00e1nea.<\/a><\/span><\/p>\n<p><span style=\"font-family: arial, helvetica, sans-serif;font-size: 14pt\">\u00a0 \u00a0 \u00a0El servicio de comedor escolar se solicita en el mes de junio en la matriculaci\u00f3n del alumnado y la solicitud de bonificaciones al precio p\u00fablico de dicho servicio se realiza a principios del mes de septiembre para posibilitar que los ingresos de referencia para el c\u00e1lculo de la bonificaci\u00f3n sea el del a\u00f1o inmediatamente anterior, y adecuarse en lo posible a la capacidad econ\u00f3mica real de las familias.<\/span><\/p>\n<p><span style=\"font-family: arial, helvetica, sans-serif;font-size: 14pt\">\u00a0 \u00a0 \u00a0Los men\u00fas que se sirven en los comedores escolares p\u00fablicos siguen las recomendaciones de los organismos responsables en materia de sanidad en cuanto a alimentaci\u00f3n saludable, por lo que se puede afirmar que la situaci\u00f3n de los comedores escolares de Andaluc\u00eda es ejemplar desde el punto de vista nutricional.<\/span><\/p>\n<p id=\"u2005-11\"><span style=\"font-family: arial, helvetica, sans-serif;font-size: 14pt\">\u00a0 \u00a0 \u00a0Entre los <span id=\"u2005-9\">OBJETIVOS DEL COMEDOR<\/span>\u00a0destacaremos:<\/span><\/p>\n<ul id=\"u2005-20\" class=\"list0 nls-None\">\n<li id=\"u2005-13\"><span style=\"font-family: arial, helvetica, sans-serif;font-size: 14pt\">Conseguir que el alumnado adquiera h\u00e1bitos de higiene personal adecuados antes, durante y despu\u00e9s de las comidas.<\/span><\/li>\n<li id=\"u2005-15\"><span style=\"font-family: arial, helvetica, sans-serif;font-size: 14pt\">Fomentar una actitud positiva del alumnado ante los alimentos que\u00a0 se le ofrecen, induci\u00e9ndolos a que los consuman tanto por placer como por el importante valor nutritivo de los mismos.<\/span><\/li>\n<li id=\"u2005-17\"><span style=\"font-family: arial, helvetica, sans-serif;font-size: 14pt\">Educar en la adquisici\u00f3n de la destreza necesaria para la correcta utilizaci\u00f3n de cubiertos, utensilios y servicios de mesa.<\/span><\/li>\n<li id=\"u2005-19\"><span style=\"font-family: arial, helvetica, sans-serif;font-size: 14pt\">Inculcar la adopci\u00f3n de actitudes de respeto hacia los dem\u00e1s, evitando el bullicio y guardando la debida compostura en la mesa.<\/span><\/li>\n<\/ul>\n<p id=\"u2005-21\">\n<p id=\"u2005-25\"><span style=\"font-family: arial, helvetica, sans-serif;font-size: 14pt\">\u00a0 \u00a0 \u00a0Algunas <span id=\"u2005-23\">RECOMENDACIONES QUE DEBEN CONOCER LOS PADRES\u00a0<\/span>para el buen funcionamiento del Comedor Escolar, son:<\/span><\/p>\n<ul id=\"u2005-38\" class=\"list0 nls-None\">\n<li id=\"u2005-27\"><span style=\"font-family: arial, helvetica, sans-serif;font-size: 14pt\">El Colegio es, ante todo, un CENTRO DE ENSE\u00d1ANZA y el COMEDOR escolar, un SERVICIO COMPLEMENTARIO, en el que tambi\u00e9n se lleva a cabo el proceso de ense\u00f1anza-aprendizaje.<\/span><\/li>\n<li id=\"u2005-29\"><span style=\"font-family: arial, helvetica, sans-serif;font-size: 14pt\">Deber\u00e1n respetar siempre las normas de Aseo e Higiene personal.<\/span><\/li>\n<li id=\"u2005-31\"><span style=\"font-family: arial, helvetica, sans-serif;font-size: 14pt\">La COLABORACI\u00d3N entre padres, encargados de comedor y educadores es fundamental para el buen funcionamiento de este\u00a0 servicio.<\/span><\/li>\n<li id=\"u2005-33\"><span style=\"font-family: arial, helvetica, sans-serif;font-size: 14pt\">Se ha de comunicar por escrito ante la direcci\u00f3n del centro, si el alumno padece alguna enfermedad o alergia a tener en cuenta, aportando el certificado m\u00e9dico oportuno.<\/span><\/li>\n<li id=\"u2005-35\"><span style=\"font-family: arial, helvetica, sans-serif;font-size: 14pt\">Es necesario disponer de m\u00e1s de un tel\u00e9fono de los comensales para ponerse en contacto con los padres ante cualquier incidencia, y que estos tel\u00e9fonos est\u00e9n siempre operativos.<\/span><\/li>\n<li id=\"u2005-37\"><span style=\"font-family: arial, helvetica, sans-serif;font-size: 14pt\">Cualquier comensal y sus padres\/madres podr\u00e1n presentar sugerencias y opiniones ante la direcci\u00f3n del Centro, que las atender\u00e1 y adoptar\u00e1 las medidas que correspondan en cada caso.<\/span><\/li>\n<\/ul>\n<p>&nbsp;<\/p>\n<p>[\/et_pb_text][\/et_pb_column][\/et_pb_row][\/et_pb_section]<\/p>\n","protected":false},"excerpt":{"rendered":"<p>Comedor escolar \u00a0 \u00a0 \u00a0Nuestro Centro Educativo presta el servicio de comedor escolar para el alumnado del segundo ciclo de educaci\u00f3n infantil y educaci\u00f3n primaria, durante un tiempo m\u00e1ximo de dos horas a partir de la finalizaci\u00f3n de la jornada lectiva de ma\u00f1ana, de 14.00 a 16:00 horas. El horario de este servicio proporciona a [&hellip;]<\/p>\n","protected":false},"author":7051,"featured_media":0,"parent":0,"menu_order":0,"comment_status":"closed","ping_status":"closed","template":"","meta":{"_et_pb_use_builder":"on","_et_pb_old_content":"","_et_gb_content_width":"","ngg_post_thumbnail":0,"footnotes":""},"aioseo_notices":[],"_links":{"self":[{"href":"https:\/\/blogsaverroes.juntadeandalucia.es\/ceipntrasradegraciabenameji\/wp-json\/wp\/v2\/pages\/871"}],"collection":[{"href":"https:\/\/blogsaverroes.juntadeandalucia.es\/ceipntrasradegraciabenameji\/wp-json\/wp\/v2\/pages"}],"about":[{"href":"https:\/\/blogsaverroes.juntadeandalucia.es\/ceipntrasradegraciabenameji\/wp-json\/wp\/v2\/types\/page"}],"author":[{"embeddable":true,"href":"https:\/\/blogsaverroes.juntadeandalucia.es\/ceipntrasradegraciabenameji\/wp-json\/wp\/v2\/users\/7051"}],"replies":[{"embeddable":true,"href":"https:\/\/blogsaverroes.juntadeandalucia.es\/ceipntrasradegraciabenameji\/wp-json\/wp\/v2\/comments?post=871"}],"version-history":[{"count":5,"href":"https:\/\/blogsaverroes.juntadeandalucia.es\/ceipntrasradegraciabenameji\/wp-json\/wp\/v2\/pages\/871\/revisions"}],"predecessor-version":[{"id":1391,"href":"https:\/\/blogsaverroes.juntadeandalucia.es\/ceipntrasradegraciabenameji\/wp-json\/wp\/v2\/pages\/871\/revisions\/1391"}],"wp:attachment":[{"href":"https:\/\/blogsaverroes.juntadeandalucia.es\/ceipntrasradegraciabenameji\/wp-json\/wp\/v2\/media?parent=871"}],"curies":[{"name":"wp","href":"https:\/\/api.w.org\/{rel}","templated":true}]}}