{"id":1872,"date":"2022-10-20T17:10:09","date_gmt":"2022-10-20T17:10:09","guid":{"rendered":"https:\/\/blogsaverroes.juntadeandalucia.es\/ceipnuestrasenoradebelen\/?page_id=1872"},"modified":"2023-12-04T08:34:41","modified_gmt":"2023-12-04T08:34:41","slug":"lomloe","status":"publish","type":"page","link":"https:\/\/blogsaverroes.juntadeandalucia.es\/ceipnuestrasenoradebelen\/el-centro\/lomloe\/","title":{"rendered":"LOMLOE"},"content":{"rendered":"<p>La Ley Org\u00e1nica 3\/2020, de 29 de diciembre, por la que se modifica la Ley Org\u00e1nica 2\/2006, de 3 de mayo, de Educaci\u00f3n, m\u00e1s conocida por LOMLOE, pretende adecuar el sistema educativo a los retos y desaf\u00edos de la sociedad del siglo XXI en base a un desarrollo competencial del alumnado.&nbsp;<a href=\"https:\/\/blogsaverroes.juntadeandalucia.es\/ceipnuestrasenoradebelen\/el-centro\/lomloe\/mapa-curriculo-lomloe-1536x864\/\" rel=\"attachment wp-att-3213\"><img loading=\"lazy\" decoding=\"async\" class=\"aligncenter wp-image-3213 size-large\" src=\"https:\/\/blogsaverroes.juntadeandalucia.es\/ceipnuestrasenoradebelen\/files\/2023\/12\/Mapa-curr\u00edculo-LOMLOE-1536x864-1-1024x576.png\" alt=\"\" width=\"660\" height=\"371\" srcset=\"https:\/\/blogsaverroes.juntadeandalucia.es\/ceipnuestrasenoradebelen\/files\/2023\/12\/Mapa-curr\u00edculo-LOMLOE-1536x864-1-1024x576.png 1024w, https:\/\/blogsaverroes.juntadeandalucia.es\/ceipnuestrasenoradebelen\/files\/2023\/12\/Mapa-curr\u00edculo-LOMLOE-1536x864-1-300x169.png 300w, https:\/\/blogsaverroes.juntadeandalucia.es\/ceipnuestrasenoradebelen\/files\/2023\/12\/Mapa-curr\u00edculo-LOMLOE-1536x864-1-768x432.png 768w, https:\/\/blogsaverroes.juntadeandalucia.es\/ceipnuestrasenoradebelen\/files\/2023\/12\/Mapa-curr\u00edculo-LOMLOE-1536x864-1-700x393.png 700w, https:\/\/blogsaverroes.juntadeandalucia.es\/ceipnuestrasenoradebelen\/files\/2023\/12\/Mapa-curr\u00edculo-LOMLOE-1536x864-1.png 1536w\" sizes=\"(max-width: 660px) 100vw, 660px\" \/><\/a><\/p>\n<p>Para facilitar su comprensi\u00f3n, les ofrecemos adem\u00e1s una serie de presentaciones en las que consultar los aspectos m\u00e1s relevantes de la misma:<\/p>\n<ul class=\"n8H08c UVNKR\">\n<li class=\"TYR86d zfr3Q\">\n<p class=\"CDt4Ke zfr3Q\" dir=\"ltr\"><span class=\" aw5Odc\"><a class=\"XqQF9c\" href=\"https:\/\/www.google.com\/url?q=https%3A%2F%2Fview.genial.ly%2F62679c55f303ef001304c4fe%2Fpresentation-modulo-1-marco-general&amp;sa=D&amp;sntz=1&amp;usg=AOvVaw0rpulK3UsrTgpU3zV61hs0\" target=\"_blank\" rel=\"noopener noreferrer\">Presentaci\u00f3n 1: Marco general de la LOMLOE.<\/a><\/span><\/p>\n<\/li>\n<li class=\"TYR86d zfr3Q\">\n<p class=\"CDt4Ke zfr3Q\" dir=\"ltr\"><span class=\" aw5Odc\"><a class=\"XqQF9c\" href=\"https:\/\/www.google.com\/url?q=https%3A%2F%2Fview.genial.ly%2F62679c60f303ef001304c545%2Fpresentation-modulo-2-elementos-curriculares&amp;sa=D&amp;sntz=1&amp;usg=AOvVaw2kCiUeuoLil3JeKb_4YcJW\" target=\"_blank\" rel=\"noopener noreferrer\">Presentaci\u00f3n 2: Elementos generales del nuevo curr\u00edculum.<\/a><\/span><\/p>\n<\/li>\n<li class=\"TYR86d zfr3Q\">\n<p class=\"CDt4Ke zfr3Q\" dir=\"ltr\"><span class=\" aw5Odc\"><a class=\"XqQF9c\" href=\"https:\/\/www.google.com\/url?q=https%3A%2F%2Fview.genial.ly%2F62679c7326f5de001a1ff5b3%2Fpresentation-modulo-3-evaluacion-primaria&amp;sa=D&amp;sntz=1&amp;usg=AOvVaw3oKtvwVKh_o0TA7pY-USE2\" target=\"_blank\" rel=\"noopener noreferrer\">Presentaci\u00f3n 3: La evaluaci\u00f3n en la Educaci\u00f3n Primaria.<\/a><\/span><\/p>\n<\/li>\n<li class=\"TYR86d zfr3Q\">\n<p class=\"CDt4Ke zfr3Q\" dir=\"ltr\"><span class=\" aw5Odc\"><a class=\"XqQF9c\" href=\"https:\/\/www.google.com\/url?q=https%3A%2F%2Fview.genial.ly%2F626908dfe8f9020019009e81%2Fpresentation-modulo-4-atencion-a-la-diversidad&amp;sa=D&amp;sntz=1&amp;usg=AOvVaw1Pk-FqOgpjT6g-F5IM6SdQ\" target=\"_blank\" rel=\"noopener noreferrer\">Presentaci\u00f3n 4: Atenci\u00f3n a la diversidad y a las diferencias individuales. El Dise\u00f1o Universal para el Aprendizaje.<\/a><\/span><\/p>\n<\/li>\n<li class=\"TYR86d zfr3Q\">\n<p class=\"CDt4Ke zfr3Q\" dir=\"ltr\"><span class=\" aw5Odc\"><a class=\"XqQF9c\" href=\"https:\/\/www.google.com\/url?q=https%3A%2F%2Fview.genial.ly%2F62679c970a878c0013e9de80%2Fpresentation-modulo-5-situaciones-de-aprendizaje&amp;sa=D&amp;sntz=1&amp;usg=AOvVaw36pRFGy8s6LLBySpOegP7u\" target=\"_blank\" rel=\"noopener noreferrer\">Presentaci\u00f3n 5: Las Situaciones de Aprendizaje.<\/a><\/span><\/p>\n<\/li>\n<\/ul>\n<p>Del mismo modo, adjuntamos una serie de im\u00e1genes en las que les proporcionamos una visi\u00f3n amplia de la estructuraci\u00f3n del curr\u00edculo LOMLOE para facilitar su comprensi\u00f3n.<\/p>\n<p><a href=\"https:\/\/blogsaverroes.juntadeandalucia.es\/ceipnuestrasenoradebelen\/el-centro\/lomloe\/1-3\/\" rel=\"attachment wp-att-1877\"><img loading=\"lazy\" decoding=\"async\" class=\"alignnone size-medium wp-image-1877\" src=\"https:\/\/blogsaverroes.juntadeandalucia.es\/ceipnuestrasenoradebelen\/files\/2022\/10\/1-300x169.jpg\" alt=\"\" width=\"300\" height=\"169\" srcset=\"https:\/\/blogsaverroes.juntadeandalucia.es\/ceipnuestrasenoradebelen\/files\/2022\/10\/1-300x169.jpg 300w, https:\/\/blogsaverroes.juntadeandalucia.es\/ceipnuestrasenoradebelen\/files\/2022\/10\/1-1024x576.jpg 1024w, https:\/\/blogsaverroes.juntadeandalucia.es\/ceipnuestrasenoradebelen\/files\/2022\/10\/1-768x432.jpg 768w, https:\/\/blogsaverroes.juntadeandalucia.es\/ceipnuestrasenoradebelen\/files\/2022\/10\/1-1536x864.jpg 1536w, https:\/\/blogsaverroes.juntadeandalucia.es\/ceipnuestrasenoradebelen\/files\/2022\/10\/1-700x393.jpg 700w, https:\/\/blogsaverroes.juntadeandalucia.es\/ceipnuestrasenoradebelen\/files\/2022\/10\/1.jpg 1600w\" sizes=\"(max-width: 300px) 100vw, 300px\" \/><\/a><a href=\"https:\/\/blogsaverroes.juntadeandalucia.es\/ceipnuestrasenoradebelen\/el-centro\/lomloe\/2-2\/\" rel=\"attachment wp-att-1878\"><img loading=\"lazy\" decoding=\"async\" class=\"alignnone size-medium wp-image-1878\" src=\"https:\/\/blogsaverroes.juntadeandalucia.es\/ceipnuestrasenoradebelen\/files\/2022\/10\/2-300x169.jpg\" alt=\"\" width=\"300\" height=\"169\" srcset=\"https:\/\/blogsaverroes.juntadeandalucia.es\/ceipnuestrasenoradebelen\/files\/2022\/10\/2-300x169.jpg 300w, https:\/\/blogsaverroes.juntadeandalucia.es\/ceipnuestrasenoradebelen\/files\/2022\/10\/2-1024x576.jpg 1024w, https:\/\/blogsaverroes.juntadeandalucia.es\/ceipnuestrasenoradebelen\/files\/2022\/10\/2-768x432.jpg 768w, https:\/\/blogsaverroes.juntadeandalucia.es\/ceipnuestrasenoradebelen\/files\/2022\/10\/2-1536x864.jpg 1536w, https:\/\/blogsaverroes.juntadeandalucia.es\/ceipnuestrasenoradebelen\/files\/2022\/10\/2-700x393.jpg 700w, https:\/\/blogsaverroes.juntadeandalucia.es\/ceipnuestrasenoradebelen\/files\/2022\/10\/2.jpg 1600w\" sizes=\"(max-width: 300px) 100vw, 300px\" \/><\/a><a href=\"https:\/\/blogsaverroes.juntadeandalucia.es\/ceipnuestrasenoradebelen\/el-centro\/lomloe\/attachment\/3\/\" rel=\"attachment wp-att-1874\"><img loading=\"lazy\" decoding=\"async\" class=\"alignnone size-medium wp-image-1874\" src=\"https:\/\/blogsaverroes.juntadeandalucia.es\/ceipnuestrasenoradebelen\/files\/2022\/10\/3-300x169.jpg\" alt=\"\" width=\"300\" height=\"169\" srcset=\"https:\/\/blogsaverroes.juntadeandalucia.es\/ceipnuestrasenoradebelen\/files\/2022\/10\/3-300x169.jpg 300w, https:\/\/blogsaverroes.juntadeandalucia.es\/ceipnuestrasenoradebelen\/files\/2022\/10\/3-1024x576.jpg 1024w, https:\/\/blogsaverroes.juntadeandalucia.es\/ceipnuestrasenoradebelen\/files\/2022\/10\/3-768x432.jpg 768w, https:\/\/blogsaverroes.juntadeandalucia.es\/ceipnuestrasenoradebelen\/files\/2022\/10\/3-1536x864.jpg 1536w, https:\/\/blogsaverroes.juntadeandalucia.es\/ceipnuestrasenoradebelen\/files\/2022\/10\/3-700x393.jpg 700w, https:\/\/blogsaverroes.juntadeandalucia.es\/ceipnuestrasenoradebelen\/files\/2022\/10\/3.jpg 1600w\" sizes=\"(max-width: 300px) 100vw, 300px\" \/><\/a><a href=\"https:\/\/blogsaverroes.juntadeandalucia.es\/ceipnuestrasenoradebelen\/el-centro\/lomloe\/attachment\/4\/\" rel=\"attachment wp-att-1875\"><img loading=\"lazy\" decoding=\"async\" class=\"alignnone size-medium wp-image-1875\" src=\"https:\/\/blogsaverroes.juntadeandalucia.es\/ceipnuestrasenoradebelen\/files\/2022\/10\/4-300x169.jpg\" alt=\"\" width=\"300\" height=\"169\" srcset=\"https:\/\/blogsaverroes.juntadeandalucia.es\/ceipnuestrasenoradebelen\/files\/2022\/10\/4-300x169.jpg 300w, https:\/\/blogsaverroes.juntadeandalucia.es\/ceipnuestrasenoradebelen\/files\/2022\/10\/4-1024x576.jpg 1024w, https:\/\/blogsaverroes.juntadeandalucia.es\/ceipnuestrasenoradebelen\/files\/2022\/10\/4-768x432.jpg 768w, https:\/\/blogsaverroes.juntadeandalucia.es\/ceipnuestrasenoradebelen\/files\/2022\/10\/4-1536x864.jpg 1536w, https:\/\/blogsaverroes.juntadeandalucia.es\/ceipnuestrasenoradebelen\/files\/2022\/10\/4-700x393.jpg 700w, https:\/\/blogsaverroes.juntadeandalucia.es\/ceipnuestrasenoradebelen\/files\/2022\/10\/4.jpg 1600w\" sizes=\"(max-width: 300px) 100vw, 300px\" \/><\/a><a href=\"https:\/\/blogsaverroes.juntadeandalucia.es\/ceipnuestrasenoradebelen\/el-centro\/lomloe\/attachment\/5\/\" rel=\"attachment wp-att-1876\"><img loading=\"lazy\" decoding=\"async\" class=\"alignnone size-medium wp-image-1876\" src=\"https:\/\/blogsaverroes.juntadeandalucia.es\/ceipnuestrasenoradebelen\/files\/2022\/10\/5-300x169.jpg\" alt=\"\" width=\"300\" height=\"169\" srcset=\"https:\/\/blogsaverroes.juntadeandalucia.es\/ceipnuestrasenoradebelen\/files\/2022\/10\/5-300x169.jpg 300w, https:\/\/blogsaverroes.juntadeandalucia.es\/ceipnuestrasenoradebelen\/files\/2022\/10\/5-1024x576.jpg 1024w, https:\/\/blogsaverroes.juntadeandalucia.es\/ceipnuestrasenoradebelen\/files\/2022\/10\/5-768x432.jpg 768w, https:\/\/blogsaverroes.juntadeandalucia.es\/ceipnuestrasenoradebelen\/files\/2022\/10\/5-1536x864.jpg 1536w, https:\/\/blogsaverroes.juntadeandalucia.es\/ceipnuestrasenoradebelen\/files\/2022\/10\/5-700x393.jpg 700w, https:\/\/blogsaverroes.juntadeandalucia.es\/ceipnuestrasenoradebelen\/files\/2022\/10\/5.jpg 1600w\" sizes=\"(max-width: 300px) 100vw, 300px\" \/><\/a><a href=\"https:\/\/blogsaverroes.juntadeandalucia.es\/ceipnuestrasenoradebelen\/el-centro\/lomloe\/attachment\/6\/\" rel=\"attachment wp-att-1873\"><img loading=\"lazy\" decoding=\"async\" class=\"alignnone size-medium wp-image-1873\" src=\"https:\/\/blogsaverroes.juntadeandalucia.es\/ceipnuestrasenoradebelen\/files\/2022\/10\/6-300x169.jpg\" alt=\"\" width=\"300\" height=\"169\" srcset=\"https:\/\/blogsaverroes.juntadeandalucia.es\/ceipnuestrasenoradebelen\/files\/2022\/10\/6-300x169.jpg 300w, https:\/\/blogsaverroes.juntadeandalucia.es\/ceipnuestrasenoradebelen\/files\/2022\/10\/6-1024x576.jpg 1024w, https:\/\/blogsaverroes.juntadeandalucia.es\/ceipnuestrasenoradebelen\/files\/2022\/10\/6-768x432.jpg 768w, https:\/\/blogsaverroes.juntadeandalucia.es\/ceipnuestrasenoradebelen\/files\/2022\/10\/6-1536x864.jpg 1536w, https:\/\/blogsaverroes.juntadeandalucia.es\/ceipnuestrasenoradebelen\/files\/2022\/10\/6-700x393.jpg 700w, https:\/\/blogsaverroes.juntadeandalucia.es\/ceipnuestrasenoradebelen\/files\/2022\/10\/6.jpg 1600w\" sizes=\"(max-width: 300px) 100vw, 300px\" \/><\/a><\/p>\n<h1 class=\"entry-title\">REPOSITORIO DOCUMENTAL<\/h1>\n<ul>\n<li><a href=\"https:\/\/www.boe.es\/buscar\/pdf\/2020\/BOE-A-2020-17264-consolidado.pdf\">LOMLOE.<\/a><\/li>\n<li><a href=\"https:\/\/www.juntadeandalucia.es\/eboja\/2023\/90\/BOJA23-090-00019-8467-01_00283496.pdf\">DECRETO EDUCACI\u00d3N INFANTIL.<\/a><\/li>\n<li><a href=\"https:\/\/www.juntadeandalucia.es\/boja\/2023\/104\/BOJA23-104-00078-9729-01_00284745.pdf\">ORDEN EDUCACI\u00d3N INFANTIL.<\/a><\/li>\n<li><a href=\"https:\/\/www.juntadeandalucia.es\/eboja\/2023\/90\/BOJA23-090-00026-8470-01_00283499.pdf\">DECRETO EDUCACI\u00d3N PRIMARIA.<\/a><\/li>\n<li><a href=\"https:\/\/www.juntadeandalucia.es\/boja\/2023\/104\/BOJA23-104-00208-9731-01_00284747.pdf\">ORDEN EDUCACI\u00d3N PRIMARIA.<\/a><\/li>\n<li><a href=\"https:\/\/www.juntadeandalucia.es\/eboja\/2023\/90\/BOJA23-090-00035-8471-01_00283504.pdf\">DECRETO ESO.<\/a><\/li>\n<li><a href=\"https:\/\/www.juntadeandalucia.es\/boja\/2023\/104\/BOJA23-104-00289-9727-01_00284752.pdf\">ORDEN ESO 1.<\/a><\/li>\n<li><a href=\"https:\/\/www.juntadeandalucia.es\/boja\/2023\/104\/BOJA23-104-00246-9727-02_00284752.pdf\">ORDEN ESO 2.<\/a><\/li>\n<\/ul>\n","protected":false},"excerpt":{"rendered":"<p>La Ley Org\u00e1nica 3\/2020, de 29 de diciembre, por la que se modifica la Ley Org\u00e1nica 2\/2006, de 3 de mayo, de Educaci\u00f3n, m\u00e1s conocida por LOMLOE, pretende adecuar el sistema educativo a los&#46;&#46;&#46;<\/p>\n","protected":false},"author":5528,"featured_media":0,"parent":75,"menu_order":0,"comment_status":"closed","ping_status":"closed","template":"","meta":{"ngg_post_thumbnail":0,"footnotes":""},"aioseo_notices":[],"_links":{"self":[{"href":"https:\/\/blogsaverroes.juntadeandalucia.es\/ceipnuestrasenoradebelen\/wp-json\/wp\/v2\/pages\/1872"}],"collection":[{"href":"https:\/\/blogsaverroes.juntadeandalucia.es\/ceipnuestrasenoradebelen\/wp-json\/wp\/v2\/pages"}],"about":[{"href":"https:\/\/blogsaverroes.juntadeandalucia.es\/ceipnuestrasenoradebelen\/wp-json\/wp\/v2\/types\/page"}],"author":[{"embeddable":true,"href":"https:\/\/blogsaverroes.juntadeandalucia.es\/ceipnuestrasenoradebelen\/wp-json\/wp\/v2\/users\/5528"}],"replies":[{"embeddable":true,"href":"https:\/\/blogsaverroes.juntadeandalucia.es\/ceipnuestrasenoradebelen\/wp-json\/wp\/v2\/comments?post=1872"}],"version-history":[{"count":5,"href":"https:\/\/blogsaverroes.juntadeandalucia.es\/ceipnuestrasenoradebelen\/wp-json\/wp\/v2\/pages\/1872\/revisions"}],"predecessor-version":[{"id":3215,"href":"https:\/\/blogsaverroes.juntadeandalucia.es\/ceipnuestrasenoradebelen\/wp-json\/wp\/v2\/pages\/1872\/revisions\/3215"}],"up":[{"embeddable":true,"href":"https:\/\/blogsaverroes.juntadeandalucia.es\/ceipnuestrasenoradebelen\/wp-json\/wp\/v2\/pages\/75"}],"wp:attachment":[{"href":"https:\/\/blogsaverroes.juntadeandalucia.es\/ceipnuestrasenoradebelen\/wp-json\/wp\/v2\/media?parent=1872"}],"curies":[{"name":"wp","href":"https:\/\/api.w.org\/{rel}","templated":true}]}}