{"id":1909,"date":"2022-10-30T12:07:52","date_gmt":"2022-10-30T12:07:52","guid":{"rendered":"https:\/\/blogsaverroes.juntadeandalucia.es\/ceipnuestrasenoradebelen\/?page_id=1909"},"modified":"2022-11-23T12:30:33","modified_gmt":"2022-11-23T12:30:33","slug":"proyecto-de-internacionalizacion","status":"publish","type":"page","link":"https:\/\/blogsaverroes.juntadeandalucia.es\/ceipnuestrasenoradebelen\/erasmus\/proyecto-de-internacionalizacion\/","title":{"rendered":"Proyecto de Internacionalizaci\u00f3n"},"content":{"rendered":"<p>Este proyecto surge con la intenci\u00f3n de ser una herramienta \u00fatil para la apertura<br \/>\ndel CEIP Ntra. Sra. de Bel\u00e9n al exterior, dirigi\u00e9ndose a la b\u00fasqueda de nuevos entornos<br \/>\npara el aprendizaje de nuestros escolares y de desarrollo personal y profesional del<br \/>\nconjunto de docentes que componen el Claustro de Profesorado. De este modo, esta<br \/>\nperspectiva internacional tambi\u00e9n se incorporar\u00e1 a los elementos curriculares con<br \/>\ncar\u00e1cter transversal, impregnando todo el curr\u00edculo escolar, fomentando la adquisici\u00f3n<br \/>\nde competencias clave: competencia en comunicaci\u00f3n ling\u00fc\u00edstica, competencia<br \/>\npluriling\u00fce, competencia digital, competencia ciudadana, entre otras.<\/p>\n<p>Sin embargo, a\u00fan va un paso m\u00e1s all\u00e1 porque entiende la internacionalizaci\u00f3n<br \/>\ncomo un proceso de transformaci\u00f3n con car\u00e1cter vivo y en constante movimiento, capaz<br \/>\nno solo de transfigurar el propio centro, sino tambi\u00e9n de aquellos que interact\u00faan con \u00e9l.<br \/>\nTambi\u00e9n constituye un proceso de mejora que otorga calidad y, al mismo tiempo, brinda<br \/>\nprestigio a la instituci\u00f3n en el marco de su comunidad educativa, erigida en agente<br \/>\nmultiplicador de impacto, form\u00e1ndola, enriqueci\u00e9ndola y dot\u00e1ndola de competencias<br \/>\nciudadanas, esenciales en un mundo globalizado. La difusi\u00f3n de los proyectos y de las<br \/>\ndiferentes acciones educativas que se llevan a cabo mejorar\u00e1n considerablemente su<br \/>\nvisibilidad y lo posicionar\u00e1n frente a otros centros.<\/p>\n<p><a href=\"https:\/\/blogsaverroes.juntadeandalucia.es\/ceipnuestrasenoradebelen\/biblioteca-escolar\/proyecto-de-internacionalizacion\/imagen-pi\/\" rel=\"attachment wp-att-2045\"><img loading=\"lazy\" decoding=\"async\" class=\"aligncenter wp-image-2045 size-full\" src=\"https:\/\/blogsaverroes.juntadeandalucia.es\/ceipnuestrasenoradebelen\/files\/2022\/11\/IMAGEN-PI.jpg\" alt=\"\" width=\"727\" height=\"444\" srcset=\"https:\/\/blogsaverroes.juntadeandalucia.es\/ceipnuestrasenoradebelen\/files\/2022\/11\/IMAGEN-PI.jpg 727w, https:\/\/blogsaverroes.juntadeandalucia.es\/ceipnuestrasenoradebelen\/files\/2022\/11\/IMAGEN-PI-300x183.jpg 300w, https:\/\/blogsaverroes.juntadeandalucia.es\/ceipnuestrasenoradebelen\/files\/2022\/11\/IMAGEN-PI-268x164.jpg 268w, https:\/\/blogsaverroes.juntadeandalucia.es\/ceipnuestrasenoradebelen\/files\/2022\/11\/IMAGEN-PI-700x428.jpg 700w\" sizes=\"(max-width: 727px) 100vw, 727px\" \/><\/a><\/p>\n<p>En \u00faltimo lugar, el desarrollo de la perspectiva internacional promover\u00e1 valores<br \/>\nrelacionados con la educaci\u00f3n en igualdad de ni\u00f1os y ni\u00f1as, con la tolerancia hacia<br \/>\ncualquier tipo de diferencia: \u00e9tnica, religiosa, cultural, ling\u00fc\u00edstica&#8230;, el respeto por el otro<br \/>\ny la multiculturalidad, en definitiva, educaremos para una ciudadan\u00eda global,<br \/>\ncomprometida, solidaria, informada y que promueva los cambios.<\/p>\n<p><iframe loading=\"lazy\" src=\"https:\/\/drive.google.com\/file\/d\/1JWIXNWlmPrcgEhxoYN45Oig0WXxtor-c\/preview\" width=\"640\" height=\"480\"><\/iframe><\/p>\n<p>&nbsp;<\/p>\n","protected":false},"excerpt":{"rendered":"<p>Este proyecto surge con la intenci\u00f3n de ser una herramienta \u00fatil para la apertura del CEIP Ntra. Sra. de Bel\u00e9n al exterior, dirigi\u00e9ndose a la b\u00fasqueda de nuevos entornos para el aprendizaje de nuestros&#46;&#46;&#46;<\/p>\n","protected":false},"author":5528,"featured_media":0,"parent":458,"menu_order":1,"comment_status":"closed","ping_status":"closed","template":"","meta":{"ngg_post_thumbnail":0,"footnotes":""},"aioseo_notices":[],"_links":{"self":[{"href":"https:\/\/blogsaverroes.juntadeandalucia.es\/ceipnuestrasenoradebelen\/wp-json\/wp\/v2\/pages\/1909"}],"collection":[{"href":"https:\/\/blogsaverroes.juntadeandalucia.es\/ceipnuestrasenoradebelen\/wp-json\/wp\/v2\/pages"}],"about":[{"href":"https:\/\/blogsaverroes.juntadeandalucia.es\/ceipnuestrasenoradebelen\/wp-json\/wp\/v2\/types\/page"}],"author":[{"embeddable":true,"href":"https:\/\/blogsaverroes.juntadeandalucia.es\/ceipnuestrasenoradebelen\/wp-json\/wp\/v2\/users\/5528"}],"replies":[{"embeddable":true,"href":"https:\/\/blogsaverroes.juntadeandalucia.es\/ceipnuestrasenoradebelen\/wp-json\/wp\/v2\/comments?post=1909"}],"version-history":[{"count":4,"href":"https:\/\/blogsaverroes.juntadeandalucia.es\/ceipnuestrasenoradebelen\/wp-json\/wp\/v2\/pages\/1909\/revisions"}],"predecessor-version":[{"id":2047,"href":"https:\/\/blogsaverroes.juntadeandalucia.es\/ceipnuestrasenoradebelen\/wp-json\/wp\/v2\/pages\/1909\/revisions\/2047"}],"up":[{"embeddable":true,"href":"https:\/\/blogsaverroes.juntadeandalucia.es\/ceipnuestrasenoradebelen\/wp-json\/wp\/v2\/pages\/458"}],"wp:attachment":[{"href":"https:\/\/blogsaverroes.juntadeandalucia.es\/ceipnuestrasenoradebelen\/wp-json\/wp\/v2\/media?parent=1909"}],"curies":[{"name":"wp","href":"https:\/\/api.w.org\/{rel}","templated":true}]}}