{"id":208,"date":"2020-01-28T09:04:03","date_gmt":"2020-01-28T09:04:03","guid":{"rendered":"https:\/\/blogsaverroes.juntadeandalucia.es\/ceipnuestrasenoradebelen\/?page_id=208"},"modified":"2025-10-27T13:09:49","modified_gmt":"2025-10-27T13:09:49","slug":"situacion","status":"publish","type":"page","link":"https:\/\/blogsaverroes.juntadeandalucia.es\/ceipnuestrasenoradebelen\/situacion\/","title":{"rendered":"Contacto y situaci\u00f3n"},"content":{"rendered":"<p><span style=\"font-size: 14pt\">Si desea contactar con nuestro centro v\u00eda telef\u00f3nica, por favor, llamen al n\u00famero <\/span><span style=\"font-size: 14pt\">953366829. <\/span>Tambi\u00e9n se encuentra a su disposici\u00f3n el correo electr\u00f3nico corporativo, <span style=\"font-size: 14pt\"><strong>23003260.edu@juntadeandalucia.es<\/strong><\/span>, para resolver sus dudas con relaci\u00f3n a cualquier tr\u00e1mite de tipo administrativo.<\/p>\n<p>El CEIP Ntra. Sra. de Bel\u00e9n est\u00e1 situado al final de la calle Real, junto al Pabell\u00f3n Polideportivo Municipal y la Ermita de Ntra. Sra. de Bel\u00e9n.&nbsp;<\/p>\n<p><iframe loading=\"lazy\" src=\"https:\/\/www.google.com\/maps\/embed?pb=!1m18!1m12!1m3!1d3164.0028696886698!2d-3.6599636854103137!3d37.531429633896956!2m3!1f0!2f0!3f0!3m2!1i1024!2i768!4f13.1!3m3!1m2!1s0xd6e0c7a69b733cd%3A0xaa59bdf4ef6c2b10!2sCEIP%20Ntra.Sra.de%20Bel%C3%A9n!5e0!3m2!1ses!2ses!4v1665348858722!5m2!1ses!2ses\" width=\"600\" height=\"450\"><\/iframe><\/p>\n<p style=\"text-align: center\"><span style=\"color: #0000ff;font-size: 14pt\"><strong>NOALEJO (JA\u00c9N)<\/strong><\/span><\/p>\n<p><strong>Distancia a Ja\u00e9n:<\/strong>&nbsp;43 km.<\/p>\n<p><strong>Distancia a Granada:&nbsp;<\/strong>52 km.<\/p>\n<p><strong>Poblaci\u00f3n:<\/strong>&nbsp;2.089 habitantes<\/p>\n<p><strong>Altitud:<\/strong>&nbsp;1.087 m.<\/p>\n<p><strong>Superficie:<\/strong>&nbsp;49,66 km2.<\/p>\n<p><strong>Gentilicio<\/strong>: Noaleje\u00f1o\/\u00f1a&nbsp; o&nbsp; cuquillo\/lla<\/p>\n<p><strong>C\u00f3digo Postal:&nbsp;<\/strong>23.140 (Noalejo y Hoya del Salobral)<\/p>\n<p><strong>Patrona<\/strong>: Virgen de Bel\u00e9n<\/p>\n<p class=\"Indent1\">&nbsp; &nbsp; &nbsp; &nbsp; &nbsp;Noalejo es un municipio del suroeste de la comarca de Sierra M\u00e1gina, <b>situada en el extremo sur de Ja\u00e9n.<\/b><b>&nbsp;<\/b>El t\u00e9rmino municipal que lo compone es un tanto at\u00edpico por la estrecha franja que lo define,&nbsp;y que, a su vez, al estar ubicado en la frontera que separa Ja\u00e9n de Granada;&nbsp;por todo esto se le denomin\u00f3 la&nbsp;<b>\u201ctierra de los entredichos\u201d<\/b>, ya que ha sido causa de continuas disputas entre las dos provincias para apropiarse de la jurisdicci\u00f3n y soberan\u00eda del antiguo mayorazgo. Tiene por vecinos los t\u00e9rminos de Campillo de Arenas, Cambil, Huelma, Valdepe\u00f1as de Ja\u00e9n y Frailes en la provincia jiennense, mientras que por la de Granada limita con Campot\u00e9jar, Montillana, Colomera y Montej\u00edcar. La pertenencia a Ja\u00e9n es relativamente reciente, ya que hasta la divisi\u00f3n administrativa de 1834 aparece como villa independiente con jurisdicci\u00f3n propia, vincul\u00e1ndose tan solo en lo eclesi\u00e1stico a la Abad\u00eda de Alcal\u00e1 la Real hasta que fuera suprimida en 1851.<\/p>\n<p class=\"Indent1\">&nbsp;&nbsp;&nbsp;&nbsp;&nbsp;&nbsp;&nbsp; Situado en plena cordillera subb\u00e9tica jiennense, donde predomina el monte y el barbecho, en un paisaje de grandes contrastes y con un relieve muy accidentado. La extensi\u00f3n de la franja es de 49.80 km2., recuerda a una sierpe que se sit\u00faa caprichosamente, sin seguir un criterio geogr\u00e1fico claro, entre la comarca de M\u00e1gina en su vertiente m\u00e1s meridional y los Montes Orientales de Granada. Esta situaci\u00f3n de enlace entre las dos provincias explica muchos de los rasgos culturales de sus habitantes, influenciados por una historia singular del territorio.<\/p>\n<p class=\"Indent1\">&nbsp; &nbsp; &nbsp;&nbsp;&nbsp;Destaca por ser el \u00fanico de la mitad sur provincial con menor incidencia del olivar en su t\u00e9rmino municipal, ya que s\u00f3lo ocupa una sexta parte de la superficie total. Sin embargo, son muy abundantes las explotaciones olivareras en los t\u00e9rminos municipales vecinos de Ja\u00e9n y Granada. Destacan en Noalejo los pastizales adehesados y los montes de encinas, en ocasiones muy conservados. La actividad econ\u00f3mica de la localidad gira en torno al olivo y a su industria transformadora, y a los transformados c\u00e1rnicos del cerdo.<\/p>\n","protected":false},"excerpt":{"rendered":"<p>Si desea contactar con nuestro centro v\u00eda telef\u00f3nica, por favor, llamen al n\u00famero 953366829. Tambi\u00e9n se encuentra a su disposici\u00f3n el correo electr\u00f3nico corporativo, 23003260.edu@juntadeandalucia.es, para resolver sus dudas con relaci\u00f3n a cualquier tr\u00e1mite&#46;&#46;&#46;<\/p>\n","protected":false},"author":5528,"featured_media":0,"parent":0,"menu_order":0,"comment_status":"closed","ping_status":"closed","template":"","meta":{"ngg_post_thumbnail":0,"footnotes":""},"aioseo_notices":[],"_links":{"self":[{"href":"https:\/\/blogsaverroes.juntadeandalucia.es\/ceipnuestrasenoradebelen\/wp-json\/wp\/v2\/pages\/208"}],"collection":[{"href":"https:\/\/blogsaverroes.juntadeandalucia.es\/ceipnuestrasenoradebelen\/wp-json\/wp\/v2\/pages"}],"about":[{"href":"https:\/\/blogsaverroes.juntadeandalucia.es\/ceipnuestrasenoradebelen\/wp-json\/wp\/v2\/types\/page"}],"author":[{"embeddable":true,"href":"https:\/\/blogsaverroes.juntadeandalucia.es\/ceipnuestrasenoradebelen\/wp-json\/wp\/v2\/users\/5528"}],"replies":[{"embeddable":true,"href":"https:\/\/blogsaverroes.juntadeandalucia.es\/ceipnuestrasenoradebelen\/wp-json\/wp\/v2\/comments?post=208"}],"version-history":[{"count":15,"href":"https:\/\/blogsaverroes.juntadeandalucia.es\/ceipnuestrasenoradebelen\/wp-json\/wp\/v2\/pages\/208\/revisions"}],"predecessor-version":[{"id":3809,"href":"https:\/\/blogsaverroes.juntadeandalucia.es\/ceipnuestrasenoradebelen\/wp-json\/wp\/v2\/pages\/208\/revisions\/3809"}],"wp:attachment":[{"href":"https:\/\/blogsaverroes.juntadeandalucia.es\/ceipnuestrasenoradebelen\/wp-json\/wp\/v2\/media?parent=208"}],"curies":[{"name":"wp","href":"https:\/\/api.w.org\/{rel}","templated":true}]}}