{"id":2080,"date":"2022-11-30T11:36:06","date_gmt":"2022-11-30T11:36:06","guid":{"rendered":"https:\/\/blogsaverroes.juntadeandalucia.es\/ceipnuestrasenoradebelen\/?page_id=2080"},"modified":"2023-01-11T21:37:27","modified_gmt":"2023-01-11T21:37:27","slug":"programas-steam","status":"publish","type":"page","link":"https:\/\/blogsaverroes.juntadeandalucia.es\/ceipnuestrasenoradebelen\/planes-y-proyectos-educativos\/programas-steam\/","title":{"rendered":"Programas STEAM"},"content":{"rendered":"<h3 class=\"LC20lb MBeuO DKV0Md\">D\u00eda Internacional de la Mujer y la Ni\u00f1a en la Ciencia<\/h3>\n<p><em>11 de febrero de 2023<\/em><\/p>\n<p><a href=\"https:\/\/blogsaverroes.juntadeandalucia.es\/ceipnuestrasenoradebelen\/planes-y-proyectos-educativos\/programas-steam\/whatsapp-image-2023-01-11-at-22-08-31-1\/\" rel=\"attachment wp-att-2181\"><img loading=\"lazy\" decoding=\"async\" class=\"aligncenter wp-image-2181 size-full\" src=\"https:\/\/blogsaverroes.juntadeandalucia.es\/ceipnuestrasenoradebelen\/files\/2023\/01\/WhatsApp-Image-2023-01-11-at-22.08.31-1.jpeg\" alt=\"\" width=\"892\" height=\"1023\" srcset=\"https:\/\/blogsaverroes.juntadeandalucia.es\/ceipnuestrasenoradebelen\/files\/2023\/01\/WhatsApp-Image-2023-01-11-at-22.08.31-1.jpeg 892w, https:\/\/blogsaverroes.juntadeandalucia.es\/ceipnuestrasenoradebelen\/files\/2023\/01\/WhatsApp-Image-2023-01-11-at-22.08.31-1-262x300.jpeg 262w, https:\/\/blogsaverroes.juntadeandalucia.es\/ceipnuestrasenoradebelen\/files\/2023\/01\/WhatsApp-Image-2023-01-11-at-22.08.31-1-768x881.jpeg 768w, https:\/\/blogsaverroes.juntadeandalucia.es\/ceipnuestrasenoradebelen\/files\/2023\/01\/WhatsApp-Image-2023-01-11-at-22.08.31-1-700x803.jpeg 700w\" sizes=\"(max-width: 892px) 100vw, 892px\" \/><\/a><\/p>\n<p>Con motivo de la celebraci\u00f3n de esta efem\u00e9ride, y con el prop\u00f3sito de fomentar las vocaciones STEAM en las ni\u00f1as de nuestro centro educativo, los coordinadores STEAM llevaremos a cabo&nbsp; un breakout educativo que tratar\u00e1 de poner en valor el papel de las mujeres en la ciencia a lo largo de la historia, visibilizando el trabajo desarrollado por algunas de ellas.<\/p>\n<p><a href=\"https:\/\/blogsaverroes.juntadeandalucia.es\/ceipnuestrasenoradebelen\/planes-y-proyectos-educativos\/programas-steam\/whatsapp-image-2023-01-11-at-22-08-31\/\" rel=\"attachment wp-att-2182\"><img loading=\"lazy\" decoding=\"async\" class=\"aligncenter wp-image-2182 size-full\" src=\"https:\/\/blogsaverroes.juntadeandalucia.es\/ceipnuestrasenoradebelen\/files\/2023\/01\/WhatsApp-Image-2023-01-11-at-22.08.31.jpeg\" alt=\"\" width=\"1024\" height=\"557\" srcset=\"https:\/\/blogsaverroes.juntadeandalucia.es\/ceipnuestrasenoradebelen\/files\/2023\/01\/WhatsApp-Image-2023-01-11-at-22.08.31.jpeg 1024w, https:\/\/blogsaverroes.juntadeandalucia.es\/ceipnuestrasenoradebelen\/files\/2023\/01\/WhatsApp-Image-2023-01-11-at-22.08.31-300x163.jpeg 300w, https:\/\/blogsaverroes.juntadeandalucia.es\/ceipnuestrasenoradebelen\/files\/2023\/01\/WhatsApp-Image-2023-01-11-at-22.08.31-768x418.jpeg 768w, https:\/\/blogsaverroes.juntadeandalucia.es\/ceipnuestrasenoradebelen\/files\/2023\/01\/WhatsApp-Image-2023-01-11-at-22.08.31-700x381.jpeg 700w\" sizes=\"(max-width: 1024px) 100vw, 1024px\" \/><\/a><\/p>\n<p>Tomar\u00e1 prestado su nombre de la campa\u00f1a que a\u00f1os atr\u00e1s pretend\u00eda denunciar&nbsp; las consecuencias del denominado Efecto Matilda en honor a Matilda Joslyn Gage, primera activista en se\u00f1alar la injusticia que hab\u00eda ignorado durante muchos a\u00f1os y de forma sistem\u00e1tica los hallazgos de mujeres cient\u00edficas brillantes.<\/p>\n","protected":false},"excerpt":{"rendered":"<p>D\u00eda Internacional de la Mujer y la Ni\u00f1a en la Ciencia 11 de febrero de 2023 Con motivo de la celebraci\u00f3n de esta efem\u00e9ride, y con el prop\u00f3sito de fomentar las vocaciones STEAM en&#46;&#46;&#46;<\/p>\n","protected":false},"author":5528,"featured_media":0,"parent":139,"menu_order":0,"comment_status":"closed","ping_status":"closed","template":"","meta":{"ngg_post_thumbnail":0,"footnotes":""},"aioseo_notices":[],"_links":{"self":[{"href":"https:\/\/blogsaverroes.juntadeandalucia.es\/ceipnuestrasenoradebelen\/wp-json\/wp\/v2\/pages\/2080"}],"collection":[{"href":"https:\/\/blogsaverroes.juntadeandalucia.es\/ceipnuestrasenoradebelen\/wp-json\/wp\/v2\/pages"}],"about":[{"href":"https:\/\/blogsaverroes.juntadeandalucia.es\/ceipnuestrasenoradebelen\/wp-json\/wp\/v2\/types\/page"}],"author":[{"embeddable":true,"href":"https:\/\/blogsaverroes.juntadeandalucia.es\/ceipnuestrasenoradebelen\/wp-json\/wp\/v2\/users\/5528"}],"replies":[{"embeddable":true,"href":"https:\/\/blogsaverroes.juntadeandalucia.es\/ceipnuestrasenoradebelen\/wp-json\/wp\/v2\/comments?post=2080"}],"version-history":[{"count":4,"href":"https:\/\/blogsaverroes.juntadeandalucia.es\/ceipnuestrasenoradebelen\/wp-json\/wp\/v2\/pages\/2080\/revisions"}],"predecessor-version":[{"id":2184,"href":"https:\/\/blogsaverroes.juntadeandalucia.es\/ceipnuestrasenoradebelen\/wp-json\/wp\/v2\/pages\/2080\/revisions\/2184"}],"up":[{"embeddable":true,"href":"https:\/\/blogsaverroes.juntadeandalucia.es\/ceipnuestrasenoradebelen\/wp-json\/wp\/v2\/pages\/139"}],"wp:attachment":[{"href":"https:\/\/blogsaverroes.juntadeandalucia.es\/ceipnuestrasenoradebelen\/wp-json\/wp\/v2\/media?parent=2080"}],"curies":[{"name":"wp","href":"https:\/\/api.w.org\/{rel}","templated":true}]}}