{"id":2082,"date":"2022-11-30T11:37:02","date_gmt":"2022-11-30T11:37:02","guid":{"rendered":"https:\/\/blogsaverroes.juntadeandalucia.es\/ceipnuestrasenoradebelen\/?page_id=2082"},"modified":"2023-02-01T16:32:11","modified_gmt":"2023-02-01T16:32:11","slug":"aldea-b","status":"publish","type":"page","link":"https:\/\/blogsaverroes.juntadeandalucia.es\/ceipnuestrasenoradebelen\/planes-y-proyectos-educativos\/aldea-b\/","title":{"rendered":"Aldea B"},"content":{"rendered":"<div class=\"x11i5rnm xat24cr x1mh8g0r x1vvkbs xdj266r x126k92a\">\n<div dir=\"auto\">\n<h1 id=\"main-title\">UNA CAMPA\u00d1A DE RECOGIDA DE ROPA Y CALZADO USADOS EN EL CENTRO<\/h1>\n<\/div>\n<\/div>\n<div class=\"x11i5rnm xat24cr x1mh8g0r x1vvkbs xtlvy1s x126k92a\">\n<div dir=\"auto\">El d\u00eda 15 de febrero de 2023 se realizar\u00e1 la recogida de ropa y calzado usados en el <a class=\"x1i10hfl xjbqb8w x6umtig x1b1mbwd xaqea5y xav7gou x9f619 x1ypdohk xt0psk2 xe8uvvx xdj266r x11i5rnm xat24cr x1mh8g0r xexx8yu x4uap5 x18d9i69 xkhd6sd x16tdsg8 x1hl2dhg xggy1nq x1a2a7pz xt0b8zv x1qq9wsj xo1l8bm\" role=\"link\" href=\"https:\/\/www.facebook.com\/ceipntrasradebelen?__cft__[0]=AZX4R0GiUvakmvbKr1nW02KJ8-Cyn-cdN7za8QhnsGO3OK9G0qrqFm_ngHvdVFcNvON_qoco-R-cDuzjwHxLV06X13X7NT5h4JJd7sHLl7FxPb3qq3NjBMW9uDYCGkAl_5W46ncOhp5agUL6s9I2O2IZ&amp;__tn__=-]K-R\"><span class=\"xt0psk2\">CEIP Nuestra Se\u00f1ora de Bel\u00e9n<\/span><\/a> por parte del a empresa Mariola Solidaria, en colaboraci\u00f3n con la ONG Global Humanitaria (N.\u00ba registro 585703).<\/div>\n<\/div>\n<div dir=\"auto\"><a href=\"https:\/\/blogsaverroes.juntadeandalucia.es\/ceipnuestrasenoradebelen\/planes-y-proyectos-educativos\/aldea-b\/design-option-a-1\/\" rel=\"attachment wp-att-2275\"><img loading=\"lazy\" decoding=\"async\" class=\"aligncenter wp-image-2275 size-large\" src=\"https:\/\/blogsaverroes.juntadeandalucia.es\/ceipnuestrasenoradebelen\/files\/2023\/02\/Design-Option-A-1-724x1024.png\" alt=\"\" width=\"660\" height=\"933\" srcset=\"https:\/\/blogsaverroes.juntadeandalucia.es\/ceipnuestrasenoradebelen\/files\/2023\/02\/Design-Option-A-1-724x1024.png 724w, https:\/\/blogsaverroes.juntadeandalucia.es\/ceipnuestrasenoradebelen\/files\/2023\/02\/Design-Option-A-1-212x300.png 212w, https:\/\/blogsaverroes.juntadeandalucia.es\/ceipnuestrasenoradebelen\/files\/2023\/02\/Design-Option-A-1-768x1086.png 768w, https:\/\/blogsaverroes.juntadeandalucia.es\/ceipnuestrasenoradebelen\/files\/2023\/02\/Design-Option-A-1-1086x1536.png 1086w, https:\/\/blogsaverroes.juntadeandalucia.es\/ceipnuestrasenoradebelen\/files\/2023\/02\/Design-Option-A-1-1448x2048.png 1448w, https:\/\/blogsaverroes.juntadeandalucia.es\/ceipnuestrasenoradebelen\/files\/2023\/02\/Design-Option-A-1-700x990.png 700w, https:\/\/blogsaverroes.juntadeandalucia.es\/ceipnuestrasenoradebelen\/files\/2023\/02\/Design-Option-A-1.png 1131w\" sizes=\"(max-width: 660px) 100vw, 660px\" \/><\/a><\/div>\n<div class=\"x11i5rnm xat24cr x1mh8g0r x1vvkbs xtlvy1s x126k92a\">\n<div dir=\"auto\">&nbsp;<\/div>\n<\/div>\n<div class=\"x11i5rnm xat24cr x1mh8g0r x1vvkbs xtlvy1s x126k92a\">\n<div dir=\"auto\">Por este motivo, les invitamos a depositar en la entrada del colegio aquellas prendas de vestir y zapatos que ya no utilicen y deseen donar hasta que llegue la fecha indicada anteriormente.<\/div>\n<\/div>\n<div class=\"x11i5rnm xat24cr x1mh8g0r x1vvkbs xtlvy1s x126k92a\">\n<div dir=\"auto\">Tal como recoge el ODS 12, debemos \u201cgarantizar modalidades de consumo y producci\u00f3n sostenibles\u201d, es decir, hacer m\u00e1s con menos. Tambi\u00e9n se trata de aumentar la eficiencia de recursos y promover estilos de vida sostenibles. Como ya sab\u00e9is, el reciclaje es una parte clave de la econom\u00eda circular y ayuda a proteger nuestros recursos naturales ahorrando millones de toneladas en emisiones de CO2.<\/div>\n<div dir=\"auto\">&nbsp;<\/div>\n<\/div>\n<div class=\"x11i5rnm xat24cr x1mh8g0r x1vvkbs xtlvy1s x126k92a\">\n<div dir=\"auto\">Como hemos comentado en anteriores entradas, uno de los objetivos de nuestro proyecto Erasmus es la sensibilizaci\u00f3n de la comunidad educativa en materia medioambiental. Por ello, \u00a1la participaci\u00f3n de todos nosotros en acciones que fomenten el consumo responsable y el reciclaje son importantes y muy necesarias!<\/div>\n<\/div>\n","protected":false},"excerpt":{"rendered":"<p>UNA CAMPA\u00d1A DE RECOGIDA DE ROPA Y CALZADO USADOS EN EL CENTRO El d\u00eda 15 de febrero de 2023 se realizar\u00e1 la recogida de ropa y calzado usados en el CEIP Nuestra Se\u00f1ora de&#46;&#46;&#46;<\/p>\n","protected":false},"author":5528,"featured_media":0,"parent":139,"menu_order":0,"comment_status":"closed","ping_status":"closed","template":"","meta":{"ngg_post_thumbnail":0,"footnotes":""},"aioseo_notices":[],"_links":{"self":[{"href":"https:\/\/blogsaverroes.juntadeandalucia.es\/ceipnuestrasenoradebelen\/wp-json\/wp\/v2\/pages\/2082"}],"collection":[{"href":"https:\/\/blogsaverroes.juntadeandalucia.es\/ceipnuestrasenoradebelen\/wp-json\/wp\/v2\/pages"}],"about":[{"href":"https:\/\/blogsaverroes.juntadeandalucia.es\/ceipnuestrasenoradebelen\/wp-json\/wp\/v2\/types\/page"}],"author":[{"embeddable":true,"href":"https:\/\/blogsaverroes.juntadeandalucia.es\/ceipnuestrasenoradebelen\/wp-json\/wp\/v2\/users\/5528"}],"replies":[{"embeddable":true,"href":"https:\/\/blogsaverroes.juntadeandalucia.es\/ceipnuestrasenoradebelen\/wp-json\/wp\/v2\/comments?post=2082"}],"version-history":[{"count":4,"href":"https:\/\/blogsaverroes.juntadeandalucia.es\/ceipnuestrasenoradebelen\/wp-json\/wp\/v2\/pages\/2082\/revisions"}],"predecessor-version":[{"id":2277,"href":"https:\/\/blogsaverroes.juntadeandalucia.es\/ceipnuestrasenoradebelen\/wp-json\/wp\/v2\/pages\/2082\/revisions\/2277"}],"up":[{"embeddable":true,"href":"https:\/\/blogsaverroes.juntadeandalucia.es\/ceipnuestrasenoradebelen\/wp-json\/wp\/v2\/pages\/139"}],"wp:attachment":[{"href":"https:\/\/blogsaverroes.juntadeandalucia.es\/ceipnuestrasenoradebelen\/wp-json\/wp\/v2\/media?parent=2082"}],"curies":[{"name":"wp","href":"https:\/\/api.w.org\/{rel}","templated":true}]}}