{"id":2101,"date":"2022-11-30T12:44:33","date_gmt":"2022-11-30T12:44:33","guid":{"rendered":"https:\/\/blogsaverroes.juntadeandalucia.es\/ceipnuestrasenoradebelen\/?page_id=2101"},"modified":"2023-01-14T10:22:39","modified_gmt":"2023-01-14T10:22:39","slug":"digicraft-en-tu-cole","status":"publish","type":"page","link":"https:\/\/blogsaverroes.juntadeandalucia.es\/ceipnuestrasenoradebelen\/planes-y-proyectos-educativos\/digicraft-en-tu-cole\/","title":{"rendered":"DigiCraft en tu Cole"},"content":{"rendered":"<div class=\"x11i5rnm xat24cr x1mh8g0r x1vvkbs xdj266r x126k92a\">\n<div dir=\"auto\">Nos es grato comunicarles que nuestro centro educativo ha sido seleccionado en la convocatoria 2022-23 para formar parte de DigiCraft en tu cole, un proyecto que tiene como objetivo desarrollar la competencia digital en el alumnado de entre 6 a 12 a\u00f1os mediante el juego y la experimentaci\u00f3n, a trav\u00e9s de una serie de actividades que combinan el uso de las nuevas tecnolog\u00edas con la realizaci\u00f3n de din\u00e1micas grupales, manualidades, yincanas, etc. As\u00ed, el alumnado aprender\u00e1 sobre realidad aumentada, inteligencia artificial, tecnolog\u00edas audiovisuales o internet de las cosas, entre otras tem\u00e1ticas, a la vez que trabajan en equipo.<\/div>\n<\/div>\n<div dir=\"auto\"><img loading=\"lazy\" decoding=\"async\" class=\"aligncenter wp-image-2105 size-full\" src=\"https:\/\/blogsaverroes.juntadeandalucia.es\/ceipnuestrasenoradebelen\/files\/2022\/11\/Digicraft-en-tu-cole2.jpg\" alt=\"\" width=\"400\" height=\"246\" srcset=\"https:\/\/blogsaverroes.juntadeandalucia.es\/ceipnuestrasenoradebelen\/files\/2022\/11\/Digicraft-en-tu-cole2.jpg 400w, https:\/\/blogsaverroes.juntadeandalucia.es\/ceipnuestrasenoradebelen\/files\/2022\/11\/Digicraft-en-tu-cole2-300x185.jpg 300w, https:\/\/blogsaverroes.juntadeandalucia.es\/ceipnuestrasenoradebelen\/files\/2022\/11\/Digicraft-en-tu-cole2-332x205.jpg 332w, https:\/\/blogsaverroes.juntadeandalucia.es\/ceipnuestrasenoradebelen\/files\/2022\/11\/Digicraft-en-tu-cole2-268x164.jpg 268w\" sizes=\"(max-width: 400px) 100vw, 400px\" \/><\/div>\n<div class=\"x11i5rnm xat24cr x1mh8g0r x1vvkbs xtlvy1s x126k92a\">\n<div dir=\"auto\">Como novedad este curso, el proyecto DigiCraft en tu cole pasa a formar parte del recientemente creado \u00e1mbito STEAM dentro de los Programas para la Innovaci\u00f3n, Rob\u00f3tica aplicada al aula y Pensamiento Computacional aplicado al aula.<\/div>\n<div dir=\"auto\">&nbsp;<\/div>\n<\/div>\n<div class=\"x11i5rnm xat24cr x1mh8g0r x1vvkbs xtlvy1s x126k92a\">\n<div dir=\"auto\">Como centro participante nos beneficiaremos de Kits tecnol\u00f3gicos con material innovador para el centro, acceso a una plataforma de contenidos y formaci\u00f3n al profesorado participante.<\/div>\n<div dir=\"auto\">&nbsp;<\/div>\n<\/div>\n<div class=\"x11i5rnm xat24cr x1mh8g0r x1vvkbs xtlvy1s x126k92a\">\n<div dir=\"auto\">Toda esta informaci\u00f3n podr\u00e1 ser ampliada en el siguiente enlace: <a class=\"x1i10hfl xjbqb8w x6umtig x1b1mbwd xaqea5y xav7gou x9f619 x1ypdohk xt0psk2 xe8uvvx xdj266r x11i5rnm xat24cr x1mh8g0r xexx8yu x4uap5 x18d9i69 xkhd6sd x16tdsg8 x1hl2dhg xggy1nq x1a2a7pz xt0b8zv x1fey0fg\" role=\"link\" href=\"https:\/\/www.juntadeandalucia.es\/educacion\/portals\/delegate\/content\/c69a4c2b-7f06-424e-939d-dae2f4b7b2e3\/Dossier%20DigiCraft%20en%20el%20cole?fbclid=IwAR0Id8w6gyZtz8Fw88GuISE_vNMA9uA3XKLzxPcBd9bC_Wt42hYZ6Opnkak\" target=\"_blank\" rel=\"nofollow noopener noreferrer\">https:\/\/www.juntadeandalucia.es\/&#8230;\/Dossier%20DigiCraft&#8230;<\/a><\/div>\n<\/div>\n","protected":false},"excerpt":{"rendered":"<p>Nos es grato comunicarles que nuestro centro educativo ha sido seleccionado en la convocatoria 2022-23 para formar parte de DigiCraft en tu cole, un proyecto que tiene como objetivo desarrollar la competencia digital en&#46;&#46;&#46;<\/p>\n","protected":false},"author":5528,"featured_media":0,"parent":139,"menu_order":0,"comment_status":"closed","ping_status":"closed","template":"","meta":{"ngg_post_thumbnail":0,"footnotes":""},"aioseo_notices":[],"_links":{"self":[{"href":"https:\/\/blogsaverroes.juntadeandalucia.es\/ceipnuestrasenoradebelen\/wp-json\/wp\/v2\/pages\/2101"}],"collection":[{"href":"https:\/\/blogsaverroes.juntadeandalucia.es\/ceipnuestrasenoradebelen\/wp-json\/wp\/v2\/pages"}],"about":[{"href":"https:\/\/blogsaverroes.juntadeandalucia.es\/ceipnuestrasenoradebelen\/wp-json\/wp\/v2\/types\/page"}],"author":[{"embeddable":true,"href":"https:\/\/blogsaverroes.juntadeandalucia.es\/ceipnuestrasenoradebelen\/wp-json\/wp\/v2\/users\/5528"}],"replies":[{"embeddable":true,"href":"https:\/\/blogsaverroes.juntadeandalucia.es\/ceipnuestrasenoradebelen\/wp-json\/wp\/v2\/comments?post=2101"}],"version-history":[{"count":4,"href":"https:\/\/blogsaverroes.juntadeandalucia.es\/ceipnuestrasenoradebelen\/wp-json\/wp\/v2\/pages\/2101\/revisions"}],"predecessor-version":[{"id":2203,"href":"https:\/\/blogsaverroes.juntadeandalucia.es\/ceipnuestrasenoradebelen\/wp-json\/wp\/v2\/pages\/2101\/revisions\/2203"}],"up":[{"embeddable":true,"href":"https:\/\/blogsaverroes.juntadeandalucia.es\/ceipnuestrasenoradebelen\/wp-json\/wp\/v2\/pages\/139"}],"wp:attachment":[{"href":"https:\/\/blogsaverroes.juntadeandalucia.es\/ceipnuestrasenoradebelen\/wp-json\/wp\/v2\/media?parent=2101"}],"curies":[{"name":"wp","href":"https:\/\/api.w.org\/{rel}","templated":true}]}}