{"id":3603,"date":"2024-09-19T12:00:24","date_gmt":"2024-09-19T12:00:24","guid":{"rendered":"https:\/\/blogsaverroes.juntadeandalucia.es\/ceipnuestrasenoradebelen\/?page_id=3603"},"modified":"2024-09-20T07:49:21","modified_gmt":"2024-09-20T07:49:21","slug":"curso-y-formacion-irlanda","status":"publish","type":"page","link":"https:\/\/blogsaverroes.juntadeandalucia.es\/ceipnuestrasenoradebelen\/curso-y-formacion-irlanda\/","title":{"rendered":"CURSO Y FORMACI\u00d3N IRLANDA"},"content":{"rendered":"<h2><strong>GESTI\u00d3N DE CONFLICTOS, INTELIGENCIA EMOCIONAL Y PREVENCI\u00d3N DEL ACOSO ESCOLAR&nbsp;<\/strong><\/h2>\n<p><img loading=\"lazy\" decoding=\"async\" class=\"aligncenter wp-image-3621 size-large\" src=\"https:\/\/blogsaverroes.juntadeandalucia.es\/ceipnuestrasenoradebelen\/files\/2024\/09\/free-tour-dublin-imprescindible-1024x341.jpg\" alt=\"\" width=\"1024\" height=\"341\" srcset=\"https:\/\/blogsaverroes.juntadeandalucia.es\/ceipnuestrasenoradebelen\/files\/2024\/09\/free-tour-dublin-imprescindible-1024x341.jpg 1024w, https:\/\/blogsaverroes.juntadeandalucia.es\/ceipnuestrasenoradebelen\/files\/2024\/09\/free-tour-dublin-imprescindible-300x100.jpg 300w, https:\/\/blogsaverroes.juntadeandalucia.es\/ceipnuestrasenoradebelen\/files\/2024\/09\/free-tour-dublin-imprescindible-768x256.jpg 768w, https:\/\/blogsaverroes.juntadeandalucia.es\/ceipnuestrasenoradebelen\/files\/2024\/09\/free-tour-dublin-imprescindible-1536x512.jpg 1536w, https:\/\/blogsaverroes.juntadeandalucia.es\/ceipnuestrasenoradebelen\/files\/2024\/09\/free-tour-dublin-imprescindible.jpg 1920w\" sizes=\"(max-width: 1024px) 100vw, 1024px\" \/><\/p>\n<p>Durante la \u00faltima semana de agosto, del 26 al 31, dos maestros de nuestro centro educativo, do\u00f1a Mar\u00eda Remedios Rodr\u00edguez Garc\u00eda y don Juan Pablo Moraga Romero, participaron en el curso titulado <strong>\u00abConflict Management, Emotional Intelligence, and Bullying Prevention\u00bb<\/strong> en Dubl\u00edn (Irlanda), gracias al <strong>programa Erasmus+<\/strong>. Este curso, dirigido a educadores, ten\u00eda como objetivo proporcionar herramientas pr\u00e1cticas para gestionar el conflicto, fomentar la inteligencia emocional en los alumnos y alumnas y prevenir situaciones de acoso escolar.<\/p>\n<p><img loading=\"lazy\" decoding=\"async\" class=\"alignnone size-medium wp-image-3611\" src=\"https:\/\/blogsaverroes.juntadeandalucia.es\/ceipnuestrasenoradebelen\/files\/2024\/09\/WhatsApp-Image-2024-09-19-at-13.38.43-1-300x225.jpeg\" alt=\"\" width=\"300\" height=\"225\" srcset=\"https:\/\/blogsaverroes.juntadeandalucia.es\/ceipnuestrasenoradebelen\/files\/2024\/09\/WhatsApp-Image-2024-09-19-at-13.38.43-1-300x225.jpeg 300w, https:\/\/blogsaverroes.juntadeandalucia.es\/ceipnuestrasenoradebelen\/files\/2024\/09\/WhatsApp-Image-2024-09-19-at-13.38.43-1-1024x768.jpeg 1024w, https:\/\/blogsaverroes.juntadeandalucia.es\/ceipnuestrasenoradebelen\/files\/2024\/09\/WhatsApp-Image-2024-09-19-at-13.38.43-1-768x576.jpeg 768w, https:\/\/blogsaverroes.juntadeandalucia.es\/ceipnuestrasenoradebelen\/files\/2024\/09\/WhatsApp-Image-2024-09-19-at-13.38.43-1-1536x1152.jpeg 1536w, https:\/\/blogsaverroes.juntadeandalucia.es\/ceipnuestrasenoradebelen\/files\/2024\/09\/WhatsApp-Image-2024-09-19-at-13.38.43-1.jpeg 1600w\" sizes=\"(max-width: 300px) 100vw, 300px\" \/> <img loading=\"lazy\" decoding=\"async\" class=\"alignnone size-medium wp-image-3610\" src=\"https:\/\/blogsaverroes.juntadeandalucia.es\/ceipnuestrasenoradebelen\/files\/2024\/09\/WhatsApp-Image-2024-09-19-at-13.38.43-2-300x225.jpeg\" alt=\"\" width=\"300\" height=\"225\" srcset=\"https:\/\/blogsaverroes.juntadeandalucia.es\/ceipnuestrasenoradebelen\/files\/2024\/09\/WhatsApp-Image-2024-09-19-at-13.38.43-2-300x225.jpeg 300w, https:\/\/blogsaverroes.juntadeandalucia.es\/ceipnuestrasenoradebelen\/files\/2024\/09\/WhatsApp-Image-2024-09-19-at-13.38.43-2-1024x768.jpeg 1024w, https:\/\/blogsaverroes.juntadeandalucia.es\/ceipnuestrasenoradebelen\/files\/2024\/09\/WhatsApp-Image-2024-09-19-at-13.38.43-2-768x576.jpeg 768w, https:\/\/blogsaverroes.juntadeandalucia.es\/ceipnuestrasenoradebelen\/files\/2024\/09\/WhatsApp-Image-2024-09-19-at-13.38.43-2-1536x1152.jpeg 1536w, https:\/\/blogsaverroes.juntadeandalucia.es\/ceipnuestrasenoradebelen\/files\/2024\/09\/WhatsApp-Image-2024-09-19-at-13.38.43-2.jpeg 1600w\" sizes=\"(max-width: 300px) 100vw, 300px\" \/><\/p>\n<p>Adem\u00e1s de los aspectos formativos, la experiencia supuso una <strong>inmersi\u00f3n ling\u00fc\u00edstica<\/strong> total en el idioma ingl\u00e9s, lo que permiti\u00f3 mejorar nuestra fluidez y expresi\u00f3n en este idioma. Igualmente, disfrutamos de actividades culturales enriquecedoras durante la semana de formaci\u00f3n, que nos permitieron impregnarnos de la cultura local.<\/p>\n<h2><strong>1. Contenidos formativos del curso<\/strong><\/h2>\n<p>A lo largo de la semana, se trabajaron contenidos clave para mejorar la din\u00e1mica escolar y fomentar un ambiente de convivencia positivo. Los temas principales abordados fueron:<\/p>\n<h3><strong>1.1. Din\u00e1micas de grupo y relaciones en el aula<\/strong><\/h3>\n<p>Comprendimos c\u00f3mo las <strong>tensiones, alianzas y luchas relacionales entre estudiantes<\/strong> pueden interferir en el aprendizaje y crear un entorno escolar desfavorable. Se destac\u00f3 la importancia de entender estas din\u00e1micas para abordar de manera efectiva los conflictos en el aula.<\/p>\n<p><img loading=\"lazy\" decoding=\"async\" class=\"alignnone size-medium wp-image-3624\" src=\"https:\/\/blogsaverroes.juntadeandalucia.es\/ceipnuestrasenoradebelen\/files\/2024\/09\/WhatsApp-Image-2024-09-20-at-09.37.36-300x196.jpeg\" alt=\"\" width=\"300\" height=\"196\" srcset=\"https:\/\/blogsaverroes.juntadeandalucia.es\/ceipnuestrasenoradebelen\/files\/2024\/09\/WhatsApp-Image-2024-09-20-at-09.37.36-300x196.jpeg 300w, https:\/\/blogsaverroes.juntadeandalucia.es\/ceipnuestrasenoradebelen\/files\/2024\/09\/WhatsApp-Image-2024-09-20-at-09.37.36-1024x668.jpeg 1024w, https:\/\/blogsaverroes.juntadeandalucia.es\/ceipnuestrasenoradebelen\/files\/2024\/09\/WhatsApp-Image-2024-09-20-at-09.37.36-768x501.jpeg 768w, https:\/\/blogsaverroes.juntadeandalucia.es\/ceipnuestrasenoradebelen\/files\/2024\/09\/WhatsApp-Image-2024-09-20-at-09.37.36-1536x1003.jpeg 1536w, https:\/\/blogsaverroes.juntadeandalucia.es\/ceipnuestrasenoradebelen\/files\/2024\/09\/WhatsApp-Image-2024-09-20-at-09.37.36.jpeg 1600w\" sizes=\"(max-width: 300px) 100vw, 300px\" \/> <img loading=\"lazy\" decoding=\"async\" class=\"alignnone size-medium wp-image-3626\" src=\"https:\/\/blogsaverroes.juntadeandalucia.es\/ceipnuestrasenoradebelen\/files\/2024\/09\/WhatsApp-Image-2024-09-20-at-09.41.28-300x197.jpeg\" alt=\"\" width=\"300\" height=\"197\" srcset=\"https:\/\/blogsaverroes.juntadeandalucia.es\/ceipnuestrasenoradebelen\/files\/2024\/09\/WhatsApp-Image-2024-09-20-at-09.41.28-300x197.jpeg 300w, https:\/\/blogsaverroes.juntadeandalucia.es\/ceipnuestrasenoradebelen\/files\/2024\/09\/WhatsApp-Image-2024-09-20-at-09.41.28-1024x673.jpeg 1024w, https:\/\/blogsaverroes.juntadeandalucia.es\/ceipnuestrasenoradebelen\/files\/2024\/09\/WhatsApp-Image-2024-09-20-at-09.41.28-768x505.jpeg 768w, https:\/\/blogsaverroes.juntadeandalucia.es\/ceipnuestrasenoradebelen\/files\/2024\/09\/WhatsApp-Image-2024-09-20-at-09.41.28.jpeg 1238w\" sizes=\"(max-width: 300px) 100vw, 300px\" \/><\/p>\n<h3><strong>1.2. Tipos de conflicto y oportunidades para el crecimiento<\/strong><\/h3>\n<p>El curso se centr\u00f3 en identificar los distintos <strong>tipos de conflicto<\/strong> que pueden surgir en un entorno educativo y c\u00f3mo utilizarlos como <strong>oportunidades de crecimiento personal y grupal<\/strong>. Aprendimos estrategias para transformar conflictos en herramientas de mejora de las relaciones entre los estudiantes.<\/p>\n<p><img loading=\"lazy\" decoding=\"async\" class=\"alignnone size-medium wp-image-3615\" src=\"https:\/\/blogsaverroes.juntadeandalucia.es\/ceipnuestrasenoradebelen\/files\/2024\/09\/WhatsApp-Image-2024-09-19-at-13.38.42-3-300x225.jpeg\" alt=\"\" width=\"300\" height=\"225\" srcset=\"https:\/\/blogsaverroes.juntadeandalucia.es\/ceipnuestrasenoradebelen\/files\/2024\/09\/WhatsApp-Image-2024-09-19-at-13.38.42-3-300x225.jpeg 300w, https:\/\/blogsaverroes.juntadeandalucia.es\/ceipnuestrasenoradebelen\/files\/2024\/09\/WhatsApp-Image-2024-09-19-at-13.38.42-3-1024x768.jpeg 1024w, https:\/\/blogsaverroes.juntadeandalucia.es\/ceipnuestrasenoradebelen\/files\/2024\/09\/WhatsApp-Image-2024-09-19-at-13.38.42-3-768x576.jpeg 768w, https:\/\/blogsaverroes.juntadeandalucia.es\/ceipnuestrasenoradebelen\/files\/2024\/09\/WhatsApp-Image-2024-09-19-at-13.38.42-3-1536x1152.jpeg 1536w, https:\/\/blogsaverroes.juntadeandalucia.es\/ceipnuestrasenoradebelen\/files\/2024\/09\/WhatsApp-Image-2024-09-19-at-13.38.42-3.jpeg 1600w\" sizes=\"(max-width: 300px) 100vw, 300px\" \/><img loading=\"lazy\" decoding=\"async\" class=\"alignnone size-medium wp-image-3619\" src=\"https:\/\/blogsaverroes.juntadeandalucia.es\/ceipnuestrasenoradebelen\/files\/2024\/09\/WhatsApp-Image-2024-09-19-at-13.38.41-1-300x225.jpeg\" alt=\"\" width=\"300\" height=\"225\" srcset=\"https:\/\/blogsaverroes.juntadeandalucia.es\/ceipnuestrasenoradebelen\/files\/2024\/09\/WhatsApp-Image-2024-09-19-at-13.38.41-1-300x225.jpeg 300w, https:\/\/blogsaverroes.juntadeandalucia.es\/ceipnuestrasenoradebelen\/files\/2024\/09\/WhatsApp-Image-2024-09-19-at-13.38.41-1-1024x768.jpeg 1024w, https:\/\/blogsaverroes.juntadeandalucia.es\/ceipnuestrasenoradebelen\/files\/2024\/09\/WhatsApp-Image-2024-09-19-at-13.38.41-1-768x576.jpeg 768w, https:\/\/blogsaverroes.juntadeandalucia.es\/ceipnuestrasenoradebelen\/files\/2024\/09\/WhatsApp-Image-2024-09-19-at-13.38.41-1-1536x1152.jpeg 1536w, https:\/\/blogsaverroes.juntadeandalucia.es\/ceipnuestrasenoradebelen\/files\/2024\/09\/WhatsApp-Image-2024-09-19-at-13.38.41-1.jpeg 1600w\" sizes=\"(max-width: 300px) 100vw, 300px\" \/><\/p>\n<h3><strong>1.3. Fomento de la escucha activa, empat\u00eda y alfabetizaci\u00f3n emocional<\/strong><\/h3>\n<p>Uno de los aspectos m\u00e1s importantes fue el trabajo en la <strong>escucha activa<\/strong> y la <strong>empat\u00eda<\/strong>, elementos esenciales para mejorar la convivencia y fortalecer el respeto mutuo en el aula. A trav\u00e9s de <strong>actividades pr\u00e1cticas<\/strong>, adquirimos herramientas que podremos aplicar inmediatamente en nuestras clases para promover una mayor <strong>alfabetizaci\u00f3n emocional<\/strong> entre los alumnos.<\/p>\n<h3><strong>1.4. Promoci\u00f3n de un clima escolar positivo<\/strong><\/h3>\n<p>El curso nos proporcion\u00f3 habilidades para identificar y abordar las <strong>necesidades emocionales<\/strong> de los estudiantes, y herramientas para promover relaciones m\u00e1s fuertes dentro de la clase y mejorar el clima escolar en general. Este enfoque ayuda tanto a docentes como a estudiantes a sentirse m\u00e1s seguros y apoyados en el entorno educativo.<\/p>\n<h2><strong>2. Perfeccionamiento del idioma ingl\u00e9s<\/strong><\/h2>\n<p>Adem\u00e1s del contenido pedag\u00f3gico, la participaci\u00f3n en este curso ha sido un verdadero proceso de <strong>inmersi\u00f3n ling\u00fc\u00edstica<\/strong>. Al estar completamente inmersos en un ambiente angloparlante, tanto durante las sesiones formativas como en las actividades culturales, hemos mejorado notablemente nuestra <strong>fluidez y expresi\u00f3n en ingl\u00e9s<\/strong>.<\/p>\n<p>El hecho de comunicarnos en ingl\u00e9s de manera continua nos ha permitido perfeccionar nuestras habilidades ling\u00fc\u00edsticas, lo que a su vez facilitar\u00e1 la implementaci\u00f3n de actividades biling\u00fces o en ingl\u00e9s en nuestro centro educativo. Este perfeccionamiento tambi\u00e9n nos permitir\u00e1 acceder a m\u00e1s recursos educativos internacionales y mantener una comunicaci\u00f3n m\u00e1s eficaz en futuros intercambios o proyectos europeos.<\/p>\n<h2><strong>3. Impacto esperado en nuestro centro<\/strong><\/h2>\n<p>Con lo aprendido en este curso, esperamos implementar diversas estrategias en nuestro centro para mejorar la gesti\u00f3n de conflictos y fomentar un ambiente de respeto y empat\u00eda entre los estudiantes. Algunas de las acciones que proponemos son:<\/p>\n<ul>\n<li><strong>Actividades de escucha activa<\/strong> para mejorar la comunicaci\u00f3n entre los alumnos.<\/li>\n<li><strong>Programas de inteligencia emocional<\/strong>, integrando din\u00e1micas que fomenten la empat\u00eda y la comprensi\u00f3n de las emociones.<\/li>\n<li><strong>Talleres de resoluci\u00f3n de conflictos<\/strong> donde los estudiantes puedan aprender a abordar los problemas de manera constructiva.<\/li>\n<li>Incorporar la mejora de nuestras competencias en ingl\u00e9s en las aulas, favoreciendo el uso del idioma en actividades educativas y promoviendo el biling\u00fcismo entre los estudiantes.<\/li>\n<\/ul>\n<p>Estas estrategias no solo mejorar\u00e1n el ambiente dentro del aula, sino que tambi\u00e9n contribuir\u00e1n a la creaci\u00f3n de una comunidad escolar m\u00e1s positiva y cohesionada.<\/p>\n<h2><strong>4. Enriquecimiento cultural<\/strong><\/h2>\n<p>Adem\u00e1s de la formaci\u00f3n, tuvimos la oportunidad de vivir una <strong>inmersi\u00f3n cultural<\/strong> en Dubl\u00edn, lo que ha a\u00f1adido un valor especial a nuestra experiencia Erasmus. Durante nuestra estancia, participamos en actividades como:<\/p>\n<p><img loading=\"lazy\" decoding=\"async\" class=\"alignnone size-medium wp-image-3608\" src=\"https:\/\/blogsaverroes.juntadeandalucia.es\/ceipnuestrasenoradebelen\/files\/2024\/09\/WhatsApp-Image-2024-09-19-at-13.38.43-4-225x300.jpeg\" alt=\"\" width=\"225\" height=\"300\" srcset=\"https:\/\/blogsaverroes.juntadeandalucia.es\/ceipnuestrasenoradebelen\/files\/2024\/09\/WhatsApp-Image-2024-09-19-at-13.38.43-4-225x300.jpeg 225w, https:\/\/blogsaverroes.juntadeandalucia.es\/ceipnuestrasenoradebelen\/files\/2024\/09\/WhatsApp-Image-2024-09-19-at-13.38.43-4-768x1024.jpeg 768w, https:\/\/blogsaverroes.juntadeandalucia.es\/ceipnuestrasenoradebelen\/files\/2024\/09\/WhatsApp-Image-2024-09-19-at-13.38.43-4-1152x1536.jpeg 1152w, https:\/\/blogsaverroes.juntadeandalucia.es\/ceipnuestrasenoradebelen\/files\/2024\/09\/WhatsApp-Image-2024-09-19-at-13.38.43-4.jpeg 1200w\" sizes=\"(max-width: 225px) 100vw, 225px\" \/> <img loading=\"lazy\" decoding=\"async\" class=\"alignnone size-medium wp-image-3609\" src=\"https:\/\/blogsaverroes.juntadeandalucia.es\/ceipnuestrasenoradebelen\/files\/2024\/09\/WhatsApp-Image-2024-09-19-at-13.38.43-3-225x300.jpeg\" alt=\"\" width=\"225\" height=\"300\" srcset=\"https:\/\/blogsaverroes.juntadeandalucia.es\/ceipnuestrasenoradebelen\/files\/2024\/09\/WhatsApp-Image-2024-09-19-at-13.38.43-3-225x300.jpeg 225w, https:\/\/blogsaverroes.juntadeandalucia.es\/ceipnuestrasenoradebelen\/files\/2024\/09\/WhatsApp-Image-2024-09-19-at-13.38.43-3-768x1024.jpeg 768w, https:\/\/blogsaverroes.juntadeandalucia.es\/ceipnuestrasenoradebelen\/files\/2024\/09\/WhatsApp-Image-2024-09-19-at-13.38.43-3-1152x1536.jpeg 1152w, https:\/\/blogsaverroes.juntadeandalucia.es\/ceipnuestrasenoradebelen\/files\/2024\/09\/WhatsApp-Image-2024-09-19-at-13.38.43-3.jpeg 1200w\" sizes=\"(max-width: 225px) 100vw, 225px\" \/><\/p>\n<ul>\n<li><strong>Visitas a sitios hist\u00f3ricos<\/strong> emblem\u00e1ticos como el Trinity College, la Catedral de San Patricio y el famoso Libro de Kells.<\/li>\n<li>\n<div class=\"MjjYud\">\n<div class=\"g Ww4FFb vt6azd tF2Cxc asEBEc\" lang=\"es\" data-hveid=\"CA0QAA\" data-ved=\"2ahUKEwi83MDK9M6IAxUn2QIHHVWZJDkQFSgAegQIDRAA\">\n<div class=\"N54PNb BToiNc cvP2Ce\" data-snc=\"ondJnd\">\n<div class=\"kb0PBd cvP2Ce A9Y9g\" data-snf=\"nke7rc\" data-sncf=\"1\">\n<div class=\"VwiC3b yXK7lf lVm3ye r025kc hJNv6b Hdw6tb\">Recorrido por el <strong>EPIC Museo de la emigraci\u00f3n irlandesa&nbsp;<\/strong>conocer\u00e1s las razones que llevaron a los irlandeses a emigrar de forma interactiva y la huella que han dejado.<\/div>\n<\/div>\n<\/div>\n<\/div>\n<\/div>\n<div class=\"MjjYud\">&nbsp;<\/div>\n<\/li>\n<li><strong>Rutas por el centro hist\u00f3rico de Dubl\u00edn<\/strong>, donde pudimos apreciar la rica historia y cultura irlandesa.<\/li>\n<li><strong>Asistencia a eventos culturales locales<\/strong>, como una noche tradicional de m\u00fasica irlandesa en un pub, que nos permiti\u00f3 conocer mejor la identidad local.<\/li>\n<\/ul>\n<p>Estas actividades no solo nos ayudaron a relajarnos despu\u00e9s de la formaci\u00f3n, sino que tambi\u00e9n nos brindaron una visi\u00f3n m\u00e1s amplia de la cultura irlandesa, algo que consideramos esencial para un programa de formaci\u00f3n internacional.<\/p>\n<p><img loading=\"lazy\" decoding=\"async\" class=\"alignnone size-medium wp-image-3613\" src=\"https:\/\/blogsaverroes.juntadeandalucia.es\/ceipnuestrasenoradebelen\/files\/2024\/09\/WhatsApp-Image-2024-09-19-at-13.38.42-5-225x300.jpeg\" alt=\"\" width=\"225\" height=\"300\" srcset=\"https:\/\/blogsaverroes.juntadeandalucia.es\/ceipnuestrasenoradebelen\/files\/2024\/09\/WhatsApp-Image-2024-09-19-at-13.38.42-5-225x300.jpeg 225w, https:\/\/blogsaverroes.juntadeandalucia.es\/ceipnuestrasenoradebelen\/files\/2024\/09\/WhatsApp-Image-2024-09-19-at-13.38.42-5-768x1024.jpeg 768w, https:\/\/blogsaverroes.juntadeandalucia.es\/ceipnuestrasenoradebelen\/files\/2024\/09\/WhatsApp-Image-2024-09-19-at-13.38.42-5-1152x1536.jpeg 1152w, https:\/\/blogsaverroes.juntadeandalucia.es\/ceipnuestrasenoradebelen\/files\/2024\/09\/WhatsApp-Image-2024-09-19-at-13.38.42-5.jpeg 1200w\" sizes=\"(max-width: 225px) 100vw, 225px\" \/><img loading=\"lazy\" decoding=\"async\" class=\"alignnone size-medium wp-image-3612\" src=\"https:\/\/blogsaverroes.juntadeandalucia.es\/ceipnuestrasenoradebelen\/files\/2024\/09\/WhatsApp-Image-2024-09-19-at-13.38.42-6-225x300.jpeg\" alt=\"\" width=\"225\" height=\"300\" srcset=\"https:\/\/blogsaverroes.juntadeandalucia.es\/ceipnuestrasenoradebelen\/files\/2024\/09\/WhatsApp-Image-2024-09-19-at-13.38.42-6-225x300.jpeg 225w, https:\/\/blogsaverroes.juntadeandalucia.es\/ceipnuestrasenoradebelen\/files\/2024\/09\/WhatsApp-Image-2024-09-19-at-13.38.42-6-768x1024.jpeg 768w, https:\/\/blogsaverroes.juntadeandalucia.es\/ceipnuestrasenoradebelen\/files\/2024\/09\/WhatsApp-Image-2024-09-19-at-13.38.42-6-1152x1536.jpeg 1152w, https:\/\/blogsaverroes.juntadeandalucia.es\/ceipnuestrasenoradebelen\/files\/2024\/09\/WhatsApp-Image-2024-09-19-at-13.38.42-6.jpeg 1200w\" sizes=\"(max-width: 225px) 100vw, 225px\" \/><\/p>\n<h2><strong>5. Conclusi\u00f3n<\/strong><\/h2>\n<p>Nuestra participaci\u00f3n en el curso Erasmus en Dubl\u00edn ha sido una experiencia sumamente enriquecedora, tanto en el plano profesional como personal. Los conocimientos adquiridos sobre <strong>gesti\u00f3n de conflictos, inteligencia emocional y prevenci\u00f3n del acoso escolar<\/strong>, junto con la <strong>mejora de nuestras competencias en ingl\u00e9s<\/strong>, tendr\u00e1n un impacto positivo en nuestro centro educativo, y estamos comprometidos a implementar lo aprendido para mejorar el ambiente escolar.<\/p>\n<p>Adem\u00e1s, la inmersi\u00f3n en la cultura irlandesa nos ha brindado una perspectiva m\u00e1s amplia sobre la importancia de comprender y respetar diversas culturas, algo que tambi\u00e9n queremos transmitir a nuestros estudiantes.<\/p>\n<p>Agradecemos al programa Erasmus por esta oportunidad, y estamos seguros de que los beneficios de esta formaci\u00f3n se reflejar\u00e1n a lo largo de este curso acad\u00e9mico.<\/p>\n<p><img loading=\"lazy\" decoding=\"async\" class=\"aligncenter wp-image-3617 size-large\" src=\"https:\/\/blogsaverroes.juntadeandalucia.es\/ceipnuestrasenoradebelen\/files\/2024\/09\/WhatsApp-Image-2024-09-19-at-13.38.41-3-1024x576.jpeg\" alt=\"\" width=\"1024\" height=\"576\" srcset=\"https:\/\/blogsaverroes.juntadeandalucia.es\/ceipnuestrasenoradebelen\/files\/2024\/09\/WhatsApp-Image-2024-09-19-at-13.38.41-3-1024x576.jpeg 1024w, https:\/\/blogsaverroes.juntadeandalucia.es\/ceipnuestrasenoradebelen\/files\/2024\/09\/WhatsApp-Image-2024-09-19-at-13.38.41-3-300x169.jpeg 300w, https:\/\/blogsaverroes.juntadeandalucia.es\/ceipnuestrasenoradebelen\/files\/2024\/09\/WhatsApp-Image-2024-09-19-at-13.38.41-3-768x432.jpeg 768w, https:\/\/blogsaverroes.juntadeandalucia.es\/ceipnuestrasenoradebelen\/files\/2024\/09\/WhatsApp-Image-2024-09-19-at-13.38.41-3-1536x864.jpeg 1536w, https:\/\/blogsaverroes.juntadeandalucia.es\/ceipnuestrasenoradebelen\/files\/2024\/09\/WhatsApp-Image-2024-09-19-at-13.38.41-3.jpeg 1600w\" sizes=\"(max-width: 1024px) 100vw, 1024px\" \/><\/p>\n","protected":false},"excerpt":{"rendered":"<p>GESTI\u00d3N DE CONFLICTOS, INTELIGENCIA EMOCIONAL Y PREVENCI\u00d3N DEL ACOSO ESCOLAR&nbsp; Durante la \u00faltima semana de agosto, del 26 al 31, dos maestros de nuestro centro educativo, do\u00f1a Mar\u00eda Remedios Rodr\u00edguez Garc\u00eda y don Juan&#46;&#46;&#46;<\/p>\n","protected":false},"author":5528,"featured_media":0,"parent":0,"menu_order":0,"comment_status":"closed","ping_status":"closed","template":"","meta":{"ngg_post_thumbnail":0,"footnotes":""},"aioseo_notices":[],"_links":{"self":[{"href":"https:\/\/blogsaverroes.juntadeandalucia.es\/ceipnuestrasenoradebelen\/wp-json\/wp\/v2\/pages\/3603"}],"collection":[{"href":"https:\/\/blogsaverroes.juntadeandalucia.es\/ceipnuestrasenoradebelen\/wp-json\/wp\/v2\/pages"}],"about":[{"href":"https:\/\/blogsaverroes.juntadeandalucia.es\/ceipnuestrasenoradebelen\/wp-json\/wp\/v2\/types\/page"}],"author":[{"embeddable":true,"href":"https:\/\/blogsaverroes.juntadeandalucia.es\/ceipnuestrasenoradebelen\/wp-json\/wp\/v2\/users\/5528"}],"replies":[{"embeddable":true,"href":"https:\/\/blogsaverroes.juntadeandalucia.es\/ceipnuestrasenoradebelen\/wp-json\/wp\/v2\/comments?post=3603"}],"version-history":[{"count":7,"href":"https:\/\/blogsaverroes.juntadeandalucia.es\/ceipnuestrasenoradebelen\/wp-json\/wp\/v2\/pages\/3603\/revisions"}],"predecessor-version":[{"id":3629,"href":"https:\/\/blogsaverroes.juntadeandalucia.es\/ceipnuestrasenoradebelen\/wp-json\/wp\/v2\/pages\/3603\/revisions\/3629"}],"wp:attachment":[{"href":"https:\/\/blogsaverroes.juntadeandalucia.es\/ceipnuestrasenoradebelen\/wp-json\/wp\/v2\/media?parent=3603"}],"curies":[{"name":"wp","href":"https:\/\/api.w.org\/{rel}","templated":true}]}}