{"id":493,"date":"2022-10-22T12:26:18","date_gmt":"2022-10-22T12:26:18","guid":{"rendered":"https:\/\/blogsaverroes.juntadeandalucia.es\/ceipnuestrasenoradebelen\/?page_id=493"},"modified":"2023-11-24T18:49:44","modified_gmt":"2023-11-24T18:49:44","slug":"proyecto-siguiente-nivel","status":"publish","type":"page","link":"https:\/\/blogsaverroes.juntadeandalucia.es\/ceipnuestrasenoradebelen\/erasmus\/proyecto-siguiente-nivel\/","title":{"rendered":"Proyecto \u00a1Siguiente Nivel!"},"content":{"rendered":"<p>Nuestro Centro comienza su aventura europea durante el presente curso escolar 2022-2023 en el marco del programa Erasmus + con el proyecto de movilidad escolar de corta duraci\u00f3n denominado <strong>\u00ab\u00a1Siguiente nivel: apertura, ecolog\u00eda y digitalizaci\u00f3n\u00bb<\/strong>. Los objetivos que nuestra organizaci\u00f3n escolar desea alcanzar mediante la ejecuci\u00f3n de este proyecto KA1 para atender a las necesidades y retos m\u00e1s importantes a los que se enfrenta son:<\/p>\n<ul>\n<li>Internacionalizar el centro educativo a trav\u00e9s del desarrollo de una conciencia de ciudadan\u00eda e identidad europeas en nuestra comunidad educativa mediante el impulso de valores comunes.<\/li>\n<li>Fomentar la sensibilizaci\u00f3n medioambiental de toda la comunidad educativa.<\/li>\n<li>Poner en pr\u00e1ctica las metodolog\u00edas m\u00e1s innovadoras, beneficiosas y transformadoras para un buen desarrollo competencial del alumnado, sobre todo la metodolog\u00eda STEAM.<\/li>\n<li>Impulsar la mejora continua del equipo directivo mediante la adquisici\u00f3n de competencias organizativas y de gesti\u00f3n de la instituci\u00f3n escolar y la promoci\u00f3n del liderazgo pedag\u00f3gico.<\/li>\n<\/ul>\n<p><a href=\"https:\/\/view.genial.ly\/63cd8c7eb47db500117d3b99\/presentation-proyecto-erasmus-siguiente-nivel\" rel=\"attachment wp-att-2241\"><img loading=\"lazy\" decoding=\"async\" class=\"aligncenter wp-image-2241 size-large\" src=\"https:\/\/blogsaverroes.juntadeandalucia.es\/ceipnuestrasenoradebelen\/files\/2023\/01\/GENIALLY-SIGUIENTE-NIVEL-1024x560.jpg\" alt=\"\" width=\"660\" height=\"361\" srcset=\"https:\/\/blogsaverroes.juntadeandalucia.es\/ceipnuestrasenoradebelen\/files\/2023\/01\/GENIALLY-SIGUIENTE-NIVEL-1024x560.jpg 1024w, https:\/\/blogsaverroes.juntadeandalucia.es\/ceipnuestrasenoradebelen\/files\/2023\/01\/GENIALLY-SIGUIENTE-NIVEL-300x164.jpg 300w, https:\/\/blogsaverroes.juntadeandalucia.es\/ceipnuestrasenoradebelen\/files\/2023\/01\/GENIALLY-SIGUIENTE-NIVEL-768x420.jpg 768w, https:\/\/blogsaverroes.juntadeandalucia.es\/ceipnuestrasenoradebelen\/files\/2023\/01\/GENIALLY-SIGUIENTE-NIVEL-1536x840.jpg 1536w, https:\/\/blogsaverroes.juntadeandalucia.es\/ceipnuestrasenoradebelen\/files\/2023\/01\/GENIALLY-SIGUIENTE-NIVEL-700x383.jpg 700w, https:\/\/blogsaverroes.juntadeandalucia.es\/ceipnuestrasenoradebelen\/files\/2023\/01\/GENIALLY-SIGUIENTE-NIVEL.jpg 1587w\" sizes=\"(max-width: 660px) 100vw, 660px\" \/><\/a><\/p>\n<p>Para alcanzarlos, ejecutaremos dos tipos de actividades: <strong>aprendizaje por observaci\u00f3n o job shadowing&nbsp;<\/strong> y <strong>cursos de formaci\u00f3n<\/strong>. La primera de ellas, que nos permitir\u00e1 desarrollar experiencias en un clima internacional de cooperaci\u00f3n entre centros a trav\u00e9s de tres tipos de actuaciones: actividades virtuales, actividades en el centro de destino durante la movilidad y actividades para la aplicaci\u00f3n y difusi\u00f3n de la experiencia tanto dentro de la organizaci\u00f3n educativa, como a diferentes niveles de alcance geogr\u00e1fico, localidad, provincia y regi\u00f3n. En cuanto a la segunda, la llevaremos a cabo con el prop\u00f3sito de cubrir el conjunto de objetivos planteados en el proyecto, dado que al recibir formaci\u00f3n a nivel europeo en los \u00e1mbitos relacionados con el medioambiente, las metodolog\u00edas activas e inclusivas y el liderazgo pedag\u00f3gico, estamos contribuyendo sobremanera a la internalizaci\u00f3n de nuestra escuela.&nbsp;<\/p>\n<p>En resumen, el hecho de internacionalizar nuestra escuela y abrirla a un marco educativo europeo conferir\u00e1 a nuestro trabajo un punto de vista diferente al formarnos a partir de experiencias transformadoras de los procesos educativos. La aplicaci\u00f3n pr\u00e1ctica de los resultados de las movilidades permitir\u00e1 realizar propuestas ecol\u00f3gicas para convertirnos en un colegio m\u00e1s sostenible, apostar por un proceso de cambio para ense\u00f1ar y aprender de una manera diferente que permita al alumnado enfrentarse a los desaf\u00edos del futuro, trabajar la diversidad en las aulas, integrar a alumnos con dificultades de aprendizaje, sacarle m\u00e1s partido a la tecnolog\u00eda, integrar a las familias en la vida escolar, potenciar el talento de alumnos\/as y docentes, entre otros aspectos destacados.<\/p>\n<p><iframe loading=\"lazy\" src=\"https:\/\/drive.google.com\/file\/d\/1opgsSdtF7WVcceleTXZS0tMmlXW3rrhY\/preview\" width=\"640\" height=\"480\"><\/iframe><\/p>\n<p style=\"text-align: center\"><span style=\"font-size: 14pt;color: #ff6600\"><strong>PROGRAMA ERASMUS+<\/strong><\/span><\/p>\n<p style=\"text-align: center\"><span style=\"font-size: 14pt;color: #ff6600\"><strong>PROYECTO: \u00a1SIGUIENTE NIVEL!: <\/strong><\/span><\/p>\n<p style=\"text-align: center\"><span style=\"font-size: 14pt;color: #ff6600\"><strong>APERTURA, ECOLOG\u00cdA Y DIGITALIZACI\u00d3N<\/strong><\/span><\/p>\n<p><strong>ACTIVIDAD 1<\/strong><\/p>\n<ul>\n<li><strong>Job Shadowing: <\/strong><a href=\"http:\/\/www.oscankova.si\/\"><strong>Escuela primaria Cankova<\/strong><\/a><\/li>\n<li><strong>Fecha: del lunes 17 de abril al viernes 21 de abril de 2023<\/strong>.<\/li>\n<li><strong>Lugar de realizaci\u00f3n: Cankova (Eslovenia).<\/strong><\/li>\n<\/ul>\n<p><strong>ACTIVIDAD 2<\/strong><\/p>\n<ul>\n<li><strong>Curso y formaci\u00f3n: <a href=\"https:\/\/www.edufuture.eu\/pedagogical-leadership\">Liderazgo Pedag\u00f3gico, Coaching e Innovaci\u00f3n Educativa<\/a>.<\/strong><\/li>\n<li><strong>Fecha: del domingo 14 de mayo al jueves 18 de mayo de 2023.<\/strong><\/li>\n<li><strong>Lugar de realizaci\u00f3n: Helsinki (Finlandia).<\/strong><\/li>\n<\/ul>\n<p><strong>ACTIVIDAD 3<\/strong><\/p>\n<ul>\n<li><strong>Curso y formaci\u00f3n: <a href=\"https:\/\/www.itc-international.eu\/erasmusplus\/going-digital-in-an-innovative-classroom\">Digitalizarse en un aula innovadora<\/a>.<\/strong><\/li>\n<li><strong>Fecha: del lunes 12 de junio al s\u00e1bado 16 de junio de 2023.<\/strong><\/li>\n<li><strong>Lugar de realizaci\u00f3n: Praga (Rep\u00fablica Checa).<\/strong><\/li>\n<\/ul>\n<p><strong>ACTIVIDAD 4<\/strong><\/p>\n<ul>\n<li><strong>Curso y formaci\u00f3n: <a href=\"https:\/\/www.teacheracademy.eu\/course\/environmental-education\/\">Educaci\u00f3n Ambiental: Aprender y Actuar para un Futuro Mejor.<\/a><\/strong><\/li>\n<li><strong>Fecha: del lunes 17 de julio al s\u00e1bado 22 de julio de 2023.<\/strong><\/li>\n<li><strong>Lugar de realizaci\u00f3n: Florencia (Italia).<\/strong><\/li>\n<\/ul>\n<p><strong>ACTIVIDAD 5<\/strong><\/p>\n<ul>\n<li><strong>Job Shadowing: <a href=\"https:\/\/aebarcelos.pt\/\">Grupo Escolar Barcelos<\/a><\/strong><\/li>\n<li><strong>Fecha: del lunes 11 de diciembre al viernes 15 de diciembre de 2023.<\/strong><\/li>\n<li><strong>Lugar de realizaci\u00f3n: Barcelos (Portugal).<\/strong><\/li>\n<\/ul>\n<p><a href=\"https:\/\/blogsaverroes.juntadeandalucia.es\/ceipnuestrasenoradebelen\/biblioteca-escolar\/proyecto-siguiente-nivel\/copia-de-white-black-doodle-creative-company-agenda-presentation\/\" rel=\"attachment wp-att-2234\"><img loading=\"lazy\" decoding=\"async\" class=\"aligncenter wp-image-2234 size-large\" src=\"https:\/\/blogsaverroes.juntadeandalucia.es\/ceipnuestrasenoradebelen\/files\/2023\/01\/Copia-de-White-Black-Doodle-Creative-Company-Agenda-Presentation-1024x576.png\" alt=\"\" width=\"660\" height=\"371\" srcset=\"https:\/\/blogsaverroes.juntadeandalucia.es\/ceipnuestrasenoradebelen\/files\/2023\/01\/Copia-de-White-Black-Doodle-Creative-Company-Agenda-Presentation-1024x576.png 1024w, https:\/\/blogsaverroes.juntadeandalucia.es\/ceipnuestrasenoradebelen\/files\/2023\/01\/Copia-de-White-Black-Doodle-Creative-Company-Agenda-Presentation-300x169.png 300w, https:\/\/blogsaverroes.juntadeandalucia.es\/ceipnuestrasenoradebelen\/files\/2023\/01\/Copia-de-White-Black-Doodle-Creative-Company-Agenda-Presentation-768x432.png 768w, https:\/\/blogsaverroes.juntadeandalucia.es\/ceipnuestrasenoradebelen\/files\/2023\/01\/Copia-de-White-Black-Doodle-Creative-Company-Agenda-Presentation-1536x864.png 1536w, https:\/\/blogsaverroes.juntadeandalucia.es\/ceipnuestrasenoradebelen\/files\/2023\/01\/Copia-de-White-Black-Doodle-Creative-Company-Agenda-Presentation-700x393.png 700w, https:\/\/blogsaverroes.juntadeandalucia.es\/ceipnuestrasenoradebelen\/files\/2023\/01\/Copia-de-White-Black-Doodle-Creative-Company-Agenda-Presentation.png 1600w\" sizes=\"(max-width: 660px) 100vw, 660px\" \/><\/a><\/p>\n<p>&nbsp;<\/p>\n","protected":false},"excerpt":{"rendered":"<p>Nuestro Centro comienza su aventura europea durante el presente curso escolar 2022-2023 en el marco del programa Erasmus + con el proyecto de movilidad escolar de corta duraci\u00f3n denominado \u00ab\u00a1Siguiente nivel: apertura, ecolog\u00eda y&#46;&#46;&#46;<\/p>\n","protected":false},"author":5528,"featured_media":0,"parent":458,"menu_order":1,"comment_status":"closed","ping_status":"closed","template":"","meta":{"ngg_post_thumbnail":0,"footnotes":""},"aioseo_notices":[],"_links":{"self":[{"href":"https:\/\/blogsaverroes.juntadeandalucia.es\/ceipnuestrasenoradebelen\/wp-json\/wp\/v2\/pages\/493"}],"collection":[{"href":"https:\/\/blogsaverroes.juntadeandalucia.es\/ceipnuestrasenoradebelen\/wp-json\/wp\/v2\/pages"}],"about":[{"href":"https:\/\/blogsaverroes.juntadeandalucia.es\/ceipnuestrasenoradebelen\/wp-json\/wp\/v2\/types\/page"}],"author":[{"embeddable":true,"href":"https:\/\/blogsaverroes.juntadeandalucia.es\/ceipnuestrasenoradebelen\/wp-json\/wp\/v2\/users\/5528"}],"replies":[{"embeddable":true,"href":"https:\/\/blogsaverroes.juntadeandalucia.es\/ceipnuestrasenoradebelen\/wp-json\/wp\/v2\/comments?post=493"}],"version-history":[{"count":22,"href":"https:\/\/blogsaverroes.juntadeandalucia.es\/ceipnuestrasenoradebelen\/wp-json\/wp\/v2\/pages\/493\/revisions"}],"predecessor-version":[{"id":3184,"href":"https:\/\/blogsaverroes.juntadeandalucia.es\/ceipnuestrasenoradebelen\/wp-json\/wp\/v2\/pages\/493\/revisions\/3184"}],"up":[{"embeddable":true,"href":"https:\/\/blogsaverroes.juntadeandalucia.es\/ceipnuestrasenoradebelen\/wp-json\/wp\/v2\/pages\/458"}],"wp:attachment":[{"href":"https:\/\/blogsaverroes.juntadeandalucia.es\/ceipnuestrasenoradebelen\/wp-json\/wp\/v2\/media?parent=493"}],"curies":[{"name":"wp","href":"https:\/\/api.w.org\/{rel}","templated":true}]}}