{"id":573,"date":"2022-09-02T19:16:42","date_gmt":"2022-09-02T19:16:42","guid":{"rendered":"https:\/\/blogsaverroes.juntadeandalucia.es\/ceipnuestrasenoradebelen\/?page_id=573"},"modified":"2022-11-03T20:29:55","modified_gmt":"2022-11-03T20:29:55","slug":"ampa","status":"publish","type":"page","link":"https:\/\/blogsaverroes.juntadeandalucia.es\/ceipnuestrasenoradebelen\/ampa\/","title":{"rendered":"AMPA"},"content":{"rendered":"<p style=\"font-family: 'Open Sans', sans-serif;font-size: 15px;font-style: normal;font-weight: 400\" data-wp-editing=\"1\"><a href=\"https:\/\/www.facebook.com\/AMPA-Nueva-Andaluc%C3%ADa-103248911186634\/\"><img loading=\"lazy\" decoding=\"async\" class=\"size-medium wp-image-577 aligncenter\" style=\"font-family: 'Open Sans', sans-serif;font-size: 15px;font-style: normal;font-weight: 400\" src=\"https:\/\/blogsaverroes.juntadeandalucia.es\/ceipnuestrasenoradebelen\/files\/2020\/11\/AMPA-NUEVA-ANDALUC\u00cdA-300x300.jpg\" alt=\"\" width=\"300\" height=\"300\"><\/a><span style=\"font-family: 'Open Sans', sans-serif;font-size: 15px;font-style: normal;font-weight: 400\">La<strong> AMPA NUEVA ANDALUC\u00cdA <\/strong>es una asociaci\u00f3n sin \u00e1nimo de lucro que est\u00e1 formada por los padres y madres de alumnado del CEIP Ntra. Sra. de Bel\u00e9n. Es un punto de encuentro y de trabajo independiente, abierto y plural. Desde la asociaci\u00f3n podemos contribuir a la mejora de la calidad de la educaci\u00f3n, la convivencia y de las instalaciones.<\/span><\/p>\n<h3><span style=\"color: #000000\">\u00bfPor qu\u00e9 es important<\/span><span style=\"color: #000000\">e vuestra participaci\u00f3n?<\/span><\/h3>\n<p>En el colegio existen espacios de participaci\u00f3n, siendo la&nbsp; AMPA &nbsp;el \u00fanico espacio de participaci\u00f3n aut\u00f3nomo de padres y madres. La AMPA es importante porque:<\/p>\n<ul>\n<li>Somos corresponsables de la educaci\u00f3n que nuestros hijos\/as reciben en el colegio.<\/li>\n<li>Es un espacio para aportar iniciativas y trabajar con la direcci\u00f3n del Centro, sin depender de esta.<\/li>\n<\/ul>\n<h3><span style=\"color: #000000\">\u00bfC\u00f3mo puedes partic<\/span><span style=\"color: #000000\">ipar?<\/span><\/h3>\n<p>Participar en el AMPA es muy f\u00e1cil y cada uno decide el nivel de implicaci\u00f3n.<\/p>\n<ul>\n<li>Podemos asociarnos en cualquier momento del curso y la cuota es por familia no por ni\u00f1o\/a.<\/li>\n<li>Podemos tambi\u00e9n participar a trav\u00e9s de las asambleas, incorpor\u00e1ndonos a las reuniones abiertas que se convoquen.<\/li>\n<li>Podemos colaborar en las diferentes en actividades que se organizan desde la AMPA a lo largo del curso.<\/li>\n<li>Podemos proponer iniciativas, plantear temas de debate, organizar actividades, etc., &nbsp;dirigi\u00e9ndote a cualquier miembro de la junta directiva o a trav\u00e9s de este blog.<\/li>\n<\/ul>\n<p>Como ves, hay muchas formas de participar y es muy importante que m\u00e1s padres y madres pasemos a la participa-ACCI\u00d3N,&nbsp;&nbsp;de forma activa y colectiva.<\/p>\n<h3><span style=\"color: #000000\">\u00bfPara qu\u00e9 sirve?<\/span><\/h3>\n<ul>\n<li>Para defender y velar por el derecho a una educaci\u00f3n de calidad, democr\u00e1tica, atendiendo a las necesidades de todos los ni\u00f1os\/as &nbsp;y cr\u00edtica.<\/li>\n<li>Para promover la participaci\u00f3n de padres y madres en la vida del centro, defendiendo los intereses del alumnado y de toda la comunidad educativa.<\/li>\n<li>Para buscar soluciones de forma colectiva a temas relacionados con la ense\u00f1anza y educaci\u00f3n de nuestros hijos\/as.<\/li>\n<li>Para crear espacios de encuentro y trabajo en el resto de la comunidad educativa y con el entorno.<\/li>\n<li>Para crear espacios de reflexi\u00f3n y participaci\u00f3n compartida sobre la educaci\u00f3n de nuestros hijos\/as<\/li>\n<li>Para participar en la gesti\u00f3n del colegio.<\/li>\n<\/ul>\n<h3><span style=\"color: #000000\">\u00bfC\u00f3mo se financia?<\/span><\/h3>\n<p>La AMPA &nbsp;se financia a trav\u00e9s de las cuotas de socios\/as. Es el \u00fanico pago que realizan las familias y que gestiona la AMPA para el beneficio exclusivo de la comunidad educativa y en definitiva de la educaci\u00f3n que reciben&nbsp; nuestros hijos\/as en el centro.<\/p>\n","protected":false},"excerpt":{"rendered":"<p>La AMPA NUEVA ANDALUC\u00cdA es una asociaci\u00f3n sin \u00e1nimo de lucro que est\u00e1 formada por los padres y madres de alumnado del CEIP Ntra. Sra. de Bel\u00e9n. Es un punto de encuentro y de&#46;&#46;&#46;<\/p>\n","protected":false},"author":5528,"featured_media":0,"parent":0,"menu_order":0,"comment_status":"closed","ping_status":"closed","template":"","meta":{"ngg_post_thumbnail":0,"footnotes":""},"aioseo_notices":[],"_links":{"self":[{"href":"https:\/\/blogsaverroes.juntadeandalucia.es\/ceipnuestrasenoradebelen\/wp-json\/wp\/v2\/pages\/573"}],"collection":[{"href":"https:\/\/blogsaverroes.juntadeandalucia.es\/ceipnuestrasenoradebelen\/wp-json\/wp\/v2\/pages"}],"about":[{"href":"https:\/\/blogsaverroes.juntadeandalucia.es\/ceipnuestrasenoradebelen\/wp-json\/wp\/v2\/types\/page"}],"author":[{"embeddable":true,"href":"https:\/\/blogsaverroes.juntadeandalucia.es\/ceipnuestrasenoradebelen\/wp-json\/wp\/v2\/users\/5528"}],"replies":[{"embeddable":true,"href":"https:\/\/blogsaverroes.juntadeandalucia.es\/ceipnuestrasenoradebelen\/wp-json\/wp\/v2\/comments?post=573"}],"version-history":[{"count":6,"href":"https:\/\/blogsaverroes.juntadeandalucia.es\/ceipnuestrasenoradebelen\/wp-json\/wp\/v2\/pages\/573\/revisions"}],"predecessor-version":[{"id":582,"href":"https:\/\/blogsaverroes.juntadeandalucia.es\/ceipnuestrasenoradebelen\/wp-json\/wp\/v2\/pages\/573\/revisions\/582"}],"wp:attachment":[{"href":"https:\/\/blogsaverroes.juntadeandalucia.es\/ceipnuestrasenoradebelen\/wp-json\/wp\/v2\/media?parent=573"}],"curies":[{"name":"wp","href":"https:\/\/api.w.org\/{rel}","templated":true}]}}