{"id":75,"date":"2022-09-01T11:16:12","date_gmt":"2022-09-01T11:16:12","guid":{"rendered":"https:\/\/blogsaverroes.juntadeandalucia.es\/ceipnuestrasenoradebelen\/?page_id=75"},"modified":"2023-11-24T18:48:09","modified_gmt":"2023-11-24T18:48:09","slug":"el-centro","status":"publish","type":"page","link":"https:\/\/blogsaverroes.juntadeandalucia.es\/ceipnuestrasenoradebelen\/el-centro\/","title":{"rendered":"El Centro"},"content":{"rendered":"<p style=\"text-align: center\"><span style=\"color: #000000;font-size: 14pt\"><strong>CEIP&nbsp; NUESTRA SE\u00d1ORA DE BEL\u00c9N&nbsp;<\/strong><\/span><\/p>\n<p>C\u00f3digo de Centro: 23003260<\/p>\n<p>C\/ Real, S\/N<\/p>\n<p>23140 &#8211; Noalejo (Ja\u00e9n)<\/p>\n<p>Tel\u00e9fono: 953366829 \/ corporativo: 280829<\/p>\n<p>Fax: 953366830&nbsp;<\/p>\n<p>email: 23003260.edu@juntadeandalucia.es<\/p>\n<p>Facebook: <a href=\"https:\/\/m.facebook.com\/ceipntrasradebelen\/?ref=bookmarks\">CEIP Nuestra Se\u00f1ora de Bel\u00e9n<\/a><\/p>\n<p>Instagram: https: <a href=\"https:\/\/www.instagram.com\/colegionoalejo3\/\">colegionoalejo3<\/a><\/p>\n<p>&nbsp;<\/p>\n","protected":false},"excerpt":{"rendered":"<p>CEIP&nbsp; NUESTRA SE\u00d1ORA DE BEL\u00c9N&nbsp; C\u00f3digo de Centro: 23003260 C\/ Real, S\/N 23140 &#8211; Noalejo (Ja\u00e9n) Tel\u00e9fono: 953366829 \/ corporativo: 280829 Fax: 953366830&nbsp; email: 23003260.edu@juntadeandalucia.es Facebook: CEIP Nuestra Se\u00f1ora de Bel\u00e9n Instagram: https: colegionoalejo3&#46;&#46;&#46;<\/p>\n","protected":false},"author":5528,"featured_media":0,"parent":0,"menu_order":0,"comment_status":"closed","ping_status":"closed","template":"","meta":{"ngg_post_thumbnail":0,"footnotes":""},"aioseo_notices":[],"_links":{"self":[{"href":"https:\/\/blogsaverroes.juntadeandalucia.es\/ceipnuestrasenoradebelen\/wp-json\/wp\/v2\/pages\/75"}],"collection":[{"href":"https:\/\/blogsaverroes.juntadeandalucia.es\/ceipnuestrasenoradebelen\/wp-json\/wp\/v2\/pages"}],"about":[{"href":"https:\/\/blogsaverroes.juntadeandalucia.es\/ceipnuestrasenoradebelen\/wp-json\/wp\/v2\/types\/page"}],"author":[{"embeddable":true,"href":"https:\/\/blogsaverroes.juntadeandalucia.es\/ceipnuestrasenoradebelen\/wp-json\/wp\/v2\/users\/5528"}],"replies":[{"embeddable":true,"href":"https:\/\/blogsaverroes.juntadeandalucia.es\/ceipnuestrasenoradebelen\/wp-json\/wp\/v2\/comments?post=75"}],"version-history":[{"count":7,"href":"https:\/\/blogsaverroes.juntadeandalucia.es\/ceipnuestrasenoradebelen\/wp-json\/wp\/v2\/pages\/75\/revisions"}],"predecessor-version":[{"id":1848,"href":"https:\/\/blogsaverroes.juntadeandalucia.es\/ceipnuestrasenoradebelen\/wp-json\/wp\/v2\/pages\/75\/revisions\/1848"}],"wp:attachment":[{"href":"https:\/\/blogsaverroes.juntadeandalucia.es\/ceipnuestrasenoradebelen\/wp-json\/wp\/v2\/media?parent=75"}],"curies":[{"name":"wp","href":"https:\/\/api.w.org\/{rel}","templated":true}]}}