{"id":840,"date":"2020-12-18T08:38:52","date_gmt":"2020-12-18T07:38:52","guid":{"rendered":"https:\/\/blogsaverroes.juntadeandalucia.es\/pre\/plantilla-pencil\/?page_id=840"},"modified":"2025-03-02T13:28:20","modified_gmt":"2025-03-02T12:28:20","slug":"ampa","status":"publish","type":"page","link":"https:\/\/blogsaverroes.juntadeandalucia.es\/ceipnuestrasenoradecanossantos\/nuestra-historia\/ampa\/","title":{"rendered":"AMPA"},"content":{"rendered":"<p><em>&#8220;La Asociaci\u00f3n de Madres, Padres y Alumnos (AMPA) &#8220;San Sebasti\u00e1n&#8221; busca establecer una colaboraci\u00f3n s\u00f3lida entre sus socios\/as, el personal docente, Administraci\u00f3n local y otros agentes sociales del municipio, fomentando un ambiente de armon\u00eda cuyo objetivo compartido sea obtener el mayor beneficio para toda la comunidad educativa del CEIP Ntra. Sra. de Ca\u00f1os Santos y el municipio de Ca\u00f1ete la Real&#8221;.&nbsp;<\/em><\/p>\n<p>&nbsp;<\/p>\n<p><img loading=\"lazy\" decoding=\"async\" class=\"size-medium wp-image-2184 aligncenter\" src=\"https:\/\/blogsaverroes.juntadeandalucia.es\/ceipnuestrasenoradecanossantos\/files\/2024\/12\/Captura-de-pantalla-2024-12-11-130620-244x300.png\" alt=\"\" width=\"244\" height=\"300\" srcset=\"https:\/\/blogsaverroes.juntadeandalucia.es\/ceipnuestrasenoradecanossantos\/files\/2024\/12\/Captura-de-pantalla-2024-12-11-130620-244x300.png 244w, https:\/\/blogsaverroes.juntadeandalucia.es\/ceipnuestrasenoradecanossantos\/files\/2024\/12\/Captura-de-pantalla-2024-12-11-130620.png 285w\" sizes=\"(max-width: 244px) 100vw, 244px\" \/><\/p>\n","protected":false},"excerpt":{"rendered":"<p>&#8220;La Asociaci\u00f3n de Madres, Padres y Alumnos (AMPA) &#8220;San Sebasti\u00e1n&#8221; busca establecer una colaboraci\u00f3n s\u00f3lida entre sus socios\/as, el personal docente, Administraci\u00f3n local y otros agentes sociales del municipio, fomentando un ambiente de armon\u00eda cuyo objetivo compartido sea obtener el mayor beneficio para toda la comunidad educativa del CEIP Ntra. Sra. de Ca\u00f1os Santos y [&hellip;]<\/p>\n","protected":false},"author":19264,"featured_media":0,"parent":853,"menu_order":0,"comment_status":"closed","ping_status":"closed","template":"","meta":{"_et_pb_use_builder":"off","_et_pb_old_content":"","_et_gb_content_width":"","ngg_post_thumbnail":0,"footnotes":""},"aioseo_notices":[],"_links":{"self":[{"href":"https:\/\/blogsaverroes.juntadeandalucia.es\/ceipnuestrasenoradecanossantos\/wp-json\/wp\/v2\/pages\/840"}],"collection":[{"href":"https:\/\/blogsaverroes.juntadeandalucia.es\/ceipnuestrasenoradecanossantos\/wp-json\/wp\/v2\/pages"}],"about":[{"href":"https:\/\/blogsaverroes.juntadeandalucia.es\/ceipnuestrasenoradecanossantos\/wp-json\/wp\/v2\/types\/page"}],"author":[{"embeddable":true,"href":"https:\/\/blogsaverroes.juntadeandalucia.es\/ceipnuestrasenoradecanossantos\/wp-json\/wp\/v2\/users\/19264"}],"replies":[{"embeddable":true,"href":"https:\/\/blogsaverroes.juntadeandalucia.es\/ceipnuestrasenoradecanossantos\/wp-json\/wp\/v2\/comments?post=840"}],"version-history":[{"count":6,"href":"https:\/\/blogsaverroes.juntadeandalucia.es\/ceipnuestrasenoradecanossantos\/wp-json\/wp\/v2\/pages\/840\/revisions"}],"predecessor-version":[{"id":2185,"href":"https:\/\/blogsaverroes.juntadeandalucia.es\/ceipnuestrasenoradecanossantos\/wp-json\/wp\/v2\/pages\/840\/revisions\/2185"}],"up":[{"embeddable":true,"href":"https:\/\/blogsaverroes.juntadeandalucia.es\/ceipnuestrasenoradecanossantos\/wp-json\/wp\/v2\/pages\/853"}],"wp:attachment":[{"href":"https:\/\/blogsaverroes.juntadeandalucia.es\/ceipnuestrasenoradecanossantos\/wp-json\/wp\/v2\/media?parent=840"}],"curies":[{"name":"wp","href":"https:\/\/api.w.org\/{rel}","templated":true}]}}