{"id":206,"date":"2020-02-12T08:09:58","date_gmt":"2020-02-12T07:09:58","guid":{"rendered":"http:\/\/blogsaverroes.juntadeandalucia.es\/pre\/nuevoceip2v2\/?page_id=206"},"modified":"2022-11-20T08:45:42","modified_gmt":"2022-11-20T07:45:42","slug":"novedades","status":"publish","type":"page","link":"https:\/\/blogsaverroes.juntadeandalucia.es\/ceipnuestrasenoradegracia\/novedades\/","title":{"rendered":"Novedades"},"content":{"rendered":"<div dir=\"auto\">\n<hr>\n<\/div>\n<div dir=\"auto\">\n<div class=\"x11i5rnm xat24cr x1mh8g0r x1vvkbs xdj266r x126k92a\">\n<div dir=\"auto\"><strong><span class=\"x3nfvp2 x1j61x8r x1fcty0u xdj266r xhhsvwb xat24cr xgzva0m xxymvpz xlup9mm x1kky2od\"><img loading=\"lazy\" decoding=\"async\" src=\"https:\/\/static.xx.fbcdn.net\/images\/emoji.php\/v9\/t33\/2\/16\/1f49a.png\" alt=\"\ud83d\udc9a\" width=\"16\" height=\"16\"><\/span> <span class=\"x3nfvp2 x1j61x8r x1fcty0u xdj266r xhhsvwb xat24cr xgzva0m xxymvpz xlup9mm x1kky2od\"><img loading=\"lazy\" decoding=\"async\" src=\"https:\/\/static.xx.fbcdn.net\/images\/emoji.php\/v9\/ted\/2\/16\/2764.png\" alt=\"\u2764\ufe0f\" width=\"16\" height=\"16\"><\/span> \ud835\udc7a\ud835\udc90\ud835\udc8e\ud835\udc90\ud835\udc94 \ud835\udc8d\ud835\udc82 \ud835\udc84\ud835\udc96\ud835\udc8f\ud835\udc82 \ud835\udc85\ud835\udc86\ud835\udc8d \ud835\udc87\ud835\udc82\ud835\udc8f\ud835\udc85\ud835\udc82\ud835\udc8f\ud835\udc88\ud835\udc90, \ud835\udc9a \ud835\udc86\ud835\udc8f \ud835\udc86\ud835\udc8d \ud835\udc84\ud835\udc90\ud835\udc8d\ud835\udc86 \ud835\udc94\ud835\udc86 \ud835\udc94\ud835\udc82\ud835\udc83\ud835\udc86.<\/strong><\/div>\n<\/div>\n<div class=\"x11i5rnm xat24cr x1mh8g0r x1vvkbs xtlvy1s x126k92a\">\n<div dir=\"auto\">As\u00ed celebramos el <a class=\"x1i10hfl xjbqb8w x6umtig x1b1mbwd xaqea5y xav7gou x9f619 x1ypdohk xt0psk2 xe8uvvx xdj266r x11i5rnm xat24cr x1mh8g0r xexx8yu x4uap5 x18d9i69 xkhd6sd x16tdsg8 x1hl2dhg xggy1nq x1a2a7pz xt0b8zv x1qq9wsj xo1l8bm\" role=\"link\" href=\"https:\/\/www.facebook.com\/hashtag\/16n?__eep__=6&amp;__cft__[0]=AZXfP9n8SyMNW8bzFSozA_6d0TJ0SbIndQjnoNSlmjv1wpTaxDZdVS2S4OdnYWA7XDv5EaTsxhaUCvBW3TbqgXTVL4GyfVGOO1_gcFtOsPd1pw-4A7_6U3k99ZjpG0fYUjMhtUEZjiVmkmJj0W2_71-kqnwwOIbZ3_QOZYrWbECELNzOhfb1nObEVvAapOP3BT4&amp;__tn__=*NK-R\">#16N<\/a>, D\u00eda del Flamenco, uniendo nuestros planes educativos <a class=\"x1i10hfl xjbqb8w x6umtig x1b1mbwd xaqea5y xav7gou x9f619 x1ypdohk xt0psk2 xe8uvvx xdj266r x11i5rnm xat24cr x1mh8g0r xexx8yu x4uap5 x18d9i69 xkhd6sd x16tdsg8 x1hl2dhg xggy1nq x1a2a7pz xt0b8zv x1qq9wsj xo1l8bm\" role=\"link\" href=\"https:\/\/www.facebook.com\/vivirysentirelpatrimonio?__cft__[0]=AZXfP9n8SyMNW8bzFSozA_6d0TJ0SbIndQjnoNSlmjv1wpTaxDZdVS2S4OdnYWA7XDv5EaTsxhaUCvBW3TbqgXTVL4GyfVGOO1_gcFtOsPd1pw-4A7_6U3k99ZjpG0fYUjMhtUEZjiVmkmJj0W2_71-kqnwwOIbZ3_QOZYrWbECELNzOhfb1nObEVvAapOP3BT4&amp;__tn__=-]K-R\"><span class=\"xt0psk2\">Vivir y Sentir el Patrimonio<\/span><\/a>, <a class=\"x1i10hfl xjbqb8w x6umtig x1b1mbwd xaqea5y xav7gou x9f619 x1ypdohk xt0psk2 xe8uvvx xdj266r x11i5rnm xat24cr x1mh8g0r xexx8yu x4uap5 x18d9i69 xkhd6sd x16tdsg8 x1hl2dhg xggy1nq x1a2a7pz xt0b8zv x1qq9wsj xo1l8bm\" role=\"link\" href=\"https:\/\/www.facebook.com\/profile.php?id=100064807455903&amp;__cft__[0]=AZXfP9n8SyMNW8bzFSozA_6d0TJ0SbIndQjnoNSlmjv1wpTaxDZdVS2S4OdnYWA7XDv5EaTsxhaUCvBW3TbqgXTVL4GyfVGOO1_gcFtOsPd1pw-4A7_6U3k99ZjpG0fYUjMhtUEZjiVmkmJj0W2_71-kqnwwOIbZ3_QOZYrWbECELNzOhfb1nObEVvAapOP3BT4&amp;__tn__=-]K-R\"><span class=\"xt0psk2\">Gabinete Paz Igualdad Huelva<\/span><\/a>, <a class=\"x1i10hfl xjbqb8w x6umtig x1b1mbwd xaqea5y xav7gou x9f619 x1ypdohk xt0psk2 xe8uvvx xdj266r x11i5rnm xat24cr x1mh8g0r xexx8yu x4uap5 x18d9i69 xkhd6sd x16tdsg8 x1hl2dhg xggy1nq x1a2a7pz xt0b8zv x1qq9wsj xo1l8bm\" role=\"link\" href=\"https:\/\/www.facebook.com\/auladcine?__cft__[0]=AZXfP9n8SyMNW8bzFSozA_6d0TJ0SbIndQjnoNSlmjv1wpTaxDZdVS2S4OdnYWA7XDv5EaTsxhaUCvBW3TbqgXTVL4GyfVGOO1_gcFtOsPd1pw-4A7_6U3k99ZjpG0fYUjMhtUEZjiVmkmJj0W2_71-kqnwwOIbZ3_QOZYrWbECELNzOhfb1nObEVvAapOP3BT4&amp;__tn__=-]K-R\"><span class=\"xt0psk2\">Aula De Cine Andaluc\u00eda<\/span><\/a> y <a class=\"x1i10hfl xjbqb8w x6umtig x1b1mbwd xaqea5y xav7gou x9f619 x1ypdohk xt0psk2 xe8uvvx xdj266r x11i5rnm xat24cr x1mh8g0r xexx8yu x4uap5 x18d9i69 xkhd6sd x16tdsg8 x1hl2dhg xggy1nq x1a2a7pz xt0b8zv x1qq9wsj xo1l8bm\" role=\"link\" href=\"https:\/\/www.facebook.com\/tde.andalucia.1?__cft__[0]=AZXfP9n8SyMNW8bzFSozA_6d0TJ0SbIndQjnoNSlmjv1wpTaxDZdVS2S4OdnYWA7XDv5EaTsxhaUCvBW3TbqgXTVL4GyfVGOO1_gcFtOsPd1pw-4A7_6U3k99ZjpG0fYUjMhtUEZjiVmkmJj0W2_71-kqnwwOIbZ3_QOZYrWbECELNzOhfb1nObEVvAapOP3BT4&amp;__tn__=-]K-R\"><span class=\"xt0psk2\">Tde Andaluc\u00eda<\/span><\/a>.<\/div>\n<\/div>\n<div class=\"x11i5rnm xat24cr x1mh8g0r x1vvkbs xtlvy1s x126k92a\">\n<div dir=\"auto\">Gracias a nuestra querida y entra\u00f1able <a class=\"x1i10hfl xjbqb8w x6umtig x1b1mbwd xaqea5y xav7gou x9f619 x1ypdohk xt0psk2 xe8uvvx xdj266r x11i5rnm xat24cr x1mh8g0r xexx8yu x4uap5 x18d9i69 xkhd6sd x16tdsg8 x1hl2dhg xggy1nq x1a2a7pz xt0b8zv x1qq9wsj xo1l8bm\" role=\"link\" href=\"https:\/\/www.facebook.com\/mariaisabel.carreramartin?__cft__[0]=AZXfP9n8SyMNW8bzFSozA_6d0TJ0SbIndQjnoNSlmjv1wpTaxDZdVS2S4OdnYWA7XDv5EaTsxhaUCvBW3TbqgXTVL4GyfVGOO1_gcFtOsPd1pw-4A7_6U3k99ZjpG0fYUjMhtUEZjiVmkmJj0W2_71-kqnwwOIbZ3_QOZYrWbECELNzOhfb1nObEVvAapOP3BT4&amp;__tn__=-]K-R\"><span class=\"xt0psk2\">Mar\u00eda Isabel Carrera Mart\u00edn<\/span><\/a> por su aportaci\u00f3n a estas jornadas.<\/div>\n<\/div>\n<\/div>\n<div dir=\"auto\">&nbsp;<\/div>\n<div dir=\"auto\"><a href=\"https:\/\/view.genial.ly\/637540754c1ce2001115c7bc\/interactive-content-dia-internacional-del-flamenco-alosno-2022\"><img loading=\"lazy\" decoding=\"async\" class=\"aligncenter wp-image-877 size-medium\" src=\"https:\/\/blogsaverroes.juntadeandalucia.es\/ceipnuestrasenoradegracia\/files\/2022\/11\/Captura-de-Pantalla-2022-11-20-a-las-8.43.08-232x300.png\" alt=\"\" width=\"232\" height=\"300\"><\/a><\/div>\n<div dir=\"auto\">\n<div dir=\"auto\">&nbsp;<\/div>\n<\/div>\n<div dir=\"auto\">&nbsp;<\/div>\n<div class=\"x11i5rnm xat24cr x1mh8g0r x1vvkbs xdj266r x126k92a\">\n<div dir=\"auto\">\n<hr>\n<\/div>\n<div dir=\"auto\">&nbsp;<\/div>\n<div dir=\"auto\"><strong>\ud835\udcd3\ud835\udcd8\u0301\ud835\udcd0 \ud835\udcd3\ud835\udcd4\ud835\udcdb \ud835\udcd5\ud835\udcdb\ud835\udcd0\ud835\udcdc\ud835\udcd4\ud835\udcdd\ud835\udcd2\ud835\udcde<span class=\"x3nfvp2 x1j61x8r x1fcty0u xdj266r xhhsvwb xat24cr xgzva0m xxymvpz xlup9mm x1kky2od\"><img loading=\"lazy\" decoding=\"async\" src=\"https:\/\/static.xx.fbcdn.net\/images\/emoji.php\/v9\/t33\/2\/16\/1f49a.png\" alt=\"\ud83d\udc9a\" width=\"16\" height=\"16\"><\/span> 16 \ud835\udcdd\ud835\udcf8\ud835\udcff\ud835\udcf2\ud835\udcee\ud835\udcf6\ud835\udceb\ud835\udcfb\ud835\udcee<\/strong><\/div>\n<\/div>\n<div class=\"x11i5rnm xat24cr x1mh8g0r x1vvkbs xtlvy1s x126k92a\">\n<div dir=\"auto\">El cole San Roque de Villablanca nos ha pedido la participaci\u00f3n en sus actividades del D\u00eda del Flamenco como Cuna del Fandango que somos. Nos pidieron un v\u00eddeo que les mostrara c\u00f3mo el flamenco est\u00e1 presente en el d\u00eda a d\u00eda de nuestro cole y nuestro pueblo. Y \u00e9ste es el resultado.<\/div>\n<\/div>\n<div style=\"width: 1080px;\" class=\"wp-video\"><!--[if lt IE 9]><script>document.createElement('video');<\/script><![endif]-->\n<video class=\"wp-video-shortcode\" id=\"video-206-1\" width=\"1080\" height=\"608\" poster=\"https:\/\/blogsaverroes.juntadeandalucia.es\/ceipnuestrasenoradegracia\/files\/2022\/11\/web-dia-flamenco-SD-480p-mov-image.jpg\" preload=\"metadata\" controls=\"controls\"><source type=\"video\/mp4\" src=\"https:\/\/blogsaverroes.juntadeandalucia.es\/ceipnuestrasenoradegracia\/files\/2022\/11\/A-Un-Clic-Del-Fandango-MOVIL.mp4?_=1\" \/><a href=\"https:\/\/blogsaverroes.juntadeandalucia.es\/ceipnuestrasenoradegracia\/files\/2022\/11\/A-Un-Clic-Del-Fandango-MOVIL.mp4\">https:\/\/blogsaverroes.juntadeandalucia.es\/ceipnuestrasenoradegracia\/files\/2022\/11\/A-Un-Clic-Del-Fandango-MOVIL.mp4<\/a><\/video><\/div>\n<p><a href=\"https:\/\/blogsaverroes.juntadeandalucia.es\/ceipnuestrasenoradegracia\/files\/2022\/11\/web-dia-flamenco-SD-480p.mov\">D\u00eda Del Flamenco<\/a><\/p>\n<hr>\n<p><span style=\"color: #808080;font-size: 12pt\">Arrancamos nuevamente nuestro <\/span><em><span style=\"font-size: 14pt;color: #008000\"><strong>\u201cHUERTO ESCOLAR\u201d<\/strong><\/span><\/em><span style=\"font-size: 12pt;color: #808080\">, este a\u00f1o se avecinan novedades y nuevas instalaciones para nuestras verduras y hortalizas!!! Deseando poder ver ya los resultados.<\/span><\/p>\n<p><a href=\"https:\/\/blogsaverroes.juntadeandalucia.es\/ceipnuestrasenoradegracia\/files\/2022\/09\/6A5BCC81-799B-45CD-ADF5-A6BBAC9BFFC7.jpeg\" rel=\"attachment wp-att-850\"><img loading=\"lazy\" decoding=\"async\" class=\"aligncenter wp-image-850 size-medium\" src=\"https:\/\/blogsaverroes.juntadeandalucia.es\/ceipnuestrasenoradegracia\/files\/2022\/09\/6A5BCC81-799B-45CD-ADF5-A6BBAC9BFFC7-300x225.jpeg\" alt=\"\" width=\"300\" height=\"225\"><\/a><\/p>\n<hr>\n<p><strong><span style=\"font-size: 14pt\">INICIAMOS EL CURSO 2022\/2023<\/span><\/strong> <span style=\"font-size: 18pt\"><strong><span style=\"color: #008000\"><em>\u00a1QU\u00c9 LAS ALEGR\u00cdAS NOS ACOMPA\u00d1EN ESTE CURSO!<\/em><\/span><\/strong><\/span><\/p>\n<p><a href=\"https:\/\/blogsaverroes.juntadeandalucia.es\/ceipnuestrasenoradegracia\/files\/2022\/09\/RFaustino-12092022-33-scaled.jpg\" rel=\"attachment wp-att-836\"><img loading=\"lazy\" decoding=\"async\" class=\"aligncenter wp-image-836 size-thumbnail\" src=\"https:\/\/blogsaverroes.juntadeandalucia.es\/ceipnuestrasenoradegracia\/files\/2022\/09\/RFaustino-12092022-33-150x150.jpg\" alt=\"\" width=\"150\" height=\"150\"><\/a><\/p>\n<hr>\n<p>Comenzamos!<br \/>\n<span class=\"fxk3tzhb b2rh1bv3 gh55jysx m8h3af8h ewco64xe kjdc1dyq ms56khn7 bq6c9xl4 eohcrkr5 akh3l2rg\"><img loading=\"lazy\" decoding=\"async\" src=\"https:\/\/static.xx.fbcdn.net\/images\/emoji.php\/v9\/tfb\/2\/16\/1f5d3.png\" alt=\"\ud83d\uddd3\" width=\"16\" height=\"16\"><\/span>&nbsp;Calendario escolar curso 2022\/23 del&nbsp;<a class=\"qi72231t nu7423ey n3hqoq4p r86q59rh b3qcqh3k fq87ekyn bdao358l fsf7x5fv rse6dlih s5oniofx m8h3af8h l7ghb35v kjdc1dyq kmwttqpk srn514ro oxkhqvkx rl78xhln nch0832m cr00lzj9 rn8ck1ys s3jn8y49 icdlwmnq cxfqmxzd pbevjfx6 innypi6y\" role=\"link\" href=\"https:\/\/www.facebook.com\/ceipntrasradegracia.alosno?__cft__[0]=AZUxWqWBo161NFOh39b1oN9-7AXCeBY49kc6jMjqRexZioFMIcxFF4MzKsUbQaI8quKjItWy_FBH3-4gqe_w7-1QhPeDGWS4pSpWIDgh8TYDP80uy4Oe2p5zNfwV5p515TJJ8OeCRogaMlyR49SzkTrAPN7EZlBHga3yIUXlNKUw8w&amp;__tn__=-]K*F\"><span class=\"rse6dlih\">Ceip Ntra Sra De Gracia Alosno<\/span><\/a>&nbsp;donde se puede consultar:<br \/>\n<span class=\"fxk3tzhb b2rh1bv3 gh55jysx m8h3af8h ewco64xe kjdc1dyq ms56khn7 bq6c9xl4 eohcrkr5 akh3l2rg\"><img loading=\"lazy\" decoding=\"async\" src=\"https:\/\/static.xx.fbcdn.net\/images\/emoji.php\/v9\/tb4\/2\/16\/2705.png\" alt=\"\u2705\" width=\"16\" height=\"16\"><\/span>&nbsp;D\u00edas lectivos.<br \/>\n<span class=\"fxk3tzhb b2rh1bv3 gh55jysx m8h3af8h ewco64xe kjdc1dyq ms56khn7 bq6c9xl4 eohcrkr5 akh3l2rg\"><img loading=\"lazy\" decoding=\"async\" src=\"https:\/\/static.xx.fbcdn.net\/images\/emoji.php\/v9\/tb4\/2\/16\/2705.png\" alt=\"\u2705\" width=\"16\" height=\"16\"><\/span>&nbsp;D\u00edas no lectivos libre disposici\u00f3n.<br \/>\n<span class=\"fxk3tzhb b2rh1bv3 gh55jysx m8h3af8h ewco64xe kjdc1dyq ms56khn7 bq6c9xl4 eohcrkr5 akh3l2rg\"><img loading=\"lazy\" decoding=\"async\" src=\"https:\/\/static.xx.fbcdn.net\/images\/emoji.php\/v9\/tb4\/2\/16\/2705.png\" alt=\"\u2705\" width=\"16\" height=\"16\"><\/span>&nbsp;Fiestas locales.<br \/>\n<span class=\"fxk3tzhb b2rh1bv3 gh55jysx m8h3af8h ewco64xe kjdc1dyq ms56khn7 bq6c9xl4 eohcrkr5 akh3l2rg\"><img loading=\"lazy\" decoding=\"async\" src=\"https:\/\/static.xx.fbcdn.net\/images\/emoji.php\/v9\/tb4\/2\/16\/2705.png\" alt=\"\u2705\" width=\"16\" height=\"16\"><\/span>&nbsp;Per\u00edodo de vacaciones.<\/p>\n<p><a href=\"https:\/\/blogsaverroes.juntadeandalucia.es\/ceipnuestrasenoradegracia\/files\/2022\/09\/calendario-escolar.jpeg\"><img loading=\"lazy\" decoding=\"async\" class=\"aligncenter size-thumbnail wp-image-829\" src=\"https:\/\/blogsaverroes.juntadeandalucia.es\/ceipnuestrasenoradegracia\/files\/2022\/09\/calendario-escolar-150x150.jpeg\" alt=\"\" width=\"150\" height=\"150\"><\/a><\/p>\n<hr>\n<div class=\"m8h3af8h l7ghb35v kjdc1dyq kmwttqpk gh25dzvf n3t5jt4f\">\n<div dir=\"auto\">&nbsp;<\/div>\n<div dir=\"auto\">\u00a1No podemos empezar mejor el curso! <span style=\"font-size: 18pt\"><strong>FANDAN_GO!<\/strong> <\/span>ya es una realidad. \u00a1Abrimos las puertas a Europa! Somos Centro Erasmus+.<\/div>\n<div dir=\"auto\">Nuestro proyecto ha sido seleccionado a nivel nacional para trabajar nuestro patrimonio y convertirlo en instrumento de aprendizaje. Primero, nuestro profesorado se formar\u00e1 en distintos colegios de Europa para intercambio de experiencias educativas y crear asociaciones y redes de cooperaci\u00f3n educativa para que posteriormente nuestros alumnos puedan disfrutar experiencias en distintas escuelas de Europa.<\/div>\n<\/div>\n<div class=\"l7ghb35v kjdc1dyq kmwttqpk gh25dzvf jikcssrz n3t5jt4f\">\n<div dir=\"auto\"><a class=\"qi72231t nu7423ey n3hqoq4p r86q59rh b3qcqh3k fq87ekyn bdao358l fsf7x5fv rse6dlih s5oniofx m8h3af8h l7ghb35v kjdc1dyq kmwttqpk srn514ro oxkhqvkx rl78xhln nch0832m cr00lzj9 rn8ck1ys s3jn8y49 icdlwmnq cxfqmxzd d1w2l3lo tes86rjd\" role=\"link\" href=\"https:\/\/www.facebook.com\/OrdenacionHuelva?__cft__[0]=AZUW3HogElwBPv2cHOsORbqT6N7rP5XTdY_wdPRF7ankxb9O9hzE1_p7LWMcKOgO9EhRpbkx25x4mVeCWlPYLqo1-w4ENtzJXXIjSEj7conA98Oq43YEYAywVOzKi8l5YDAFpfxvxa4kgCg6vLLYGN5s6DecUCniLNTbum8hP2E8kWEhFgPkN5LNxa04xLILH5I&amp;__tn__=-]K-R\"><span class=\"rse6dlih\">Ordenaci\u00f3n Educativa Huelva<\/span><\/a> <a class=\"qi72231t nu7423ey n3hqoq4p r86q59rh b3qcqh3k fq87ekyn bdao358l fsf7x5fv rse6dlih s5oniofx m8h3af8h l7ghb35v kjdc1dyq kmwttqpk srn514ro oxkhqvkx rl78xhln nch0832m cr00lzj9 rn8ck1ys s3jn8y49 icdlwmnq cxfqmxzd d1w2l3lo tes86rjd\" role=\"link\" href=\"https:\/\/www.facebook.com\/etpluriand\/?__cft__[0]=AZUW3HogElwBPv2cHOsORbqT6N7rP5XTdY_wdPRF7ankxb9O9hzE1_p7LWMcKOgO9EhRpbkx25x4mVeCWlPYLqo1-w4ENtzJXXIjSEj7conA98Oq43YEYAywVOzKi8l5YDAFpfxvxa4kgCg6vLLYGN5s6DecUCniLNTbum8hP2E8kWEhFgPkN5LNxa04xLILH5I&amp;__tn__=kK-R\"><span class=\"rse6dlih\">Equipo de Trabajo de Pluriling\u00fcismo de Andaluc\u00eda<\/span><\/a> <a class=\"qi72231t nu7423ey n3hqoq4p r86q59rh b3qcqh3k fq87ekyn bdao358l fsf7x5fv rse6dlih s5oniofx m8h3af8h l7ghb35v kjdc1dyq kmwttqpk srn514ro oxkhqvkx rl78xhln nch0832m cr00lzj9 rn8ck1ys s3jn8y49 icdlwmnq cxfqmxzd d1w2l3lo tes86rjd\" role=\"link\" href=\"https:\/\/www.facebook.com\/profile.php?id=100075579125303&amp;__cft__[0]=AZUW3HogElwBPv2cHOsORbqT6N7rP5XTdY_wdPRF7ankxb9O9hzE1_p7LWMcKOgO9EhRpbkx25x4mVeCWlPYLqo1-w4ENtzJXXIjSEj7conA98Oq43YEYAywVOzKi8l5YDAFpfxvxa4kgCg6vLLYGN5s6DecUCniLNTbum8hP2E8kWEhFgPkN5LNxa04xLILH5I&amp;__tn__=-]K-R\"><span class=\"rse6dlih\">Soe Huelva Educando<\/span><\/a><\/div>\n<div dir=\"auto\"><img loading=\"lazy\" decoding=\"async\" class=\"aligncenter size-medium wp-image-832\" src=\"https:\/\/blogsaverroes.juntadeandalucia.es\/ceipnuestrasenoradegracia\/files\/2022\/09\/fandango-284x300.jpeg\" alt=\"\" width=\"284\" height=\"300\"><\/div>\n<\/div>\n<p>&nbsp;<\/p>\n<div class=\"l7ghb35v kjdc1dyq kmwttqpk gh25dzvf jikcssrz n3t5jt4f\">\n<hr>\n<div class=\"m8h3af8h l7ghb35v kjdc1dyq kmwttqpk gh25dzvf n3t5jt4f\">\n<div dir=\"auto\">&nbsp;<\/div>\n<div dir=\"auto\">Durante este verano, nuestra teacher <a class=\"qi72231t nu7423ey n3hqoq4p r86q59rh b3qcqh3k fq87ekyn bdao358l fsf7x5fv rse6dlih s5oniofx m8h3af8h l7ghb35v kjdc1dyq kmwttqpk srn514ro oxkhqvkx rl78xhln nch0832m cr00lzj9 rn8ck1ys s3jn8y49 icdlwmnq cxfqmxzd d1w2l3lo tes86rjd\" role=\"link\" href=\"https:\/\/www.facebook.com\/manuela.borrero.1?__cft__[0]=AZWMkxLkdsmQsbciy3HOzIWD3DR5liUJJA9X5mmKoSWRO_myO6DYugP2igifPfs0jHIKP5BVcTRNGf100ogBawh5wLJliHpA-F_R4f2ADPqLffi2UncpQOh5c07ouXuOAl-qvfv5uqv-dKf8VDkYTDLEpOdakCLhaz3ZW57OeXigPtz8eAqCQijxO_PN8dJyAgI&amp;__tn__=-]K-R\"><span class=\"rse6dlih\">Manuela Borrero<\/span><\/a> ha participado en un programa de Inmersi\u00f3n Ling\u00fc\u00edstica en la academia Kaplan International Languages situada en la ciudad de Manchester. Su formaci\u00f3n y enriquecimiento personal y profesional servir\u00e1 para dar lo mejor a nuestros alumnos. <a class=\"qi72231t nu7423ey n3hqoq4p r86q59rh b3qcqh3k fq87ekyn bdao358l fsf7x5fv rse6dlih s5oniofx m8h3af8h l7ghb35v kjdc1dyq kmwttqpk srn514ro oxkhqvkx rl78xhln nch0832m cr00lzj9 rn8ck1ys s3jn8y49 icdlwmnq cxfqmxzd d1w2l3lo tes86rjd\" role=\"link\" href=\"https:\/\/www.facebook.com\/hashtag\/centrobiling%C3%BCe?__eep__=6&amp;__cft__[0]=AZWMkxLkdsmQsbciy3HOzIWD3DR5liUJJA9X5mmKoSWRO_myO6DYugP2igifPfs0jHIKP5BVcTRNGf100ogBawh5wLJliHpA-F_R4f2ADPqLffi2UncpQOh5c07ouXuOAl-qvfv5uqv-dKf8VDkYTDLEpOdakCLhaz3ZW57OeXigPtz8eAqCQijxO_PN8dJyAgI&amp;__tn__=*NK-R\">#CentroBiling\u00fce<\/a><\/div>\n<\/div>\n<div class=\"l7ghb35v kjdc1dyq kmwttqpk gh25dzvf jikcssrz n3t5jt4f\">\n<div dir=\"auto\"><a class=\"qi72231t nu7423ey n3hqoq4p r86q59rh b3qcqh3k fq87ekyn bdao358l fsf7x5fv rse6dlih s5oniofx m8h3af8h l7ghb35v kjdc1dyq kmwttqpk srn514ro oxkhqvkx rl78xhln nch0832m cr00lzj9 rn8ck1ys s3jn8y49 icdlwmnq cxfqmxzd d1w2l3lo tes86rjd\" role=\"link\" href=\"https:\/\/www.facebook.com\/KIEGlobal\/?__cft__[0]=AZWMkxLkdsmQsbciy3HOzIWD3DR5liUJJA9X5mmKoSWRO_myO6DYugP2igifPfs0jHIKP5BVcTRNGf100ogBawh5wLJliHpA-F_R4f2ADPqLffi2UncpQOh5c07ouXuOAl-qvfv5uqv-dKf8VDkYTDLEpOdakCLhaz3ZW57OeXigPtz8eAqCQijxO_PN8dJyAgI&amp;__tn__=kK-R\"><span class=\"rse6dlih\">Kaplan International Languages<\/span><\/a> <a class=\"qi72231t nu7423ey n3hqoq4p r86q59rh b3qcqh3k fq87ekyn bdao358l fsf7x5fv rse6dlih s5oniofx m8h3af8h l7ghb35v kjdc1dyq kmwttqpk srn514ro oxkhqvkx rl78xhln nch0832m cr00lzj9 rn8ck1ys s3jn8y49 icdlwmnq cxfqmxzd d1w2l3lo tes86rjd\" role=\"link\" href=\"https:\/\/www.facebook.com\/etpluriand\/?__cft__[0]=AZWMkxLkdsmQsbciy3HOzIWD3DR5liUJJA9X5mmKoSWRO_myO6DYugP2igifPfs0jHIKP5BVcTRNGf100ogBawh5wLJliHpA-F_R4f2ADPqLffi2UncpQOh5c07ouXuOAl-qvfv5uqv-dKf8VDkYTDLEpOdakCLhaz3ZW57OeXigPtz8eAqCQijxO_PN8dJyAgI&amp;__tn__=kK-R\"><span class=\"rse6dlih\">Equipo de Trabajo de Pluriling\u00fcismo de Andaluc\u00eda<\/span><\/a> <a class=\"qi72231t nu7423ey n3hqoq4p r86q59rh b3qcqh3k fq87ekyn bdao358l fsf7x5fv rse6dlih s5oniofx m8h3af8h l7ghb35v kjdc1dyq kmwttqpk srn514ro oxkhqvkx rl78xhln nch0832m cr00lzj9 rn8ck1ys s3jn8y49 icdlwmnq cxfqmxzd d1w2l3lo tes86rjd\" role=\"link\" href=\"https:\/\/www.facebook.com\/EducaAnd?__cft__[0]=AZWMkxLkdsmQsbciy3HOzIWD3DR5liUJJA9X5mmKoSWRO_myO6DYugP2igifPfs0jHIKP5BVcTRNGf100ogBawh5wLJliHpA-F_R4f2ADPqLffi2UncpQOh5c07ouXuOAl-qvfv5uqv-dKf8VDkYTDLEpOdakCLhaz3ZW57OeXigPtz8eAqCQijxO_PN8dJyAgI&amp;__tn__=-]K-R\"><span class=\"rse6dlih\">Consejer\u00eda de Desarrollo Educativo y Formaci\u00f3n Profesional<\/span><\/a> <a class=\"qi72231t nu7423ey n3hqoq4p r86q59rh b3qcqh3k fq87ekyn bdao358l fsf7x5fv rse6dlih s5oniofx m8h3af8h l7ghb35v kjdc1dyq kmwttqpk srn514ro oxkhqvkx rl78xhln nch0832m cr00lzj9 rn8ck1ys s3jn8y49 icdlwmnq cxfqmxzd d1w2l3lo tes86rjd\" role=\"link\" href=\"https:\/\/www.facebook.com\/OrdenacionHuelva?__cft__[0]=AZWMkxLkdsmQsbciy3HOzIWD3DR5liUJJA9X5mmKoSWRO_myO6DYugP2igifPfs0jHIKP5BVcTRNGf100ogBawh5wLJliHpA-F_R4f2ADPqLffi2UncpQOh5c07ouXuOAl-qvfv5uqv-dKf8VDkYTDLEpOdakCLhaz3ZW57OeXigPtz8eAqCQijxO_PN8dJyAgI&amp;__tn__=-]K-R\"><span class=\"rse6dlih\">Ordenaci\u00f3n Educativa Huelva<\/span><\/a> <a class=\"qi72231t nu7423ey n3hqoq4p r86q59rh b3qcqh3k fq87ekyn bdao358l fsf7x5fv rse6dlih s5oniofx m8h3af8h l7ghb35v kjdc1dyq kmwttqpk srn514ro oxkhqvkx rl78xhln nch0832m cr00lzj9 rn8ck1ys s3jn8y49 icdlwmnq cxfqmxzd d1w2l3lo tes86rjd\" role=\"link\" href=\"https:\/\/www.facebook.com\/profile.php?id=100075579125303&amp;__cft__[0]=AZWMkxLkdsmQsbciy3HOzIWD3DR5liUJJA9X5mmKoSWRO_myO6DYugP2igifPfs0jHIKP5BVcTRNGf100ogBawh5wLJliHpA-F_R4f2ADPqLffi2UncpQOh5c07ouXuOAl-qvfv5uqv-dKf8VDkYTDLEpOdakCLhaz3ZW57OeXigPtz8eAqCQijxO_PN8dJyAgI&amp;__tn__=-]K-R\"><span class=\"rse6dlih\">Soe Huelva Educando<\/span><\/a><\/div>\n<div dir=\"auto\"><img loading=\"lazy\" decoding=\"async\" class=\"aligncenter size-medium wp-image-834\" src=\"https:\/\/blogsaverroes.juntadeandalucia.es\/ceipnuestrasenoradegracia\/files\/2022\/09\/teacher-manoli-169x300.jpeg\" alt=\"\" width=\"169\" height=\"300\"><\/div>\n<\/div>\n<\/div>\n","protected":false},"excerpt":{"rendered":"<p>\ud835\udc7a\ud835\udc90\ud835\udc8e\ud835\udc90\ud835\udc94 \ud835\udc8d\ud835\udc82 \ud835\udc84\ud835\udc96\ud835\udc8f\ud835\udc82 \ud835\udc85\ud835\udc86\ud835\udc8d \ud835\udc87\ud835\udc82\ud835\udc8f\ud835\udc85\ud835\udc82\ud835\udc8f\ud835\udc88\ud835\udc90, \ud835\udc9a \ud835\udc86\ud835\udc8f \ud835\udc86\ud835\udc8d \ud835\udc84\ud835\udc90\ud835\udc8d\ud835\udc86 \ud835\udc94\ud835\udc86 \ud835\udc94\ud835\udc82\ud835\udc83\ud835\udc86. As\u00ed celebramos el #16N, D\u00eda del Flamenco, uniendo nuestros planes educativos Vivir y Sentir el Patrimonio, Gabinete Paz Igualdad Huelva, Aula De Cine Andaluc\u00eda y Tde Andaluc\u00eda. Gracias a nuestra querida y entra\u00f1able Mar\u00eda Isabel Carrera Mart\u00edn por su aportaci\u00f3n a estas jornadas. &nbsp; [&hellip;]<\/p>\n","protected":false},"author":5616,"featured_media":0,"parent":0,"menu_order":0,"comment_status":"closed","ping_status":"closed","template":"","meta":{"_et_pb_use_builder":"","_et_pb_old_content":"","_et_gb_content_width":"","ngg_post_thumbnail":0,"footnotes":""},"aioseo_notices":[],"_links":{"self":[{"href":"https:\/\/blogsaverroes.juntadeandalucia.es\/ceipnuestrasenoradegracia\/wp-json\/wp\/v2\/pages\/206"}],"collection":[{"href":"https:\/\/blogsaverroes.juntadeandalucia.es\/ceipnuestrasenoradegracia\/wp-json\/wp\/v2\/pages"}],"about":[{"href":"https:\/\/blogsaverroes.juntadeandalucia.es\/ceipnuestrasenoradegracia\/wp-json\/wp\/v2\/types\/page"}],"author":[{"embeddable":true,"href":"https:\/\/blogsaverroes.juntadeandalucia.es\/ceipnuestrasenoradegracia\/wp-json\/wp\/v2\/users\/5616"}],"replies":[{"embeddable":true,"href":"https:\/\/blogsaverroes.juntadeandalucia.es\/ceipnuestrasenoradegracia\/wp-json\/wp\/v2\/comments?post=206"}],"version-history":[{"count":13,"href":"https:\/\/blogsaverroes.juntadeandalucia.es\/ceipnuestrasenoradegracia\/wp-json\/wp\/v2\/pages\/206\/revisions"}],"predecessor-version":[{"id":878,"href":"https:\/\/blogsaverroes.juntadeandalucia.es\/ceipnuestrasenoradegracia\/wp-json\/wp\/v2\/pages\/206\/revisions\/878"}],"wp:attachment":[{"href":"https:\/\/blogsaverroes.juntadeandalucia.es\/ceipnuestrasenoradegracia\/wp-json\/wp\/v2\/media?parent=206"}],"curies":[{"name":"wp","href":"https:\/\/api.w.org\/{rel}","templated":true}]}}