{"id":1056,"date":"2024-10-03T10:35:54","date_gmt":"2024-10-03T09:35:54","guid":{"rendered":"https:\/\/blogsaverroes.juntadeandalucia.es\/ceipnuestrasenoradelapaz\/?page_id=1056"},"modified":"2024-10-06T11:43:13","modified_gmt":"2024-10-06T10:43:13","slug":"contacto","status":"publish","type":"page","link":"https:\/\/blogsaverroes.juntadeandalucia.es\/ceipnuestrasenoradelapaz\/contacto\/","title":{"rendered":"Contacto"},"content":{"rendered":"<h3 class=\"widget-title\"><strong><span style=\"font-family: helvetica, arial, sans-serif;font-size: 12pt\">DATOS DEL CENTRO:<\/span><\/strong><\/h3>\n<div class=\"textwidget custom-html-widget\">\n<ul>\n<li><span style=\"font-family: helvetica, arial, sans-serif\"><strong>Nombre<\/strong>: CEIP NUESTRA SE\u00d1ORA DE LA PAZ<\/span><\/li>\n<li><span style=\"font-family: helvetica, arial, sans-serif\"><strong>C\u00f3digo<\/strong>: 29007809<\/span><\/li>\n<li><span style=\"font-family: helvetica, arial, sans-serif\"><strong>Direcci\u00f3n<\/strong>: C\/ Laur\u00eda n\u00ba 24. 29400. Ronda<\/span><\/li>\n<li><span style=\"font-family: helvetica, arial, sans-serif\"><strong>Tel\u00e9fono<\/strong>: 952169500 \/ 671567573<\/span><\/li>\n<li><span style=\"font-family: helvetica, arial, sans-serif\"><strong>Correo electr\u00f3nico<\/strong>: 29007809.edu@juntadeandalucia.es<\/span><\/li>\n<\/ul>\n<\/div>\n<h3><span style=\"font-family: helvetica, arial, sans-serif;font-size: 12pt\"><strong>C\u00d3MO LLEGAR:<\/strong><\/span><\/h3>\n<h3><iframe src=\"https:\/\/www.google.com\/maps\/embed?pb=!1m18!1m12!1m3!1d3197.04045720543!2d-5.166898024699584!3d36.74559997077633!2m3!1f0!2f0!3f0!3m2!1i1024!2i768!4f13.1!3m3!1m2!1s0xd0d31380210fdef%3A0x46000fc25fbee6d9!2sCEIP%20Nuestra%20Se%C3%B1ora%20de%20la%20Paz!5e0!3m2!1ses!2ses!4v1728210993090!5m2!1ses!2ses\" width=\"350\" height=\"250\"><\/iframe><\/h3>\n","protected":false},"excerpt":{"rendered":"<p>DATOS DEL CENTRO: Nombre: CEIP NUESTRA SE\u00d1ORA DE LA PAZ C\u00f3digo: 29007809 Direcci\u00f3n: C\/ Laur\u00eda n\u00ba 24. 29400. Ronda Tel\u00e9fono: 952169500 \/ 671567573 Correo electr\u00f3nico: 29007809.edu@juntadeandalucia.es C\u00d3MO LLEGAR:<\/p>\n","protected":false},"author":17251,"featured_media":0,"parent":0,"menu_order":0,"comment_status":"closed","ping_status":"closed","template":"","meta":{"ngg_post_thumbnail":0,"footnotes":"","_mc_calendar":[]},"aioseo_notices":[],"_links":{"self":[{"href":"https:\/\/blogsaverroes.juntadeandalucia.es\/ceipnuestrasenoradelapaz\/wp-json\/wp\/v2\/pages\/1056"}],"collection":[{"href":"https:\/\/blogsaverroes.juntadeandalucia.es\/ceipnuestrasenoradelapaz\/wp-json\/wp\/v2\/pages"}],"about":[{"href":"https:\/\/blogsaverroes.juntadeandalucia.es\/ceipnuestrasenoradelapaz\/wp-json\/wp\/v2\/types\/page"}],"author":[{"embeddable":true,"href":"https:\/\/blogsaverroes.juntadeandalucia.es\/ceipnuestrasenoradelapaz\/wp-json\/wp\/v2\/users\/17251"}],"replies":[{"embeddable":true,"href":"https:\/\/blogsaverroes.juntadeandalucia.es\/ceipnuestrasenoradelapaz\/wp-json\/wp\/v2\/comments?post=1056"}],"version-history":[{"count":6,"href":"https:\/\/blogsaverroes.juntadeandalucia.es\/ceipnuestrasenoradelapaz\/wp-json\/wp\/v2\/pages\/1056\/revisions"}],"predecessor-version":[{"id":1283,"href":"https:\/\/blogsaverroes.juntadeandalucia.es\/ceipnuestrasenoradelapaz\/wp-json\/wp\/v2\/pages\/1056\/revisions\/1283"}],"wp:attachment":[{"href":"https:\/\/blogsaverroes.juntadeandalucia.es\/ceipnuestrasenoradelapaz\/wp-json\/wp\/v2\/media?parent=1056"}],"curies":[{"name":"wp","href":"https:\/\/api.w.org\/{rel}","templated":true}]}}