{"id":1112,"date":"2025-09-10T09:00:29","date_gmt":"2025-09-10T08:00:29","guid":{"rendered":"https:\/\/blogsaverroes.juntadeandalucia.es\/ceipnuestrasenoradelapaz\/?page_id=1112"},"modified":"2025-09-01T08:56:38","modified_gmt":"2025-09-01T07:56:38","slug":"profesorado","status":"publish","type":"page","link":"https:\/\/blogsaverroes.juntadeandalucia.es\/ceipnuestrasenoradelapaz\/profesorado\/","title":{"rendered":"Profesorado"},"content":{"rendered":"<p><span style=\"color: #3366ff\"><strong>&nbsp;<\/strong><\/span><\/p>\n<p><span style=\"color: #3366ff\"><strong>Equipo directivo:<\/strong><\/span><\/p>\n<p><strong>Direcci\u00f3n<\/strong>: Carlos M. Becerra Guerrero<\/p>\n<p><strong>Jefatura:<\/strong> Ana Mar\u00eda Mar\u00edn Serra<\/p>\n<p><strong>Secretar\u00eda:<\/strong> Almudena Garc\u00eda Gil<\/p>\n<p>&nbsp;<\/p>\n<p><span style=\"color: #3366ff\"><strong>Profesorado<\/strong>:<\/span><\/p>\n<p><strong>Ana Alc\u00e1zar Galv\u00e1n:<\/strong> Infantil de 3 a\u00f1os (tutora)<\/p>\n<p><strong>Esther Rosado Palomo:<\/strong> Infantil de 4 a\u00f1os (tutora)<\/p>\n<p><strong>Raquel Rom\u00e1n Vega<\/strong>: Infantil de 5 a\u00f1os (tutora)<\/p>\n<p><strong>Miguel \u00c1ngel Orellana Mu\u00f1oz:<\/strong> 1\u00ba de Primaria (tutor). Ingl\u00e9s (Infantil, 1\u00ba, 2\u00ba y 3\u00ba)<\/p>\n<p><strong>Ana Bel\u00e9n Ca\u00f1estro Cappa:<\/strong> 2\u00ba de Primaria (tutora). Educaci\u00f3n art\u00edstica: (1\u00ba , 2\u00ba y 3\u00ba )<\/p>\n<p><strong>Almudena Garc\u00eda Gil:<\/strong> 3\u00ba de Primaria (tutora)<\/p>\n<p><strong>Marta Garc\u00eda Delgado<\/strong>: 4\u00ba de Primaria (tutora)<\/p>\n<p><strong>Juan Amaya Bello<\/strong>: 5\u00ba de Primaria (tutor). Lengua extranjera Franc\u00e9s (\u00e1reas)<\/p>\n<p><strong>Ana M\u00aa Rosado Palomo:<\/strong> 6\u00ba de Primaria (tutora). Lengua extranjera Ingl\u00e9s: (4\u00ba, 5\u00ba y 6\u00ba)<\/p>\n<p>&nbsp;<\/p>\n<p><span style=\"color: #3366ff\"><strong>Especialistas<\/strong>:&nbsp;<\/span><\/p>\n<p><strong>Carlos M. Becerra Guerrero<\/strong>: Educaci\u00f3n art\u00edstica: 4\u00ba curso y 3\u00ba ciclo<\/p>\n<p><strong>Fernando Anet Rodr\u00edguez:<\/strong> Educaci\u00f3n F\u00edsica&nbsp;<\/p>\n<p><strong>Manuela Guerrero Barrag\u00e1n:<\/strong> Religi\u00f3n Cat\u00f3lica<\/p>\n<p><strong>M\u00aa Jos\u00e9 Bernal Mac\u00edas:<\/strong> Religi\u00f3n Evang\u00e9lica<\/p>\n<p><strong>Ana Mar\u00eda Mar\u00edn Serra:<\/strong> Audici\u00f3n y Lenguaje<\/p>\n<p><strong>Roc\u00edo Banderas Hiraldo:<\/strong> Pedagog\u00eda Terap\u00e9utica<\/p>\n<p><strong>Lourdes Garc\u00eda Valle<\/strong>: Apoyo y refuerzo (1\u00ba, 2\u00ba y 3\u00ba)<\/p>\n<p><strong>Dolores Jim\u00e9nez Garc\u00eda:<\/strong> Apoyo y refuerzo (4\u00ba, 5\u00ba y 6\u00ba)<\/p>\n<p><strong>Emilio Lillo Garc\u00eda:<\/strong> Refuerzo de matem\u00e1ticas<\/p>\n<p>&nbsp;<\/p>\n<p>&nbsp;<\/p>\n","protected":false},"excerpt":{"rendered":"<p>&nbsp; Equipo directivo: Direcci\u00f3n: Carlos M. Becerra Guerrero Jefatura: Ana Mar\u00eda Mar\u00edn Serra Secretar\u00eda: Almudena Garc\u00eda Gil &nbsp; Profesorado: Ana Alc\u00e1zar Galv\u00e1n: Infantil de 3 a\u00f1os (tutora) Esther Rosado Palomo: Infantil de 4 a\u00f1os&#46;&#46;&#46;<\/p>\n","protected":false},"author":17251,"featured_media":0,"parent":0,"menu_order":0,"comment_status":"closed","ping_status":"closed","template":"","meta":{"ngg_post_thumbnail":0,"footnotes":"","_mc_calendar":[]},"aioseo_notices":[],"_links":{"self":[{"href":"https:\/\/blogsaverroes.juntadeandalucia.es\/ceipnuestrasenoradelapaz\/wp-json\/wp\/v2\/pages\/1112"}],"collection":[{"href":"https:\/\/blogsaverroes.juntadeandalucia.es\/ceipnuestrasenoradelapaz\/wp-json\/wp\/v2\/pages"}],"about":[{"href":"https:\/\/blogsaverroes.juntadeandalucia.es\/ceipnuestrasenoradelapaz\/wp-json\/wp\/v2\/types\/page"}],"author":[{"embeddable":true,"href":"https:\/\/blogsaverroes.juntadeandalucia.es\/ceipnuestrasenoradelapaz\/wp-json\/wp\/v2\/users\/17251"}],"replies":[{"embeddable":true,"href":"https:\/\/blogsaverroes.juntadeandalucia.es\/ceipnuestrasenoradelapaz\/wp-json\/wp\/v2\/comments?post=1112"}],"version-history":[{"count":12,"href":"https:\/\/blogsaverroes.juntadeandalucia.es\/ceipnuestrasenoradelapaz\/wp-json\/wp\/v2\/pages\/1112\/revisions"}],"predecessor-version":[{"id":2625,"href":"https:\/\/blogsaverroes.juntadeandalucia.es\/ceipnuestrasenoradelapaz\/wp-json\/wp\/v2\/pages\/1112\/revisions\/2625"}],"wp:attachment":[{"href":"https:\/\/blogsaverroes.juntadeandalucia.es\/ceipnuestrasenoradelapaz\/wp-json\/wp\/v2\/media?parent=1112"}],"curies":[{"name":"wp","href":"https:\/\/api.w.org\/{rel}","templated":true}]}}