{"id":1216,"date":"2024-10-06T10:42:55","date_gmt":"2024-10-06T09:42:55","guid":{"rendered":"https:\/\/blogsaverroes.juntadeandalucia.es\/ceipnuestrasenoradelapaz\/?page_id=1216"},"modified":"2024-10-06T10:51:58","modified_gmt":"2024-10-06T09:51:58","slug":"planes-y-programas","status":"publish","type":"page","link":"https:\/\/blogsaverroes.juntadeandalucia.es\/ceipnuestrasenoradelapaz\/planes-y-programas\/","title":{"rendered":"Planes y programas"},"content":{"rendered":"<p style=\"text-align: center\"><span style=\"color: #008080\"><strong><span style=\"font-size: 14pt\">PLANES Y PROGRAMAS DE NUESTRO CENTRO<\/span><\/strong><\/span><\/p>\n<p><span style=\"color: #ff6600\"><strong>&#8220;ESCUELA:ESPACIO DE PAZ:<\/strong><\/span><\/p>\n<p><img decoding=\"async\" class=\" wp-image-1231 alignleft\" src=\"https:\/\/blogsaverroes.juntadeandalucia.es\/ceipnuestrasenoradelapaz\/files\/2024\/10\/paz-300x220.jpg\" alt=\"\" width=\"166\" height=\"122\" srcset=\"https:\/\/blogsaverroes.juntadeandalucia.es\/ceipnuestrasenoradelapaz\/files\/2024\/10\/paz-300x220.jpg 300w, https:\/\/blogsaverroes.juntadeandalucia.es\/ceipnuestrasenoradelapaz\/files\/2024\/10\/paz.jpg 502w\" sizes=\"(max-width: 166px) 100vw, 166px\" \/><\/p>\n<p style=\"text-align: left\">El programa &#8220;Red Andaluza: Escuela Espacio de Paz&#8221; promueve la mejora de la convivencia escolar a trav\u00e9s del fomento de valores como el respeto, la igualdad, la solidaridad y la resoluci\u00f3n pac\u00edfica de conflictos. Impulsa la participaci\u00f3n de toda la comunidad educativa y coordina iniciativas para prevenir y manejar situaciones de riesgo. Los centros pueden recibir un reconocimiento como &#8220;Centros Promotores de Convivencia Positiva&#8221; y participar en encuentros formativos para intercambiar experiencias y recursos.<\/p>\n<p><strong>Para saber m\u00e1s<\/strong>: <a href=\"https:\/\/www.juntadeandalucia.es\/educacion\/portals\/web\/convivencia-escolar\/red-escuela-espacio-de-paz\"><strong>Pincha aqu\u00ed<\/strong><\/a><\/p>\n<p>&nbsp;<\/p>\n<p><span style=\"color: #ff6600\"><strong>PLAN DE IGUALDAD:<\/strong><\/span><\/p>\n<p><img decoding=\"async\" class=\"alignleft wp-image-1225 \" src=\"https:\/\/blogsaverroes.juntadeandalucia.es\/ceipnuestrasenoradelapaz\/files\/2024\/10\/igualdad.jpg\" alt=\"\" width=\"173\" height=\"115\">El <strong>Plan de Igualdad de G\u00e9nero en Educaci\u00f3n<\/strong> de Andaluc\u00eda busca promover la igualdad de oportunidades entre hombres y mujeres en el \u00e1mbito educativo, eliminando estereotipos de g\u00e9nero y fomentando entornos inclusivos. Se implementa mediante acciones formativas y coordinadas en los centros educativos, y est\u00e1 alineado con los Objetivos de Desarrollo Sostenible para garantizar una educaci\u00f3n equitativa y de calidad.<\/p>\n<p><strong>Para saber m\u00e1s<\/strong>: <a href=\"https:\/\/www.juntadeandalucia.es\/educacion\/portals\/web\/igualdad\/presentacion\">Pincha aqu\u00ed<\/a><\/p>\n<p>&nbsp;<\/p>\n<p><span style=\"color: #ff6600\"><strong>PLAN DE LECTURA Y BIBLIOTECA:<\/strong><\/span><\/p>\n<p><img decoding=\"async\" class=\" wp-image-1228 alignleft\" src=\"https:\/\/blogsaverroes.juntadeandalucia.es\/ceipnuestrasenoradelapaz\/files\/2024\/10\/biblioteca-294x300.jpg\" alt=\"\" width=\"122\" height=\"125\" srcset=\"https:\/\/blogsaverroes.juntadeandalucia.es\/ceipnuestrasenoradelapaz\/files\/2024\/10\/biblioteca-294x300.jpg 294w, https:\/\/blogsaverroes.juntadeandalucia.es\/ceipnuestrasenoradelapaz\/files\/2024\/10\/biblioteca.jpg 353w\" sizes=\"(max-width: 122px) 100vw, 122px\" \/>El <strong>Plan de Lectura y Bibliotecas Escolares<\/strong> de Andaluc\u00eda promueve el desarrollo de la competencia lectora y la mejora de la comunicaci\u00f3n ling\u00fc\u00edstica en los centros educativos. Fomenta la lectura como base del aprendizaje y la creatividad, adem\u00e1s de integrar las bibliotecas escolares como recursos clave en el proceso educativo. El objetivo es garantizar que los estudiantes adquieran habilidades para hablar, escuchar, leer y escribir de manera efectiva.<\/p>\n<p><strong>Para saber m\u00e1s:<\/strong> <a href=\"https:\/\/www.juntadeandalucia.es\/educacion\/portals\/web\/ced\/planesyprogramas\/lectura-y-bibliotecas-escolares\">Pincha aqu\u00ed<\/a><\/p>\n<p>&nbsp;<\/p>\n<p><strong><span style=\"color: #ff6600\">TRANSFORMACI\u00d3N<\/span><\/strong><strong><span style=\"color: #ff6600\">&nbsp;DIGITAL:<\/span><\/strong><\/p>\n<p><img loading=\"lazy\" decoding=\"async\" class=\" wp-image-1227 alignleft\" src=\"https:\/\/blogsaverroes.juntadeandalucia.es\/ceipnuestrasenoradelapaz\/files\/2024\/10\/tde.jpg\" alt=\"\" width=\"150\" height=\"149\" srcset=\"https:\/\/blogsaverroes.juntadeandalucia.es\/ceipnuestrasenoradelapaz\/files\/2024\/10\/tde.jpg 148w, https:\/\/blogsaverroes.juntadeandalucia.es\/ceipnuestrasenoradelapaz\/files\/2024\/10\/tde-80x80.jpg 80w\" sizes=\"(max-width: 150px) 100vw, 150px\" \/>El <strong>Programa de Transformaci\u00f3n Digital Educativa (TDE)<\/strong> de Andaluc\u00eda tiene como objetivo modernizar los centros educativos mediante el uso eficaz de tecnolog\u00edas digitales. Se enfoca en mejorar la competencia digital del profesorado y alumnado, evaluando el uso de herramientas digitales y planificando acciones espec\u00edficas para integrar la tecnolog\u00eda en los procesos de ense\u00f1anza. Adem\u00e1s, promueve metodolog\u00edas innovadoras y fomenta la equidad en el acceso a las tecnolog\u00edas educativas.<\/p>\n<p><strong>Para saber m\u00e1s:<\/strong> <a href=\"https:\/\/www.juntadeandalucia.es\/educacion\/portals\/web\/transformacion-digital-educativa\">Pincha aqu\u00ed<\/a><\/p>\n<p>&nbsp;<\/p>\n<p><strong><span style=\"color: #ff6600\">PROGRAMA DE REFUERZO, ORIENTACI\u00d3N Y APOYO (PROA):<\/span><\/strong><\/p>\n<p><img loading=\"lazy\" decoding=\"async\" class=\" wp-image-1242 alignleft\" src=\"https:\/\/blogsaverroes.juntadeandalucia.es\/ceipnuestrasenoradelapaz\/files\/2024\/10\/proa-2-300x223.jpg\" alt=\"\" width=\"179\" height=\"133\" srcset=\"https:\/\/blogsaverroes.juntadeandalucia.es\/ceipnuestrasenoradelapaz\/files\/2024\/10\/proa-2-300x223.jpg 300w, https:\/\/blogsaverroes.juntadeandalucia.es\/ceipnuestrasenoradelapaz\/files\/2024\/10\/proa-2.jpg 380w\" sizes=\"(max-width: 179px) 100vw, 179px\" \/>El <strong>Programa PROA Andaluc\u00eda <\/strong>busca promover la igualdad de oportunidades y mejorar el \u00e9xito escolar, adem\u00e1s de prevenir el absentismo y el abandono temprano. A trav\u00e9s de varias intervenciones, el programa ofrece refuerzo educativo y apoyo al alumnado con dificultades, incluyendo el acompa\u00f1amiento en tareas acad\u00e9micas y la orientaci\u00f3n personalizada. Est\u00e1 dirigido a centros educativos con alta complejidad socioeducativa, fomentando una ense\u00f1anza m\u00e1s inclusiva y adaptada a las necesidades de cada estudiante.<\/p>\n<p><strong>Para saber m\u00e1s<\/strong>: <a href=\"https:\/\/www.juntadeandalucia.es\/educacion\/portals\/web\/ced\/planesyprogramas\/planes\/proa-2024-2025\">Pincha aqu\u00ed<\/a><\/p>\n<p>&nbsp;<\/p>\n<p><span style=\"color: #ff6600\"><strong>PROGRAMAS PARA LA INNOVACI\u00d3N Y MEJORA DEL APRENDIZAJE (PROGRAMA CIMA):<\/strong><\/span><\/p>\n<p><img loading=\"lazy\" decoding=\"async\" class=\" wp-image-1230 alignleft\" src=\"https:\/\/blogsaverroes.juntadeandalucia.es\/ceipnuestrasenoradelapaz\/files\/2024\/10\/cima-300x227.jpg\" alt=\"\" width=\"180\" height=\"136\" srcset=\"https:\/\/blogsaverroes.juntadeandalucia.es\/ceipnuestrasenoradelapaz\/files\/2024\/10\/cima-300x227.jpg 300w, https:\/\/blogsaverroes.juntadeandalucia.es\/ceipnuestrasenoradelapaz\/files\/2024\/10\/cima.jpg 412w\" sizes=\"(max-width: 180px) 100vw, 180px\" \/>El <strong>Programa CIMA<\/strong> de la Junta de Andaluc\u00eda est\u00e1 dise\u00f1ado para fomentar la innovaci\u00f3n educativa y mejorar el aprendizaje en los centros a trav\u00e9s de pr\u00e1cticas educativas innovadoras. El objetivo es integrar estas innovaciones en la planificaci\u00f3n anual y en las programaciones did\u00e1cticas, impulsando el uso de metodolog\u00edas activas como el Aprendizaje Basado en Proyectos o el Aprendizaje Cooperativo. Tambi\u00e9n busca mejorar la competencia digital y promover un entorno de aprendizaje inclusivo y colaborativo.<\/p>\n<p><strong>Para saber m\u00e1s<\/strong>: <a href=\"https:\/\/www.juntadeandalucia.es\/educacion\/portals\/web\/ced\/planesyprogramas\/programas-innovacion-educativa\">Pincha aqu\u00ed<\/a><\/p>\n<p>&nbsp;<\/p>\n<p><span style=\"color: #ff6600\"><strong>PLAN DE APERTURA: SERVICIOS COMPLEMENTARIOS<\/strong><\/span><\/p>\n<p><img loading=\"lazy\" decoding=\"async\" class=\"wp-image-1248 alignleft\" src=\"https:\/\/blogsaverroes.juntadeandalucia.es\/ceipnuestrasenoradelapaz\/files\/2024\/10\/SERVICIOS-COMPLEMENTARIOS-300x194.jpg\" alt=\"\" width=\"156\" height=\"101\" srcset=\"https:\/\/blogsaverroes.juntadeandalucia.es\/ceipnuestrasenoradelapaz\/files\/2024\/10\/SERVICIOS-COMPLEMENTARIOS-300x194.jpg 300w, https:\/\/blogsaverroes.juntadeandalucia.es\/ceipnuestrasenoradelapaz\/files\/2024\/10\/SERVICIOS-COMPLEMENTARIOS.jpg 327w\" sizes=\"(max-width: 156px) 100vw, 156px\" \/>El <strong>Plan de Apertura de Centros<\/strong> de Andaluc\u00eda facilita servicios complementarios como aula matinal, comedor escolar y actividades extraescolares, promoviendo la conciliaci\u00f3n de la vida laboral y familiar. Estos servicios se mantienen en centros de educaci\u00f3n primaria y secundaria dentro del sistema p\u00fablico, siendo un criterio importante al elegir centro educativo.<\/p>\n<p><strong>Para saber m\u00e1s:<\/strong> <a href=\"https:\/\/www.juntadeandalucia.es\/organismos\/desarrolloeducativoyformacionprofesional\/areas\/educacion-familias\/servicios-complementarios.html\">Pincha aqu\u00ed<\/a><\/p>\n<p>&nbsp;<\/p>\n<p><span style=\"color: #ff6600\"><strong>PLAN DE AUTOPROTECCI\u00d3N:<\/strong><\/span><\/p>\n<p><img loading=\"lazy\" decoding=\"async\" class=\" wp-image-1226 alignleft\" src=\"https:\/\/blogsaverroes.juntadeandalucia.es\/ceipnuestrasenoradelapaz\/files\/2024\/10\/autoproteccion.jpg\" alt=\"\" width=\"105\" height=\"105\" srcset=\"https:\/\/blogsaverroes.juntadeandalucia.es\/ceipnuestrasenoradelapaz\/files\/2024\/10\/autoproteccion.jpg 267w, https:\/\/blogsaverroes.juntadeandalucia.es\/ceipnuestrasenoradelapaz\/files\/2024\/10\/autoproteccion-150x150.jpg 150w, https:\/\/blogsaverroes.juntadeandalucia.es\/ceipnuestrasenoradelapaz\/files\/2024\/10\/autoproteccion-80x80.jpg 80w\" sizes=\"(max-width: 105px) 100vw, 105px\" \/>El <strong>Plan de Autoprotecci\u00f3n<\/strong> de los centros educativos est\u00e1 dise\u00f1ado para garantizar la seguridad de los estudiantes y personal ante situaciones de emergencia. Incluye medidas de prevenci\u00f3n, evaluaci\u00f3n de riesgos y procedimientos a seguir en casos como incendios o desastres naturales. Este plan es obligatorio en todos los centros, asegurando la formaci\u00f3n del personal y la realizaci\u00f3n de simulacros peri\u00f3dicos.<\/p>\n<p>&nbsp;<\/p>\n<p>&nbsp;<\/p>\n<p>&nbsp;<\/p>\n","protected":false},"excerpt":{"rendered":"<p>PLANES Y PROGRAMAS DE NUESTRO CENTRO &#8220;ESCUELA:ESPACIO DE PAZ: El programa &#8220;Red Andaluza: Escuela Espacio de Paz&#8221; promueve la mejora de la convivencia escolar a trav\u00e9s del fomento de valores como el respeto, la&#46;&#46;&#46;<\/p>\n","protected":false},"author":17251,"featured_media":0,"parent":0,"menu_order":0,"comment_status":"closed","ping_status":"closed","template":"","meta":{"ngg_post_thumbnail":0,"footnotes":"","_mc_calendar":[]},"aioseo_notices":[],"_links":{"self":[{"href":"https:\/\/blogsaverroes.juntadeandalucia.es\/ceipnuestrasenoradelapaz\/wp-json\/wp\/v2\/pages\/1216"}],"collection":[{"href":"https:\/\/blogsaverroes.juntadeandalucia.es\/ceipnuestrasenoradelapaz\/wp-json\/wp\/v2\/pages"}],"about":[{"href":"https:\/\/blogsaverroes.juntadeandalucia.es\/ceipnuestrasenoradelapaz\/wp-json\/wp\/v2\/types\/page"}],"author":[{"embeddable":true,"href":"https:\/\/blogsaverroes.juntadeandalucia.es\/ceipnuestrasenoradelapaz\/wp-json\/wp\/v2\/users\/17251"}],"replies":[{"embeddable":true,"href":"https:\/\/blogsaverroes.juntadeandalucia.es\/ceipnuestrasenoradelapaz\/wp-json\/wp\/v2\/comments?post=1216"}],"version-history":[{"count":34,"href":"https:\/\/blogsaverroes.juntadeandalucia.es\/ceipnuestrasenoradelapaz\/wp-json\/wp\/v2\/pages\/1216\/revisions"}],"predecessor-version":[{"id":1259,"href":"https:\/\/blogsaverroes.juntadeandalucia.es\/ceipnuestrasenoradelapaz\/wp-json\/wp\/v2\/pages\/1216\/revisions\/1259"}],"wp:attachment":[{"href":"https:\/\/blogsaverroes.juntadeandalucia.es\/ceipnuestrasenoradelapaz\/wp-json\/wp\/v2\/media?parent=1216"}],"curies":[{"name":"wp","href":"https:\/\/api.w.org\/{rel}","templated":true}]}}