{"id":1319,"date":"2024-10-06T20:32:35","date_gmt":"2024-10-06T19:32:35","guid":{"rendered":"https:\/\/blogsaverroes.juntadeandalucia.es\/ceipnuestrasenoradelapaz\/?page_id=1319"},"modified":"2024-10-28T17:22:13","modified_gmt":"2024-10-28T16:22:13","slug":"que-es-el-a-m-p-a","status":"publish","type":"page","link":"https:\/\/blogsaverroes.juntadeandalucia.es\/ceipnuestrasenoradelapaz\/que-es-el-a-m-p-a\/","title":{"rendered":"\u00bfQu\u00e9 es el A.M.P.A.?"},"content":{"rendered":"<p><img fetchpriority=\"high\" decoding=\"async\" class=\"alignleft wp-image-1325 \" src=\"https:\/\/blogsaverroes.juntadeandalucia.es\/ceipnuestrasenoradelapaz\/files\/2024\/10\/ampa_image_1.jpg\" alt=\"\" width=\"239\" height=\"239\" srcset=\"https:\/\/blogsaverroes.juntadeandalucia.es\/ceipnuestrasenoradelapaz\/files\/2024\/10\/ampa_image_1.jpg 1024w, https:\/\/blogsaverroes.juntadeandalucia.es\/ceipnuestrasenoradelapaz\/files\/2024\/10\/ampa_image_1-300x300.jpg 300w, https:\/\/blogsaverroes.juntadeandalucia.es\/ceipnuestrasenoradelapaz\/files\/2024\/10\/ampa_image_1-150x150.jpg 150w, https:\/\/blogsaverroes.juntadeandalucia.es\/ceipnuestrasenoradelapaz\/files\/2024\/10\/ampa_image_1-768x768.jpg 768w, https:\/\/blogsaverroes.juntadeandalucia.es\/ceipnuestrasenoradelapaz\/files\/2024\/10\/ampa_image_1-80x80.jpg 80w, https:\/\/blogsaverroes.juntadeandalucia.es\/ceipnuestrasenoradelapaz\/files\/2024\/10\/ampa_image_1-320x320.jpg 320w\" sizes=\"(max-width: 239px) 100vw, 239px\" \/><\/p>\n<p>&nbsp;<\/p>\n<p style=\"text-align: center\"><strong>A.M.P.A. &#8220;SEMILLAS DE PAZ&#8221;<\/strong><\/p>\n<p>El <strong>A.M.P.A.<\/strong> (Asociaci\u00f3n de Madres y Padres del Alumnado) es una entidad sin \u00e1nimo de lucro que representa a las familias del colegio. Su misi\u00f3n principal es actuar como un punto de encuentro para los padres y madres, permiti\u00e9ndoles participar de manera activa en la vida educativa y social del centro. Es un espacio plural e independiente donde se pueden aportar ideas y trabajar en colaboraci\u00f3n con la direcci\u00f3n del colegio, pero con autonom\u00eda.<\/p>\n<p>&nbsp;<\/p>\n<h3><span style=\"color: #008080\"><strong>Importancia de la participaci\u00f3n<\/strong><\/span><\/h3>\n<p>La participaci\u00f3n en el A.M.P.A. es esencial porque como madres y padres somos corresponsables de la educaci\u00f3n que reciben nuestros hijos\/as. A trav\u00e9s del A.M.P.A. podemos influir de forma directa en la mejora de la calidad educativa, la convivencia escolar y la optimizaci\u00f3n de las instalaciones del centro. Adem\u00e1s, es el \u00fanico espacio de participaci\u00f3n aut\u00f3noma para las familias dentro del colegio, lo que lo convierte en una plataforma vital para aportar iniciativas y trabajar en conjunto con la comunidad educativa, pero sin depender completamente de la direcci\u00f3n del centro.<\/p>\n<h3><span style=\"color: #008080\"><strong>Formas de participar<\/strong><\/span><\/h3>\n<p>Unirse al A.M.P.A. es sencillo y flexible. Las familias pueden asociarse en cualquier momento del curso, y en la matr\u00edcula escolar se facilita una ficha de inscripci\u00f3n para la cuota anual, que es por familia y no por cada ni\u00f1o\/a. La participaci\u00f3n se puede realizar a trav\u00e9s de:<\/p>\n<ul>\n<li><strong>Asambleas<\/strong>: Donde se discuten temas relevantes y se pueden presentar propuestas.<\/li>\n<li><strong>Reuniones abiertas<\/strong>: Que son convocadas a lo largo del curso.<\/li>\n<li><strong>Grupos de trabajo o actividades espec\u00edficas<\/strong>: Los padres y madres pueden colaborar en proyectos puntuales organizados por el A.M.P.A.<\/li>\n<li><strong>Iniciativas propias<\/strong>: Cualquier padre o madre puede proponer actividades, debates o temas para mejorar la comunidad escolar.<\/li>\n<\/ul>\n<h3><span style=\"color: #008080\"><strong>Prop\u00f3sito del AMPA<\/strong><\/span><\/h3>\n<p>El A.M.P.A. tiene m\u00faltiples funciones clave para garantizar una educaci\u00f3n de calidad y democr\u00e1tica, algunas de ellas incluyen:<\/p>\n<ul>\n<li>Defender el derecho a una educaci\u00f3n inclusiva y cr\u00edtica, que responda a las necesidades de todos los ni\u00f1os\/as.<\/li>\n<li>Facilitar la participaci\u00f3n de las familias en la vida del colegio, ayudando a mejorar la ense\u00f1anza y el ambiente escolar.<\/li>\n<li>Crear espacios de reflexi\u00f3n y encuentro entre las familias, el profesorado y la comunidad educativa en general.<\/li>\n<li>Promover la gesti\u00f3n colaborativa del colegio, fomentando el di\u00e1logo y la cooperaci\u00f3n en temas importantes que afectan la educaci\u00f3n.<\/li>\n<\/ul>\n<h3><span style=\"color: #008080\"><strong>Financiaci\u00f3n<\/strong><\/span><\/h3>\n<p>El A.M.P.A. se financia principalmente a trav\u00e9s de las cuotas de sus socios. Este es el \u00fanico pago que las familias realizan, y los fondos se gestionan exclusivamente para beneficiar al alumnado y la comunidad educativa, apoyando iniciativas que mejoren la educaci\u00f3n en el centro.<\/p>\n<p>Este tipo de colaboraci\u00f3n entre familias, centro educativo y la comunidad en general es fundamental para crear un entorno educativo m\u00e1s fuerte y participativo.<\/p>\n<p>&nbsp;<\/p>\n<p>&nbsp;<\/p>\n","protected":false},"excerpt":{"rendered":"<p>&nbsp; A.M.P.A. &#8220;SEMILLAS DE PAZ&#8221; El A.M.P.A. (Asociaci\u00f3n de Madres y Padres del Alumnado) es una entidad sin \u00e1nimo de lucro que representa a las familias del colegio. Su misi\u00f3n principal es actuar como&#46;&#46;&#46;<\/p>\n","protected":false},"author":17251,"featured_media":0,"parent":0,"menu_order":0,"comment_status":"closed","ping_status":"closed","template":"","meta":{"ngg_post_thumbnail":0,"footnotes":"","_mc_calendar":[]},"aioseo_notices":[],"_links":{"self":[{"href":"https:\/\/blogsaverroes.juntadeandalucia.es\/ceipnuestrasenoradelapaz\/wp-json\/wp\/v2\/pages\/1319"}],"collection":[{"href":"https:\/\/blogsaverroes.juntadeandalucia.es\/ceipnuestrasenoradelapaz\/wp-json\/wp\/v2\/pages"}],"about":[{"href":"https:\/\/blogsaverroes.juntadeandalucia.es\/ceipnuestrasenoradelapaz\/wp-json\/wp\/v2\/types\/page"}],"author":[{"embeddable":true,"href":"https:\/\/blogsaverroes.juntadeandalucia.es\/ceipnuestrasenoradelapaz\/wp-json\/wp\/v2\/users\/17251"}],"replies":[{"embeddable":true,"href":"https:\/\/blogsaverroes.juntadeandalucia.es\/ceipnuestrasenoradelapaz\/wp-json\/wp\/v2\/comments?post=1319"}],"version-history":[{"count":18,"href":"https:\/\/blogsaverroes.juntadeandalucia.es\/ceipnuestrasenoradelapaz\/wp-json\/wp\/v2\/pages\/1319\/revisions"}],"predecessor-version":[{"id":1594,"href":"https:\/\/blogsaverroes.juntadeandalucia.es\/ceipnuestrasenoradelapaz\/wp-json\/wp\/v2\/pages\/1319\/revisions\/1594"}],"wp:attachment":[{"href":"https:\/\/blogsaverroes.juntadeandalucia.es\/ceipnuestrasenoradelapaz\/wp-json\/wp\/v2\/media?parent=1319"}],"curies":[{"name":"wp","href":"https:\/\/api.w.org\/{rel}","templated":true}]}}