{"id":2114,"date":"2025-03-05T12:16:10","date_gmt":"2025-03-05T11:16:10","guid":{"rendered":"https:\/\/blogsaverroes.juntadeandalucia.es\/ceipnuestrasenoradelapaz\/?page_id=2114"},"modified":"2025-03-07T13:00:43","modified_gmt":"2025-03-07T12:00:43","slug":"admision","status":"publish","type":"page","link":"https:\/\/blogsaverroes.juntadeandalucia.es\/ceipnuestrasenoradelapaz\/admision\/","title":{"rendered":"Admisi\u00f3n"},"content":{"rendered":"<p style=\"text-align: center\" data-start=\"70\" data-end=\"147\"><strong data-start=\"70\" data-end=\"145\">\ud83d\udce2 Abierto el periodo de ADMISI\u00d3N para alumnado de nueva escolarizaci\u00f3n<\/strong><\/p>\n<p data-start=\"149\" data-end=\"295\">Informamos a todas las familias que el <strong data-start=\"188\" data-end=\"252\">periodo de admisi\u00f3n para el alumnado de nueva escolarizaci\u00f3n<\/strong> estar\u00e1 abierto <strong data-start=\"268\" data-end=\"292\">del 1 al 31 de marzo<\/strong>.<\/p>\n<p data-start=\"297\" data-end=\"349\">Las solicitudes podr\u00e1n presentarse de dos maneras:<\/p>\n<p data-start=\"351\" data-end=\"531\">\u2705 <strong data-start=\"353\" data-end=\"372\">Presencialmente<\/strong>, en el centro educativo, en horario escolar de <strong data-start=\"420\" data-end=\"436\">9:00 a 14:00<\/strong>. Nuestra administrativa, <strong data-start=\"462\" data-end=\"470\">Lola<\/strong>, os atender\u00e1 en <strong data-start=\"487\" data-end=\"501\">secretar\u00eda<\/strong> y resolver\u00e1 cualquier duda.<\/p>\n<p data-start=\"533\" data-end=\"777\">\u2705 <strong data-start=\"535\" data-end=\"558\">De forma telem\u00e1tica<\/strong>, a trav\u00e9s de la <strong data-start=\"575\" data-end=\"597\">Secretar\u00eda Virtual<\/strong> de la Junta de Andaluc\u00eda, accediendo en el siguiente enlace:&nbsp; &nbsp; &nbsp;<\/p>\n<p style=\"text-align: center\" data-start=\"533\" data-end=\"777\">\ud83d\udd17 <a href=\"https:\/\/www.juntadeandalucia.es\/educacion\/secretariavirtual\/accesoTramite\/543\/\" target=\"_new\" rel=\"noopener\" data-start=\"664\" data-end=\"775\">Secretar\u00eda Virtual &#8211; Admisi\u00f3n<\/a><\/p>\n<p data-start=\"779\" data-end=\"999\">Para completar el tr\u00e1mite online, ser\u00e1 necesario identificarse mediante una de estas opciones:<\/p>\n<p data-start=\"779\" data-end=\"999\">1\ufe0f\u20e3 <strong data-start=\"880\" data-end=\"933\">Autenticaci\u00f3n con Identificador Educativo Andaluz (iANDE)<\/strong><br data-start=\"933\" data-end=\"936\">2\ufe0f\u20e3 <strong data-start=\"940\" data-end=\"967\">Autenticaci\u00f3n con Cl@ve<\/strong><br data-start=\"967\" data-end=\"970\">3\ufe0f\u20e3 <strong data-start=\"974\" data-end=\"997\">Certificado Digital<\/strong><\/p>\n<p style=\"text-align: center\" data-start=\"1001\" data-end=\"1175\">Os recordamos que este proceso es <strong data-start=\"1017\" data-end=\"1095\">exclusivamente para el alumnado que se incorpora por primera vez al centro<\/strong>.<\/p>\n<p style=\"text-align: center\" data-start=\"1001\" data-end=\"1175\">Para cualquier consulta, no dud\u00e9is en contactar con nosotros.<\/p>\n<p style=\"text-align: center\" data-start=\"1001\" data-end=\"1175\">\u00a1Os esperamos!<\/p>\n<div style=\"width: 1280px;\" class=\"wp-video\"><!--[if lt IE 9]><script>document.createElement('video');<\/script><![endif]-->\n<video class=\"wp-video-shortcode\" id=\"video-2114-1\" width=\"1280\" height=\"720\" preload=\"metadata\" controls=\"controls\"><source type=\"video\/mp4\" src=\"https:\/\/blogsaverroes.juntadeandalucia.es\/ceipnuestrasenoradelapaz\/files\/2025\/03\/Untitled-\u2011-Made-with-FlexClip-5.mp4?_=1\" \/><a href=\"https:\/\/blogsaverroes.juntadeandalucia.es\/ceipnuestrasenoradelapaz\/files\/2025\/03\/Untitled-\u2011-Made-with-FlexClip-5.mp4\">https:\/\/blogsaverroes.juntadeandalucia.es\/ceipnuestrasenoradelapaz\/files\/2025\/03\/Untitled-\u2011-Made-with-FlexClip-5.mp4<\/a><\/video><\/div>\n","protected":false},"excerpt":{"rendered":"<p>\ud83d\udce2 Abierto el periodo de ADMISI\u00d3N para alumnado de nueva escolarizaci\u00f3n Informamos a todas las familias que el periodo de admisi\u00f3n para el alumnado de nueva escolarizaci\u00f3n estar\u00e1 abierto del 1 al 31 de&#46;&#46;&#46;<\/p>\n","protected":false},"author":17251,"featured_media":0,"parent":0,"menu_order":0,"comment_status":"closed","ping_status":"closed","template":"","meta":{"ngg_post_thumbnail":0,"footnotes":"","_mc_calendar":[]},"aioseo_notices":[],"_links":{"self":[{"href":"https:\/\/blogsaverroes.juntadeandalucia.es\/ceipnuestrasenoradelapaz\/wp-json\/wp\/v2\/pages\/2114"}],"collection":[{"href":"https:\/\/blogsaverroes.juntadeandalucia.es\/ceipnuestrasenoradelapaz\/wp-json\/wp\/v2\/pages"}],"about":[{"href":"https:\/\/blogsaverroes.juntadeandalucia.es\/ceipnuestrasenoradelapaz\/wp-json\/wp\/v2\/types\/page"}],"author":[{"embeddable":true,"href":"https:\/\/blogsaverroes.juntadeandalucia.es\/ceipnuestrasenoradelapaz\/wp-json\/wp\/v2\/users\/17251"}],"replies":[{"embeddable":true,"href":"https:\/\/blogsaverroes.juntadeandalucia.es\/ceipnuestrasenoradelapaz\/wp-json\/wp\/v2\/comments?post=2114"}],"version-history":[{"count":5,"href":"https:\/\/blogsaverroes.juntadeandalucia.es\/ceipnuestrasenoradelapaz\/wp-json\/wp\/v2\/pages\/2114\/revisions"}],"predecessor-version":[{"id":2202,"href":"https:\/\/blogsaverroes.juntadeandalucia.es\/ceipnuestrasenoradelapaz\/wp-json\/wp\/v2\/pages\/2114\/revisions\/2202"}],"wp:attachment":[{"href":"https:\/\/blogsaverroes.juntadeandalucia.es\/ceipnuestrasenoradelapaz\/wp-json\/wp\/v2\/media?parent=2114"}],"curies":[{"name":"wp","href":"https:\/\/api.w.org\/{rel}","templated":true}]}}