{"id":2119,"date":"2025-03-05T12:17:09","date_gmt":"2025-03-05T11:17:09","guid":{"rendered":"https:\/\/blogsaverroes.juntadeandalucia.es\/ceipnuestrasenoradelapaz\/?page_id=2119"},"modified":"2025-06-03T20:03:51","modified_gmt":"2025-06-03T19:03:51","slug":"matriculacion","status":"publish","type":"page","link":"https:\/\/blogsaverroes.juntadeandalucia.es\/ceipnuestrasenoradelapaz\/matriculacion\/","title":{"rendered":"Matriculaci\u00f3n"},"content":{"rendered":"<p style=\"text-align: center\" data-start=\"82\" data-end=\"136\"><strong data-start=\"82\" data-end=\"134\">\ud83d\udccc Informaci\u00f3n sobre el proceso de matriculaci\u00f3n<\/strong><\/p>\n<p style=\"text-align: left\" data-start=\"422\" data-end=\"643\">Desde nuestro centro educativo queremos informaros de forma clara y sencilla sobre <strong data-start=\"505\" data-end=\"566\">el proceso de matriculaci\u00f3n para el pr\u00f3ximo curso escolar<\/strong> en las etapas de <strong data-start=\"584\" data-end=\"617\">Educaci\u00f3n Infantil (2\u00ba ciclo)<\/strong> y <strong data-start=\"620\" data-end=\"642\">Educaci\u00f3n Primaria<\/strong>.<\/p>\n<p style=\"text-align: center\" data-start=\"645\" data-end=\"716\"><strong data-start=\"648\" data-end=\"665\">\ud83d\uddd3\ufe0f Plazo oficial<\/strong>: del <strong data-start=\"671\" data-end=\"698\">1 al 9 de junio de 2025<\/strong>, ambos incluidos.<\/p>\n<p data-start=\"645\" data-end=\"716\">&nbsp;<\/p>\n<h2 style=\"text-align: center\" data-start=\"723\" data-end=\"763\">\ud83d\udcbb \u00bfC\u00f3mo se puede hacer la matr\u00edcula?<\/h2>\n<p data-start=\"765\" data-end=\"913\">\ud83d\udd39 <strong data-start=\"768\" data-end=\"787\">Telem\u00e1ticamente<\/strong>: a trav\u00e9s de la <a class=\"cursor-pointer\" href=\"https:\/\/www.juntadeandalucia.es\/educacion\/secretariavirtual\/accesoTramite\/365\/\" target=\"_new\" rel=\"noopener\" data-start=\"806\" data-end=\"913\">Secretar\u00eda Virtual de la Junta de Andaluc\u00eda<\/a><\/p>\n<p data-start=\"915\" data-end=\"1012\">\ud83d\udd39 <strong data-start=\"918\" data-end=\"937\">Presencialmente<\/strong>: en la secretar\u00eda del centro, dentro del horario de atenci\u00f3n al p\u00fablico.<\/p>\n<p data-start=\"915\" data-end=\"1012\">&nbsp;<\/p>\n<h2 style=\"text-align: center\" data-start=\"1019\" data-end=\"1064\">\ud83d\udcc2 \u00bfQu\u00e9 documentaci\u00f3n tengo que presentar?<\/h2>\n<p data-start=\"1066\" data-end=\"1154\">A continuaci\u00f3n te dejamos un resumen con los documentos que debes aportar seg\u00fan tu caso:<\/p>\n<h3 data-start=\"1156\" data-end=\"1211\">\u2705 Documentaci\u00f3n obligatoria para todas las familias<\/h3>\n<p data-start=\"1213\" data-end=\"1369\">\ud83d\udcc4 <strong data-start=\"1216\" data-end=\"1240\">Impreso de matr\u00edcula<\/strong><br data-start=\"1240\" data-end=\"1243\">\ud83e\uddfe <strong data-start=\"1246\" data-end=\"1305\">Cuestionario de ejecuci\u00f3n de Fondos Europeos (Modelo 1)<\/strong><br data-start=\"1305\" data-end=\"1308\">\ud83d\udcf8 <strong data-start=\"1311\" data-end=\"1369\">Consentimiento informado para el uso de im\u00e1genes y voz<\/strong><\/p>\n<h3 data-start=\"1371\" data-end=\"1407\">\ud83d\udfe1 Documentaci\u00f3n seg\u00fan cada caso<\/h3>\n<p data-start=\"1409\" data-end=\"1655\">\u271d\ufe0f <strong data-start=\"1412\" data-end=\"1437\">Solicitud de Religi\u00f3n<\/strong> <em data-start=\"1438\" data-end=\"1479\">(solo si deseas que tu hijo\/a la curse)<\/em><br data-start=\"1479\" data-end=\"1482\">\ud83e\udde9 <strong data-start=\"1485\" data-end=\"1513\">Cuestionario de contexto<\/strong> <em data-start=\"1514\" data-end=\"1564\">(solo si se matricula por primera vez en 3 a\u00f1os)<\/em><br data-start=\"1564\" data-end=\"1567\"><strong data-start=\"1570\" data-end=\"1605\">\ud83c\udf7d\ufe0f Solicitud de aula matinal, comedor, actividades extraescolares y&nbsp; transporte escolar<\/strong> <em data-start=\"1606\" data-end=\"1655\">(solo si se tiene derecho y se desea solicitar)<\/em><\/p>\n<p data-start=\"1409\" data-end=\"1655\">&nbsp;<\/p>\n<h2 style=\"text-align: center\" data-start=\"1662\" data-end=\"1686\">\ud83d\udccc \u00bfY si tengo dudas?<\/h2>\n<p data-start=\"1688\" data-end=\"1815\">No pasa nada. En nuestro centro estamos encantados de ayudaros. Pod\u00e9is contactar con nosotros o venir en horario de secretar\u00eda.<\/p>\n<p data-start=\"1817\" data-end=\"1918\">\ud83d\udccd Direcci\u00f3n del centro: &nbsp;C\/ Laur\u00eda n\u00ba 24<br data-start=\"1840\" data-end=\"1843\">\ud83d\udcde Tel\u00e9fono: 952169500 \/ 671567573<br data-start=\"1867\" data-end=\"1870\">\ud83d\udce7 Correo electr\u00f3nico: 29007809.edu@juntadeandalucia.es<\/p>\n<p data-start=\"1817\" data-end=\"1918\">&nbsp;<\/p>\n<h2 style=\"text-align: center\" data-start=\"1925\" data-end=\"1966\">\ud83c\udfa5 Consulta la gu\u00eda visual interactiva<\/h2>\n<p data-start=\"1968\" data-end=\"2084\">Hemos preparado una <strong data-start=\"1988\" data-end=\"2013\">presentaci\u00f3n Genially<\/strong> muy clara y pr\u00e1ctica para que teng\u00e1is toda la informaci\u00f3n paso a paso:<\/p>\n<p data-start=\"1968\" data-end=\"2084\">&nbsp;<\/p>\n<div style=\"max-width: 800px;margin: auto\">\n<div style=\"position: relative;padding-bottom: 56.25%;height: 0;overflow: hidden\"><iframe src=\"https:\/\/view.genially.com\/6839955f7a8b8d63b24ef146\" width=\"800\" height=\"450\" frameborder=\"0\" scrolling=\"yes\"><br \/>\n<\/iframe><\/div>\n<\/div>\n","protected":false},"excerpt":{"rendered":"<p>\ud83d\udccc Informaci\u00f3n sobre el proceso de matriculaci\u00f3n Desde nuestro centro educativo queremos informaros de forma clara y sencilla sobre el proceso de matriculaci\u00f3n para el pr\u00f3ximo curso escolar en las etapas de Educaci\u00f3n Infantil&#46;&#46;&#46;<\/p>\n","protected":false},"author":17251,"featured_media":0,"parent":0,"menu_order":0,"comment_status":"closed","ping_status":"closed","template":"","meta":{"ngg_post_thumbnail":0,"footnotes":"","_mc_calendar":[]},"aioseo_notices":[],"_links":{"self":[{"href":"https:\/\/blogsaverroes.juntadeandalucia.es\/ceipnuestrasenoradelapaz\/wp-json\/wp\/v2\/pages\/2119"}],"collection":[{"href":"https:\/\/blogsaverroes.juntadeandalucia.es\/ceipnuestrasenoradelapaz\/wp-json\/wp\/v2\/pages"}],"about":[{"href":"https:\/\/blogsaverroes.juntadeandalucia.es\/ceipnuestrasenoradelapaz\/wp-json\/wp\/v2\/types\/page"}],"author":[{"embeddable":true,"href":"https:\/\/blogsaverroes.juntadeandalucia.es\/ceipnuestrasenoradelapaz\/wp-json\/wp\/v2\/users\/17251"}],"replies":[{"embeddable":true,"href":"https:\/\/blogsaverroes.juntadeandalucia.es\/ceipnuestrasenoradelapaz\/wp-json\/wp\/v2\/comments?post=2119"}],"version-history":[{"count":6,"href":"https:\/\/blogsaverroes.juntadeandalucia.es\/ceipnuestrasenoradelapaz\/wp-json\/wp\/v2\/pages\/2119\/revisions"}],"predecessor-version":[{"id":2497,"href":"https:\/\/blogsaverroes.juntadeandalucia.es\/ceipnuestrasenoradelapaz\/wp-json\/wp\/v2\/pages\/2119\/revisions\/2497"}],"wp:attachment":[{"href":"https:\/\/blogsaverroes.juntadeandalucia.es\/ceipnuestrasenoradelapaz\/wp-json\/wp\/v2\/media?parent=2119"}],"curies":[{"name":"wp","href":"https:\/\/api.w.org\/{rel}","templated":true}]}}