{"id":2126,"date":"2025-03-05T12:29:41","date_gmt":"2025-03-05T11:29:41","guid":{"rendered":"https:\/\/blogsaverroes.juntadeandalucia.es\/ceipnuestrasenoradelapaz\/?page_id=2126"},"modified":"2025-03-05T13:22:37","modified_gmt":"2025-03-05T12:22:37","slug":"aula-matinal","status":"publish","type":"page","link":"https:\/\/blogsaverroes.juntadeandalucia.es\/ceipnuestrasenoradelapaz\/aula-matinal\/","title":{"rendered":"Aula matinal"},"content":{"rendered":"<p data-start=\"51\" data-end=\"142\"><strong data-start=\"51\" data-end=\"140\">\ud83c\udf05 Aula Matinal: un espacio seguro y educativo antes del inicio de la jornada escolar<\/strong><\/p>\n<p data-start=\"144\" data-end=\"338\">En nuestro centro, contamos con el servicio de <strong data-start=\"191\" data-end=\"207\">Aula Matinal<\/strong>, una iniciativa promovida por la <strong data-start=\"241\" data-end=\"263\">Junta de Andaluc\u00eda<\/strong> para dar respuesta a las necesidades de conciliaci\u00f3n familiar y laboral.<\/p>\n<p style=\"text-align: left\" data-start=\"340\" data-end=\"687\">\ud83d\udd52 <strong data-start=\"343\" data-end=\"355\">Horario:<\/strong> de <strong data-start=\"359\" data-end=\"377\">7:30 a 9:00 h.<\/strong>, momento en el que comienza la actividad escolar.<\/p>\n<p style=\"text-align: left\" data-start=\"340\" data-end=\"687\">\ud83d\udc67\ud83d\udc66 Durante este tiempo, los ni\u00f1os y ni\u00f1as participan en diversas <strong data-start=\"497\" data-end=\"533\">actividades l\u00fadicas y educativas<\/strong>, adaptadas a su edad y desarrollo, como:<br data-start=\"574\" data-end=\"577\">\ud83c\udfa8 Actividades pl\u00e1sticas y dibujo.<br data-start=\"611\" data-end=\"614\">\ud83d\udcd6 Lectura y cuentacuentos.<br data-start=\"641\" data-end=\"644\">\ud83e\udd38\u200d\u2642\ufe0f Psicomotricidad y juegos populares.<\/p>\n<h3 data-start=\"689\" data-end=\"742\">\ud83d\udc69\u200d\ud83c\udfeb Personal cualificado y atenci\u00f3n educativa<\/h3>\n<p data-start=\"743\" data-end=\"964\">El alumnado de Aula Matinal est\u00e1 atendido por <strong data-start=\"789\" data-end=\"815\">personal especializado<\/strong>, cuya labor no solo se centra en la vigilancia, sino tambi\u00e9n en ofrecer una <strong data-start=\"892\" data-end=\"961\">atenci\u00f3n educativa adaptada a las necesidades de cada ni\u00f1o o ni\u00f1a<\/strong>.<\/p>\n<p data-start=\"966\" data-end=\"1011\">\ud83d\udccc <strong data-start=\"969\" data-end=\"997\">Normativa de aplicaci\u00f3n:<\/strong> <a href=\"https:\/\/juntadeandalucia.es\/boja\/2024\/50\/BOJA24-050-00002-41689-01_00298356.pdf\">\ud83d\udd17 [Acceso]<\/a><\/p>\n<p data-start=\"1013\" data-end=\"1137\">Para m\u00e1s informaci\u00f3n sobre el servicio de Aula Matinal, pod\u00e9is contactar con el centro. \u00a1Estamos a vuestra disposici\u00f3n! \ud83d\ude0a<\/p>\n<p data-start=\"1013\" data-end=\"1137\"><img fetchpriority=\"high\" decoding=\"async\" class=\"alignnone size-full wp-image-2147\" src=\"https:\/\/blogsaverroes.juntadeandalucia.es\/ceipnuestrasenoradelapaz\/files\/2025\/03\/Imagen-de-WhatsApp-2025-03-05-a-las-13.16.55_b3a819f5.jpg\" alt=\"\" width=\"2048\" height=\"1537\" srcset=\"https:\/\/blogsaverroes.juntadeandalucia.es\/ceipnuestrasenoradelapaz\/files\/2025\/03\/Imagen-de-WhatsApp-2025-03-05-a-las-13.16.55_b3a819f5.jpg 2048w, https:\/\/blogsaverroes.juntadeandalucia.es\/ceipnuestrasenoradelapaz\/files\/2025\/03\/Imagen-de-WhatsApp-2025-03-05-a-las-13.16.55_b3a819f5-300x225.jpg 300w, https:\/\/blogsaverroes.juntadeandalucia.es\/ceipnuestrasenoradelapaz\/files\/2025\/03\/Imagen-de-WhatsApp-2025-03-05-a-las-13.16.55_b3a819f5-1024x769.jpg 1024w, https:\/\/blogsaverroes.juntadeandalucia.es\/ceipnuestrasenoradelapaz\/files\/2025\/03\/Imagen-de-WhatsApp-2025-03-05-a-las-13.16.55_b3a819f5-768x576.jpg 768w, https:\/\/blogsaverroes.juntadeandalucia.es\/ceipnuestrasenoradelapaz\/files\/2025\/03\/Imagen-de-WhatsApp-2025-03-05-a-las-13.16.55_b3a819f5-1536x1153.jpg 1536w\" sizes=\"(max-width: 2048px) 100vw, 2048px\" \/><\/p>\n","protected":false},"excerpt":{"rendered":"<p>\ud83c\udf05 Aula Matinal: un espacio seguro y educativo antes del inicio de la jornada escolar En nuestro centro, contamos con el servicio de Aula Matinal, una iniciativa promovida por la Junta de Andaluc\u00eda para&#46;&#46;&#46;<\/p>\n","protected":false},"author":17251,"featured_media":0,"parent":0,"menu_order":0,"comment_status":"closed","ping_status":"closed","template":"","meta":{"ngg_post_thumbnail":0,"footnotes":"","_mc_calendar":[]},"aioseo_notices":[],"_links":{"self":[{"href":"https:\/\/blogsaverroes.juntadeandalucia.es\/ceipnuestrasenoradelapaz\/wp-json\/wp\/v2\/pages\/2126"}],"collection":[{"href":"https:\/\/blogsaverroes.juntadeandalucia.es\/ceipnuestrasenoradelapaz\/wp-json\/wp\/v2\/pages"}],"about":[{"href":"https:\/\/blogsaverroes.juntadeandalucia.es\/ceipnuestrasenoradelapaz\/wp-json\/wp\/v2\/types\/page"}],"author":[{"embeddable":true,"href":"https:\/\/blogsaverroes.juntadeandalucia.es\/ceipnuestrasenoradelapaz\/wp-json\/wp\/v2\/users\/17251"}],"replies":[{"embeddable":true,"href":"https:\/\/blogsaverroes.juntadeandalucia.es\/ceipnuestrasenoradelapaz\/wp-json\/wp\/v2\/comments?post=2126"}],"version-history":[{"count":6,"href":"https:\/\/blogsaverroes.juntadeandalucia.es\/ceipnuestrasenoradelapaz\/wp-json\/wp\/v2\/pages\/2126\/revisions"}],"predecessor-version":[{"id":2148,"href":"https:\/\/blogsaverroes.juntadeandalucia.es\/ceipnuestrasenoradelapaz\/wp-json\/wp\/v2\/pages\/2126\/revisions\/2148"}],"wp:attachment":[{"href":"https:\/\/blogsaverroes.juntadeandalucia.es\/ceipnuestrasenoradelapaz\/wp-json\/wp\/v2\/media?parent=2126"}],"curies":[{"name":"wp","href":"https:\/\/api.w.org\/{rel}","templated":true}]}}