{"id":2130,"date":"2025-03-05T12:30:16","date_gmt":"2025-03-05T11:30:16","guid":{"rendered":"https:\/\/blogsaverroes.juntadeandalucia.es\/ceipnuestrasenoradelapaz\/?page_id=2130"},"modified":"2025-03-05T13:09:32","modified_gmt":"2025-03-05T12:09:32","slug":"actividades-extraescolares","status":"publish","type":"page","link":"https:\/\/blogsaverroes.juntadeandalucia.es\/ceipnuestrasenoradelapaz\/actividades-extraescolares\/","title":{"rendered":"Actividades extraescolares"},"content":{"rendered":"<p data-start=\"51\" data-end=\"105\"><strong data-start=\"51\" data-end=\"103\">\ud83c\udfad\u26bd Actividades Extraescolares en nuestro centro<\/strong><\/p>\n<p data-start=\"107\" data-end=\"267\">En nuestro colegio, ofrecemos actividades extraescolares para complementar la formaci\u00f3n del alumnado y favorecer su desarrollo en diferentes \u00e1reas de inter\u00e9s.<\/p>\n<p data-start=\"269\" data-end=\"426\">\ud83d\udd52 <strong data-start=\"272\" data-end=\"284\">Horario:<\/strong> hasta las <strong data-start=\"295\" data-end=\"310\">18:00 horas<\/strong>, permitiendo que los ni\u00f1os y ni\u00f1as disfruten de un aprendizaje din\u00e1mico y enriquecedor fuera del horario lectivo.<\/p>\n<p data-start=\"428\" data-end=\"510\">\ud83d\udccc En nuestro centro, llevamos a cabo las siguientes actividades extraescolares:<\/p>\n<ul data-start=\"511\" data-end=\"729\">\n<li data-start=\"511\" data-end=\"609\"><strong data-start=\"513\" data-end=\"526\">\ud83d\udcda Ingl\u00e9s<\/strong>: Para mejorar la competencia ling\u00fc\u00edstica en un entorno divertido y comunicativo. <strong>Lunes y mi\u00e9rcoles de 16:00 a 17:00<\/strong><\/li>\n<li data-start=\"610\" data-end=\"729\"><strong data-start=\"612\" data-end=\"630\">\u26bd Multideporte<\/strong>: Actividades deportivas variadas para fomentar h\u00e1bitos de vida saludable y el trabajo en equipo. <strong>Martes y jueves de 16:00 a 17:00<\/strong><\/li>\n<\/ul>\n<h3 data-start=\"731\" data-end=\"788\">\u2705 Caracter\u00edsticas de las actividades extraescolares<\/h3>\n<ul data-start=\"789\" data-end=\"1021\">\n<li data-start=\"789\" data-end=\"857\">Son <strong data-start=\"795\" data-end=\"810\">voluntarias<\/strong> y no forman parte del proceso de evaluaci\u00f3n.<\/li>\n<li data-start=\"858\" data-end=\"934\">Se desarrollan con <strong data-start=\"879\" data-end=\"903\">personal cualificado<\/strong>, especializado en cada \u00e1rea.<\/li>\n<li data-start=\"935\" data-end=\"1021\">Favorecen el aprendizaje, el ocio educativo y el desarrollo personal del alumnado.<\/li>\n<\/ul>\n<p>\ud83d\udccc <strong data-start=\"969\" data-end=\"997\">Normativa de aplicaci\u00f3n:<\/strong> <a href=\"https:\/\/juntadeandalucia.es\/boja\/2024\/50\/BOJA24-050-00002-41689-01_00298356.pdf\">\ud83d\udd17 [Acceso]<\/a><\/p>\n<p data-start=\"1023\" data-end=\"1139\">Para m\u00e1s informaci\u00f3n sobre inscripciones y horarios, pod\u00e9is contactar con el centro. \u00a1Os animamos a participar! \ud83d\ude0a<\/p>\n","protected":false},"excerpt":{"rendered":"<p>\ud83c\udfad\u26bd Actividades Extraescolares en nuestro centro En nuestro colegio, ofrecemos actividades extraescolares para complementar la formaci\u00f3n del alumnado y favorecer su desarrollo en diferentes \u00e1reas de inter\u00e9s. \ud83d\udd52 Horario: hasta las 18:00 horas, permitiendo&#46;&#46;&#46;<\/p>\n","protected":false},"author":17251,"featured_media":0,"parent":0,"menu_order":0,"comment_status":"closed","ping_status":"closed","template":"","meta":{"ngg_post_thumbnail":0,"footnotes":"","_mc_calendar":[]},"aioseo_notices":[],"_links":{"self":[{"href":"https:\/\/blogsaverroes.juntadeandalucia.es\/ceipnuestrasenoradelapaz\/wp-json\/wp\/v2\/pages\/2130"}],"collection":[{"href":"https:\/\/blogsaverroes.juntadeandalucia.es\/ceipnuestrasenoradelapaz\/wp-json\/wp\/v2\/pages"}],"about":[{"href":"https:\/\/blogsaverroes.juntadeandalucia.es\/ceipnuestrasenoradelapaz\/wp-json\/wp\/v2\/types\/page"}],"author":[{"embeddable":true,"href":"https:\/\/blogsaverroes.juntadeandalucia.es\/ceipnuestrasenoradelapaz\/wp-json\/wp\/v2\/users\/17251"}],"replies":[{"embeddable":true,"href":"https:\/\/blogsaverroes.juntadeandalucia.es\/ceipnuestrasenoradelapaz\/wp-json\/wp\/v2\/comments?post=2130"}],"version-history":[{"count":4,"href":"https:\/\/blogsaverroes.juntadeandalucia.es\/ceipnuestrasenoradelapaz\/wp-json\/wp\/v2\/pages\/2130\/revisions"}],"predecessor-version":[{"id":2142,"href":"https:\/\/blogsaverroes.juntadeandalucia.es\/ceipnuestrasenoradelapaz\/wp-json\/wp\/v2\/pages\/2130\/revisions\/2142"}],"wp:attachment":[{"href":"https:\/\/blogsaverroes.juntadeandalucia.es\/ceipnuestrasenoradelapaz\/wp-json\/wp\/v2\/media?parent=2130"}],"curies":[{"name":"wp","href":"https:\/\/api.w.org\/{rel}","templated":true}]}}