{"id":2206,"date":"2025-03-12T09:12:58","date_gmt":"2025-03-12T08:12:58","guid":{"rendered":"https:\/\/blogsaverroes.juntadeandalucia.es\/ceipnuestrasenoradelapaz\/?page_id=2206"},"modified":"2026-05-11T16:02:09","modified_gmt":"2026-05-11T15:02:09","slug":"erasmus","status":"publish","type":"page","link":"https:\/\/blogsaverroes.juntadeandalucia.es\/ceipnuestrasenoradelapaz\/erasmus\/","title":{"rendered":"Erasmus+"},"content":{"rendered":"\t\t<div data-elementor-type=\"wp-page\" data-elementor-id=\"2206\" class=\"elementor elementor-2206\">\n\t\t\t\t<div class=\"elementor-element elementor-element-7fd639ca e-flex e-con-boxed e-con e-parent\" data-id=\"7fd639ca\" data-element_type=\"container\">\n\t\t\t\t\t<div class=\"e-con-inner\">\n\t\t\t\t<div class=\"elementor-element elementor-element-6a0ac39e elementor-widget elementor-widget-text-editor\" data-id=\"6a0ac39e\" data-element_type=\"widget\" data-widget_type=\"text-editor.default\">\n\t\t\t\t<div class=\"elementor-widget-container\">\n\t\t\t\t\t\t\t\t\t<img fetchpriority=\"high\" decoding=\"async\" class=\"wp-image-2207 aligncenter\" src=\"https:\/\/blogsaverroes.juntadeandalucia.es\/ceipnuestrasenoradelapaz\/files\/2025\/03\/ERASMUS.png\" alt=\"\" width=\"746\" height=\"433\" srcset=\"https:\/\/blogsaverroes.juntadeandalucia.es\/ceipnuestrasenoradelapaz\/files\/2025\/03\/ERASMUS.png 1035w, https:\/\/blogsaverroes.juntadeandalucia.es\/ceipnuestrasenoradelapaz\/files\/2025\/03\/ERASMUS-300x174.png 300w, https:\/\/blogsaverroes.juntadeandalucia.es\/ceipnuestrasenoradelapaz\/files\/2025\/03\/ERASMUS-1024x594.png 1024w, https:\/\/blogsaverroes.juntadeandalucia.es\/ceipnuestrasenoradelapaz\/files\/2025\/03\/ERASMUS-768x445.png 768w\" sizes=\"(max-width: 746px) 100vw, 746px\" \/>\r\n<p style=\"text-align: center\"><strong><span style=\"font-size: 20pt;color: #3366ff\">ACOMPA\u00d1AMIENTO INTERNACIONALIZACI\u00d3N CENTROS<\/span><\/strong>\r\n<strong><span style=\"font-size: 20pt;color: #3366ff\">CONSORCIO ERASMUS<\/span><\/strong><\/p>\r\nNuestro centro participa en el programa <strong data-start=\"42\" data-end=\"118\">Acompa\u00f1amiento a la Internacionalizaci\u00f3n de Centros &#8211; Consorcio Erasmus+<\/strong>, una iniciativa que impulsa la proyecci\u00f3n internacional de nuestra comunidad educativa. A trav\u00e9s de este proyecto, fortaleceremos la cooperaci\u00f3n con instituciones europeas, mejoraremos la formaci\u00f3n del profesorado y brindaremos nuevas oportunidades de movilidad para nuestros estudiantes. \u00a1Un paso m\u00e1s hacia una educaci\u00f3n global e innovadora! \ud83c\udf0d\u2708\ufe0f\r\n\r\nErasmus+ es el programa de la UE para apoyar, a trav\u00e9s del aprendizaje permanente, el desarrollo educativo, profesional y personal de las personas en la educaci\u00f3n, la formaci\u00f3n, la juventud y el deporte, en Europa y fuera de ella.&nbsp;\r\n\r\nDe este modo, contribuye al crecimiento sostenible, al empleo de calidad y a la cohesi\u00f3n social, impulsando la innovaci\u00f3n y fortaleciendo la identidad europea y la ciudadan\u00eda activa.\r\n\r\nHa ofrecido una experiencia de aprendizaje que cambia la vida a millones de ciudadanos de la UE y apoya diversas actividades como la movilidad educativa, la cooperaci\u00f3n y la reforma de pol\u00edticas.&nbsp;\r\n\r\n<a href=\"https:\/\/erasmus-plus.ec.europa.eu\/es\/resources-and-tools\/factsheets-statistics-evaluations\/statistics\/data\/overview\"><strong><span style=\"color: #3366ff\">PARA SABER M\u00c1S&#8230;<\/span><\/strong><\/a>\t\t\t\t\t\t\t\t<\/div>\n\t\t\t\t<\/div>\n\t\t\t\t\t<\/div>\n\t\t\t\t<\/div>\n\t\t<div class=\"elementor-element elementor-element-5ca38d1 e-flex e-con-boxed e-con e-parent\" data-id=\"5ca38d1\" data-element_type=\"container\">\n\t\t\t\t\t<div class=\"e-con-inner\">\n\t\t\t\t<div class=\"elementor-element elementor-element-316a6ac elementor-widget elementor-widget-contentviews_widget_list1\" data-id=\"316a6ac\" data-element_type=\"widget\" data-widget_type=\"contentviews_widget_list1.default\">\n\t\t\t\t<div class=\"elementor-widget-container\">\n\t\t\t\t\t<div class='pt-cv-wrapper'> <div class=\"pt-cv-view pt-cv-blockgrid iscvblock iscvelementor list1 layout1\" id=\"pt-cv-view-316a6ac\"><div data-id=\"pt-cv-page-1\" class=\"pt-cv-page\" data-cvc=\"1\"><div class=\" pt-cv-content-item pt-cv-2-col\" ><div class=\"pt-cv-thumb-wrapper pull-left \"><a href=\"https:\/\/blogsaverroes.juntadeandalucia.es\/ceipnuestrasenoradelapaz\/de-la-serrania-de-ronda-al-corazon-de-italia-un-viaje-por-la-innovacion-educativa\/\" class=\"_self pt-cv-href-thumbnail pt-cv-thumb-left\" target=\"_self\" ><img decoding=\"async\" width=\"1024\" height=\"819\" src=\"https:\/\/blogsaverroes.juntadeandalucia.es\/ceipnuestrasenoradelapaz\/files\/2026\/05\/ChatGPT-Image-21-abr-2026-22_50_18-1024x819.png\" class=\"pt-cv-thumbnail pull-left\" alt=\"\" \/><\/a><\/div>\n<div class=\"pt-cv-colwrap\"><div class=\"pt-cv-taxoterm above_title\"><a href='https:\/\/blogsaverroes.juntadeandalucia.es\/ceipnuestrasenoradelapaz\/category\/erasmus\/' title='Erasmus+' class='pt-cv-tax-erasmus'>Erasmus+<\/a><a href='https:\/\/blogsaverroes.juntadeandalucia.es\/ceipnuestrasenoradelapaz\/category\/sin-categoria\/' title='NOVEDADES' class='pt-cv-tax-sin-categoria'>NOVEDADES<\/a><\/div><h4 class=\"pt-cv-title\"><a href=\"https:\/\/blogsaverroes.juntadeandalucia.es\/ceipnuestrasenoradelapaz\/de-la-serrania-de-ronda-al-corazon-de-italia-un-viaje-por-la-innovacion-educativa\/\" class=\"_self\" target=\"_self\" >DE LA SERRAN\u00cdA DE RONDA AL CORAZ\u00d3N DE ITALIA. UN VIAJE POR LA INNOVACI\u00d3N EDUCATIVA<\/a><\/h4><div class=\"pt-cv-content\">Esta semana, las fronteras de nuestra comarca se expanden. Tres docentes de la Serran\u00eda de Ronda han cruzado el Mediterr\u00e1neo ...<\/div><div class=\"pt-cv-rmwrap\"><a href=\"https:\/\/blogsaverroes.juntadeandalucia.es\/ceipnuestrasenoradelapaz\/de-la-serrania-de-ronda-al-corazon-de-italia-un-viaje-por-la-innovacion-educativa\/\" class=\"_self pt-cv-readmore btn btn-success\" target=\"_self\" >Leer M\u00e1s<\/a><\/div><div class=\"pt-cv-meta-fields\"><span class=\"entry-date\"> <time datetime=\"2026-05-11T15:05:52+01:00\">11 mayo, 2026<\/time><\/span><span> \/ <\/span><span class=\"author\"> <a href=\"https:\/\/blogsaverroes.juntadeandalucia.es\/ceipnuestrasenoradelapaz\/author\/29007809edu\/\" rel=\"author\">CEIP Nuestra Se\u00f1ora de la Paz<\/a><\/span><\/div><\/div><\/div><\/div><\/div> <\/div> \t\t\t\t<\/div>\n\t\t\t\t<\/div>\n\t\t\t\t\t<\/div>\n\t\t\t\t<\/div>\n\t\t\t\t<\/div>\n\t\t","protected":false},"excerpt":{"rendered":"<p>ACOMPA\u00d1AMIENTO INTERNACIONALIZACI\u00d3N CENTROS CONSORCIO ERASMUS Nuestro centro participa en el programa Acompa\u00f1amiento a la Internacionalizaci\u00f3n de Centros &#8211; Consorcio Erasmus+, una iniciativa que impulsa la proyecci\u00f3n internacional de nuestra comunidad educativa. A trav\u00e9s de&#46;&#46;&#46;<\/p>\n","protected":false},"author":17251,"featured_media":0,"parent":0,"menu_order":0,"comment_status":"closed","ping_status":"closed","template":"","meta":{"ngg_post_thumbnail":0,"footnotes":"","_mc_calendar":[]},"aioseo_notices":[],"_links":{"self":[{"href":"https:\/\/blogsaverroes.juntadeandalucia.es\/ceipnuestrasenoradelapaz\/wp-json\/wp\/v2\/pages\/2206"}],"collection":[{"href":"https:\/\/blogsaverroes.juntadeandalucia.es\/ceipnuestrasenoradelapaz\/wp-json\/wp\/v2\/pages"}],"about":[{"href":"https:\/\/blogsaverroes.juntadeandalucia.es\/ceipnuestrasenoradelapaz\/wp-json\/wp\/v2\/types\/page"}],"author":[{"embeddable":true,"href":"https:\/\/blogsaverroes.juntadeandalucia.es\/ceipnuestrasenoradelapaz\/wp-json\/wp\/v2\/users\/17251"}],"replies":[{"embeddable":true,"href":"https:\/\/blogsaverroes.juntadeandalucia.es\/ceipnuestrasenoradelapaz\/wp-json\/wp\/v2\/comments?post=2206"}],"version-history":[{"count":14,"href":"https:\/\/blogsaverroes.juntadeandalucia.es\/ceipnuestrasenoradelapaz\/wp-json\/wp\/v2\/pages\/2206\/revisions"}],"predecessor-version":[{"id":2659,"href":"https:\/\/blogsaverroes.juntadeandalucia.es\/ceipnuestrasenoradelapaz\/wp-json\/wp\/v2\/pages\/2206\/revisions\/2659"}],"wp:attachment":[{"href":"https:\/\/blogsaverroes.juntadeandalucia.es\/ceipnuestrasenoradelapaz\/wp-json\/wp\/v2\/media?parent=2206"}],"curies":[{"name":"wp","href":"https:\/\/api.w.org\/{rel}","templated":true}]}}