{"id":2637,"date":"2026-04-08T11:43:44","date_gmt":"2026-04-08T10:43:44","guid":{"rendered":"https:\/\/blogsaverroes.juntadeandalucia.es\/ceipnuestrasenoradelapaz\/?page_id=2637"},"modified":"2026-04-08T12:24:08","modified_gmt":"2026-04-08T11:24:08","slug":"periodico-escolar","status":"publish","type":"page","link":"https:\/\/blogsaverroes.juntadeandalucia.es\/ceipnuestrasenoradelapaz\/periodico-escolar\/","title":{"rendered":"Peri\u00f3dico escolar"},"content":{"rendered":"<p class=\"isSelectedEnd\" style=\"text-align: left\">El peri\u00f3dico escolar es una iniciativa reciente de nuestro centro en la que participa activamente el alumnado, coordinado por el profesorado.<\/p>\n<p class=\"isSelectedEnd\" style=\"text-align: left\">A trav\u00e9s de este proyecto, los ni\u00f1os y ni\u00f1as se convierten en protagonistas, elaborando noticias, entrevistas y contenidos relacionados con la vida del colegio y su entorno.<\/p>\n<p style=\"text-align: left\">Se publica un n\u00famero por trimestre, recogiendo experiencias, actividades y aprendizajes que forman parte de nuestro d\u00eda a d\u00eda.<\/p>\n<p>&nbsp;<\/p>\n<p class=\"isSelectedEnd\">\ud83d\udc69\u200d\ud83c\udf93\ud83d\udc68\u200d\ud83c\udf93 <strong>Redactores y redactoras (alumnado):<\/strong><br \/>\nManuel Ruiz Serratosa<br \/>\nAndrea Flores Landeo<br \/>\nNina S\u00e1nchez Tschirren<br \/>\nNito Malvar Prats<br \/>\nIv\u00e1n Becerra Pe\u00f1a<br \/>\nAmaya Veras Mateo<\/p>\n<p>\ud83d\udc68\u200d\ud83c\udfeb <strong>Coordinaci\u00f3n:<\/strong><br \/>\nEmilio Jos\u00e9 Lillo Garc\u00eda<\/p>\n<p>&nbsp;<\/p>\n<p class=\"isSelectedEnd\">\ud83d\udce5 <strong>Descarga los n\u00fameros del peri\u00f3dico escolar:<\/strong><\/p>\n<ul data-spread=\"false\">\n<li>\ud83d\udc49 <span class=\"text-token-text-primary cursor-text rounded-sm\" data-placeholder-token=\"true\">[Peri\u00f3dico escolar \u2013 2\u00ba trimestre]<\/span><\/li>\n<li>\ud83d\udc49 <span class=\"text-token-text-primary cursor-text rounded-sm\" data-placeholder-token=\"true\">[Peri\u00f3dico escolar \u2013 1\u00ba trimestre]<\/span><\/li>\n<\/ul>\n","protected":false},"excerpt":{"rendered":"<p>El peri\u00f3dico escolar es una iniciativa reciente de nuestro centro en la que participa activamente el alumnado, coordinado por el profesorado. A trav\u00e9s de este proyecto, los ni\u00f1os y ni\u00f1as se convierten en protagonistas,&#46;&#46;&#46;<\/p>\n","protected":false},"author":17251,"featured_media":0,"parent":0,"menu_order":0,"comment_status":"closed","ping_status":"closed","template":"","meta":{"ngg_post_thumbnail":0,"footnotes":"","_mc_calendar":[]},"aioseo_notices":[],"_links":{"self":[{"href":"https:\/\/blogsaverroes.juntadeandalucia.es\/ceipnuestrasenoradelapaz\/wp-json\/wp\/v2\/pages\/2637"}],"collection":[{"href":"https:\/\/blogsaverroes.juntadeandalucia.es\/ceipnuestrasenoradelapaz\/wp-json\/wp\/v2\/pages"}],"about":[{"href":"https:\/\/blogsaverroes.juntadeandalucia.es\/ceipnuestrasenoradelapaz\/wp-json\/wp\/v2\/types\/page"}],"author":[{"embeddable":true,"href":"https:\/\/blogsaverroes.juntadeandalucia.es\/ceipnuestrasenoradelapaz\/wp-json\/wp\/v2\/users\/17251"}],"replies":[{"embeddable":true,"href":"https:\/\/blogsaverroes.juntadeandalucia.es\/ceipnuestrasenoradelapaz\/wp-json\/wp\/v2\/comments?post=2637"}],"version-history":[{"count":4,"href":"https:\/\/blogsaverroes.juntadeandalucia.es\/ceipnuestrasenoradelapaz\/wp-json\/wp\/v2\/pages\/2637\/revisions"}],"predecessor-version":[{"id":2643,"href":"https:\/\/blogsaverroes.juntadeandalucia.es\/ceipnuestrasenoradelapaz\/wp-json\/wp\/v2\/pages\/2637\/revisions\/2643"}],"wp:attachment":[{"href":"https:\/\/blogsaverroes.juntadeandalucia.es\/ceipnuestrasenoradelapaz\/wp-json\/wp\/v2\/media?parent=2637"}],"curies":[{"name":"wp","href":"https:\/\/api.w.org\/{rel}","templated":true}]}}