{"id":2343,"date":"2024-11-14T10:29:32","date_gmt":"2024-11-14T10:29:32","guid":{"rendered":"https:\/\/blogsaverroes.juntadeandalucia.es\/ceipnuestrasenoradelosdolores\/?page_id=2343"},"modified":"2025-09-24T07:16:11","modified_gmt":"2025-09-24T07:16:11","slug":"padres-3-0","status":"publish","type":"page","link":"https:\/\/blogsaverroes.juntadeandalucia.es\/ceipnuestrasenoradelosdolores\/padres-3-0\/","title":{"rendered":"Padres 3.0"},"content":{"rendered":"<p>En esta p\u00e1gina encontrar\u00e9is todos los tutoriales necesarios para la informaci\u00f3n de vuestros hijos en PASEN, CLASSROOM y todas las actuaciones digitales del centro.&nbsp;<\/p>\n<p><a href=\"https:\/\/drive.google.com\/file\/d\/10-JLWfiK5GP1Q9Eqw3mEFwc5mLsVVF1G\/view?usp=share_link\">Gu\u00eda de uso responsable de Equipo TIC para familias y alumnado.&nbsp;<\/a><\/p>\n<p><a href=\"https:\/\/drive.google.com\/file\/d\/1szO-np78cMejHlcLYjWyiUiHfcqc4T2M\/view?usp=share_link\">Itinerario de Habilidades Digitales<\/a><\/p>\n<p><a href=\"https:\/\/youtu.be\/mAYIXBFWa-s?si=5ouCiJGlBoIS9hre\">Gu\u00eda de Uso de Pasen<\/a><\/p>\n<p><a href=\"https:\/\/www.youtube.com\/watch?v=WRvJEhelN0Y&amp;list=PLmkFps6Bh12F567tCDMQTgnzU5Y2d0i4t\">Gesti\u00f3n de tutor\u00edas Pasen<\/a><\/p>\n<p><a href=\"https:\/\/youtube.com\/playlist?list=PLbhVGsFX6U72bR_r4VBS_mWwEf0DTZk2M&amp;si=4JpH4Fv3Dsbgel1Z\">Curso completo sobre Google Classroom<\/a><\/p>\n<p><a href=\"https:\/\/drive.google.com\/file\/d\/1wKett-OFx-Bki01ALKJzelNYX9H2Vgf0\/view?usp=share_link\" title=\"NEtiqueta para reuniones virtuales\" rel=\"noopener\" target=\"_blank\"><\/a><\/p>\n","protected":false},"excerpt":{"rendered":"<p>En esta p\u00e1gina encontrar\u00e9is todos los tutoriales necesarios para la informaci\u00f3n de vuestros hijos en PASEN, CLASSROOM y todas las actuaciones digitales del centro.&nbsp; Gu\u00eda&hellip;<\/p>\n","protected":false},"author":10995,"featured_media":0,"parent":0,"menu_order":0,"comment_status":"closed","ping_status":"closed","template":"","meta":{"ngg_post_thumbnail":0,"footnotes":"","_mc_calendar":[]},"aioseo_notices":[],"_links":{"self":[{"href":"https:\/\/blogsaverroes.juntadeandalucia.es\/ceipnuestrasenoradelosdolores\/wp-json\/wp\/v2\/pages\/2343"}],"collection":[{"href":"https:\/\/blogsaverroes.juntadeandalucia.es\/ceipnuestrasenoradelosdolores\/wp-json\/wp\/v2\/pages"}],"about":[{"href":"https:\/\/blogsaverroes.juntadeandalucia.es\/ceipnuestrasenoradelosdolores\/wp-json\/wp\/v2\/types\/page"}],"author":[{"embeddable":true,"href":"https:\/\/blogsaverroes.juntadeandalucia.es\/ceipnuestrasenoradelosdolores\/wp-json\/wp\/v2\/users\/10995"}],"replies":[{"embeddable":true,"href":"https:\/\/blogsaverroes.juntadeandalucia.es\/ceipnuestrasenoradelosdolores\/wp-json\/wp\/v2\/comments?post=2343"}],"version-history":[{"count":6,"href":"https:\/\/blogsaverroes.juntadeandalucia.es\/ceipnuestrasenoradelosdolores\/wp-json\/wp\/v2\/pages\/2343\/revisions"}],"predecessor-version":[{"id":2392,"href":"https:\/\/blogsaverroes.juntadeandalucia.es\/ceipnuestrasenoradelosdolores\/wp-json\/wp\/v2\/pages\/2343\/revisions\/2392"}],"wp:attachment":[{"href":"https:\/\/blogsaverroes.juntadeandalucia.es\/ceipnuestrasenoradelosdolores\/wp-json\/wp\/v2\/media?parent=2343"}],"curies":[{"name":"wp","href":"https:\/\/api.w.org\/{rel}","templated":true}]}}