{"id":271,"date":"2017-01-27T03:36:32","date_gmt":"2017-01-27T03:36:32","guid":{"rendered":"http:\/\/blogsaverroes.juntadeandalucia.es\/ceipnuestropadrejesus\/?page_id=271"},"modified":"2022-10-28T09:02:44","modified_gmt":"2022-10-28T09:02:44","slug":"profesorado-del-centro","status":"publish","type":"page","link":"https:\/\/blogsaverroes.juntadeandalucia.es\/ceipnuestropadrejesus\/profesorado-del-centro\/","title":{"rendered":"Profesorado del Centro"},"content":{"rendered":"<p><strong>PROFESORADO CURSO 2022-2023<\/strong><\/p>\n<p>&nbsp;<\/p>\n<table border=\"0\" rules=\"NONE\" cellspacing=\"0\">\n<colgroup>\n<col width=\"211\">\n<col width=\"345\"><\/colgroup>\n<tbody>\n<tr>\n<td style=\"width: 211px\" align=\"JUSTIFY\" valign=\"MIDDLE\" bgcolor=\"#EEEEEE\" height=\"38\">E. Infantil y 1\u00ba<\/td>\n<td style=\"width: 345px\" align=\"LEFT\" valign=\"MIDDLE\" bgcolor=\"#EEEEEE\">Do\u00f1a Juana Escobar Rosado<\/td>\n<\/tr>\n<\/tbody>\n<\/table>\n<table border=\"0\" rules=\"NONE\" cellspacing=\"0\">\n<colgroup>\n<col width=\"211\">\n<col width=\"345\"><\/colgroup>\n<tbody>\n<tr>\n<td style=\"width: 211px\" align=\"JUSTIFY\" valign=\"MIDDLE\" height=\"38\">3\u00ba y 4\u00ba<\/td>\n<td style=\"width: 345px\" align=\"LEFT\" valign=\"MIDDLE\">Do\u00f1a Irene M\u00e9dina<\/td>\n<\/tr>\n<tr>\n<td style=\"width: 211px\" align=\"JUSTIFY\" valign=\"MIDDLE\" bgcolor=\"#EEEEEE\" height=\"38\">5\u00ba y 6\u00ba<\/td>\n<td style=\"width: 345px\" align=\"LEFT\" valign=\"MIDDLE\" bgcolor=\"#EEEEEE\">Do\u00f1a Emma P\u00e9rez<\/td>\n<\/tr>\n<\/tbody>\n<\/table>\n<table border=\"0\" rules=\"NONE\" cellspacing=\"0\">\n<colgroup>\n<col width=\"211\">\n<col width=\"345\"><\/colgroup>\n<tbody>\n<tr>\n<td style=\"width: 211px\" align=\"JUSTIFY\" valign=\"MIDDLE\" bgcolor=\"#EEEEEE\" height=\"38\">Frances&nbsp;<\/td>\n<td style=\"width: 345px\" align=\"JUSTIFY\" valign=\"MIDDLE\" bgcolor=\"#EEEEEE\">Do\u00f1a Irene Medina<\/td>\n<\/tr>\n<\/tbody>\n<\/table>\n<table border=\"0\" rules=\"NONE\" cellspacing=\"0\">\n<colgroup>\n<col width=\"211\">\n<col width=\"345\"><\/colgroup>\n<tbody>\n<tr>\n<td style=\"width: 211px\" align=\"JUSTIFY\" valign=\"MIDDLE\" bgcolor=\"#EEEEEE\" height=\"38\">Ingl\u00e9s<\/td>\n<td style=\"width: 345px\" align=\"LEFT\" valign=\"MIDDLE\" bgcolor=\"#EEEEEE\">Do\u00f1a Emma P\u00e9rez Pe\u00f1alver<\/td>\n<\/tr>\n<\/tbody>\n<\/table>\n<table border=\"0\" rules=\"NONE\" cellspacing=\"0\">\n<colgroup>\n<col width=\"211\">\n<col width=\"345\"><\/colgroup>\n<tbody>\n<tr>\n<td style=\"width: 211px\" align=\"JUSTIFY\" valign=\"MIDDLE\" height=\"38\">M\u00fasica<\/td>\n<td style=\"width: 345px\" align=\"LEFT\" valign=\"MIDDLE\">Don Carlos Francisco Rodriguez<\/td>\n<\/tr>\n<\/tbody>\n<\/table>\n<table border=\"0\" rules=\"NONE\" cellspacing=\"0\">\n<colgroup>\n<col width=\"211\">\n<col width=\"345\"><\/colgroup>\n<tbody>\n<tr>\n<td style=\"width: 211px\" align=\"JUSTIFY\" valign=\"MIDDLE\" height=\"38\">M\u00fasica<\/td>\n<td style=\"width: 345px\" align=\"LEFT\" valign=\"MIDDLE\">Don Carlos Francisco Rodriguez<\/td>\n<\/tr>\n<\/tbody>\n<\/table>\n<table border=\"0\" rules=\"NONE\" cellspacing=\"0\">\n<colgroup>\n<col width=\"211\">\n<col width=\"345\"><\/colgroup>\n<tbody>\n<tr>\n<td style=\"width: 211px\" align=\"JUSTIFY\" valign=\"MIDDLE\" height=\"38\">Religi\u00f3n&nbsp;<\/td>\n<td style=\"width: 345px\" align=\"LEFT\" valign=\"MIDDLE\">D\u00f1a Manuela Guerrero Barragan<\/td>\n<\/tr>\n<\/tbody>\n<\/table>\n<table border=\"0\" rules=\"NONE\" cellspacing=\"0\">\n<colgroup>\n<col width=\"211\">\n<col width=\"345\"><\/colgroup>\n<tbody>\n<tr>\n<td style=\"width: 211px\" align=\"JUSTIFY\" valign=\"MIDDLE\" height=\"38\">Pedagogia Terapeutica<\/td>\n<td style=\"width: 345px\" align=\"LEFT\" valign=\"MIDDLE\">D\u00f1a Mercedes Soto&nbsp;<\/td>\n<\/tr>\n<\/tbody>\n<\/table>\n<table border=\"0\" rules=\"NONE\" cellspacing=\"0\">\n<colgroup>\n<col width=\"211\">\n<col width=\"345\"><\/colgroup>\n<tbody>\n<tr>\n<td style=\"width: 211px\" align=\"JUSTIFY\" valign=\"MIDDLE\" height=\"38\">Audici\u00f3n y Lenguaje<\/td>\n<td style=\"width: 345px\" align=\"LEFT\" valign=\"MIDDLE\">D\u00f1a Virginia Gutierrez<\/td>\n<\/tr>\n<\/tbody>\n<\/table>\n<p>&nbsp;<\/p>\n<p>&nbsp;<\/p>\n<p>&nbsp;<\/p>\n<table border=\"0\" rules=\"NONE\" cellspacing=\"0\">\n<colgroup>\n<col width=\"211\">\n<col width=\"345\"><\/colgroup>\n<tbody>\n<tr>\n<td style=\"width: 211px\" align=\"CENTER\" valign=\"MIDDLE\" height=\"38\">\n<h2>CURSO 2018-19<\/h2>\n<\/td>\n<td style=\"width: 345px\" align=\"CENTER\" valign=\"MIDDLE\">\n<h2>PROFESORADO<\/h2>\n<\/td>\n<\/tr>\n<tr>\n<td style=\"width: 211px\" align=\"JUSTIFY\" valign=\"MIDDLE\" bgcolor=\"#EEEEEE\" height=\"38\">E. Infantil y 1\u00ba<\/td>\n<td style=\"width: 345px\" align=\"LEFT\" valign=\"MIDDLE\" bgcolor=\"#EEEEEE\">Do\u00f1a Juana Escobar Rosado<\/td>\n<\/tr>\n<tr>\n<td style=\"width: 211px\" align=\"JUSTIFY\" valign=\"MIDDLE\" height=\"38\">2\u00ba,3\u00ba y 4\u00ba<\/td>\n<td style=\"width: 345px\" align=\"LEFT\" valign=\"MIDDLE\">Do\u00f1a Carmen Guerrero \u00c1ngel<\/td>\n<\/tr>\n<tr>\n<td style=\"width: 211px\" align=\"JUSTIFY\" valign=\"MIDDLE\" bgcolor=\"#EEEEEE\" height=\"38\">5\u00ba y 6\u00ba<\/td>\n<td style=\"width: 345px\" align=\"LEFT\" valign=\"MIDDLE\" bgcolor=\"#EEEEEE\">Do\u00f1a Isabel L\u00f3pez Zafra<\/td>\n<\/tr>\n<tr>\n<td style=\"width: 211px\" align=\"JUSTIFY\" valign=\"MIDDLE\" height=\"38\">Especialistas<\/td>\n<td style=\"width: 345px\" align=\"LEFT\" valign=\"MIDDLE\">&nbsp;<\/td>\n<\/tr>\n<tr>\n<td style=\"width: 211px\" align=\"JUSTIFY\" valign=\"MIDDLE\" bgcolor=\"#EEEEEE\" height=\"38\">Frances&nbsp;<\/td>\n<td style=\"width: 345px\" align=\"JUSTIFY\" valign=\"MIDDLE\" bgcolor=\"#EEEEEE\">Do\u00f1a Isabel L\u00f3pez Zafra<\/td>\n<\/tr>\n<tr>\n<td style=\"width: 211px\" align=\"JUSTIFY\" valign=\"MIDDLE\" height=\"38\">E. F\u00edsica)<\/td>\n<td style=\"width: 345px\" align=\"LEFT\" valign=\"MIDDLE\">Do\u00f1a Carmen Guerrero \u00c1ngel<\/td>\n<\/tr>\n<tr>\n<td style=\"width: 211px\" align=\"JUSTIFY\" valign=\"MIDDLE\" bgcolor=\"#EEEEEE\" height=\"38\">Ingl\u00e9s<\/td>\n<td style=\"width: 345px\" align=\"LEFT\" valign=\"MIDDLE\" bgcolor=\"#EEEEEE\">Do\u00f1a Emma P\u00e9rez Pe\u00f1alver<\/td>\n<\/tr>\n<tr>\n<td style=\"width: 211px\" align=\"JUSTIFY\" valign=\"MIDDLE\" height=\"38\">M\u00fasica<\/td>\n<td style=\"width: 345px\" align=\"LEFT\" valign=\"MIDDLE\">Do\u00f1a Macarena Garc\u00eda Ruiz<\/td>\n<\/tr>\n<tr>\n<td style=\"width: 211px\" align=\"JUSTIFY\" valign=\"MIDDLE\" bgcolor=\"#EEEEEE\" height=\"38\">Religi\u00f3n<\/td>\n<td style=\"width: 345px\" align=\"LEFT\" valign=\"MIDDLE\" bgcolor=\"#EEEEEE\">Do\u00f1a Francisca Cappa Becerra<\/td>\n<\/tr>\n<tr>\n<td style=\"width: 211px\" align=\"LEFT\" valign=\"MIDDLE\" height=\"38\">Pedagog\u00eda Terap\u00e9utica<\/td>\n<td style=\"width: 345px\" align=\"JUSTIFY\" valign=\"MIDDLE\">Do\u00f1a Sara Aranda Cueto<\/td>\n<\/tr>\n<tr>\n<td style=\"width: 211px\" align=\"LEFT\" valign=\"MIDDLE\" bgcolor=\"#EEEEEE\" height=\"38\">Audici\u00f3n y Lenguaje<\/td>\n<td style=\"width: 345px\" align=\"JUSTIFY\" valign=\"MIDDLE\" bgcolor=\"#EEEEEE\">Do\u00f1a Patricia Cano Rodriguez<\/td>\n<\/tr>\n<tr>\n<td style=\"width: 211px\" align=\"JUSTIFY\" valign=\"MIDDLE\" height=\"38\">Apoyo a E. Primaria<\/td>\n<td style=\"width: 345px\" align=\"JUSTIFY\" valign=\"MIDDLE\">Do\u00f1a Macarena Garc\u00eda Ruiz<\/td>\n<\/tr>\n<tr>\n<td style=\"width: 211px\" align=\"JUSTIFY\" valign=\"MIDDLE\" bgcolor=\"#EEEEEE\" height=\"38\">E. Primaria (Directora)<\/td>\n<td style=\"width: 345px\" align=\"JUSTIFY\" valign=\"MIDDLE\" bgcolor=\"#EEEEEE\">Do\u00f1a Josefa Ramos Herrera<\/td>\n<\/tr>\n<\/tbody>\n<\/table>\n<p>&nbsp;<\/p>\n","protected":false},"excerpt":{"rendered":"<p>PROFESORADO CURSO 2022-2023 &nbsp; E. Infantil y 1\u00ba Do\u00f1a Juana Escobar Rosado 3\u00ba y 4\u00ba Do\u00f1a Irene M\u00e9dina 5\u00ba y 6\u00ba Do\u00f1a Emma P\u00e9rez Frances&nbsp; Do\u00f1a Irene Medina Ingl\u00e9s Do\u00f1a Emma P\u00e9rez Pe\u00f1alver M\u00fasica&#46;&#46;&#46;<\/p>\n","protected":false},"author":4154,"featured_media":0,"parent":0,"menu_order":0,"comment_status":"closed","ping_status":"open","template":"","meta":{"ngg_post_thumbnail":0,"footnotes":""},"aioseo_notices":[],"_links":{"self":[{"href":"https:\/\/blogsaverroes.juntadeandalucia.es\/ceipnuestropadrejesus\/wp-json\/wp\/v2\/pages\/271"}],"collection":[{"href":"https:\/\/blogsaverroes.juntadeandalucia.es\/ceipnuestropadrejesus\/wp-json\/wp\/v2\/pages"}],"about":[{"href":"https:\/\/blogsaverroes.juntadeandalucia.es\/ceipnuestropadrejesus\/wp-json\/wp\/v2\/types\/page"}],"author":[{"embeddable":true,"href":"https:\/\/blogsaverroes.juntadeandalucia.es\/ceipnuestropadrejesus\/wp-json\/wp\/v2\/users\/4154"}],"replies":[{"embeddable":true,"href":"https:\/\/blogsaverroes.juntadeandalucia.es\/ceipnuestropadrejesus\/wp-json\/wp\/v2\/comments?post=271"}],"version-history":[{"count":11,"href":"https:\/\/blogsaverroes.juntadeandalucia.es\/ceipnuestropadrejesus\/wp-json\/wp\/v2\/pages\/271\/revisions"}],"predecessor-version":[{"id":3082,"href":"https:\/\/blogsaverroes.juntadeandalucia.es\/ceipnuestropadrejesus\/wp-json\/wp\/v2\/pages\/271\/revisions\/3082"}],"wp:attachment":[{"href":"https:\/\/blogsaverroes.juntadeandalucia.es\/ceipnuestropadrejesus\/wp-json\/wp\/v2\/media?parent=271"}],"curies":[{"name":"wp","href":"https:\/\/api.w.org\/{rel}","templated":true}]}}