{"id":281,"date":"2017-01-27T03:47:34","date_gmt":"2017-01-27T03:47:34","guid":{"rendered":"http:\/\/blogsaverroes.juntadeandalucia.es\/ceipnuestropadrejesus\/?page_id=281"},"modified":"2022-10-22T20:34:36","modified_gmt":"2022-10-22T20:34:36","slug":"horarios","status":"publish","type":"page","link":"https:\/\/blogsaverroes.juntadeandalucia.es\/ceipnuestropadrejesus\/horarios\/","title":{"rendered":"Horarios"},"content":{"rendered":"<h2 align=\"JUSTIFY\"><span style=\"color: #339966\"><strong><span style=\"font-family: Arial,sans-serif\"><span style=\"font-size: medium\">HORARIO DEL CENTRO:CURSO 2022-2023<\/span><\/span><\/strong><\/span><\/h2>\n<p><img loading=\"lazy\" decoding=\"async\" class=\"aligncenter size-thumbnail wp-image-2003\" src=\"https:\/\/blogsaverroes.juntadeandalucia.es\/ceipnuestropadrejesus\/files\/2020\/11\/horarios-150x150.jpg\" alt=\"\" width=\"150\" height=\"150\" srcset=\"https:\/\/blogsaverroes.juntadeandalucia.es\/ceipnuestropadrejesus\/files\/2020\/11\/horarios-150x150.jpg 150w, https:\/\/blogsaverroes.juntadeandalucia.es\/ceipnuestropadrejesus\/files\/2020\/11\/horarios-100x100.jpg 100w\" sizes=\"(max-width: 150px) 100vw, 150px\" \/><\/p>\n<p align=\"JUSTIFY\"><span style=\"color: #000000\"><span style=\"font-family: Arial,sans-serif\">El C.E.I.P. Ntro Padre Jes\u00fas, permanece abierto desde las 7:30 de la ma\u00f1ana hasta las 18:00 horas de la tarde de lunes a viernes. De 7:30 a 9:00 horas, permanece abierto el servicio de aula matinal para atender a aquel alumnado que lo hubiese solicitado.<\/span><\/span><\/p>\n<p align=\"JUSTIFY\"><span style=\"color: #000000\"><span style=\"font-family: Arial,sans-serif\">A las 9:00 horas comienza el r\u00e9gimen ordinario de clases tanto en Educaci\u00f3n Infantil como en Educaci\u00f3n Primaria, prolong\u00e1ndose el horario lectivo hasta las 14:00 horas.<\/span><\/span><\/p>\n<p align=\"JUSTIFY\"><span style=\"color: #000000\"><span style=\"font-family: Arial,sans-serif\">A partir de ese momento, el alumnado que est\u00e9 inscrito en el servicio de comedor puede hacer uso del mismo, pudiendo ser recogido por sus tutores legales hasta las 16:00 horas.<\/span><\/span><\/p>\n<p align=\"JUSTIFY\"><span style=\"color: #000000\"><span style=\"font-family: Arial,sans-serif\">A partir de esta hora y hasta las 18:00 (generalmente) se llevan a cabo distintas actividades extraescolares as\u00ed como el Programa de Acompa\u00f1amiento (martes y jueves)(lunes y miercoles).<\/span><\/span><\/p>\n<h4 align=\"JUSTIFY\"><span style=\"color: #008000\"><strong><span style=\"font-family: Arial,sans-serif\">HORARIO LECTIVO DE EDUCACI\u00d3N INFANTIL:<\/span><\/strong><\/span><\/h4>\n<p align=\"JUSTIFY\"><span style=\"color: #000000\"><span style=\"font-family: Arial,sans-serif\">De lunes a viernes de 9:00 a 14:00 horas, distribuy\u00e9ndose en sesiones de trabajo de 45 minutos cada una <span style=\"color: #000000\">y un recreo <\/span>de 30 minutos de 11:15 a 11:45 horas <\/span><\/span><\/p>\n<h4 align=\"JUSTIFY\"><span style=\"color: #008000\"><strong><span style=\"font-family: Arial,sans-serif\">HORARIO LECTIVO DE EDUCACI\u00d3N PRIMARIA<\/span><\/strong><\/span><\/h4>\n<p align=\"JUSTIFY\"><span style=\"color: #000000\"><span style=\"font-family: Arial,sans-serif\">De lunes a viernes de 9:00 a 14:00 horas, distribuy\u00e9ndose las distintas asignaturas en sesiones de 45 minutos, tres antes del recreo y tres despu\u00e9s. El tiempo de recreo es el comprendido entre las 12:00 y las 12:30 horas.<\/span><\/span><\/p>\n<p align=\"JUSTIFY\"><span style=\"color: #ff0000\"><strong>HORARIOS DE CLASE .CURSO 2022-2023<\/strong><\/span><\/p>\n<p><a title=\"HORARIOS CEIP NTRO PADRE JESUS CURSO 2022-2023\" href=\"https:\/\/drive.google.com\/file\/d\/1sgXoP6arwJvKtyZKGF2tVod0trhgE2ox\/view?usp=sharing\" target=\"_blank\" rel=\"noopener noreferrer\">https:\/\/drive.google.com\/file\/d\/1sgXoP6arwJvKtyZKGF2tVod0trhgE2ox\/view?usp=sharing<\/a><\/p>\n<p>&nbsp;<\/p>\n","protected":false},"excerpt":{"rendered":"<p>HORARIO DEL CENTRO:CURSO 2022-2023 El C.E.I.P. Ntro Padre Jes\u00fas, permanece abierto desde las 7:30 de la ma\u00f1ana hasta las 18:00 horas de la tarde de lunes a viernes. De 7:30 a 9:00 horas, permanece&#46;&#46;&#46;<\/p>\n","protected":false},"author":4154,"featured_media":0,"parent":0,"menu_order":0,"comment_status":"closed","ping_status":"open","template":"","meta":{"ngg_post_thumbnail":0,"footnotes":""},"aioseo_notices":[],"_links":{"self":[{"href":"https:\/\/blogsaverroes.juntadeandalucia.es\/ceipnuestropadrejesus\/wp-json\/wp\/v2\/pages\/281"}],"collection":[{"href":"https:\/\/blogsaverroes.juntadeandalucia.es\/ceipnuestropadrejesus\/wp-json\/wp\/v2\/pages"}],"about":[{"href":"https:\/\/blogsaverroes.juntadeandalucia.es\/ceipnuestropadrejesus\/wp-json\/wp\/v2\/types\/page"}],"author":[{"embeddable":true,"href":"https:\/\/blogsaverroes.juntadeandalucia.es\/ceipnuestropadrejesus\/wp-json\/wp\/v2\/users\/4154"}],"replies":[{"embeddable":true,"href":"https:\/\/blogsaverroes.juntadeandalucia.es\/ceipnuestropadrejesus\/wp-json\/wp\/v2\/comments?post=281"}],"version-history":[{"count":10,"href":"https:\/\/blogsaverroes.juntadeandalucia.es\/ceipnuestropadrejesus\/wp-json\/wp\/v2\/pages\/281\/revisions"}],"predecessor-version":[{"id":3036,"href":"https:\/\/blogsaverroes.juntadeandalucia.es\/ceipnuestropadrejesus\/wp-json\/wp\/v2\/pages\/281\/revisions\/3036"}],"wp:attachment":[{"href":"https:\/\/blogsaverroes.juntadeandalucia.es\/ceipnuestropadrejesus\/wp-json\/wp\/v2\/media?parent=281"}],"curies":[{"name":"wp","href":"https:\/\/api.w.org\/{rel}","templated":true}]}}