{"id":284,"date":"2017-01-27T03:48:05","date_gmt":"2017-01-27T03:48:05","guid":{"rendered":"http:\/\/blogsaverroes.juntadeandalucia.es\/ceipnuestropadrejesus\/?page_id=284"},"modified":"2019-09-14T06:59:55","modified_gmt":"2019-09-14T06:59:55","slug":"comedor-escolar","status":"publish","type":"page","link":"https:\/\/blogsaverroes.juntadeandalucia.es\/ceipnuestropadrejesus\/comedor-escolar\/","title":{"rendered":"Comedor escolar"},"content":{"rendered":"<p align=\"JUSTIFY\">El comedor escolar es un servicio complementario que resulta de gran utilidad a padres y madres para ayudarles a conciliar la vida laboral y familiar. Tienen una duraci\u00f3n de hasta dos horas desde que acaba la jornada escolar de la ma\u00f1ana (de 14.00 a 16.00 horas).<\/p>\n<p align=\"JUSTIFY\">El comedor es adem\u00e1s una pieza importante en todas las medidas dirigidas a mejorar los h\u00e1bitos alimenticios de los ni\u00f1os y ni\u00f1as y prevenir problemas de salud como la obesidad.<\/p>\n<p align=\"JUSTIFY\">Los comedores escolares de los centros p\u00fablicos andaluces promueven una alimentaci\u00f3n saludable que est\u00e1 supervisada por nutricionistas y que, entre otros aspectos, se caracteriza por:<\/p>\n<ul>\n<li>\n<p align=\"JUSTIFY\">Una mayor proporci\u00f3n de verdura en los men\u00fas<\/p>\n<\/li>\n<li>\n<p align=\"JUSTIFY\">Fruta fresca como postre al menos cuatro d\u00edas a la semana<\/p>\n<\/li>\n<li>\n<p align=\"JUSTIFY\">Uso de aceite de oliva virgen extra<\/p>\n<\/li>\n<li>\n<p align=\"JUSTIFY\">M\u00e1s pescado que carne, que debe ser magra<\/p>\n<\/li>\n<li>\n<p align=\"JUSTIFY\">Prohibici\u00f3n de los alimentos precocinados y limitaci\u00f3n de los fritos<\/p>\n<\/li>\n<li>\n<p align=\"JUSTIFY\">Apuesta por la dieta mediterr\u00e1nea y los productos ecol\u00f3gicos<\/p>\n<\/li>\n<li>\n\t\t<style>\n\t\t\t#gallery-1 {\n\t\t\t\tmargin: auto;\n\t\t\t}\n\t\t\t#gallery-1 .gallery-item {\n\t\t\t\tfloat: left;\n\t\t\t\tmargin-top: 10px;\n\t\t\t\ttext-align: center;\n\t\t\t\twidth: 12%;\n\t\t\t}\n\t\t\t#gallery-1 img {\n\t\t\t\tborder: 2px solid #cfcfcf;\n\t\t\t}\n\t\t\t#gallery-1 .gallery-caption {\n\t\t\t\tmargin-left: 0;\n\t\t\t}\n\t\t\t\/* see gallery_shortcode() in wp-includes\/media.php *\/\n\t\t<\/style>\n\t\t<div id='gallery-1' class='gallery galleryid-284 gallery-columns-8 gallery-size-full'><dl class='gallery-item'>\n\t\t\t<dt class='gallery-icon landscape'>\n\t\t\t\t<a href='https:\/\/blogsaverroes.juntadeandalucia.es\/ceipnuestropadrejesus\/comedor-escolar\/piramide\/'><img loading=\"lazy\" decoding=\"async\" width=\"532\" height=\"475\" src=\"https:\/\/blogsaverroes.juntadeandalucia.es\/ceipnuestropadrejesus\/files\/2017\/01\/piramide.jpg\" class=\"attachment-full size-full\" alt=\"\" srcset=\"https:\/\/blogsaverroes.juntadeandalucia.es\/ceipnuestropadrejesus\/files\/2017\/01\/piramide.jpg 532w, https:\/\/blogsaverroes.juntadeandalucia.es\/ceipnuestropadrejesus\/files\/2017\/01\/piramide-300x268.jpg 300w, https:\/\/blogsaverroes.juntadeandalucia.es\/ceipnuestropadrejesus\/files\/2017\/01\/piramide-24x21.jpg 24w, https:\/\/blogsaverroes.juntadeandalucia.es\/ceipnuestropadrejesus\/files\/2017\/01\/piramide-36x32.jpg 36w, https:\/\/blogsaverroes.juntadeandalucia.es\/ceipnuestropadrejesus\/files\/2017\/01\/piramide-48x43.jpg 48w\" sizes=\"(max-width: 532px) 100vw, 532px\" \/><\/a>\n\t\t\t<\/dt><\/dl>\n\t\t\t<br style='clear: both' \/>\n\t\t<\/div>\n<strong>Men\u00fa del mes en Curso:<\/strong><\/li>\n<\/ul>\n<p align=\"JUSTIFY\">El servicio de comedor escolar se solicita con la matr\u00edcula y el acceso al mismo est\u00e1 condicionado por el n\u00famero de plazas. Si hay m\u00e1s solicitudes que plazas, tenemos que aplicar los baremos previstos en la normativa para establecer un orden de acceso a este servicio.<\/p>\n<p align=\"JUSTIFY\">Tambi\u00e9n la Administraci\u00f3n Educativa subvenciona este servicio de acuerdo a los ingresos y renta de la unidad familiar, pudiendo llegar a ser subvencionado en el 100% de su importe, que en la actualidad es de 4,38 \u20ac por comida\/d\u00eda.<\/p>\n<p align=\"JUSTIFY\">La normativa que regula este servicio es la Orden de 31 de Julio de 2012, por la que se modifica la Orden de 3 de Agosto de 2010, por la que se regulan los servicios complementarios de la ense\u00f1anza de aula matinal, comedor escolar y actividades extraescolares en los centros docentes p\u00fablicos, as\u00ed como la ampliaci\u00f3n de horario.<\/p>\n<p align=\"JUSTIFY\">En nuestro centro, la comida se prepara \u00edntegramente en la cocina del mismo. La empresa encargada del servicio es una empresa de \u00e1mbito nacional que se llama HEMERA.<\/p>\n","protected":false},"excerpt":{"rendered":"<p>El comedor escolar es un servicio complementario que resulta de gran utilidad a padres y madres para ayudarles a conciliar la vida laboral y familiar. Tienen una duraci\u00f3n de hasta dos horas desde que&#46;&#46;&#46;<\/p>\n","protected":false},"author":4154,"featured_media":0,"parent":0,"menu_order":0,"comment_status":"closed","ping_status":"open","template":"","meta":{"ngg_post_thumbnail":0,"footnotes":""},"aioseo_notices":[],"_links":{"self":[{"href":"https:\/\/blogsaverroes.juntadeandalucia.es\/ceipnuestropadrejesus\/wp-json\/wp\/v2\/pages\/284"}],"collection":[{"href":"https:\/\/blogsaverroes.juntadeandalucia.es\/ceipnuestropadrejesus\/wp-json\/wp\/v2\/pages"}],"about":[{"href":"https:\/\/blogsaverroes.juntadeandalucia.es\/ceipnuestropadrejesus\/wp-json\/wp\/v2\/types\/page"}],"author":[{"embeddable":true,"href":"https:\/\/blogsaverroes.juntadeandalucia.es\/ceipnuestropadrejesus\/wp-json\/wp\/v2\/users\/4154"}],"replies":[{"embeddable":true,"href":"https:\/\/blogsaverroes.juntadeandalucia.es\/ceipnuestropadrejesus\/wp-json\/wp\/v2\/comments?post=284"}],"version-history":[{"count":6,"href":"https:\/\/blogsaverroes.juntadeandalucia.es\/ceipnuestropadrejesus\/wp-json\/wp\/v2\/pages\/284\/revisions"}],"predecessor-version":[{"id":1371,"href":"https:\/\/blogsaverroes.juntadeandalucia.es\/ceipnuestropadrejesus\/wp-json\/wp\/v2\/pages\/284\/revisions\/1371"}],"wp:attachment":[{"href":"https:\/\/blogsaverroes.juntadeandalucia.es\/ceipnuestropadrejesus\/wp-json\/wp\/v2\/media?parent=284"}],"curies":[{"name":"wp","href":"https:\/\/api.w.org\/{rel}","templated":true}]}}